{"id":1127,"date":"2023-11-07T11:28:44","date_gmt":"2023-11-07T10:28:44","guid":{"rendered":"https:\/\/laerm.ch\/nos-sites\/services-de-protection-contre-le-bruit\/offices-des-cantons\/"},"modified":"2024-03-27T12:56:05","modified_gmt":"2024-03-27T11:56:05","slug":"offices-des-cantons","status":"publish","type":"page","link":"https:\/\/laerm.ch\/fr\/contacts\/services-de-protection-contre-le-bruit\/offices-des-cantons\/","title":{"rendered":"Offices des cantons"},"content":{"rendered":"","protected":false},"excerpt":{"rendered":"","protected":false},"author":1,"featured_media":0,"parent":81,"menu_order":0,"comment_status":"closed","ping_status":"closed","template":"page-templates\/template-adressen-kanton.php","meta":{"advgb_blocks_editor_width":"","advgb_blocks_columns_visual_guide":"","footnotes":""},"class_list":["post-1127","page","type-page","status-publish","hentry"],"yoast_head":"<!-- This site is optimized with the Yoast SEO plugin v23.7 - https:\/\/yoast.com\/wordpress\/plugins\/seo\/ -->\n<title>Offices des cantons - Bruit.ch<\/title>\n<meta name=\"robots\" content=\"index, follow, max-snippet:-1, max-image-preview:large, max-video-preview:-1\" \/>\n<link rel=\"canonical\" href=\"https:\/\/laerm.ch\/kontakte\/laermschutzfachstellen\/kantone-fuerstentum\/\" \/>\n<meta property=\"og:locale\" content=\"fr_FR\" \/>\n<meta property=\"og:type\" content=\"article\" \/>\n<meta property=\"og:title\" content=\"Offices des cantons - Bruit.ch\" \/>\n<meta property=\"og:url\" content=\"https:\/\/laerm.ch\/kontakte\/laermschutzfachstellen\/kantone-fuerstentum\/\" \/>\n<meta property=\"og:site_name\" content=\"Bruit.ch\" \/>\n<meta property=\"article:modified_time\" content=\"2024-03-27T11:56:05+00:00\" \/>\n<meta name=\"twitter:card\" content=\"summary_large_image\" \/>\n<script type=\"application\/ld+json\" class=\"yoast-schema-graph\">{\"@context\":\"https:\/\/schema.org\",\"@graph\":[{\"@type\":\"WebPage\",\"@id\":\"https:\/\/laerm.ch\/kontakte\/laermschutzfachstellen\/kantone-fuerstentum\/\",\"url\":\"https:\/\/laerm.ch\/kontakte\/laermschutzfachstellen\/kantone-fuerstentum\/\",\"name\":\"Offices des cantons - Bruit.ch\",\"isPartOf\":{\"@id\":\"https:\/\/laerm.ch\/#website\"},\"datePublished\":\"2023-11-07T10:28:44+00:00\",\"dateModified\":\"2024-03-27T11:56:05+00:00\",\"breadcrumb\":{\"@id\":\"https:\/\/laerm.ch\/kontakte\/laermschutzfachstellen\/kantone-fuerstentum\/#breadcrumb\"},\"inLanguage\":\"fr-FR\",\"potentialAction\":[{\"@type\":\"ReadAction\",\"target\":[\"https:\/\/laerm.ch\/kontakte\/laermschutzfachstellen\/kantone-fuerstentum\/\"]}]},{\"@type\":\"BreadcrumbList\",\"@id\":\"https:\/\/laerm.ch\/kontakte\/laermschutzfachstellen\/kantone-fuerstentum\/#breadcrumb\",\"itemListElement\":[{\"@type\":\"ListItem\",\"position\":1,\"name\":\"Startseite\",\"item\":\"https:\/\/test.laerm.ch\/fr\/\"},{\"@type\":\"ListItem\",\"position\":2,\"name\":\"Contacts\",\"item\":\"https:\/\/test.laerm.ch\/fr\/contacts\/\"},{\"@type\":\"ListItem\",\"position\":3,\"name\":\"Services sp\u00e9cialis\u00e9s dans le domaine de la protection contre le bruit\",\"item\":\"https:\/\/test.laerm.ch\/fr\/contacts\/services-de-protection-contre-le-bruit\/\"},{\"@type\":\"ListItem\",\"position\":4,\"name\":\"Offices des cantons\"}]},{\"@type\":\"WebSite\",\"@id\":\"https:\/\/laerm.ch\/#website\",\"url\":\"https:\/\/laerm.ch\/\",\"name\":\"L\u00e4rm.ch\",\"description\":\"Bienvenue sur Bruit.ch, le portail complet de Cercle Bruit sur le th\u00e8me du bruit et de la protection contre le bruit.\",\"publisher\":{\"@id\":\"https:\/\/laerm.ch\/#organization\"},\"potentialAction\":[{\"@type\":\"SearchAction\",\"target\":{\"@type\":\"EntryPoint\",\"urlTemplate\":\"https:\/\/laerm.ch\/?s={search_term_string}\"},\"query-input\":{\"@type\":\"PropertyValueSpecification\",\"valueRequired\":true,\"valueName\":\"search_term_string\"}}],\"inLanguage\":\"fr-FR\"},{\"@type\":\"Organization\",\"@id\":\"https:\/\/laerm.ch\/#organization\",\"name\":\"Cercle Bruit\",\"url\":\"https:\/\/laerm.ch\/\",\"logo\":{\"@type\":\"ImageObject\",\"inLanguage\":\"fr-FR\",\"@id\":\"https:\/\/laerm.ch\/#\/schema\/logo\/image\/\",\"url\":\"https:\/\/laerm.ch\/wp-content\/uploads\/cercleBruitLogoText.png\",\"contentUrl\":\"https:\/\/laerm.ch\/wp-content\/uploads\/cercleBruitLogoText.png\",\"width\":512,\"height\":329,\"caption\":\"Cercle Bruit\"},\"image\":{\"@id\":\"https:\/\/laerm.ch\/#\/schema\/logo\/image\/\"}}]}<\/script>\n<!-- \/ Yoast SEO plugin. -->","yoast_head_json":{"title":"Offices des cantons - Bruit.ch","robots":{"index":"index","follow":"follow","max-snippet":"max-snippet:-1","max-image-preview":"max-image-preview:large","max-video-preview":"max-video-preview:-1"},"canonical":"https:\/\/laerm.ch\/kontakte\/laermschutzfachstellen\/kantone-fuerstentum\/","og_locale":"fr_FR","og_type":"article","og_title":"Offices des cantons - Bruit.ch","og_url":"https:\/\/laerm.ch\/kontakte\/laermschutzfachstellen\/kantone-fuerstentum\/","og_site_name":"Bruit.ch","article_modified_time":"2024-03-27T11:56:05+00:00","twitter_card":"summary_large_image","schema":{"@context":"https:\/\/schema.org","@graph":[{"@type":"WebPage","@id":"https:\/\/laerm.ch\/kontakte\/laermschutzfachstellen\/kantone-fuerstentum\/","url":"https:\/\/laerm.ch\/kontakte\/laermschutzfachstellen\/kantone-fuerstentum\/","name":"Offices des cantons - Bruit.ch","isPartOf":{"@id":"https:\/\/laerm.ch\/#website"},"datePublished":"2023-11-07T10:28:44+00:00","dateModified":"2024-03-27T11:56:05+00:00","breadcrumb":{"@id":"https:\/\/laerm.ch\/kontakte\/laermschutzfachstellen\/kantone-fuerstentum\/#breadcrumb"},"inLanguage":"fr-FR","potentialAction":[{"@type":"ReadAction","target":["https:\/\/laerm.ch\/kontakte\/laermschutzfachstellen\/kantone-fuerstentum\/"]}]},{"@type":"BreadcrumbList","@id":"https:\/\/laerm.ch\/kontakte\/laermschutzfachstellen\/kantone-fuerstentum\/#breadcrumb","itemListElement":[{"@type":"ListItem","position":1,"name":"Startseite","item":"https:\/\/test.laerm.ch\/fr\/"},{"@type":"ListItem","position":2,"name":"Contacts","item":"https:\/\/test.laerm.ch\/fr\/contacts\/"},{"@type":"ListItem","position":3,"name":"Services sp\u00e9cialis\u00e9s dans le domaine de la protection contre le bruit","item":"https:\/\/test.laerm.ch\/fr\/contacts\/services-de-protection-contre-le-bruit\/"},{"@type":"ListItem","position":4,"name":"Offices des cantons"}]},{"@type":"WebSite","@id":"https:\/\/laerm.ch\/#website","url":"https:\/\/laerm.ch\/","name":"L\u00e4rm.ch","description":"Bienvenue sur Bruit.ch, le portail complet de Cercle Bruit sur le th\u00e8me du bruit et de la protection contre le bruit.","publisher":{"@id":"https:\/\/laerm.ch\/#organization"},"potentialAction":[{"@type":"SearchAction","target":{"@type":"EntryPoint","urlTemplate":"https:\/\/laerm.ch\/?s={search_term_string}"},"query-input":{"@type":"PropertyValueSpecification","valueRequired":true,"valueName":"search_term_string"}}],"inLanguage":"fr-FR"},{"@type":"Organization","@id":"https:\/\/laerm.ch\/#organization","name":"Cercle Bruit","url":"https:\/\/laerm.ch\/","logo":{"@type":"ImageObject","inLanguage":"fr-FR","@id":"https:\/\/laerm.ch\/#\/schema\/logo\/image\/","url":"https:\/\/laerm.ch\/wp-content\/uploads\/cercleBruitLogoText.png","contentUrl":"https:\/\/laerm.ch\/wp-content\/uploads\/cercleBruitLogoText.png","width":512,"height":329,"caption":"Cercle Bruit"},"image":{"@id":"https:\/\/laerm.ch\/#\/schema\/logo\/image\/"}}]}},"coauthors":[],"author_meta":{"author_link":"https:\/\/laerm.ch\/fr\/author\/f9c1af47f5d7fcc5\/","display_name":"admin"},"relative_dates":{"created":"Publi\u00e9 2 ans il y a","modified":"Mis \u00e0 jour 2 ans il y a"},"absolute_dates":{"created":"Publi\u00e9 le 7. novembre 2023","modified":"Mise \u00e0 jour le 27. mars 2024"},"absolute_dates_time":{"created":"Publi\u00e9 le 7. novembre 2023 11:28","modified":"Mise \u00e0 jour le 27. mars 2024 12:56"},"featured_img_caption":"","featured_img":false,"series_order":"","_links":{"self":[{"href":"https:\/\/laerm.ch\/fr\/wp-json\/wp\/v2\/pages\/1127"}],"collection":[{"href":"https:\/\/laerm.ch\/fr\/wp-json\/wp\/v2\/pages"}],"about":[{"href":"https:\/\/laerm.ch\/fr\/wp-json\/wp\/v2\/types\/page"}],"author":[{"embeddable":true,"href":"https:\/\/laerm.ch\/fr\/wp-json\/wp\/v2\/users\/1"}],"replies":[{"embeddable":true,"href":"https:\/\/laerm.ch\/fr\/wp-json\/wp\/v2\/comments?post=1127"}],"version-history":[{"count":1,"href":"https:\/\/laerm.ch\/fr\/wp-json\/wp\/v2\/pages\/1127\/revisions"}],"predecessor-version":[{"id":1128,"href":"https:\/\/laerm.ch\/fr\/wp-json\/wp\/v2\/pages\/1127\/revisions\/1128"}],"up":[{"embeddable":true,"href":"https:\/\/laerm.ch\/fr\/wp-json\/wp\/v2\/pages\/81"}],"wp:attachment":[{"href":"https:\/\/laerm.ch\/fr\/wp-json\/wp\/v2\/media?parent=1127"}],"curies":[{"name":"wp","href":"https:\/\/api.w.org\/{rel}","templated":true}]}}