{"id":2664,"date":"2024-02-20T16:06:07","date_gmt":"2024-02-20T15:06:07","guid":{"rendered":"https:\/\/laerm.ch\/connaissances-du-bruit\/construire-dans-le-bruit\/"},"modified":"2024-09-11T01:03:30","modified_gmt":"2024-09-10T23:03:30","slug":"construire-dans-le-bruit","status":"publish","type":"page","link":"https:\/\/laerm.ch\/fr\/connaissances-du-bruit\/construire-dans-le-bruit\/","title":{"rendered":"Construire dans des zones bruyantes"},"content":{"rendered":"\n<p>En Suisse, environ les deux tiers de la population se sentent d\u00e9rang\u00e9s par le bruit. Il est donc important de prendre en compte le bruit dans l&rsquo;am\u00e9nagement du territoire et de cr\u00e9er des espaces de vie o\u00f9 le bruit ne g\u00e9n\u00e8re pas de nuisances. Pour ce faire, il est possible d&rsquo;att\u00e9nuer les effets n\u00e9gatifs du bruit en prenant certaines mesures lors de la construction.<\/p>\n\n<p>Pour plus d&rsquo;informations sur ce sujet, veuillez consulter<strong> les sites web sp\u00e9cialis\u00e9s suivants<\/strong>:<\/p>\n\n<div class=\"wp-block-group is-vertical is-layout-flex wp-container-core-group-is-layout-1 wp-block-group-is-layout-flex\">\n<p>Pour les sp\u00e9cialistes du bruit : <a class=\"ex_\" href=\"https:\/\/www.bauen-im-laerm.ch\/\" target=\"_blank\" rel=\"noreferrer noopener\">bauen-im-laerm.ch (DE)<\/a><br\/>Ce site est un site du canton de Zurich et un site partenaire du Cercle Bruit.<\/p>\n\n\n\n<p>Pour les architectes et les urbanistes : <a class=\"ex_\" href=\"https:\/\/baukultur-laerm.ch\/\" target=\"_blank\" rel=\"noreferrer noopener\">baukultur-laerm.ch (DE)<\/a><\/p>\n<\/div>\n","protected":false},"excerpt":{"rendered":"<p>En Suisse, environ les deux tiers de la population se sentent d\u00e9rang\u00e9s par le bruit. Il est donc important de prendre en compte le bruit dans l&rsquo;am\u00e9nagement du territoire et de cr\u00e9er des espaces de vie o\u00f9 le bruit ne g\u00e9n\u00e8re pas de nuisances. Pour ce faire, il est possible d&rsquo;att\u00e9nuer les effets n\u00e9gatifs du [&hellip;]<\/p>\n","protected":false},"author":1,"featured_media":3726,"parent":75,"menu_order":3,"comment_status":"closed","ping_status":"closed","template":"","meta":{"advgb_blocks_editor_width":"","advgb_blocks_columns_visual_guide":"","footnotes":""},"class_list":["post-2664","page","type-page","status-publish","has-post-thumbnail","hentry"],"yoast_head":"<!-- This site is optimized with the Yoast SEO plugin v23.7 - https:\/\/yoast.com\/wordpress\/plugins\/seo\/ -->\n<title>Construire dans des zones bruyantes - Bruit.ch<\/title>\n<meta name=\"robots\" content=\"index, follow, max-snippet:-1, max-image-preview:large, max-video-preview:-1\" \/>\n<link rel=\"canonical\" href=\"https:\/\/laerm.ch\/laermwissen\/bauen-im-laerm\/\" \/>\n<meta property=\"og:locale\" content=\"fr_FR\" \/>\n<meta property=\"og:type\" content=\"article\" \/>\n<meta property=\"og:title\" content=\"Construire dans des zones bruyantes - Bruit.ch\" \/>\n<meta property=\"og:description\" content=\"En Suisse, environ les deux tiers de la population se sentent d\u00e9rang\u00e9s par le bruit. Il est donc important de prendre en compte le bruit dans l&rsquo;am\u00e9nagement du territoire et de cr\u00e9er des espaces de vie o\u00f9 le bruit ne g\u00e9n\u00e8re pas de nuisances. Pour ce faire, il est possible d&rsquo;att\u00e9nuer les effets n\u00e9gatifs du [&hellip;]\" \/>\n<meta property=\"og:url\" content=\"https:\/\/laerm.ch\/laermwissen\/bauen-im-laerm\/\" \/>\n<meta property=\"og:site_name\" content=\"Bruit.ch\" \/>\n<meta property=\"article:modified_time\" content=\"2024-09-10T23:03:30+00:00\" \/>\n<meta property=\"og:image\" content=\"https:\/\/laerm.ch\/wp-content\/uploads\/bauen-im-laerm.jpg\" \/>\n\t<meta property=\"og:image:width\" content=\"725\" \/>\n\t<meta property=\"og:image:height\" content=\"300\" \/>\n\t<meta property=\"og:image:type\" content=\"image\/jpeg\" \/>\n<meta name=\"twitter:card\" content=\"summary_large_image\" \/>\n<meta name=\"twitter:label1\" content=\"Dur\u00e9e de lecture estim\u00e9e\" \/>\n\t<meta name=\"twitter:data1\" content=\"1 minute\" \/>\n<script type=\"application\/ld+json\" class=\"yoast-schema-graph\">{\"@context\":\"https:\/\/schema.org\",\"@graph\":[{\"@type\":\"WebPage\",\"@id\":\"https:\/\/laerm.ch\/laermwissen\/bauen-im-laerm\/\",\"url\":\"https:\/\/laerm.ch\/laermwissen\/bauen-im-laerm\/\",\"name\":\"Construire dans des zones bruyantes - Bruit.ch\",\"isPartOf\":{\"@id\":\"https:\/\/laerm.ch\/#website\"},\"primaryImageOfPage\":{\"@id\":\"https:\/\/laerm.ch\/laermwissen\/bauen-im-laerm\/#primaryimage\"},\"image\":{\"@id\":\"https:\/\/laerm.ch\/laermwissen\/bauen-im-laerm\/#primaryimage\"},\"thumbnailUrl\":\"https:\/\/laerm.ch\/wp-content\/uploads\/bauen-im-laerm.jpg\",\"datePublished\":\"2024-02-20T15:06:07+00:00\",\"dateModified\":\"2024-09-10T23:03:30+00:00\",\"breadcrumb\":{\"@id\":\"https:\/\/laerm.ch\/laermwissen\/bauen-im-laerm\/#breadcrumb\"},\"inLanguage\":\"fr-FR\",\"potentialAction\":[{\"@type\":\"ReadAction\",\"target\":[\"https:\/\/laerm.ch\/laermwissen\/bauen-im-laerm\/\"]}]},{\"@type\":\"ImageObject\",\"inLanguage\":\"fr-FR\",\"@id\":\"https:\/\/laerm.ch\/laermwissen\/bauen-im-laerm\/#primaryimage\",\"url\":\"https:\/\/laerm.ch\/wp-content\/uploads\/bauen-im-laerm.jpg\",\"contentUrl\":\"https:\/\/laerm.ch\/wp-content\/uploads\/bauen-im-laerm.jpg\",\"width\":725,\"height\":300},{\"@type\":\"BreadcrumbList\",\"@id\":\"https:\/\/laerm.ch\/laermwissen\/bauen-im-laerm\/#breadcrumb\",\"itemListElement\":[{\"@type\":\"ListItem\",\"position\":1,\"name\":\"Startseite\",\"item\":\"https:\/\/test.laerm.ch\/fr\/\"},{\"@type\":\"ListItem\",\"position\":2,\"name\":\"Bruit &amp; calme\",\"item\":\"https:\/\/test.laerm.ch\/laermwissen\/\"},{\"@type\":\"ListItem\",\"position\":3,\"name\":\"Construire dans des zones bruyantes\"}]},{\"@type\":\"WebSite\",\"@id\":\"https:\/\/laerm.ch\/#website\",\"url\":\"https:\/\/laerm.ch\/\",\"name\":\"L\u00e4rm.ch\",\"description\":\"Bienvenue sur Bruit.ch, le portail complet de Cercle Bruit sur le th\u00e8me du bruit et de la protection contre le bruit.\",\"publisher\":{\"@id\":\"https:\/\/laerm.ch\/#organization\"},\"potentialAction\":[{\"@type\":\"SearchAction\",\"target\":{\"@type\":\"EntryPoint\",\"urlTemplate\":\"https:\/\/laerm.ch\/?s={search_term_string}\"},\"query-input\":{\"@type\":\"PropertyValueSpecification\",\"valueRequired\":true,\"valueName\":\"search_term_string\"}}],\"inLanguage\":\"fr-FR\"},{\"@type\":\"Organization\",\"@id\":\"https:\/\/laerm.ch\/#organization\",\"name\":\"Cercle Bruit\",\"url\":\"https:\/\/laerm.ch\/\",\"logo\":{\"@type\":\"ImageObject\",\"inLanguage\":\"fr-FR\",\"@id\":\"https:\/\/laerm.ch\/#\/schema\/logo\/image\/\",\"url\":\"https:\/\/laerm.ch\/wp-content\/uploads\/cercleBruitLogoText.png\",\"contentUrl\":\"https:\/\/laerm.ch\/wp-content\/uploads\/cercleBruitLogoText.png\",\"width\":512,\"height\":329,\"caption\":\"Cercle Bruit\"},\"image\":{\"@id\":\"https:\/\/laerm.ch\/#\/schema\/logo\/image\/\"}}]}<\/script>\n<!-- \/ Yoast SEO plugin. -->","yoast_head_json":{"title":"Construire dans des zones bruyantes - Bruit.ch","robots":{"index":"index","follow":"follow","max-snippet":"max-snippet:-1","max-image-preview":"max-image-preview:large","max-video-preview":"max-video-preview:-1"},"canonical":"https:\/\/laerm.ch\/laermwissen\/bauen-im-laerm\/","og_locale":"fr_FR","og_type":"article","og_title":"Construire dans des zones bruyantes - Bruit.ch","og_description":"En Suisse, environ les deux tiers de la population se sentent d\u00e9rang\u00e9s par le bruit. Il est donc important de prendre en compte le bruit dans l&rsquo;am\u00e9nagement du territoire et de cr\u00e9er des espaces de vie o\u00f9 le bruit ne g\u00e9n\u00e8re pas de nuisances. Pour ce faire, il est possible d&rsquo;att\u00e9nuer les effets n\u00e9gatifs du [&hellip;]","og_url":"https:\/\/laerm.ch\/laermwissen\/bauen-im-laerm\/","og_site_name":"Bruit.ch","article_modified_time":"2024-09-10T23:03:30+00:00","og_image":[{"width":725,"height":300,"url":"https:\/\/laerm.ch\/wp-content\/uploads\/bauen-im-laerm.jpg","type":"image\/jpeg"}],"twitter_card":"summary_large_image","twitter_misc":{"Dur\u00e9e de lecture estim\u00e9e":"1 minute"},"schema":{"@context":"https:\/\/schema.org","@graph":[{"@type":"WebPage","@id":"https:\/\/laerm.ch\/laermwissen\/bauen-im-laerm\/","url":"https:\/\/laerm.ch\/laermwissen\/bauen-im-laerm\/","name":"Construire dans des zones bruyantes - Bruit.ch","isPartOf":{"@id":"https:\/\/laerm.ch\/#website"},"primaryImageOfPage":{"@id":"https:\/\/laerm.ch\/laermwissen\/bauen-im-laerm\/#primaryimage"},"image":{"@id":"https:\/\/laerm.ch\/laermwissen\/bauen-im-laerm\/#primaryimage"},"thumbnailUrl":"https:\/\/laerm.ch\/wp-content\/uploads\/bauen-im-laerm.jpg","datePublished":"2024-02-20T15:06:07+00:00","dateModified":"2024-09-10T23:03:30+00:00","breadcrumb":{"@id":"https:\/\/laerm.ch\/laermwissen\/bauen-im-laerm\/#breadcrumb"},"inLanguage":"fr-FR","potentialAction":[{"@type":"ReadAction","target":["https:\/\/laerm.ch\/laermwissen\/bauen-im-laerm\/"]}]},{"@type":"ImageObject","inLanguage":"fr-FR","@id":"https:\/\/laerm.ch\/laermwissen\/bauen-im-laerm\/#primaryimage","url":"https:\/\/laerm.ch\/wp-content\/uploads\/bauen-im-laerm.jpg","contentUrl":"https:\/\/laerm.ch\/wp-content\/uploads\/bauen-im-laerm.jpg","width":725,"height":300},{"@type":"BreadcrumbList","@id":"https:\/\/laerm.ch\/laermwissen\/bauen-im-laerm\/#breadcrumb","itemListElement":[{"@type":"ListItem","position":1,"name":"Startseite","item":"https:\/\/test.laerm.ch\/fr\/"},{"@type":"ListItem","position":2,"name":"Bruit &amp; calme","item":"https:\/\/test.laerm.ch\/laermwissen\/"},{"@type":"ListItem","position":3,"name":"Construire dans des zones bruyantes"}]},{"@type":"WebSite","@id":"https:\/\/laerm.ch\/#website","url":"https:\/\/laerm.ch\/","name":"L\u00e4rm.ch","description":"Bienvenue sur Bruit.ch, le portail complet de Cercle Bruit sur le th\u00e8me du bruit et de la protection contre le bruit.","publisher":{"@id":"https:\/\/laerm.ch\/#organization"},"potentialAction":[{"@type":"SearchAction","target":{"@type":"EntryPoint","urlTemplate":"https:\/\/laerm.ch\/?s={search_term_string}"},"query-input":{"@type":"PropertyValueSpecification","valueRequired":true,"valueName":"search_term_string"}}],"inLanguage":"fr-FR"},{"@type":"Organization","@id":"https:\/\/laerm.ch\/#organization","name":"Cercle Bruit","url":"https:\/\/laerm.ch\/","logo":{"@type":"ImageObject","inLanguage":"fr-FR","@id":"https:\/\/laerm.ch\/#\/schema\/logo\/image\/","url":"https:\/\/laerm.ch\/wp-content\/uploads\/cercleBruitLogoText.png","contentUrl":"https:\/\/laerm.ch\/wp-content\/uploads\/cercleBruitLogoText.png","width":512,"height":329,"caption":"Cercle Bruit"},"image":{"@id":"https:\/\/laerm.ch\/#\/schema\/logo\/image\/"}}]}},"coauthors":[],"author_meta":{"author_link":"https:\/\/laerm.ch\/fr\/author\/f9c1af47f5d7fcc5\/","display_name":"admin"},"relative_dates":{"created":"Publi\u00e9 2 ans il y a","modified":"Mis \u00e0 jour 2 ans il y a"},"absolute_dates":{"created":"Publi\u00e9 le 20. f\u00e9vrier 2024","modified":"Mise \u00e0 jour le 11. septembre 2024"},"absolute_dates_time":{"created":"Publi\u00e9 le 20. f\u00e9vrier 2024 16:06","modified":"Mise \u00e0 jour le 11. septembre 2024 1:03"},"featured_img_caption":"","featured_img":"https:\/\/laerm.ch\/wp-content\/uploads\/bauen-im-laerm.jpg","series_order":"","_links":{"self":[{"href":"https:\/\/laerm.ch\/fr\/wp-json\/wp\/v2\/pages\/2664"}],"collection":[{"href":"https:\/\/laerm.ch\/fr\/wp-json\/wp\/v2\/pages"}],"about":[{"href":"https:\/\/laerm.ch\/fr\/wp-json\/wp\/v2\/types\/page"}],"author":[{"embeddable":true,"href":"https:\/\/laerm.ch\/fr\/wp-json\/wp\/v2\/users\/1"}],"replies":[{"embeddable":true,"href":"https:\/\/laerm.ch\/fr\/wp-json\/wp\/v2\/comments?post=2664"}],"version-history":[{"count":14,"href":"https:\/\/laerm.ch\/fr\/wp-json\/wp\/v2\/pages\/2664\/revisions"}],"predecessor-version":[{"id":5187,"href":"https:\/\/laerm.ch\/fr\/wp-json\/wp\/v2\/pages\/2664\/revisions\/5187"}],"up":[{"embeddable":true,"href":"https:\/\/laerm.ch\/fr\/wp-json\/wp\/v2\/pages\/75"}],"wp:featuredmedia":[{"embeddable":true,"href":"https:\/\/laerm.ch\/fr\/wp-json\/wp\/v2\/media\/3726"}],"wp:attachment":[{"href":"https:\/\/laerm.ch\/fr\/wp-json\/wp\/v2\/media?parent=2664"}],"curies":[{"name":"wp","href":"https:\/\/api.w.org\/{rel}","templated":true}]}}