{"id":2672,"date":"2024-02-20T16:15:18","date_gmt":"2024-02-20T15:15:18","guid":{"rendered":"https:\/\/laerm.ch\/connaissances-du-bruit\/amenagement-de-lespace-sonore\/"},"modified":"2024-07-23T14:41:48","modified_gmt":"2024-07-23T12:41:48","slug":"amenagement-de-lespace-sonore","status":"publish","type":"page","link":"https:\/\/laerm.ch\/fr\/connaissances-du-bruit\/amenagement-de-lespace-sonore\/","title":{"rendered":"Am\u00e9nagement de l&rsquo;espace sonore"},"content":{"rendered":"\n<p>Avec la densification croissante, les espaces libres dans les zones d&rsquo;habitation deviennent de plus en plus importants. Pour un am\u00e9nagement global de ces espaces ext\u00e9rieurs, les aspects acoustiques doivent \u00e9galement \u00eatre pris en compte d\u00e8s le d\u00e9but de la planification.<\/p>\n\n<div class=\"wp-block-group is-vertical is-layout-flex wp-container-core-group-is-layout-1 wp-block-group-is-layout-flex\">\n<p>Le site Internet <a class=\"ex_\" href=\"http:\/\/klangraumarchitektur.ch\/\" target=\"_blank\" rel=\"noreferrer noopener\">klangraumarchitektur.ch<\/a> (en allemand) fournit des bases et des conseils pratiques pour une bonne qualit\u00e9 sonore des espaces ext\u00e9rieurs.<\/p>\n<\/div>\n","protected":false},"excerpt":{"rendered":"<p>Avec la densification croissante, les espaces libres dans les zones d&rsquo;habitation deviennent de plus en plus importants. Pour un am\u00e9nagement global de ces espaces ext\u00e9rieurs, les aspects acoustiques doivent \u00e9galement \u00eatre pris en compte d\u00e8s le d\u00e9but de la planification. Le site Internet klangraumarchitektur.ch (en allemand) fournit des bases et des conseils pratiques pour une [&hellip;]<\/p>\n","protected":false},"author":1,"featured_media":3730,"parent":75,"menu_order":4,"comment_status":"closed","ping_status":"closed","template":"","meta":{"advgb_blocks_editor_width":"","advgb_blocks_columns_visual_guide":"","footnotes":""},"class_list":["post-2672","page","type-page","status-publish","has-post-thumbnail","hentry"],"yoast_head":"<!-- This site is optimized with the Yoast SEO plugin v23.7 - https:\/\/yoast.com\/wordpress\/plugins\/seo\/ -->\n<title>Am\u00e9nagement de l&#039;espace sonore - Bruit.ch<\/title>\n<meta name=\"robots\" content=\"index, follow, max-snippet:-1, max-image-preview:large, max-video-preview:-1\" \/>\n<link rel=\"canonical\" href=\"https:\/\/laerm.ch\/laermwissen\/klangraumgestaltung\/\" \/>\n<meta property=\"og:locale\" content=\"fr_FR\" \/>\n<meta property=\"og:type\" content=\"article\" \/>\n<meta property=\"og:title\" content=\"Am\u00e9nagement de l&#039;espace sonore - Bruit.ch\" \/>\n<meta property=\"og:description\" content=\"Avec la densification croissante, les espaces libres dans les zones d&rsquo;habitation deviennent de plus en plus importants. Pour un am\u00e9nagement global de ces espaces ext\u00e9rieurs, les aspects acoustiques doivent \u00e9galement \u00eatre pris en compte d\u00e8s le d\u00e9but de la planification. Le site Internet klangraumarchitektur.ch (en allemand) fournit des bases et des conseils pratiques pour une [&hellip;]\" \/>\n<meta property=\"og:url\" content=\"https:\/\/laerm.ch\/laermwissen\/klangraumgestaltung\/\" \/>\n<meta property=\"og:site_name\" content=\"Bruit.ch\" \/>\n<meta property=\"article:modified_time\" content=\"2024-07-23T12:41:48+00:00\" \/>\n<meta property=\"og:image\" content=\"https:\/\/laerm.ch\/wp-content\/uploads\/klangraumgestaltung.jpg\" \/>\n\t<meta property=\"og:image:width\" content=\"725\" \/>\n\t<meta property=\"og:image:height\" content=\"300\" \/>\n\t<meta property=\"og:image:type\" content=\"image\/jpeg\" \/>\n<meta name=\"twitter:card\" content=\"summary_large_image\" \/>\n<script type=\"application\/ld+json\" class=\"yoast-schema-graph\">{\"@context\":\"https:\/\/schema.org\",\"@graph\":[{\"@type\":\"WebPage\",\"@id\":\"https:\/\/laerm.ch\/laermwissen\/klangraumgestaltung\/\",\"url\":\"https:\/\/laerm.ch\/laermwissen\/klangraumgestaltung\/\",\"name\":\"Am\u00e9nagement de l'espace sonore - Bruit.ch\",\"isPartOf\":{\"@id\":\"https:\/\/laerm.ch\/#website\"},\"primaryImageOfPage\":{\"@id\":\"https:\/\/laerm.ch\/laermwissen\/klangraumgestaltung\/#primaryimage\"},\"image\":{\"@id\":\"https:\/\/laerm.ch\/laermwissen\/klangraumgestaltung\/#primaryimage\"},\"thumbnailUrl\":\"https:\/\/laerm.ch\/wp-content\/uploads\/klangraumgestaltung.jpg\",\"datePublished\":\"2024-02-20T15:15:18+00:00\",\"dateModified\":\"2024-07-23T12:41:48+00:00\",\"breadcrumb\":{\"@id\":\"https:\/\/laerm.ch\/laermwissen\/klangraumgestaltung\/#breadcrumb\"},\"inLanguage\":\"fr-FR\",\"potentialAction\":[{\"@type\":\"ReadAction\",\"target\":[\"https:\/\/laerm.ch\/laermwissen\/klangraumgestaltung\/\"]}]},{\"@type\":\"ImageObject\",\"inLanguage\":\"fr-FR\",\"@id\":\"https:\/\/laerm.ch\/laermwissen\/klangraumgestaltung\/#primaryimage\",\"url\":\"https:\/\/laerm.ch\/wp-content\/uploads\/klangraumgestaltung.jpg\",\"contentUrl\":\"https:\/\/laerm.ch\/wp-content\/uploads\/klangraumgestaltung.jpg\",\"width\":725,\"height\":300},{\"@type\":\"BreadcrumbList\",\"@id\":\"https:\/\/laerm.ch\/laermwissen\/klangraumgestaltung\/#breadcrumb\",\"itemListElement\":[{\"@type\":\"ListItem\",\"position\":1,\"name\":\"Startseite\",\"item\":\"https:\/\/test.laerm.ch\/fr\/\"},{\"@type\":\"ListItem\",\"position\":2,\"name\":\"Bruit &amp; calme\",\"item\":\"https:\/\/test.laerm.ch\/laermwissen\/\"},{\"@type\":\"ListItem\",\"position\":3,\"name\":\"Am\u00e9nagement de l&#8217;espace sonore\"}]},{\"@type\":\"WebSite\",\"@id\":\"https:\/\/laerm.ch\/#website\",\"url\":\"https:\/\/laerm.ch\/\",\"name\":\"L\u00e4rm.ch\",\"description\":\"Bienvenue sur Bruit.ch, le portail complet de Cercle Bruit sur le th\u00e8me du bruit et de la protection contre le bruit.\",\"publisher\":{\"@id\":\"https:\/\/laerm.ch\/#organization\"},\"potentialAction\":[{\"@type\":\"SearchAction\",\"target\":{\"@type\":\"EntryPoint\",\"urlTemplate\":\"https:\/\/laerm.ch\/?s={search_term_string}\"},\"query-input\":{\"@type\":\"PropertyValueSpecification\",\"valueRequired\":true,\"valueName\":\"search_term_string\"}}],\"inLanguage\":\"fr-FR\"},{\"@type\":\"Organization\",\"@id\":\"https:\/\/laerm.ch\/#organization\",\"name\":\"Cercle Bruit\",\"url\":\"https:\/\/laerm.ch\/\",\"logo\":{\"@type\":\"ImageObject\",\"inLanguage\":\"fr-FR\",\"@id\":\"https:\/\/laerm.ch\/#\/schema\/logo\/image\/\",\"url\":\"https:\/\/laerm.ch\/wp-content\/uploads\/cercleBruitLogoText.png\",\"contentUrl\":\"https:\/\/laerm.ch\/wp-content\/uploads\/cercleBruitLogoText.png\",\"width\":512,\"height\":329,\"caption\":\"Cercle Bruit\"},\"image\":{\"@id\":\"https:\/\/laerm.ch\/#\/schema\/logo\/image\/\"}}]}<\/script>\n<!-- \/ Yoast SEO plugin. -->","yoast_head_json":{"title":"Am\u00e9nagement de l'espace sonore - Bruit.ch","robots":{"index":"index","follow":"follow","max-snippet":"max-snippet:-1","max-image-preview":"max-image-preview:large","max-video-preview":"max-video-preview:-1"},"canonical":"https:\/\/laerm.ch\/laermwissen\/klangraumgestaltung\/","og_locale":"fr_FR","og_type":"article","og_title":"Am\u00e9nagement de l'espace sonore - Bruit.ch","og_description":"Avec la densification croissante, les espaces libres dans les zones d&rsquo;habitation deviennent de plus en plus importants. Pour un am\u00e9nagement global de ces espaces ext\u00e9rieurs, les aspects acoustiques doivent \u00e9galement \u00eatre pris en compte d\u00e8s le d\u00e9but de la planification. Le site Internet klangraumarchitektur.ch (en allemand) fournit des bases et des conseils pratiques pour une [&hellip;]","og_url":"https:\/\/laerm.ch\/laermwissen\/klangraumgestaltung\/","og_site_name":"Bruit.ch","article_modified_time":"2024-07-23T12:41:48+00:00","og_image":[{"width":725,"height":300,"url":"https:\/\/laerm.ch\/wp-content\/uploads\/klangraumgestaltung.jpg","type":"image\/jpeg"}],"twitter_card":"summary_large_image","schema":{"@context":"https:\/\/schema.org","@graph":[{"@type":"WebPage","@id":"https:\/\/laerm.ch\/laermwissen\/klangraumgestaltung\/","url":"https:\/\/laerm.ch\/laermwissen\/klangraumgestaltung\/","name":"Am\u00e9nagement de l'espace sonore - Bruit.ch","isPartOf":{"@id":"https:\/\/laerm.ch\/#website"},"primaryImageOfPage":{"@id":"https:\/\/laerm.ch\/laermwissen\/klangraumgestaltung\/#primaryimage"},"image":{"@id":"https:\/\/laerm.ch\/laermwissen\/klangraumgestaltung\/#primaryimage"},"thumbnailUrl":"https:\/\/laerm.ch\/wp-content\/uploads\/klangraumgestaltung.jpg","datePublished":"2024-02-20T15:15:18+00:00","dateModified":"2024-07-23T12:41:48+00:00","breadcrumb":{"@id":"https:\/\/laerm.ch\/laermwissen\/klangraumgestaltung\/#breadcrumb"},"inLanguage":"fr-FR","potentialAction":[{"@type":"ReadAction","target":["https:\/\/laerm.ch\/laermwissen\/klangraumgestaltung\/"]}]},{"@type":"ImageObject","inLanguage":"fr-FR","@id":"https:\/\/laerm.ch\/laermwissen\/klangraumgestaltung\/#primaryimage","url":"https:\/\/laerm.ch\/wp-content\/uploads\/klangraumgestaltung.jpg","contentUrl":"https:\/\/laerm.ch\/wp-content\/uploads\/klangraumgestaltung.jpg","width":725,"height":300},{"@type":"BreadcrumbList","@id":"https:\/\/laerm.ch\/laermwissen\/klangraumgestaltung\/#breadcrumb","itemListElement":[{"@type":"ListItem","position":1,"name":"Startseite","item":"https:\/\/test.laerm.ch\/fr\/"},{"@type":"ListItem","position":2,"name":"Bruit &amp; calme","item":"https:\/\/test.laerm.ch\/laermwissen\/"},{"@type":"ListItem","position":3,"name":"Am\u00e9nagement de l&#8217;espace sonore"}]},{"@type":"WebSite","@id":"https:\/\/laerm.ch\/#website","url":"https:\/\/laerm.ch\/","name":"L\u00e4rm.ch","description":"Bienvenue sur Bruit.ch, le portail complet de Cercle Bruit sur le th\u00e8me du bruit et de la protection contre le bruit.","publisher":{"@id":"https:\/\/laerm.ch\/#organization"},"potentialAction":[{"@type":"SearchAction","target":{"@type":"EntryPoint","urlTemplate":"https:\/\/laerm.ch\/?s={search_term_string}"},"query-input":{"@type":"PropertyValueSpecification","valueRequired":true,"valueName":"search_term_string"}}],"inLanguage":"fr-FR"},{"@type":"Organization","@id":"https:\/\/laerm.ch\/#organization","name":"Cercle Bruit","url":"https:\/\/laerm.ch\/","logo":{"@type":"ImageObject","inLanguage":"fr-FR","@id":"https:\/\/laerm.ch\/#\/schema\/logo\/image\/","url":"https:\/\/laerm.ch\/wp-content\/uploads\/cercleBruitLogoText.png","contentUrl":"https:\/\/laerm.ch\/wp-content\/uploads\/cercleBruitLogoText.png","width":512,"height":329,"caption":"Cercle Bruit"},"image":{"@id":"https:\/\/laerm.ch\/#\/schema\/logo\/image\/"}}]}},"coauthors":[],"author_meta":{"author_link":"https:\/\/laerm.ch\/fr\/author\/f9c1af47f5d7fcc5\/","display_name":"admin"},"relative_dates":{"created":"Publi\u00e9 2 ans il y a","modified":"Mis \u00e0 jour 2 ans il y a"},"absolute_dates":{"created":"Publi\u00e9 le 20. f\u00e9vrier 2024","modified":"Mise \u00e0 jour le 23. juillet 2024"},"absolute_dates_time":{"created":"Publi\u00e9 le 20. f\u00e9vrier 2024 16:15","modified":"Mise \u00e0 jour le 23. juillet 2024 14:41"},"featured_img_caption":"","featured_img":"https:\/\/laerm.ch\/wp-content\/uploads\/klangraumgestaltung.jpg","series_order":"","_links":{"self":[{"href":"https:\/\/laerm.ch\/fr\/wp-json\/wp\/v2\/pages\/2672"}],"collection":[{"href":"https:\/\/laerm.ch\/fr\/wp-json\/wp\/v2\/pages"}],"about":[{"href":"https:\/\/laerm.ch\/fr\/wp-json\/wp\/v2\/types\/page"}],"author":[{"embeddable":true,"href":"https:\/\/laerm.ch\/fr\/wp-json\/wp\/v2\/users\/1"}],"replies":[{"embeddable":true,"href":"https:\/\/laerm.ch\/fr\/wp-json\/wp\/v2\/comments?post=2672"}],"version-history":[{"count":5,"href":"https:\/\/laerm.ch\/fr\/wp-json\/wp\/v2\/pages\/2672\/revisions"}],"predecessor-version":[{"id":5030,"href":"https:\/\/laerm.ch\/fr\/wp-json\/wp\/v2\/pages\/2672\/revisions\/5030"}],"up":[{"embeddable":true,"href":"https:\/\/laerm.ch\/fr\/wp-json\/wp\/v2\/pages\/75"}],"wp:featuredmedia":[{"embeddable":true,"href":"https:\/\/laerm.ch\/fr\/wp-json\/wp\/v2\/media\/3730"}],"wp:attachment":[{"href":"https:\/\/laerm.ch\/fr\/wp-json\/wp\/v2\/media?parent=2672"}],"curies":[{"name":"wp","href":"https:\/\/api.w.org\/{rel}","templated":true}]}}