{"id":2756,"date":"2023-11-16T11:26:01","date_gmt":"2023-11-16T10:26:01","guid":{"rendered":"https:\/\/laerm.ch\/journee-contre-le-bruit\/organisme-responsable\/"},"modified":"2024-06-05T18:05:52","modified_gmt":"2024-06-05T16:05:52","slug":"organisme-responsable","status":"publish","type":"page","link":"https:\/\/laerm.ch\/fr\/journee-contre-le-bruit\/organisme-responsable\/","title":{"rendered":"Organismes responsables"},"content":{"rendered":"\n<div class=\"wp-block-columns is-layout-flex wp-container-core-columns-is-layout-1 wp-block-columns-is-layout-flex\">\n<div class=\"wp-block-column is-layout-flow wp-block-column-is-layout-flow\" style=\"flex-basis:25%\">\n<figure class=\"wp-block-image size-full\"><img loading=\"lazy\" decoding=\"async\" width=\"180\" height=\"90\" src=\"https:\/\/laerm.ch\/wp-content\/uploads\/cb.jpg\" alt=\"\" class=\"wp-image-1583\"\/><\/figure>\n<\/div>\n\n\n\n<div class=\"wp-block-column is-layout-flow wp-block-column-is-layout-flow\" style=\"flex-basis:75%\">\n<p><a class=\"ex_\" href=\"https:\/\/www.cerclebruit.ch\/?inc=home&amp;lang=fr\" target=\"_blank\" rel=\"noreferrer noopener\">Cercle Bruit<\/a><\/p>\n\n\n\n<p>Groupement des responsables cantonaux de la protection contre le bruit<\/p>\n<\/div>\n<\/div>\n\n<hr class=\"wp-block-separator has-alpha-channel-opacity\"\/>\n\n<div class=\"wp-block-columns is-layout-flex wp-container-core-columns-is-layout-2 wp-block-columns-is-layout-flex\">\n<div class=\"wp-block-column is-layout-flow wp-block-column-is-layout-flow\" style=\"flex-basis:25%\">\n<figure class=\"wp-block-image size-full\"><img loading=\"lazy\" decoding=\"async\" width=\"180\" height=\"90\" src=\"https:\/\/laerm.ch\/wp-content\/uploads\/sga-ssa.jpg\" alt=\"\" class=\"wp-image-1571\"\/><\/figure>\n<\/div>\n\n\n\n<div class=\"wp-block-column is-layout-flow wp-block-column-is-layout-flow\" style=\"flex-basis:75%\">\n<p><a class=\"ex_\" href=\"https:\/\/www.sga-ssa.ch\/fr\/\" target=\"_blank\" rel=\"noreferrer noopener\">SGA SSA<\/a><\/p>\n\n\n\n<p>Soci\u00e9t\u00e9 Suisse d&rsquo;Acoustique<\/p>\n<\/div>\n<\/div>\n\n<hr class=\"wp-block-separator has-alpha-channel-opacity\"\/>\n\n<div class=\"wp-block-columns is-layout-flex wp-container-core-columns-is-layout-3 wp-block-columns-is-layout-flex\">\n<div class=\"wp-block-column is-layout-flow wp-block-column-is-layout-flow\" style=\"flex-basis:25%\">\n<figure class=\"wp-block-image size-full\"><img loading=\"lazy\" decoding=\"async\" width=\"180\" height=\"90\" src=\"https:\/\/laerm.ch\/wp-content\/uploads\/aefu.jpg\" alt=\"\" class=\"wp-image-1574\"\/><\/figure>\n<\/div>\n\n\n\n<div class=\"wp-block-column is-layout-flow wp-block-column-is-layout-flow\" style=\"flex-basis:75%\">\n<p><a class=\"ex_\" href=\"https:\/\/www.aefu.ch\/fr\/\" target=\"_blank\" rel=\"noreferrer noopener\">MfE<\/a><\/p>\n\n\n\n<p>M\u00e9decins en faveur de l&rsquo;environnement<\/p>\n<\/div>\n<\/div>\n\n<hr class=\"wp-block-separator has-alpha-channel-opacity\"\/>\n\n<div class=\"wp-block-columns is-layout-flex wp-container-core-columns-is-layout-4 wp-block-columns-is-layout-flex\">\n<div class=\"wp-block-column is-layout-flow wp-block-column-is-layout-flow\" style=\"flex-basis:25%\">\n<figure class=\"wp-block-image size-full\"><img loading=\"lazy\" decoding=\"async\" width=\"180\" height=\"90\" src=\"https:\/\/laerm.ch\/wp-content\/uploads\/laermliga.jpg\" alt=\"\" class=\"wp-image-1589\"\/><\/figure>\n<\/div>\n\n\n\n<div class=\"wp-block-column is-layout-flow wp-block-column-is-layout-flow\" style=\"flex-basis:75%\">\n<p><a class=\"ex_\" href=\"https:\/\/laermliga.ch\/?lang=fr\" target=\"_blank\" rel=\"noreferrer noopener\">Ligue suisse contre le bruit<\/a><\/p>\n\n\n\n<p>Fond\u00e9e en 1956 \u00e0 l&rsquo;EPFZ<\/p>\n<\/div>\n<\/div>\n\n<hr class=\"wp-block-separator has-alpha-channel-opacity\"\/>\n\n<div class=\"wp-block-columns is-layout-flex wp-container-core-columns-is-layout-5 wp-block-columns-is-layout-flex\">\n<div class=\"wp-block-column is-layout-flow wp-block-column-is-layout-flow\" style=\"flex-basis:25%\">\n<figure class=\"wp-block-image size-full\"><img loading=\"lazy\" decoding=\"async\" width=\"180\" height=\"90\" src=\"https:\/\/laerm.ch\/wp-content\/uploads\/umsicht.jpg\" alt=\"\" class=\"wp-image-2498\"\/><\/figure>\n<\/div>\n\n\n\n<div class=\"wp-block-column is-layout-flow wp-block-column-is-layout-flow\" style=\"flex-basis:75%\">\n<p><strong>Organe de coordination Journ\u00e9e contre le bruit<\/strong><br\/>Umsicht, agence dans les domaines de l&rsquo;environnement et de la communication<\/p>\n\n\n\n<p>Contact : <a href=\"mailto:nad@laerm.ch\" target=\"_blank\" rel=\"noreferrer noopener\">nad@laerm.ch<\/a><\/p>\n<\/div>\n<\/div>\n\n<h2 class=\"wp-block-heading\">Partenaires<\/h2>\n\n<div class=\"wp-block-columns is-layout-flex wp-container-core-columns-is-layout-6 wp-block-columns-is-layout-flex\">\n<div class=\"wp-block-column is-layout-flow wp-block-column-is-layout-flow\" style=\"flex-basis:25%\">\n<figure class=\"wp-block-image size-full\"><img loading=\"lazy\" decoding=\"async\" width=\"180\" height=\"90\" src=\"https:\/\/laerm.ch\/wp-content\/uploads\/bag.jpg\" alt=\"\" class=\"wp-image-1580\"\/><\/figure>\n<\/div>\n\n\n\n<div class=\"wp-block-column is-layout-flow wp-block-column-is-layout-flow\" style=\"flex-basis:75%\">\n<p><a class=\"ex_\" href=\"https:\/\/www.bag.admin.ch\/bag\/fr\/home.html\" target=\"_blank\" rel=\"noreferrer noopener\">OFSP<\/a><\/p>\n\n\n\n<p>Office f\u00e9d\u00e9ral de la sant\u00e9 publique<\/p>\n<\/div>\n<\/div>\n\n<hr class=\"wp-block-separator has-alpha-channel-opacity\"\/>\n\n<div class=\"wp-block-columns is-layout-flex wp-container-core-columns-is-layout-7 wp-block-columns-is-layout-flex\">\n<div class=\"wp-block-column is-layout-flow wp-block-column-is-layout-flow\" style=\"flex-basis:25%\">\n<figure class=\"wp-block-image size-full\"><img loading=\"lazy\" decoding=\"async\" width=\"180\" height=\"90\" src=\"https:\/\/laerm.ch\/wp-content\/uploads\/bafu.jpg\" alt=\"\" class=\"wp-image-1577\"\/><\/figure>\n<\/div>\n\n\n\n<div class=\"wp-block-column is-layout-flow wp-block-column-is-layout-flow\" style=\"flex-basis:75%\">\n<p><a class=\"ex_\" href=\"https:\/\/www.bafu.admin.ch\/bafu\/fr\/home.html\" target=\"_blank\" rel=\"noreferrer noopener\">OFEV<\/a><\/p>\n\n\n\n<p>Office f\u00e9d\u00e9ral de l&rsquo;environnement<\/p>\n<\/div>\n<\/div>\n\n<h2 class=\"wp-block-heading\">International<\/h2>\n\n<div class=\"wp-block-columns is-layout-flex wp-container-core-columns-is-layout-8 wp-block-columns-is-layout-flex\">\n<div class=\"wp-block-column is-layout-flow wp-block-column-is-layout-flow\" style=\"flex-basis:25%\">\n<figure class=\"wp-block-image size-full\"><img loading=\"lazy\" decoding=\"async\" width=\"180\" height=\"90\" src=\"https:\/\/laerm.ch\/wp-content\/uploads\/inad.jpg\" alt=\"\" class=\"wp-image-1586\"\/><\/figure>\n<\/div>\n\n\n\n<div class=\"wp-block-column is-layout-flow wp-block-column-is-layout-flow\" style=\"flex-basis:75%\">\n<p><strong>International Noise Awareness Day (INAD)<\/strong><\/p>\n\n\n\n<p><a class=\"ex_\" href=\"http:\/\/chchearing.org\/noise\/day\/\" target=\"_blank\" rel=\"noreferrer noopener\">\u00c9tats-Unis<\/a><br\/><a class=\"ex_\" href=\"http:\/\/www.tag-gegen-laerm.de\/\" target=\"_blank\" rel=\"noreferrer noopener\">Allemagne<\/a><\/p>\n<\/div>\n<\/div>\n","protected":false},"excerpt":{"rendered":"<p>Cercle Bruit Groupement des responsables cantonaux de la protection contre le bruit SGA SSA Soci\u00e9t\u00e9 Suisse d&rsquo;Acoustique MfE M\u00e9decins en faveur de l&rsquo;environnement Ligue suisse contre le bruit Fond\u00e9e en 1956 \u00e0 l&rsquo;EPFZ Organe de coordination Journ\u00e9e contre le bruitUmsicht, agence dans les domaines de l&rsquo;environnement et de la communication Contact : nad@laerm.ch Partenaires OFSP [&hellip;]<\/p>\n","protected":false},"author":1,"featured_media":0,"parent":85,"menu_order":0,"comment_status":"closed","ping_status":"closed","template":"","meta":{"advgb_blocks_editor_width":"","advgb_blocks_columns_visual_guide":"","footnotes":""},"class_list":["post-2756","page","type-page","status-publish","hentry"],"yoast_head":"<!-- This site is optimized with the Yoast SEO plugin v23.7 - https:\/\/yoast.com\/wordpress\/plugins\/seo\/ -->\n<title>Organismes responsables - Bruit.ch<\/title>\n<meta name=\"robots\" content=\"index, follow, max-snippet:-1, max-image-preview:large, max-video-preview:-1\" \/>\n<link rel=\"canonical\" href=\"https:\/\/laerm.ch\/fr\/journee-contre-le-bruit\/organisme-responsable\/\" \/>\n<meta property=\"og:locale\" content=\"fr_FR\" \/>\n<meta property=\"og:type\" content=\"article\" \/>\n<meta property=\"og:title\" content=\"Organismes responsables - Bruit.ch\" \/>\n<meta property=\"og:description\" content=\"Cercle Bruit Groupement des responsables cantonaux de la protection contre le bruit SGA SSA Soci\u00e9t\u00e9 Suisse d&rsquo;Acoustique MfE M\u00e9decins en faveur de l&rsquo;environnement Ligue suisse contre le bruit Fond\u00e9e en 1956 \u00e0 l&rsquo;EPFZ Organe de coordination Journ\u00e9e contre le bruitUmsicht, agence dans les domaines de l&rsquo;environnement et de la communication Contact : nad@laerm.ch Partenaires OFSP [&hellip;]\" \/>\n<meta property=\"og:url\" content=\"https:\/\/laerm.ch\/fr\/journee-contre-le-bruit\/organisme-responsable\/\" \/>\n<meta property=\"og:site_name\" content=\"Bruit.ch\" \/>\n<meta property=\"article:modified_time\" content=\"2024-06-05T16:05:52+00:00\" \/>\n<meta property=\"og:image\" content=\"https:\/\/test.laerm.ch\/wp-content\/uploads\/cb.jpg\" \/>\n<meta name=\"twitter:card\" content=\"summary_large_image\" \/>\n<script type=\"application\/ld+json\" class=\"yoast-schema-graph\">{\"@context\":\"https:\/\/schema.org\",\"@graph\":[{\"@type\":\"WebPage\",\"@id\":\"https:\/\/laerm.ch\/fr\/journee-contre-le-bruit\/organisme-responsable\/\",\"url\":\"https:\/\/laerm.ch\/fr\/journee-contre-le-bruit\/organisme-responsable\/\",\"name\":\"Organismes responsables - Bruit.ch\",\"isPartOf\":{\"@id\":\"https:\/\/laerm.ch\/#website\"},\"primaryImageOfPage\":{\"@id\":\"https:\/\/laerm.ch\/fr\/journee-contre-le-bruit\/organisme-responsable\/#primaryimage\"},\"image\":{\"@id\":\"https:\/\/laerm.ch\/fr\/journee-contre-le-bruit\/organisme-responsable\/#primaryimage\"},\"thumbnailUrl\":\"https:\/\/laerm.ch\/wp-content\/uploads\/cb.jpg\",\"datePublished\":\"2023-11-16T10:26:01+00:00\",\"dateModified\":\"2024-06-05T16:05:52+00:00\",\"breadcrumb\":{\"@id\":\"https:\/\/laerm.ch\/fr\/journee-contre-le-bruit\/organisme-responsable\/#breadcrumb\"},\"inLanguage\":\"fr-FR\",\"potentialAction\":[{\"@type\":\"ReadAction\",\"target\":[\"https:\/\/laerm.ch\/fr\/journee-contre-le-bruit\/organisme-responsable\/\"]}]},{\"@type\":\"ImageObject\",\"inLanguage\":\"fr-FR\",\"@id\":\"https:\/\/laerm.ch\/fr\/journee-contre-le-bruit\/organisme-responsable\/#primaryimage\",\"url\":\"https:\/\/laerm.ch\/wp-content\/uploads\/cb.jpg\",\"contentUrl\":\"https:\/\/laerm.ch\/wp-content\/uploads\/cb.jpg\"},{\"@type\":\"BreadcrumbList\",\"@id\":\"https:\/\/laerm.ch\/fr\/journee-contre-le-bruit\/organisme-responsable\/#breadcrumb\",\"itemListElement\":[{\"@type\":\"ListItem\",\"position\":1,\"name\":\"Startseite\",\"item\":\"https:\/\/test.laerm.ch\/fr\/\"},{\"@type\":\"ListItem\",\"position\":2,\"name\":\"Journ\u00e9e contre le bruit\",\"item\":\"https:\/\/laerm.ch\/fr\/journee-contre-le-bruit\/\"},{\"@type\":\"ListItem\",\"position\":3,\"name\":\"Organismes responsables\"}]},{\"@type\":\"WebSite\",\"@id\":\"https:\/\/laerm.ch\/#website\",\"url\":\"https:\/\/laerm.ch\/\",\"name\":\"L\u00e4rm.ch\",\"description\":\"Bienvenue sur Bruit.ch, le portail complet de Cercle Bruit sur le th\u00e8me du bruit et de la protection contre le bruit.\",\"publisher\":{\"@id\":\"https:\/\/laerm.ch\/#organization\"},\"potentialAction\":[{\"@type\":\"SearchAction\",\"target\":{\"@type\":\"EntryPoint\",\"urlTemplate\":\"https:\/\/laerm.ch\/?s={search_term_string}\"},\"query-input\":{\"@type\":\"PropertyValueSpecification\",\"valueRequired\":true,\"valueName\":\"search_term_string\"}}],\"inLanguage\":\"fr-FR\"},{\"@type\":\"Organization\",\"@id\":\"https:\/\/laerm.ch\/#organization\",\"name\":\"Cercle Bruit\",\"url\":\"https:\/\/laerm.ch\/\",\"logo\":{\"@type\":\"ImageObject\",\"inLanguage\":\"fr-FR\",\"@id\":\"https:\/\/laerm.ch\/#\/schema\/logo\/image\/\",\"url\":\"https:\/\/laerm.ch\/wp-content\/uploads\/cercleBruitLogoText.png\",\"contentUrl\":\"https:\/\/laerm.ch\/wp-content\/uploads\/cercleBruitLogoText.png\",\"width\":512,\"height\":329,\"caption\":\"Cercle Bruit\"},\"image\":{\"@id\":\"https:\/\/laerm.ch\/#\/schema\/logo\/image\/\"}}]}<\/script>\n<!-- \/ Yoast SEO plugin. -->","yoast_head_json":{"title":"Organismes responsables - Bruit.ch","robots":{"index":"index","follow":"follow","max-snippet":"max-snippet:-1","max-image-preview":"max-image-preview:large","max-video-preview":"max-video-preview:-1"},"canonical":"https:\/\/laerm.ch\/fr\/journee-contre-le-bruit\/organisme-responsable\/","og_locale":"fr_FR","og_type":"article","og_title":"Organismes responsables - Bruit.ch","og_description":"Cercle Bruit Groupement des responsables cantonaux de la protection contre le bruit SGA SSA Soci\u00e9t\u00e9 Suisse d&rsquo;Acoustique MfE M\u00e9decins en faveur de l&rsquo;environnement Ligue suisse contre le bruit Fond\u00e9e en 1956 \u00e0 l&rsquo;EPFZ Organe de coordination Journ\u00e9e contre le bruitUmsicht, agence dans les domaines de l&rsquo;environnement et de la communication Contact : nad@laerm.ch Partenaires OFSP [&hellip;]","og_url":"https:\/\/laerm.ch\/fr\/journee-contre-le-bruit\/organisme-responsable\/","og_site_name":"Bruit.ch","article_modified_time":"2024-06-05T16:05:52+00:00","og_image":[{"url":"https:\/\/test.laerm.ch\/wp-content\/uploads\/cb.jpg"}],"twitter_card":"summary_large_image","schema":{"@context":"https:\/\/schema.org","@graph":[{"@type":"WebPage","@id":"https:\/\/laerm.ch\/fr\/journee-contre-le-bruit\/organisme-responsable\/","url":"https:\/\/laerm.ch\/fr\/journee-contre-le-bruit\/organisme-responsable\/","name":"Organismes responsables - Bruit.ch","isPartOf":{"@id":"https:\/\/laerm.ch\/#website"},"primaryImageOfPage":{"@id":"https:\/\/laerm.ch\/fr\/journee-contre-le-bruit\/organisme-responsable\/#primaryimage"},"image":{"@id":"https:\/\/laerm.ch\/fr\/journee-contre-le-bruit\/organisme-responsable\/#primaryimage"},"thumbnailUrl":"https:\/\/laerm.ch\/wp-content\/uploads\/cb.jpg","datePublished":"2023-11-16T10:26:01+00:00","dateModified":"2024-06-05T16:05:52+00:00","breadcrumb":{"@id":"https:\/\/laerm.ch\/fr\/journee-contre-le-bruit\/organisme-responsable\/#breadcrumb"},"inLanguage":"fr-FR","potentialAction":[{"@type":"ReadAction","target":["https:\/\/laerm.ch\/fr\/journee-contre-le-bruit\/organisme-responsable\/"]}]},{"@type":"ImageObject","inLanguage":"fr-FR","@id":"https:\/\/laerm.ch\/fr\/journee-contre-le-bruit\/organisme-responsable\/#primaryimage","url":"https:\/\/laerm.ch\/wp-content\/uploads\/cb.jpg","contentUrl":"https:\/\/laerm.ch\/wp-content\/uploads\/cb.jpg"},{"@type":"BreadcrumbList","@id":"https:\/\/laerm.ch\/fr\/journee-contre-le-bruit\/organisme-responsable\/#breadcrumb","itemListElement":[{"@type":"ListItem","position":1,"name":"Startseite","item":"https:\/\/test.laerm.ch\/fr\/"},{"@type":"ListItem","position":2,"name":"Journ\u00e9e contre le bruit","item":"https:\/\/laerm.ch\/fr\/journee-contre-le-bruit\/"},{"@type":"ListItem","position":3,"name":"Organismes responsables"}]},{"@type":"WebSite","@id":"https:\/\/laerm.ch\/#website","url":"https:\/\/laerm.ch\/","name":"L\u00e4rm.ch","description":"Bienvenue sur Bruit.ch, le portail complet de Cercle Bruit sur le th\u00e8me du bruit et de la protection contre le bruit.","publisher":{"@id":"https:\/\/laerm.ch\/#organization"},"potentialAction":[{"@type":"SearchAction","target":{"@type":"EntryPoint","urlTemplate":"https:\/\/laerm.ch\/?s={search_term_string}"},"query-input":{"@type":"PropertyValueSpecification","valueRequired":true,"valueName":"search_term_string"}}],"inLanguage":"fr-FR"},{"@type":"Organization","@id":"https:\/\/laerm.ch\/#organization","name":"Cercle Bruit","url":"https:\/\/laerm.ch\/","logo":{"@type":"ImageObject","inLanguage":"fr-FR","@id":"https:\/\/laerm.ch\/#\/schema\/logo\/image\/","url":"https:\/\/laerm.ch\/wp-content\/uploads\/cercleBruitLogoText.png","contentUrl":"https:\/\/laerm.ch\/wp-content\/uploads\/cercleBruitLogoText.png","width":512,"height":329,"caption":"Cercle Bruit"},"image":{"@id":"https:\/\/laerm.ch\/#\/schema\/logo\/image\/"}}]}},"coauthors":[],"author_meta":{"author_link":"https:\/\/laerm.ch\/fr\/author\/f9c1af47f5d7fcc5\/","display_name":"admin"},"relative_dates":{"created":"Publi\u00e9 2 ans il y a","modified":"Mis \u00e0 jour 2 ans il y a"},"absolute_dates":{"created":"Publi\u00e9 le 16. novembre 2023","modified":"Mise \u00e0 jour le 5. juin 2024"},"absolute_dates_time":{"created":"Publi\u00e9 le 16. novembre 2023 11:26","modified":"Mise \u00e0 jour le 5. juin 2024 18:05"},"featured_img_caption":"","featured_img":false,"series_order":"","_links":{"self":[{"href":"https:\/\/laerm.ch\/fr\/wp-json\/wp\/v2\/pages\/2756"}],"collection":[{"href":"https:\/\/laerm.ch\/fr\/wp-json\/wp\/v2\/pages"}],"about":[{"href":"https:\/\/laerm.ch\/fr\/wp-json\/wp\/v2\/types\/page"}],"author":[{"embeddable":true,"href":"https:\/\/laerm.ch\/fr\/wp-json\/wp\/v2\/users\/1"}],"replies":[{"embeddable":true,"href":"https:\/\/laerm.ch\/fr\/wp-json\/wp\/v2\/comments?post=2756"}],"version-history":[{"count":6,"href":"https:\/\/laerm.ch\/fr\/wp-json\/wp\/v2\/pages\/2756\/revisions"}],"predecessor-version":[{"id":4764,"href":"https:\/\/laerm.ch\/fr\/wp-json\/wp\/v2\/pages\/2756\/revisions\/4764"}],"up":[{"embeddable":true,"href":"https:\/\/laerm.ch\/fr\/wp-json\/wp\/v2\/pages\/85"}],"wp:attachment":[{"href":"https:\/\/laerm.ch\/fr\/wp-json\/wp\/v2\/media?parent=2756"}],"curies":[{"name":"wp","href":"https:\/\/api.w.org\/{rel}","templated":true}]}}