{"id":2794,"date":"2023-11-01T10:17:14","date_gmt":"2023-11-01T09:17:14","guid":{"rendered":"https:\/\/laerm.ch\/contacts\/liens-suisse\/"},"modified":"2024-06-05T17:12:45","modified_gmt":"2024-06-05T15:12:45","slug":"liens-suisse","status":"publish","type":"page","link":"https:\/\/laerm.ch\/fr\/contacts\/liens-suisse\/","title":{"rendered":"Liens Suisse"},"content":{"rendered":"\n<p><a class=\"_extern\" href=\"https:\/\/www.bafu.admin.ch\/bafu\/fr\/home\/themes\/bruit.html\" target=\"_blank\" rel=\"noreferrer noopener nofollow\">OFEV &#8211; Lutte contre le bruit<\/a> (DE, FR, IT, EN)<br\/>Site de l&rsquo;Office f\u00e9d\u00e9ral de l&rsquo;environnement (OFEV), th\u00e8me de la protection contre le bruit. Bases, strat\u00e9gies et publications sur la protection contre le bruit en Suisse. Liste de liens et informations l\u00e9gales exhaustives.<\/p>\n\n<hr class=\"wp-block-separator has-alpha-channel-opacity\"\/>\n\n<p><a class=\"_extern\" href=\"https:\/\/www.bag.admin.ch\/bag\/fr\/home\/gesund-leben\/umwelt-und-gesundheit\/strahlung-radioaktivitaet-schall\/schall.html\" target=\"_blank\" rel=\"noreferrer noopener nofollow\">OFSP &#8211; Son<\/a> (DE, FR, IT)<br\/>Sur le site de l&rsquo;Office f\u00e9d\u00e9ral de la sant\u00e9 publique (OFSP), le son est trait\u00e9 sous le th\u00e8me Rayonnement, radioactivit\u00e9 &amp; son. L&rsquo;accent est mis sur les sons nocifs pour l&rsquo;ou\u00efe lors de manifestations musicales. Avec de br\u00e8ves informations autour du th\u00e8me de l&rsquo;ou\u00efe, des informations pour les \u00e9coles ainsi que des PDF de diff\u00e9rentes brochures et fiches d&rsquo;information.<\/p>\n\n<hr class=\"wp-block-separator has-alpha-channel-opacity\"\/>\n\n<p><a class=\"_extern\" href=\"https:\/\/www.bav.admin.ch\/bav\/fr\/home\/droit\/bases-legales-prescriptions\/directives\/directives-rail\/laermschutz-eisenbahnanlagen.html\" target=\"_blank\" rel=\"noreferrer noopener\">OFT &#8211; Protection contre le bruit des installations ferroviaires<\/a> (DE, FR, IT)<br\/>La directive \u00ab\u00a0Protection contre le bruit des installations ferroviaires\u00a0\u00bb est publi\u00e9e sur le site Internet de l&rsquo;Office f\u00e9d\u00e9ral des transports (OFT).<\/p>\n\n<hr class=\"wp-block-separator has-alpha-channel-opacity\"\/>\n\n<p><a class=\"_extern\" href=\"http:\/\/www.eklb.admin.ch\/fr\" target=\"_blank\" rel=\"noreferrer noopener nofollow\">CFLB &#8211; Commission f\u00e9d\u00e9rale pour la lutte contre le bruit<\/a> (DE, FR, IT, EN)<br\/>En qualit\u00e9 de commission extraparlementaire ind\u00e9pendante et interdisciplinaire de la Conf\u00e9d\u00e9ration, la Commission f\u00e9d\u00e9rale pour la lutte contre le bruit (CFLB) intervient dans le domaine de la lutte contre le bruit et les vibrations, en association avec les milieux scientifiques, le secteur de la recherche, les organes d&rsquo;ex\u00e9cution et l&rsquo;administration. Les rapports sur les limites d&rsquo;exposition concernant le bruit des installations de tir, le bruit de l&rsquo;aviation, le bruit routier et le bruit des chemins de fer, ainsi que des \u00e9tudes r\u00e9alis\u00e9es peuvent \u00eatre consult\u00e9s dans la section <a class=\"_extern\" href=\"https:\/\/www.eklb.admin.ch\/fr\/documentation\/rapports\" target=\"_blank\" rel=\"noreferrer noopener\">documentation<\/a> du site de la CFLB.<\/p>\n\n<hr class=\"wp-block-separator has-alpha-channel-opacity\"\/>\n\n<p><a class=\"_extern\" href=\"https:\/\/www.suva.ch\/fr-ch\/prevention\/par-danger\/materiaux-rayonnements-et-situations-a-risque\/bruit-et-vibrations?lang=fr-CH\" target=\"_blank\" rel=\"noreferrer noopener\">Suva &#8211; Bruit et vibrations<\/a> (DE, FR, IT)<br\/>Informations de la Caisse nationale suisse d&rsquo;assurance en cas d&rsquo;accidents (Suva) sur le bruit et les vibrations au travail.<\/p>\n\n<hr class=\"wp-block-separator has-alpha-channel-opacity\"\/>\n\n<p><a class=\"_extern\" href=\"https:\/\/www.empa.ch\/web\/s509#state=[anchor-82D692DD-AC61-4A10-82C2-40D9D3CF7B31]\" data-type=\"link\" data-id=\"https:\/\/www.empa.ch\/web\/s509\" target=\"_blank\" rel=\"noreferrer noopener\">EMPA &#8211; Division Acoustique \/ R\u00e9duction du bruit<\/a> (DE, FR, IT, EN)<br\/>La section Acoustique est le service technique sp\u00e9cialis\u00e9 de l&rsquo;OFEV et le leader en Suisse en mati\u00e8re de recherche, de contr\u00f4le, de transmission des connaissances et de conseil dans certains domaines de l&rsquo;acoustique et de la lutte contre le bruit.<\/p>\n\n<hr class=\"wp-block-separator has-alpha-channel-opacity\"\/>\n\n<p><a class=\"_extern\" href=\"https:\/\/www.sga-ssa.ch\/fr\/\" target=\"_blank\" rel=\"noreferrer noopener\">SSA &#8211; Soci\u00e9t\u00e9 Suisse d&rsquo;Acoustique<\/a> (DE, FR, EN)<br\/>La Soci\u00e9t\u00e9 Suisse d&rsquo;Acoustique a pour but la promotion de la recherche dans le domaine de l&rsquo;acoustique et de la technique des vibrations.<\/p>\n\n<hr class=\"wp-block-separator has-alpha-channel-opacity\"\/>\n\n<p><a class=\"_extern\" href=\"https:\/\/laermliga.ch\/?lang=fr\" target=\"_blank\" rel=\"noreferrer noopener\">Ligue suisse contre le bruit<\/a> (DE, FR)<br\/>La Ligue suisse contre le bruit existe depuis 1956. Elle se bat au niveau politique contre l&rsquo;augmentation du bruit en Suisse.<\/p>\n\n<hr class=\"wp-block-separator has-alpha-channel-opacity\"\/>\n\n<p><a class=\"_extern\" href=\"https:\/\/www.vur-ade.ch\/fr\" target=\"_blank\" rel=\"noreferrer noopener\">ADE &#8211; Association pour le droit de l&rsquo;environnement<\/a> (DE, FR)<br\/>Commentaires sur le droit de l&rsquo;environnement et recueil de d\u00e9cisions judiciaires.<\/p>\n\n<hr class=\"wp-block-separator has-alpha-channel-opacity\"\/>\n\n<p><a class=\"extern_\" href=\"https:\/\/www.aefu.ch\/fr\/category\/themen-fr\/bruit-fr\/\" target=\"_blank\" rel=\"noreferrer noopener\">M\u00e9decins en faveur de l&rsquo;environnement<\/a> (DE, FR, IT)<br\/>Le bruit, en particulier le bruit de la circulation, et ses effets sont depuis longtemps au centre de l&rsquo;attention de l&rsquo;association M\u00e9decins en faveur de l&rsquo;environnement. Flyer <a class=\"_extern\" href=\"http:\/\/www.aefu.ch\/fileadmin\/user_upload\/aefu-data\/b_documents\/themen\/laerm\/faltblatt_weniger_strassenlaerm.pdf\" target=\"_blank\" rel=\"noreferrer noopener\">\u00ab\u00a0Moins de bruit dans les rues &#8211; plus de sant\u00e9\u00a0\u00bb (DE)<\/a>.<\/p>\n","protected":false},"excerpt":{"rendered":"<p>OFEV &#8211; Lutte contre le bruit (DE, FR, IT, EN)Site de l&rsquo;Office f\u00e9d\u00e9ral de l&rsquo;environnement (OFEV), th\u00e8me de la protection contre le bruit. Bases, strat\u00e9gies et publications sur la protection contre le bruit en Suisse. Liste de liens et informations l\u00e9gales exhaustives. OFSP &#8211; Son (DE, FR, IT)Sur le site de l&rsquo;Office f\u00e9d\u00e9ral de la [&hellip;]<\/p>\n","protected":false},"author":1,"featured_media":1447,"parent":86,"menu_order":0,"comment_status":"closed","ping_status":"closed","template":"","meta":{"advgb_blocks_editor_width":"","advgb_blocks_columns_visual_guide":"","footnotes":""},"class_list":["post-2794","page","type-page","status-publish","has-post-thumbnail","hentry"],"yoast_head":"<!-- This site is optimized with the Yoast SEO plugin v23.7 - https:\/\/yoast.com\/wordpress\/plugins\/seo\/ -->\n<title>Liens Suisse - Bruit.ch<\/title>\n<meta name=\"robots\" content=\"index, follow, max-snippet:-1, max-image-preview:large, max-video-preview:-1\" \/>\n<link rel=\"canonical\" href=\"https:\/\/laerm.ch\/kontakte\/links-schweiz\/\" \/>\n<meta property=\"og:locale\" content=\"fr_FR\" \/>\n<meta property=\"og:type\" content=\"article\" \/>\n<meta property=\"og:title\" content=\"Liens Suisse - Bruit.ch\" \/>\n<meta property=\"og:description\" content=\"OFEV &#8211; Lutte contre le bruit (DE, FR, IT, EN)Site de l&rsquo;Office f\u00e9d\u00e9ral de l&rsquo;environnement (OFEV), th\u00e8me de la protection contre le bruit. Bases, strat\u00e9gies et publications sur la protection contre le bruit en Suisse. Liste de liens et informations l\u00e9gales exhaustives. OFSP &#8211; Son (DE, FR, IT)Sur le site de l&rsquo;Office f\u00e9d\u00e9ral de la [&hellip;]\" \/>\n<meta property=\"og:url\" content=\"https:\/\/laerm.ch\/kontakte\/links-schweiz\/\" \/>\n<meta property=\"og:site_name\" content=\"Bruit.ch\" \/>\n<meta property=\"article:modified_time\" content=\"2024-06-05T15:12:45+00:00\" \/>\n<meta property=\"og:image\" content=\"https:\/\/laerm.ch\/wp-content\/uploads\/laerm_und_bekaempfung2.jpg\" \/>\n\t<meta property=\"og:image:width\" content=\"725\" \/>\n\t<meta property=\"og:image:height\" content=\"300\" \/>\n\t<meta property=\"og:image:type\" content=\"image\/jpeg\" \/>\n<meta name=\"twitter:card\" content=\"summary_large_image\" \/>\n<meta name=\"twitter:label1\" content=\"Dur\u00e9e de lecture estim\u00e9e\" \/>\n\t<meta name=\"twitter:data1\" content=\"2 minutes\" \/>\n<script type=\"application\/ld+json\" class=\"yoast-schema-graph\">{\"@context\":\"https:\/\/schema.org\",\"@graph\":[{\"@type\":\"WebPage\",\"@id\":\"https:\/\/laerm.ch\/kontakte\/links-schweiz\/\",\"url\":\"https:\/\/laerm.ch\/kontakte\/links-schweiz\/\",\"name\":\"Liens Suisse - Bruit.ch\",\"isPartOf\":{\"@id\":\"https:\/\/laerm.ch\/#website\"},\"primaryImageOfPage\":{\"@id\":\"https:\/\/laerm.ch\/kontakte\/links-schweiz\/#primaryimage\"},\"image\":{\"@id\":\"https:\/\/laerm.ch\/kontakte\/links-schweiz\/#primaryimage\"},\"thumbnailUrl\":\"https:\/\/laerm.ch\/wp-content\/uploads\/laerm_und_bekaempfung2.jpg\",\"datePublished\":\"2023-11-01T09:17:14+00:00\",\"dateModified\":\"2024-06-05T15:12:45+00:00\",\"breadcrumb\":{\"@id\":\"https:\/\/laerm.ch\/kontakte\/links-schweiz\/#breadcrumb\"},\"inLanguage\":\"fr-FR\",\"potentialAction\":[{\"@type\":\"ReadAction\",\"target\":[\"https:\/\/laerm.ch\/kontakte\/links-schweiz\/\"]}]},{\"@type\":\"ImageObject\",\"inLanguage\":\"fr-FR\",\"@id\":\"https:\/\/laerm.ch\/kontakte\/links-schweiz\/#primaryimage\",\"url\":\"https:\/\/laerm.ch\/wp-content\/uploads\/laerm_und_bekaempfung2.jpg\",\"contentUrl\":\"https:\/\/laerm.ch\/wp-content\/uploads\/laerm_und_bekaempfung2.jpg\",\"width\":725,\"height\":300},{\"@type\":\"BreadcrumbList\",\"@id\":\"https:\/\/laerm.ch\/kontakte\/links-schweiz\/#breadcrumb\",\"itemListElement\":[{\"@type\":\"ListItem\",\"position\":1,\"name\":\"Startseite\",\"item\":\"https:\/\/test.laerm.ch\/fr\/\"},{\"@type\":\"ListItem\",\"position\":2,\"name\":\"Contacts\",\"item\":\"https:\/\/test.laerm.ch\/fr\/contacts\/\"},{\"@type\":\"ListItem\",\"position\":3,\"name\":\"Liens Suisse\"}]},{\"@type\":\"WebSite\",\"@id\":\"https:\/\/laerm.ch\/#website\",\"url\":\"https:\/\/laerm.ch\/\",\"name\":\"L\u00e4rm.ch\",\"description\":\"Bienvenue sur Bruit.ch, le portail complet de Cercle Bruit sur le th\u00e8me du bruit et de la protection contre le bruit.\",\"publisher\":{\"@id\":\"https:\/\/laerm.ch\/#organization\"},\"potentialAction\":[{\"@type\":\"SearchAction\",\"target\":{\"@type\":\"EntryPoint\",\"urlTemplate\":\"https:\/\/laerm.ch\/?s={search_term_string}\"},\"query-input\":{\"@type\":\"PropertyValueSpecification\",\"valueRequired\":true,\"valueName\":\"search_term_string\"}}],\"inLanguage\":\"fr-FR\"},{\"@type\":\"Organization\",\"@id\":\"https:\/\/laerm.ch\/#organization\",\"name\":\"Cercle Bruit\",\"url\":\"https:\/\/laerm.ch\/\",\"logo\":{\"@type\":\"ImageObject\",\"inLanguage\":\"fr-FR\",\"@id\":\"https:\/\/laerm.ch\/#\/schema\/logo\/image\/\",\"url\":\"https:\/\/laerm.ch\/wp-content\/uploads\/cercleBruitLogoText.png\",\"contentUrl\":\"https:\/\/laerm.ch\/wp-content\/uploads\/cercleBruitLogoText.png\",\"width\":512,\"height\":329,\"caption\":\"Cercle Bruit\"},\"image\":{\"@id\":\"https:\/\/laerm.ch\/#\/schema\/logo\/image\/\"}}]}<\/script>\n<!-- \/ Yoast SEO plugin. -->","yoast_head_json":{"title":"Liens Suisse - Bruit.ch","robots":{"index":"index","follow":"follow","max-snippet":"max-snippet:-1","max-image-preview":"max-image-preview:large","max-video-preview":"max-video-preview:-1"},"canonical":"https:\/\/laerm.ch\/kontakte\/links-schweiz\/","og_locale":"fr_FR","og_type":"article","og_title":"Liens Suisse - Bruit.ch","og_description":"OFEV &#8211; Lutte contre le bruit (DE, FR, IT, EN)Site de l&rsquo;Office f\u00e9d\u00e9ral de l&rsquo;environnement (OFEV), th\u00e8me de la protection contre le bruit. Bases, strat\u00e9gies et publications sur la protection contre le bruit en Suisse. Liste de liens et informations l\u00e9gales exhaustives. OFSP &#8211; Son (DE, FR, IT)Sur le site de l&rsquo;Office f\u00e9d\u00e9ral de la [&hellip;]","og_url":"https:\/\/laerm.ch\/kontakte\/links-schweiz\/","og_site_name":"Bruit.ch","article_modified_time":"2024-06-05T15:12:45+00:00","og_image":[{"width":725,"height":300,"url":"https:\/\/laerm.ch\/wp-content\/uploads\/laerm_und_bekaempfung2.jpg","type":"image\/jpeg"}],"twitter_card":"summary_large_image","twitter_misc":{"Dur\u00e9e de lecture estim\u00e9e":"2 minutes"},"schema":{"@context":"https:\/\/schema.org","@graph":[{"@type":"WebPage","@id":"https:\/\/laerm.ch\/kontakte\/links-schweiz\/","url":"https:\/\/laerm.ch\/kontakte\/links-schweiz\/","name":"Liens Suisse - Bruit.ch","isPartOf":{"@id":"https:\/\/laerm.ch\/#website"},"primaryImageOfPage":{"@id":"https:\/\/laerm.ch\/kontakte\/links-schweiz\/#primaryimage"},"image":{"@id":"https:\/\/laerm.ch\/kontakte\/links-schweiz\/#primaryimage"},"thumbnailUrl":"https:\/\/laerm.ch\/wp-content\/uploads\/laerm_und_bekaempfung2.jpg","datePublished":"2023-11-01T09:17:14+00:00","dateModified":"2024-06-05T15:12:45+00:00","breadcrumb":{"@id":"https:\/\/laerm.ch\/kontakte\/links-schweiz\/#breadcrumb"},"inLanguage":"fr-FR","potentialAction":[{"@type":"ReadAction","target":["https:\/\/laerm.ch\/kontakte\/links-schweiz\/"]}]},{"@type":"ImageObject","inLanguage":"fr-FR","@id":"https:\/\/laerm.ch\/kontakte\/links-schweiz\/#primaryimage","url":"https:\/\/laerm.ch\/wp-content\/uploads\/laerm_und_bekaempfung2.jpg","contentUrl":"https:\/\/laerm.ch\/wp-content\/uploads\/laerm_und_bekaempfung2.jpg","width":725,"height":300},{"@type":"BreadcrumbList","@id":"https:\/\/laerm.ch\/kontakte\/links-schweiz\/#breadcrumb","itemListElement":[{"@type":"ListItem","position":1,"name":"Startseite","item":"https:\/\/test.laerm.ch\/fr\/"},{"@type":"ListItem","position":2,"name":"Contacts","item":"https:\/\/test.laerm.ch\/fr\/contacts\/"},{"@type":"ListItem","position":3,"name":"Liens Suisse"}]},{"@type":"WebSite","@id":"https:\/\/laerm.ch\/#website","url":"https:\/\/laerm.ch\/","name":"L\u00e4rm.ch","description":"Bienvenue sur Bruit.ch, le portail complet de Cercle Bruit sur le th\u00e8me du bruit et de la protection contre le bruit.","publisher":{"@id":"https:\/\/laerm.ch\/#organization"},"potentialAction":[{"@type":"SearchAction","target":{"@type":"EntryPoint","urlTemplate":"https:\/\/laerm.ch\/?s={search_term_string}"},"query-input":{"@type":"PropertyValueSpecification","valueRequired":true,"valueName":"search_term_string"}}],"inLanguage":"fr-FR"},{"@type":"Organization","@id":"https:\/\/laerm.ch\/#organization","name":"Cercle Bruit","url":"https:\/\/laerm.ch\/","logo":{"@type":"ImageObject","inLanguage":"fr-FR","@id":"https:\/\/laerm.ch\/#\/schema\/logo\/image\/","url":"https:\/\/laerm.ch\/wp-content\/uploads\/cercleBruitLogoText.png","contentUrl":"https:\/\/laerm.ch\/wp-content\/uploads\/cercleBruitLogoText.png","width":512,"height":329,"caption":"Cercle Bruit"},"image":{"@id":"https:\/\/laerm.ch\/#\/schema\/logo\/image\/"}}]}},"coauthors":[],"author_meta":{"author_link":"https:\/\/laerm.ch\/fr\/author\/f9c1af47f5d7fcc5\/","display_name":"admin"},"relative_dates":{"created":"Publi\u00e9 2 ans il y a","modified":"Mis \u00e0 jour 2 ans il y a"},"absolute_dates":{"created":"Publi\u00e9 le 1. novembre 2023","modified":"Mise \u00e0 jour le 5. juin 2024"},"absolute_dates_time":{"created":"Publi\u00e9 le 1. novembre 2023 10:17","modified":"Mise \u00e0 jour le 5. juin 2024 17:12"},"featured_img_caption":"","featured_img":"https:\/\/laerm.ch\/wp-content\/uploads\/laerm_und_bekaempfung2.jpg","series_order":"","_links":{"self":[{"href":"https:\/\/laerm.ch\/fr\/wp-json\/wp\/v2\/pages\/2794"}],"collection":[{"href":"https:\/\/laerm.ch\/fr\/wp-json\/wp\/v2\/pages"}],"about":[{"href":"https:\/\/laerm.ch\/fr\/wp-json\/wp\/v2\/types\/page"}],"author":[{"embeddable":true,"href":"https:\/\/laerm.ch\/fr\/wp-json\/wp\/v2\/users\/1"}],"replies":[{"embeddable":true,"href":"https:\/\/laerm.ch\/fr\/wp-json\/wp\/v2\/comments?post=2794"}],"version-history":[{"count":6,"href":"https:\/\/laerm.ch\/fr\/wp-json\/wp\/v2\/pages\/2794\/revisions"}],"predecessor-version":[{"id":4760,"href":"https:\/\/laerm.ch\/fr\/wp-json\/wp\/v2\/pages\/2794\/revisions\/4760"}],"up":[{"embeddable":true,"href":"https:\/\/laerm.ch\/fr\/wp-json\/wp\/v2\/pages\/86"}],"wp:featuredmedia":[{"embeddable":true,"href":"https:\/\/laerm.ch\/fr\/wp-json\/wp\/v2\/media\/1447"}],"wp:attachment":[{"href":"https:\/\/laerm.ch\/fr\/wp-json\/wp\/v2\/media?parent=2794"}],"curies":[{"name":"wp","href":"https:\/\/api.w.org\/{rel}","templated":true}]}}