{"id":2812,"date":"2024-01-26T18:02:18","date_gmt":"2024-01-26T17:02:18","guid":{"rendered":"https:\/\/laerm.ch\/journee-contre-le-bruit\/archives\/2005-le-bruit-a-de-nombreux-visages\/"},"modified":"2025-02-04T14:10:31","modified_gmt":"2025-02-04T13:10:31","slug":"campagne-2005","status":"publish","type":"page","link":"https:\/\/laerm.ch\/fr\/journee-contre-le-bruit\/archives\/campagne-2005\/","title":{"rendered":"2005 &#8211; Les diff\u00e9rents visages du bruit"},"content":{"rendered":"<div id=\"ez-toc-container\" class=\"ez-toc-v2_0_69_1 counter-hierarchy ez-toc-counter ez-toc-transparent ez-toc-container-direction\">\n<label for=\"ez-toc-cssicon-toggle-item-69de59e709ae8\" class=\"ez-toc-cssicon-toggle-label\"><p class=\"ez-toc-title\" style=\"cursor:inherit\">Table des mati\u00e8res<\/p>\n<span class=\"ez-toc-cssicon\"><span class=\"eztoc-hide\" style=\"display:none;\">Toggle<\/span><span class=\"ez-toc-icon-toggle-span\"><svg style=\"fill: #999;color:#999\" xmlns=\"http:\/\/www.w3.org\/2000\/svg\" class=\"list-377408\" width=\"20px\" height=\"20px\" viewBox=\"0 0 24 24\" fill=\"none\"><path d=\"M6 6H4v2h2V6zm14 0H8v2h12V6zM4 11h2v2H4v-2zm16 0H8v2h12v-2zM4 16h2v2H4v-2zm16 0H8v2h12v-2z\" fill=\"currentColor\"><\/path><\/svg><svg style=\"fill: #999;color:#999\" class=\"arrow-unsorted-368013\" xmlns=\"http:\/\/www.w3.org\/2000\/svg\" width=\"10px\" height=\"10px\" viewBox=\"0 0 24 24\" version=\"1.2\" baseProfile=\"tiny\"><path d=\"M18.2 9.3l-6.2-6.3-6.2 6.3c-.2.2-.3.4-.3.7s.1.5.3.7c.2.2.4.3.7.3h11c.3 0 .5-.1.7-.3.2-.2.3-.5.3-.7s-.1-.5-.3-.7zM5.8 14.7l6.2 6.3 6.2-6.3c.2-.2.3-.5.3-.7s-.1-.5-.3-.7c-.2-.2-.4-.3-.7-.3h-11c-.3 0-.5.1-.7.3-.2.2-.3.5-.3.7s.1.5.3.7z\"\/><\/svg><\/span><\/span><\/label><input type=\"checkbox\" style='display:none' id=\"ez-toc-cssicon-toggle-item-69de59e709ae8\" checked \/><nav><ul class='ez-toc-list ez-toc-list-level-1 ' ><li class='ez-toc-page-1 ez-toc-heading-level-3'><a class=\"ez-toc-link ez-toc-heading-1\" href=\"https:\/\/laerm.ch\/fr\/journee-contre-le-bruit\/archives\/campagne-2005\/#le-bruit-nuit-a-la-sante\" title=\"Le bruit nuit \u00e0 la sant\u00e9\">Le bruit nuit \u00e0 la sant\u00e9<\/a><\/li><li class='ez-toc-page-1 ez-toc-heading-level-3'><a class=\"ez-toc-link ez-toc-heading-2\" href=\"https:\/\/laerm.ch\/fr\/journee-contre-le-bruit\/archives\/campagne-2005\/#des-personnes-concernees-temoignent\" title=\"Des personnes concern\u00e9es t\u00e9moignent\">Des personnes concern\u00e9es t\u00e9moignent<\/a><\/li><\/ul><\/nav><\/div>\n\n<p>Le bruit est la forme de nuisance environnementale la plus fr\u00e9quemment per\u00e7ue par la population. En Suisse, pr\u00e8s de deux tiers des personnes se sentent incommod\u00e9es par le bruit. Le bruit affecte le bien-\u00eatre et peut rendre malade. La principale source de bruit est le trafic routier.<\/p>\n\n<p>La \u00ab\u00a0Journ\u00e9e contre le bruit\u00a0\u00bb sensibilise au bruit en tant que probl\u00e8me environnemental. Cette ann\u00e9e, la Suisse participe pour la premi\u00e8re fois \u00e0 cette journ\u00e9e de sensibilisation.<\/p>\n\n<p>En 1956, l'\u00a0\u00bbInternational Noise Avareness Day\u00a0\u00bb a \u00e9t\u00e9 cr\u00e9\u00e9 \u00e0 New York \u00e0 l&rsquo;initiative de la \u00ab\u00a0League for the Hard of Hearing\u00a0\u00bb. \u00c0 l&rsquo;initiative du Cercle Bruit, de la Soci\u00e9t\u00e9 Suisse d&rsquo;Acoustique, de la Ligue Suisse contre le Bruit et des M\u00e9decins en faveur de l&rsquo;Environnement, la Suisse participe cette ann\u00e9e pour la premi\u00e8re fois activement \u00e0 cette journ\u00e9e. La journ\u00e9e d&rsquo;actions est soutenue par l&rsquo;Office f\u00e9d\u00e9ral de l&rsquo;environnement, des for\u00eats et du paysage, OFEFP, ainsi que par l&rsquo;Office f\u00e9d\u00e9ral de la sant\u00e9 publique, OFSP. L&rsquo;objectif est d&rsquo;ancrer la \u00ab\u00a0Journ\u00e9e contre le bruit\u00a0\u00bb en Suisse et de mettre l&rsquo;accent chaque ann\u00e9e sur une facette diff\u00e9rente de la probl\u00e9matique du bruit. Cette ann\u00e9e, l&rsquo;accent sera mis sur le trafic routier.<\/p>\n\n<h3 class=\"wp-block-heading\"><span class=\"ez-toc-section\" id=\"le-bruit-nuit-a-la-sante\"><\/span>Le bruit nuit \u00e0 la sant\u00e9<span class=\"ez-toc-section-end\"><\/span><\/h3>\n\n<p>Contrairement \u00e0 la plupart des autres impacts environnementaux, le bruit ne pollue pas de ressources (air, eau, terre). Les \u00e9missions sonores ont un impact direct sur la sant\u00e9 des personnes : elles se manifestent sous la forme d&rsquo;atteintes psychiques, sociales et physiques. Le bruit peut rendre malade, entra\u00eener des r\u00e9actions de stress, de l&rsquo;hypertension et un risque accru de crise cardiaque. Les effets du bruit augmentent en principe avec l&rsquo;augmentation du niveau sonore.<\/p>\n\n<h3 class=\"wp-block-heading\"><span class=\"ez-toc-section\" id=\"des-personnes-concernees-temoignent\"><\/span>Des personnes concern\u00e9es t\u00e9moignent<span class=\"ez-toc-section-end\"><\/span><\/h3>\n\n<p>Cette ann\u00e9e, la \u00ab\u00a0Journ\u00e9e contre le bruit\u00a0\u00bb met l&rsquo;accent sur le trafic routier. Le bruit routier est le type de bruit qui nuit le plus au bien-\u00eatre et \u00e0 la sant\u00e9 des personnes. Des personnes touch\u00e9es par le bruit dans diff\u00e9rentes r\u00e9gions de Suisse sont pr\u00eates \u00e0 d\u00e9crire leur situation aux m\u00e9dias et donnent ainsi un visage au bruit.<\/p>\n\n<p><a class=\"_dl\" href=\"https:\/\/laerm.ch\/wp-content\/uploads\/aefu_strassenlaerm-gesundheit.pdf\" target=\"_blank\" rel=\"noreferrer noopener\">Moins de bruit routier, plus de sant\u00e9 &#8211; MfE (PDF, DE)<\/a><\/p>\n","protected":false},"excerpt":{"rendered":"<p>Le bruit est la forme de nuisance environnementale la plus fr\u00e9quemment per\u00e7ue par la population. En Suisse, pr\u00e8s de deux tiers des personnes se sentent incommod\u00e9es par le bruit. Le bruit affecte le bien-\u00eatre et peut rendre malade. La principale source de bruit est le trafic routier. La \u00ab\u00a0Journ\u00e9e contre le bruit\u00a0\u00bb sensibilise au bruit [&hellip;]<\/p>\n","protected":false},"author":1,"featured_media":1906,"parent":2765,"menu_order":0,"comment_status":"closed","ping_status":"closed","template":"","meta":{"advgb_blocks_editor_width":"","advgb_blocks_columns_visual_guide":"","footnotes":""},"class_list":["post-2812","page","type-page","status-publish","has-post-thumbnail","hentry"],"yoast_head":"<!-- This site is optimized with the Yoast SEO plugin v23.7 - https:\/\/yoast.com\/wordpress\/plugins\/seo\/ -->\n<title>2005 - Les diff\u00e9rents visages du bruit - Bruit.ch<\/title>\n<meta name=\"robots\" content=\"index, follow, max-snippet:-1, max-image-preview:large, max-video-preview:-1\" \/>\n<link rel=\"canonical\" href=\"https:\/\/laerm.ch\/tag-gegen-laerm\/archiv\/kampagne-2005\/\" \/>\n<meta property=\"og:locale\" content=\"fr_FR\" \/>\n<meta property=\"og:type\" content=\"article\" \/>\n<meta property=\"og:title\" content=\"2005 - Les diff\u00e9rents visages du bruit - Bruit.ch\" \/>\n<meta property=\"og:description\" content=\"Le bruit est la forme de nuisance environnementale la plus fr\u00e9quemment per\u00e7ue par la population. En Suisse, pr\u00e8s de deux tiers des personnes se sentent incommod\u00e9es par le bruit. Le bruit affecte le bien-\u00eatre et peut rendre malade. La principale source de bruit est le trafic routier. La \u00ab\u00a0Journ\u00e9e contre le bruit\u00a0\u00bb sensibilise au bruit [&hellip;]\" \/>\n<meta property=\"og:url\" content=\"https:\/\/laerm.ch\/tag-gegen-laerm\/archiv\/kampagne-2005\/\" \/>\n<meta property=\"og:site_name\" content=\"Bruit.ch\" \/>\n<meta property=\"article:modified_time\" content=\"2025-02-04T13:10:31+00:00\" \/>\n<meta property=\"og:image\" content=\"https:\/\/laerm.ch\/wp-content\/uploads\/tag-gegen-laerm-2005.jpg\" \/>\n\t<meta property=\"og:image:width\" content=\"725\" \/>\n\t<meta property=\"og:image:height\" content=\"300\" \/>\n\t<meta property=\"og:image:type\" content=\"image\/jpeg\" \/>\n<meta name=\"twitter:card\" content=\"summary_large_image\" \/>\n<meta name=\"twitter:label1\" content=\"Dur\u00e9e de lecture estim\u00e9e\" \/>\n\t<meta name=\"twitter:data1\" content=\"2 minutes\" \/>\n<script type=\"application\/ld+json\" class=\"yoast-schema-graph\">{\"@context\":\"https:\/\/schema.org\",\"@graph\":[{\"@type\":\"WebPage\",\"@id\":\"https:\/\/laerm.ch\/tag-gegen-laerm\/archiv\/kampagne-2005\/\",\"url\":\"https:\/\/laerm.ch\/tag-gegen-laerm\/archiv\/kampagne-2005\/\",\"name\":\"2005 - Les diff\u00e9rents visages du bruit - Bruit.ch\",\"isPartOf\":{\"@id\":\"https:\/\/laerm.ch\/#website\"},\"primaryImageOfPage\":{\"@id\":\"https:\/\/laerm.ch\/tag-gegen-laerm\/archiv\/kampagne-2005\/#primaryimage\"},\"image\":{\"@id\":\"https:\/\/laerm.ch\/tag-gegen-laerm\/archiv\/kampagne-2005\/#primaryimage\"},\"thumbnailUrl\":\"https:\/\/laerm.ch\/wp-content\/uploads\/tag-gegen-laerm-2005.jpg\",\"datePublished\":\"2024-01-26T17:02:18+00:00\",\"dateModified\":\"2025-02-04T13:10:31+00:00\",\"breadcrumb\":{\"@id\":\"https:\/\/laerm.ch\/tag-gegen-laerm\/archiv\/kampagne-2005\/#breadcrumb\"},\"inLanguage\":\"fr-FR\",\"potentialAction\":[{\"@type\":\"ReadAction\",\"target\":[\"https:\/\/laerm.ch\/tag-gegen-laerm\/archiv\/kampagne-2005\/\"]}]},{\"@type\":\"ImageObject\",\"inLanguage\":\"fr-FR\",\"@id\":\"https:\/\/laerm.ch\/tag-gegen-laerm\/archiv\/kampagne-2005\/#primaryimage\",\"url\":\"https:\/\/laerm.ch\/wp-content\/uploads\/tag-gegen-laerm-2005.jpg\",\"contentUrl\":\"https:\/\/laerm.ch\/wp-content\/uploads\/tag-gegen-laerm-2005.jpg\",\"width\":725,\"height\":300},{\"@type\":\"BreadcrumbList\",\"@id\":\"https:\/\/laerm.ch\/tag-gegen-laerm\/archiv\/kampagne-2005\/#breadcrumb\",\"itemListElement\":[{\"@type\":\"ListItem\",\"position\":1,\"name\":\"Startseite\",\"item\":\"https:\/\/test.laerm.ch\/fr\/\"},{\"@type\":\"ListItem\",\"position\":2,\"name\":\"Journ\u00e9e contre le bruit\",\"item\":\"https:\/\/laerm.ch\/fr\/journee-contre-le-bruit\/\"},{\"@type\":\"ListItem\",\"position\":3,\"name\":\"Archives\",\"item\":\"https:\/\/laerm.ch\/fr\/journee-contre-le-bruit\/archives\/\"},{\"@type\":\"ListItem\",\"position\":4,\"name\":\"2005 &#8211; Les diff\u00e9rents visages du bruit\"}]},{\"@type\":\"WebSite\",\"@id\":\"https:\/\/laerm.ch\/#website\",\"url\":\"https:\/\/laerm.ch\/\",\"name\":\"L\u00e4rm.ch\",\"description\":\"Bienvenue sur Bruit.ch, le portail complet de Cercle Bruit sur le th\u00e8me du bruit et de la protection contre le bruit.\",\"publisher\":{\"@id\":\"https:\/\/laerm.ch\/#organization\"},\"potentialAction\":[{\"@type\":\"SearchAction\",\"target\":{\"@type\":\"EntryPoint\",\"urlTemplate\":\"https:\/\/laerm.ch\/?s={search_term_string}\"},\"query-input\":{\"@type\":\"PropertyValueSpecification\",\"valueRequired\":true,\"valueName\":\"search_term_string\"}}],\"inLanguage\":\"fr-FR\"},{\"@type\":\"Organization\",\"@id\":\"https:\/\/laerm.ch\/#organization\",\"name\":\"Cercle Bruit\",\"url\":\"https:\/\/laerm.ch\/\",\"logo\":{\"@type\":\"ImageObject\",\"inLanguage\":\"fr-FR\",\"@id\":\"https:\/\/laerm.ch\/#\/schema\/logo\/image\/\",\"url\":\"https:\/\/laerm.ch\/wp-content\/uploads\/cercleBruitLogoText.png\",\"contentUrl\":\"https:\/\/laerm.ch\/wp-content\/uploads\/cercleBruitLogoText.png\",\"width\":512,\"height\":329,\"caption\":\"Cercle Bruit\"},\"image\":{\"@id\":\"https:\/\/laerm.ch\/#\/schema\/logo\/image\/\"}}]}<\/script>\n<!-- \/ Yoast SEO plugin. -->","yoast_head_json":{"title":"2005 - Les diff\u00e9rents visages du bruit - Bruit.ch","robots":{"index":"index","follow":"follow","max-snippet":"max-snippet:-1","max-image-preview":"max-image-preview:large","max-video-preview":"max-video-preview:-1"},"canonical":"https:\/\/laerm.ch\/tag-gegen-laerm\/archiv\/kampagne-2005\/","og_locale":"fr_FR","og_type":"article","og_title":"2005 - Les diff\u00e9rents visages du bruit - Bruit.ch","og_description":"Le bruit est la forme de nuisance environnementale la plus fr\u00e9quemment per\u00e7ue par la population. En Suisse, pr\u00e8s de deux tiers des personnes se sentent incommod\u00e9es par le bruit. Le bruit affecte le bien-\u00eatre et peut rendre malade. La principale source de bruit est le trafic routier. La \u00ab\u00a0Journ\u00e9e contre le bruit\u00a0\u00bb sensibilise au bruit [&hellip;]","og_url":"https:\/\/laerm.ch\/tag-gegen-laerm\/archiv\/kampagne-2005\/","og_site_name":"Bruit.ch","article_modified_time":"2025-02-04T13:10:31+00:00","og_image":[{"width":725,"height":300,"url":"https:\/\/laerm.ch\/wp-content\/uploads\/tag-gegen-laerm-2005.jpg","type":"image\/jpeg"}],"twitter_card":"summary_large_image","twitter_misc":{"Dur\u00e9e de lecture estim\u00e9e":"2 minutes"},"schema":{"@context":"https:\/\/schema.org","@graph":[{"@type":"WebPage","@id":"https:\/\/laerm.ch\/tag-gegen-laerm\/archiv\/kampagne-2005\/","url":"https:\/\/laerm.ch\/tag-gegen-laerm\/archiv\/kampagne-2005\/","name":"2005 - Les diff\u00e9rents visages du bruit - Bruit.ch","isPartOf":{"@id":"https:\/\/laerm.ch\/#website"},"primaryImageOfPage":{"@id":"https:\/\/laerm.ch\/tag-gegen-laerm\/archiv\/kampagne-2005\/#primaryimage"},"image":{"@id":"https:\/\/laerm.ch\/tag-gegen-laerm\/archiv\/kampagne-2005\/#primaryimage"},"thumbnailUrl":"https:\/\/laerm.ch\/wp-content\/uploads\/tag-gegen-laerm-2005.jpg","datePublished":"2024-01-26T17:02:18+00:00","dateModified":"2025-02-04T13:10:31+00:00","breadcrumb":{"@id":"https:\/\/laerm.ch\/tag-gegen-laerm\/archiv\/kampagne-2005\/#breadcrumb"},"inLanguage":"fr-FR","potentialAction":[{"@type":"ReadAction","target":["https:\/\/laerm.ch\/tag-gegen-laerm\/archiv\/kampagne-2005\/"]}]},{"@type":"ImageObject","inLanguage":"fr-FR","@id":"https:\/\/laerm.ch\/tag-gegen-laerm\/archiv\/kampagne-2005\/#primaryimage","url":"https:\/\/laerm.ch\/wp-content\/uploads\/tag-gegen-laerm-2005.jpg","contentUrl":"https:\/\/laerm.ch\/wp-content\/uploads\/tag-gegen-laerm-2005.jpg","width":725,"height":300},{"@type":"BreadcrumbList","@id":"https:\/\/laerm.ch\/tag-gegen-laerm\/archiv\/kampagne-2005\/#breadcrumb","itemListElement":[{"@type":"ListItem","position":1,"name":"Startseite","item":"https:\/\/test.laerm.ch\/fr\/"},{"@type":"ListItem","position":2,"name":"Journ\u00e9e contre le bruit","item":"https:\/\/laerm.ch\/fr\/journee-contre-le-bruit\/"},{"@type":"ListItem","position":3,"name":"Archives","item":"https:\/\/laerm.ch\/fr\/journee-contre-le-bruit\/archives\/"},{"@type":"ListItem","position":4,"name":"2005 &#8211; Les diff\u00e9rents visages du bruit"}]},{"@type":"WebSite","@id":"https:\/\/laerm.ch\/#website","url":"https:\/\/laerm.ch\/","name":"L\u00e4rm.ch","description":"Bienvenue sur Bruit.ch, le portail complet de Cercle Bruit sur le th\u00e8me du bruit et de la protection contre le bruit.","publisher":{"@id":"https:\/\/laerm.ch\/#organization"},"potentialAction":[{"@type":"SearchAction","target":{"@type":"EntryPoint","urlTemplate":"https:\/\/laerm.ch\/?s={search_term_string}"},"query-input":{"@type":"PropertyValueSpecification","valueRequired":true,"valueName":"search_term_string"}}],"inLanguage":"fr-FR"},{"@type":"Organization","@id":"https:\/\/laerm.ch\/#organization","name":"Cercle Bruit","url":"https:\/\/laerm.ch\/","logo":{"@type":"ImageObject","inLanguage":"fr-FR","@id":"https:\/\/laerm.ch\/#\/schema\/logo\/image\/","url":"https:\/\/laerm.ch\/wp-content\/uploads\/cercleBruitLogoText.png","contentUrl":"https:\/\/laerm.ch\/wp-content\/uploads\/cercleBruitLogoText.png","width":512,"height":329,"caption":"Cercle Bruit"},"image":{"@id":"https:\/\/laerm.ch\/#\/schema\/logo\/image\/"}}]}},"coauthors":[],"author_meta":{"author_link":"https:\/\/laerm.ch\/fr\/author\/f9c1af47f5d7fcc5\/","display_name":"admin"},"relative_dates":{"created":"Publi\u00e9 2 ans il y a","modified":"Mis \u00e0 jour 1 an il y a"},"absolute_dates":{"created":"Publi\u00e9 le 26. janvier 2024","modified":"Mise \u00e0 jour le 4. f\u00e9vrier 2025"},"absolute_dates_time":{"created":"Publi\u00e9 le 26. janvier 2024 18:02","modified":"Mise \u00e0 jour le 4. f\u00e9vrier 2025 14:10"},"featured_img_caption":"","featured_img":"https:\/\/laerm.ch\/wp-content\/uploads\/tag-gegen-laerm-2005.jpg","series_order":"","_links":{"self":[{"href":"https:\/\/laerm.ch\/fr\/wp-json\/wp\/v2\/pages\/2812"}],"collection":[{"href":"https:\/\/laerm.ch\/fr\/wp-json\/wp\/v2\/pages"}],"about":[{"href":"https:\/\/laerm.ch\/fr\/wp-json\/wp\/v2\/types\/page"}],"author":[{"embeddable":true,"href":"https:\/\/laerm.ch\/fr\/wp-json\/wp\/v2\/users\/1"}],"replies":[{"embeddable":true,"href":"https:\/\/laerm.ch\/fr\/wp-json\/wp\/v2\/comments?post=2812"}],"version-history":[{"count":19,"href":"https:\/\/laerm.ch\/fr\/wp-json\/wp\/v2\/pages\/2812\/revisions"}],"predecessor-version":[{"id":4969,"href":"https:\/\/laerm.ch\/fr\/wp-json\/wp\/v2\/pages\/2812\/revisions\/4969"}],"up":[{"embeddable":true,"href":"https:\/\/laerm.ch\/fr\/wp-json\/wp\/v2\/pages\/2765"}],"wp:featuredmedia":[{"embeddable":true,"href":"https:\/\/laerm.ch\/fr\/wp-json\/wp\/v2\/media\/1906"}],"wp:attachment":[{"href":"https:\/\/laerm.ch\/fr\/wp-json\/wp\/v2\/media?parent=2812"}],"curies":[{"name":"wp","href":"https:\/\/api.w.org\/{rel}","templated":true}]}}