{"id":2816,"date":"2024-01-26T17:51:45","date_gmt":"2024-01-26T16:51:45","guid":{"rendered":"https:\/\/laerm.ch\/journee-contre-le-bruit\/archives\/2006-ecoutez\/"},"modified":"2025-02-04T14:10:08","modified_gmt":"2025-02-04T13:10:08","slug":"campagne-2006","status":"publish","type":"page","link":"https:\/\/laerm.ch\/fr\/journee-contre-le-bruit\/archives\/campagne-2006\/","title":{"rendered":"2006 &#8211; Tendons l&rsquo;oreille !"},"content":{"rendered":"\n<p>Lors de la \u00ab\u00a0Journ\u00e9e contre le bruit\u00a0\u00bb 2006, la population est invit\u00e9e \u00e0 tendre l&rsquo;oreille. Le <strong>25 avril 2006<\/strong>, l&rsquo;objectif est d&rsquo;encourager le maximum de personnes en Suisse \u00e0 se r\u00e9server au moins une minute pour tendre l&rsquo;oreille. Quels bruits y a-t-il autour de nous ? D&rsquo;o\u00f9 viennent-ils ? Sont-ils familiers, d\u00e9rangeants, agr\u00e9ables&#8230; ?<\/p>\n\n<p><a class=\"_dl\" href=\"https:\/\/laerm.ch\/wp-content\/uploads\/tgl_medienmitteilung2006.pdf\" target=\"_blank\" rel=\"noreferrer noopener\">Communiqu\u00e9 de presse (DE)<\/a><\/p>\n\n<p>La \u00ab\u00a0Journ\u00e9e internationale contre le bruit\u00a0\u00bb (International Noise Awareness Day, NAD) a \u00e9t\u00e9 lanc\u00e9e en 1996 par la \u00ab\u00a0League for the Hard of Hearing\u00a0\u00bb (Ligue des personnes souffrant de troubles auditifs) de New York. Cette journ\u00e9e d&rsquo;action s&rsquo;est entre-temps solidement \u00e9tablie aussi bien aux Etats-Unis que dans des pays europ\u00e9ens comme l&rsquo;Allemagne, et a trouv\u00e9 sa place dans les villes, les m\u00e9dias et les \u00e9coles. La Suisse participe cette ann\u00e9e pour la deuxi\u00e8me fois \u00e0 cette journ\u00e9e d&rsquo;action, organis\u00e9e \u00e0 l&rsquo;initiative du Cercle Bruit, de la Soci\u00e9t\u00e9 Suisse d&rsquo;acoustique, de la Ligue suisse contre le bruit et des M\u00e9decins en faveur de l&rsquo;environnement. La \u00ab\u00a0Journ\u00e9e contre le bruit\u00a0\u00bb est soutenue par l&rsquo;Office f\u00e9d\u00e9ral de l&rsquo;environnement et l&rsquo;Office f\u00e9d\u00e9ral de la sant\u00e9 publique.<\/p>\n\n<p>En Suisse, la \u00ab\u00a0Journ\u00e9e contre le bruit\u00a0\u00bb 2006 est d\u00e9di\u00e9e \u00e0 la perception des bruits. L&rsquo;oreille est constamment \u00e0 l&rsquo;\u00e9coute. Tandis que les yeux nous ouvrent un monde visuel, nous \u00e9voluons aussi dans un monde acoustique. L&rsquo;ou\u00efe est importante pour l&rsquo;orientation spatiale. Par exemple, au moment de traverser la rue, elle nous indique si une voiture arrive. L\u00e0 o\u00f9 nous vivons, les bruits de tous les jours \u2013 comme le grincement d&rsquo;une porte, le sifflement d&rsquo;une machine \u00e0 caf\u00e9 ou le ronronnement d&rsquo;un chat \u2013 nous donnent une impression de s\u00e9curit\u00e9. Lors d&rsquo;une promenade, nous pouvons, par l&rsquo;ou\u00efe, les yeux ferm\u00e9s, d\u00e9terminer avec pr\u00e9cision si nous avan\u00e7ons dans une for\u00eat, dans un champ, dans une rue r\u00e9sidentielle ou sur une route principale.<\/p>\n\n<p>A l&rsquo;occasion de la \u00ab\u00a0Journ\u00e9e contre le bruit\u00a0\u00bb 2006, le public est invit\u00e9 \u00e0 tendre l&rsquo;oreille, activement, pour se rendre compte de ce monde acoustique. Quels bruits nous entourent ? D&rsquo;o\u00f9 viennent-ils ? Quels sentiments provoquent-ils ? Nous sont-ils familiers, sont-ils agr\u00e9ables ou d\u00e9rangeants ? De nombreux bruits sont enregistr\u00e9s inconsciemment par l&rsquo;oreille; d&rsquo;autres, parce que nous nous servons avant tout de la vue, passent inaper\u00e7us.<\/p>\n","protected":false},"excerpt":{"rendered":"<p>Lors de la \u00ab\u00a0Journ\u00e9e contre le bruit\u00a0\u00bb 2006, la population est invit\u00e9e \u00e0 tendre l&rsquo;oreille. Le 25 avril 2006, l&rsquo;objectif est d&rsquo;encourager le maximum de personnes en Suisse \u00e0 se r\u00e9server au moins une minute pour tendre l&rsquo;oreille. Quels bruits y a-t-il autour de nous ? D&rsquo;o\u00f9 viennent-ils ? Sont-ils familiers, d\u00e9rangeants, agr\u00e9ables&#8230; ? Communiqu\u00e9 [&hellip;]<\/p>\n","protected":false},"author":1,"featured_media":1901,"parent":2765,"menu_order":1,"comment_status":"closed","ping_status":"closed","template":"","meta":{"advgb_blocks_editor_width":"","advgb_blocks_columns_visual_guide":"","footnotes":""},"class_list":["post-2816","page","type-page","status-publish","has-post-thumbnail","hentry"],"yoast_head":"<!-- This site is optimized with the Yoast SEO plugin v23.7 - https:\/\/yoast.com\/wordpress\/plugins\/seo\/ -->\n<title>2006 - Tendons l&#039;oreille ! - Bruit.ch<\/title>\n<meta name=\"robots\" content=\"index, follow, max-snippet:-1, max-image-preview:large, max-video-preview:-1\" \/>\n<link rel=\"canonical\" href=\"https:\/\/laerm.ch\/tag-gegen-laerm\/archiv\/kampagne-2006\/\" \/>\n<meta property=\"og:locale\" content=\"fr_FR\" \/>\n<meta property=\"og:type\" content=\"article\" \/>\n<meta property=\"og:title\" content=\"2006 - Tendons l&#039;oreille ! - Bruit.ch\" \/>\n<meta property=\"og:description\" content=\"Lors de la \u00ab\u00a0Journ\u00e9e contre le bruit\u00a0\u00bb 2006, la population est invit\u00e9e \u00e0 tendre l&rsquo;oreille. Le 25 avril 2006, l&rsquo;objectif est d&rsquo;encourager le maximum de personnes en Suisse \u00e0 se r\u00e9server au moins une minute pour tendre l&rsquo;oreille. Quels bruits y a-t-il autour de nous ? D&rsquo;o\u00f9 viennent-ils ? Sont-ils familiers, d\u00e9rangeants, agr\u00e9ables&#8230; ? Communiqu\u00e9 [&hellip;]\" \/>\n<meta property=\"og:url\" content=\"https:\/\/laerm.ch\/tag-gegen-laerm\/archiv\/kampagne-2006\/\" \/>\n<meta property=\"og:site_name\" content=\"Bruit.ch\" \/>\n<meta property=\"article:modified_time\" content=\"2025-02-04T13:10:08+00:00\" \/>\n<meta property=\"og:image\" content=\"https:\/\/laerm.ch\/wp-content\/uploads\/tag-gegen-laerm-2006.jpg\" \/>\n\t<meta property=\"og:image:width\" content=\"725\" \/>\n\t<meta property=\"og:image:height\" content=\"300\" \/>\n\t<meta property=\"og:image:type\" content=\"image\/jpeg\" \/>\n<meta name=\"twitter:card\" content=\"summary_large_image\" \/>\n<meta name=\"twitter:label1\" content=\"Dur\u00e9e de lecture estim\u00e9e\" \/>\n\t<meta name=\"twitter:data1\" content=\"2 minutes\" \/>\n<script type=\"application\/ld+json\" class=\"yoast-schema-graph\">{\"@context\":\"https:\/\/schema.org\",\"@graph\":[{\"@type\":\"WebPage\",\"@id\":\"https:\/\/laerm.ch\/tag-gegen-laerm\/archiv\/kampagne-2006\/\",\"url\":\"https:\/\/laerm.ch\/tag-gegen-laerm\/archiv\/kampagne-2006\/\",\"name\":\"2006 - Tendons l'oreille ! - Bruit.ch\",\"isPartOf\":{\"@id\":\"https:\/\/laerm.ch\/#website\"},\"primaryImageOfPage\":{\"@id\":\"https:\/\/laerm.ch\/tag-gegen-laerm\/archiv\/kampagne-2006\/#primaryimage\"},\"image\":{\"@id\":\"https:\/\/laerm.ch\/tag-gegen-laerm\/archiv\/kampagne-2006\/#primaryimage\"},\"thumbnailUrl\":\"https:\/\/laerm.ch\/wp-content\/uploads\/tag-gegen-laerm-2006.jpg\",\"datePublished\":\"2024-01-26T16:51:45+00:00\",\"dateModified\":\"2025-02-04T13:10:08+00:00\",\"breadcrumb\":{\"@id\":\"https:\/\/laerm.ch\/tag-gegen-laerm\/archiv\/kampagne-2006\/#breadcrumb\"},\"inLanguage\":\"fr-FR\",\"potentialAction\":[{\"@type\":\"ReadAction\",\"target\":[\"https:\/\/laerm.ch\/tag-gegen-laerm\/archiv\/kampagne-2006\/\"]}]},{\"@type\":\"ImageObject\",\"inLanguage\":\"fr-FR\",\"@id\":\"https:\/\/laerm.ch\/tag-gegen-laerm\/archiv\/kampagne-2006\/#primaryimage\",\"url\":\"https:\/\/laerm.ch\/wp-content\/uploads\/tag-gegen-laerm-2006.jpg\",\"contentUrl\":\"https:\/\/laerm.ch\/wp-content\/uploads\/tag-gegen-laerm-2006.jpg\",\"width\":725,\"height\":300},{\"@type\":\"BreadcrumbList\",\"@id\":\"https:\/\/laerm.ch\/tag-gegen-laerm\/archiv\/kampagne-2006\/#breadcrumb\",\"itemListElement\":[{\"@type\":\"ListItem\",\"position\":1,\"name\":\"Startseite\",\"item\":\"https:\/\/test.laerm.ch\/fr\/\"},{\"@type\":\"ListItem\",\"position\":2,\"name\":\"Journ\u00e9e contre le bruit\",\"item\":\"https:\/\/laerm.ch\/fr\/journee-contre-le-bruit\/\"},{\"@type\":\"ListItem\",\"position\":3,\"name\":\"Archives\",\"item\":\"https:\/\/laerm.ch\/fr\/journee-contre-le-bruit\/archives\/\"},{\"@type\":\"ListItem\",\"position\":4,\"name\":\"2006 &#8211; Tendons l&#8217;oreille !\"}]},{\"@type\":\"WebSite\",\"@id\":\"https:\/\/laerm.ch\/#website\",\"url\":\"https:\/\/laerm.ch\/\",\"name\":\"L\u00e4rm.ch\",\"description\":\"Bienvenue sur Bruit.ch, le portail complet de Cercle Bruit sur le th\u00e8me du bruit et de la protection contre le bruit.\",\"publisher\":{\"@id\":\"https:\/\/laerm.ch\/#organization\"},\"potentialAction\":[{\"@type\":\"SearchAction\",\"target\":{\"@type\":\"EntryPoint\",\"urlTemplate\":\"https:\/\/laerm.ch\/?s={search_term_string}\"},\"query-input\":{\"@type\":\"PropertyValueSpecification\",\"valueRequired\":true,\"valueName\":\"search_term_string\"}}],\"inLanguage\":\"fr-FR\"},{\"@type\":\"Organization\",\"@id\":\"https:\/\/laerm.ch\/#organization\",\"name\":\"Cercle Bruit\",\"url\":\"https:\/\/laerm.ch\/\",\"logo\":{\"@type\":\"ImageObject\",\"inLanguage\":\"fr-FR\",\"@id\":\"https:\/\/laerm.ch\/#\/schema\/logo\/image\/\",\"url\":\"https:\/\/laerm.ch\/wp-content\/uploads\/cercleBruitLogoText.png\",\"contentUrl\":\"https:\/\/laerm.ch\/wp-content\/uploads\/cercleBruitLogoText.png\",\"width\":512,\"height\":329,\"caption\":\"Cercle Bruit\"},\"image\":{\"@id\":\"https:\/\/laerm.ch\/#\/schema\/logo\/image\/\"}}]}<\/script>\n<!-- \/ Yoast SEO plugin. -->","yoast_head_json":{"title":"2006 - Tendons l'oreille ! - Bruit.ch","robots":{"index":"index","follow":"follow","max-snippet":"max-snippet:-1","max-image-preview":"max-image-preview:large","max-video-preview":"max-video-preview:-1"},"canonical":"https:\/\/laerm.ch\/tag-gegen-laerm\/archiv\/kampagne-2006\/","og_locale":"fr_FR","og_type":"article","og_title":"2006 - Tendons l'oreille ! - Bruit.ch","og_description":"Lors de la \u00ab\u00a0Journ\u00e9e contre le bruit\u00a0\u00bb 2006, la population est invit\u00e9e \u00e0 tendre l&rsquo;oreille. Le 25 avril 2006, l&rsquo;objectif est d&rsquo;encourager le maximum de personnes en Suisse \u00e0 se r\u00e9server au moins une minute pour tendre l&rsquo;oreille. Quels bruits y a-t-il autour de nous ? D&rsquo;o\u00f9 viennent-ils ? Sont-ils familiers, d\u00e9rangeants, agr\u00e9ables&#8230; ? Communiqu\u00e9 [&hellip;]","og_url":"https:\/\/laerm.ch\/tag-gegen-laerm\/archiv\/kampagne-2006\/","og_site_name":"Bruit.ch","article_modified_time":"2025-02-04T13:10:08+00:00","og_image":[{"width":725,"height":300,"url":"https:\/\/laerm.ch\/wp-content\/uploads\/tag-gegen-laerm-2006.jpg","type":"image\/jpeg"}],"twitter_card":"summary_large_image","twitter_misc":{"Dur\u00e9e de lecture estim\u00e9e":"2 minutes"},"schema":{"@context":"https:\/\/schema.org","@graph":[{"@type":"WebPage","@id":"https:\/\/laerm.ch\/tag-gegen-laerm\/archiv\/kampagne-2006\/","url":"https:\/\/laerm.ch\/tag-gegen-laerm\/archiv\/kampagne-2006\/","name":"2006 - Tendons l'oreille ! - Bruit.ch","isPartOf":{"@id":"https:\/\/laerm.ch\/#website"},"primaryImageOfPage":{"@id":"https:\/\/laerm.ch\/tag-gegen-laerm\/archiv\/kampagne-2006\/#primaryimage"},"image":{"@id":"https:\/\/laerm.ch\/tag-gegen-laerm\/archiv\/kampagne-2006\/#primaryimage"},"thumbnailUrl":"https:\/\/laerm.ch\/wp-content\/uploads\/tag-gegen-laerm-2006.jpg","datePublished":"2024-01-26T16:51:45+00:00","dateModified":"2025-02-04T13:10:08+00:00","breadcrumb":{"@id":"https:\/\/laerm.ch\/tag-gegen-laerm\/archiv\/kampagne-2006\/#breadcrumb"},"inLanguage":"fr-FR","potentialAction":[{"@type":"ReadAction","target":["https:\/\/laerm.ch\/tag-gegen-laerm\/archiv\/kampagne-2006\/"]}]},{"@type":"ImageObject","inLanguage":"fr-FR","@id":"https:\/\/laerm.ch\/tag-gegen-laerm\/archiv\/kampagne-2006\/#primaryimage","url":"https:\/\/laerm.ch\/wp-content\/uploads\/tag-gegen-laerm-2006.jpg","contentUrl":"https:\/\/laerm.ch\/wp-content\/uploads\/tag-gegen-laerm-2006.jpg","width":725,"height":300},{"@type":"BreadcrumbList","@id":"https:\/\/laerm.ch\/tag-gegen-laerm\/archiv\/kampagne-2006\/#breadcrumb","itemListElement":[{"@type":"ListItem","position":1,"name":"Startseite","item":"https:\/\/test.laerm.ch\/fr\/"},{"@type":"ListItem","position":2,"name":"Journ\u00e9e contre le bruit","item":"https:\/\/laerm.ch\/fr\/journee-contre-le-bruit\/"},{"@type":"ListItem","position":3,"name":"Archives","item":"https:\/\/laerm.ch\/fr\/journee-contre-le-bruit\/archives\/"},{"@type":"ListItem","position":4,"name":"2006 &#8211; Tendons l&#8217;oreille !"}]},{"@type":"WebSite","@id":"https:\/\/laerm.ch\/#website","url":"https:\/\/laerm.ch\/","name":"L\u00e4rm.ch","description":"Bienvenue sur Bruit.ch, le portail complet de Cercle Bruit sur le th\u00e8me du bruit et de la protection contre le bruit.","publisher":{"@id":"https:\/\/laerm.ch\/#organization"},"potentialAction":[{"@type":"SearchAction","target":{"@type":"EntryPoint","urlTemplate":"https:\/\/laerm.ch\/?s={search_term_string}"},"query-input":{"@type":"PropertyValueSpecification","valueRequired":true,"valueName":"search_term_string"}}],"inLanguage":"fr-FR"},{"@type":"Organization","@id":"https:\/\/laerm.ch\/#organization","name":"Cercle Bruit","url":"https:\/\/laerm.ch\/","logo":{"@type":"ImageObject","inLanguage":"fr-FR","@id":"https:\/\/laerm.ch\/#\/schema\/logo\/image\/","url":"https:\/\/laerm.ch\/wp-content\/uploads\/cercleBruitLogoText.png","contentUrl":"https:\/\/laerm.ch\/wp-content\/uploads\/cercleBruitLogoText.png","width":512,"height":329,"caption":"Cercle Bruit"},"image":{"@id":"https:\/\/laerm.ch\/#\/schema\/logo\/image\/"}}]}},"coauthors":[],"author_meta":{"author_link":"https:\/\/laerm.ch\/fr\/author\/f9c1af47f5d7fcc5\/","display_name":"admin"},"relative_dates":{"created":"Publi\u00e9 2 ans il y a","modified":"Mis \u00e0 jour 1 an il y a"},"absolute_dates":{"created":"Publi\u00e9 le 26. janvier 2024","modified":"Mise \u00e0 jour le 4. f\u00e9vrier 2025"},"absolute_dates_time":{"created":"Publi\u00e9 le 26. janvier 2024 17:51","modified":"Mise \u00e0 jour le 4. f\u00e9vrier 2025 14:10"},"featured_img_caption":"","featured_img":"https:\/\/laerm.ch\/wp-content\/uploads\/tag-gegen-laerm-2006.jpg","series_order":"","_links":{"self":[{"href":"https:\/\/laerm.ch\/fr\/wp-json\/wp\/v2\/pages\/2816"}],"collection":[{"href":"https:\/\/laerm.ch\/fr\/wp-json\/wp\/v2\/pages"}],"about":[{"href":"https:\/\/laerm.ch\/fr\/wp-json\/wp\/v2\/types\/page"}],"author":[{"embeddable":true,"href":"https:\/\/laerm.ch\/fr\/wp-json\/wp\/v2\/users\/1"}],"replies":[{"embeddable":true,"href":"https:\/\/laerm.ch\/fr\/wp-json\/wp\/v2\/comments?post=2816"}],"version-history":[{"count":14,"href":"https:\/\/laerm.ch\/fr\/wp-json\/wp\/v2\/pages\/2816\/revisions"}],"predecessor-version":[{"id":4681,"href":"https:\/\/laerm.ch\/fr\/wp-json\/wp\/v2\/pages\/2816\/revisions\/4681"}],"up":[{"embeddable":true,"href":"https:\/\/laerm.ch\/fr\/wp-json\/wp\/v2\/pages\/2765"}],"wp:featuredmedia":[{"embeddable":true,"href":"https:\/\/laerm.ch\/fr\/wp-json\/wp\/v2\/media\/1901"}],"wp:attachment":[{"href":"https:\/\/laerm.ch\/fr\/wp-json\/wp\/v2\/media?parent=2816"}],"curies":[{"name":"wp","href":"https:\/\/api.w.org\/{rel}","templated":true}]}}