{"id":2822,"date":"2024-01-26T17:44:30","date_gmt":"2024-01-26T16:44:30","guid":{"rendered":"https:\/\/laerm.ch\/journee-contre-le-bruit\/archives\/2007-le-repos-fait-du-bien\/"},"modified":"2025-02-04T14:09:41","modified_gmt":"2025-02-04T13:09:41","slug":"campagne-2007","status":"publish","type":"page","link":"https:\/\/laerm.ch\/fr\/journee-contre-le-bruit\/archives\/campagne-2007\/","title":{"rendered":"2007 &#8211; Ouf! du calme"},"content":{"rendered":"\n<blockquote class=\"wp-block-quote is-layout-flow wp-block-quote-is-layout-flow\">\n<p>\u00ab\u00a0Un jour, l&rsquo;homme devra combattre le bruit comme il a combattu la peste et le chol\u00e9ra.\u00a0\u00bb<\/p>\n<cite>Robert Koch, 1910<\/cite><\/blockquote>\n\n<p>Robert Koch, \u00e0 qui l&rsquo;on doit la d\u00e9couverture du bacille de la tuberculose, pressentait d\u00e9j\u00e0, au d\u00e9but du 19i\u00e8me si\u00e8cle, que la pollution sonore deviendrait une v\u00e9ritable \u00ab\u00a0maladie de civilisation\u00a0\u00bb. Cons\u00e9quence directe de la mobilit\u00e9 accrue depuis les ann\u00e9es 50, deux tiers de la population suisse se sent aujourd&rsquo;hui g\u00ean\u00e9e par le bruit. La pollution sonore est l&rsquo;atteinte \u00e0 l&rsquo;environnement la plus fr\u00e9quemment per\u00e7ue.<\/p>\n\n<p><a class=\"_dl\" href=\"https:\/\/laerm.ch\/wp-content\/uploads\/tgl_medienmitteilung2007.pdf\" target=\"_blank\" rel=\"noreferrer noopener\">Communiqu\u00e9 de presse (DE)<\/a><\/p>\n\n<p>La \u00ab\u00a0Journ\u00e9e contre le bruit\u00a0\u00bb de cette ann\u00e9e est consacr\u00e9e aux cons\u00e9quences du bruit sur la sant\u00e9: Troubles de la digestion, \u00e9l\u00e9vation de la pression sanguine, infarctus du myocarde ou troubles du sommeil. Le bruit peut aussi d\u00e9clencher des probl\u00e8mes de concentration et des modifications de l&rsquo;humeur, marqu\u00e9es par des \u00e9pisodes de d\u00e9pression ou d&rsquo;agressivit\u00e9. Un niveau de bruit important \u2013 de la musique par exemple \u2013 peut aussi avoir des cons\u00e9quences directes sur l&rsquo;ou\u00efe. En Suisse pr\u00e8s de 500 victimes du bruit doivent \u00eatre soign\u00e9es \u00e0 l&rsquo;h\u00f4pital chaque ann\u00e9e. Le corps n&rsquo;a pas la capacit\u00e9 de s&rsquo;habituer au bruit.<\/p>\n\n<p>Notre oreille est un organe extr\u00eamement sensible, adapt\u00e9 au fond sonore d&rsquo;une nature disparue depuis longtemps. Dans les temps anciens, des bruits forts et inhabituels \u00e9taient un signal de danger auquel le corps humain r\u00e9agissait en se pr\u00e9parant \u00e0 fuir ou \u00e0 combattre. Depuis, le tapis sonore s&rsquo;est modifi\u00e9 sensiblement et une multitude de bruits nous submerge en permanence. Notre organisme continue n\u00e9anmoins de r\u00e9agir \u00e0 des bruits forts et incommodants comme il le faisait il y a des si\u00e8cles, ce qui entra\u00eene une r\u00e9action de stress qui nuit \u00e0 notre bien-\u00eatre et \u00e0 notre sant\u00e9.<\/p>\n\n<p>Le 25 avril 2007, la Suisse participe pour la troisi\u00e8me fois \u00e0 la \u00ab\u00a0Journ\u00e9e internationale contre le bruit\u00a0\u00bb sous le slogan \u00ab\u00a0Ouf! du calme\u00a0\u00bb. \u00abOuf! du calme\u00bb, se dit aussi celui qui est victime du bruit et qui tente d&rsquo;y \u00e9chapper. Mais cette fuite a aussi ses inconv\u00e9nients : les citadins d\u00e9m\u00e9nagent dans des quartiers p\u00e9riph\u00e9riques tranquilles et se rendent au travail en voiture. Voiture \u00e0 laquelle nous ne renon\u00e7ons pas non plus dans le cadre de nos loisirs: Dans notre qu\u00eate de divertissement et de repos, nous produisons constamment du bruit.<\/p>\n\n<p>Lors de la \u00ab\u00a0Journ\u00e9e contre le bruit\u00a0\u00bb, des pistes sont propo\u00e9es pour que chacun puisse contribuer \u00e0 r\u00e9duire le bruit dans sa vie quotidienne par son comportement personnel et ainsi prot\u00e9ger sa sant\u00e9 et celle de son entourage d\u2019une exposition excessive au bruit. La Journ\u00e9e est organis\u00e9e par le Cercle Bruit, la Soci\u00e9t\u00e9 Suisse d&rsquo;Acoustique, la Ligue suisse contre le bruit et les M\u00e9decins en faveur de l&rsquo;environnement. Elle est soutenue par l&rsquo;Office f\u00e9d\u00e9ral de l&rsquo;environnement (OFEV) et l&rsquo;Office f\u00e9d\u00e9ral de la sant\u00e9 publique (OFSP).<\/p>\n","protected":false},"excerpt":{"rendered":"<p>\u00ab\u00a0Un jour, l&rsquo;homme devra combattre le bruit comme il a combattu la peste et le chol\u00e9ra.\u00a0\u00bb Robert Koch, 1910 Robert Koch, \u00e0 qui l&rsquo;on doit la d\u00e9couverture du bacille de la tuberculose, pressentait d\u00e9j\u00e0, au d\u00e9but du 19i\u00e8me si\u00e8cle, que la pollution sonore deviendrait une v\u00e9ritable \u00ab\u00a0maladie de civilisation\u00a0\u00bb. Cons\u00e9quence directe de la mobilit\u00e9 accrue [&hellip;]<\/p>\n","protected":false},"author":1,"featured_media":1887,"parent":2765,"menu_order":2,"comment_status":"closed","ping_status":"closed","template":"","meta":{"advgb_blocks_editor_width":"","advgb_blocks_columns_visual_guide":"","footnotes":""},"class_list":["post-2822","page","type-page","status-publish","has-post-thumbnail","hentry"],"yoast_head":"<!-- This site is optimized with the Yoast SEO plugin v23.7 - https:\/\/yoast.com\/wordpress\/plugins\/seo\/ -->\n<title>2007 - Ouf! du calme - Bruit.ch<\/title>\n<meta name=\"robots\" content=\"index, follow, max-snippet:-1, max-image-preview:large, max-video-preview:-1\" \/>\n<link rel=\"canonical\" href=\"https:\/\/laerm.ch\/tag-gegen-laerm\/archiv\/kampagne-2007\/\" \/>\n<meta property=\"og:locale\" content=\"fr_FR\" \/>\n<meta property=\"og:type\" content=\"article\" \/>\n<meta property=\"og:title\" content=\"2007 - Ouf! du calme - Bruit.ch\" \/>\n<meta property=\"og:description\" content=\"\u00ab\u00a0Un jour, l&rsquo;homme devra combattre le bruit comme il a combattu la peste et le chol\u00e9ra.\u00a0\u00bb Robert Koch, 1910 Robert Koch, \u00e0 qui l&rsquo;on doit la d\u00e9couverture du bacille de la tuberculose, pressentait d\u00e9j\u00e0, au d\u00e9but du 19i\u00e8me si\u00e8cle, que la pollution sonore deviendrait une v\u00e9ritable \u00ab\u00a0maladie de civilisation\u00a0\u00bb. Cons\u00e9quence directe de la mobilit\u00e9 accrue [&hellip;]\" \/>\n<meta property=\"og:url\" content=\"https:\/\/laerm.ch\/tag-gegen-laerm\/archiv\/kampagne-2007\/\" \/>\n<meta property=\"og:site_name\" content=\"Bruit.ch\" \/>\n<meta property=\"article:modified_time\" content=\"2025-02-04T13:09:41+00:00\" \/>\n<meta property=\"og:image\" content=\"https:\/\/laerm.ch\/wp-content\/uploads\/tag-gegen-laerm-2007.jpg\" \/>\n\t<meta property=\"og:image:width\" content=\"725\" \/>\n\t<meta property=\"og:image:height\" content=\"300\" \/>\n\t<meta property=\"og:image:type\" content=\"image\/jpeg\" \/>\n<meta name=\"twitter:card\" content=\"summary_large_image\" \/>\n<meta name=\"twitter:label1\" content=\"Dur\u00e9e de lecture estim\u00e9e\" \/>\n\t<meta name=\"twitter:data1\" content=\"3 minutes\" \/>\n<script type=\"application\/ld+json\" class=\"yoast-schema-graph\">{\"@context\":\"https:\/\/schema.org\",\"@graph\":[{\"@type\":\"WebPage\",\"@id\":\"https:\/\/laerm.ch\/tag-gegen-laerm\/archiv\/kampagne-2007\/\",\"url\":\"https:\/\/laerm.ch\/tag-gegen-laerm\/archiv\/kampagne-2007\/\",\"name\":\"2007 - Ouf! du calme - Bruit.ch\",\"isPartOf\":{\"@id\":\"https:\/\/laerm.ch\/#website\"},\"primaryImageOfPage\":{\"@id\":\"https:\/\/laerm.ch\/tag-gegen-laerm\/archiv\/kampagne-2007\/#primaryimage\"},\"image\":{\"@id\":\"https:\/\/laerm.ch\/tag-gegen-laerm\/archiv\/kampagne-2007\/#primaryimage\"},\"thumbnailUrl\":\"https:\/\/laerm.ch\/wp-content\/uploads\/tag-gegen-laerm-2007.jpg\",\"datePublished\":\"2024-01-26T16:44:30+00:00\",\"dateModified\":\"2025-02-04T13:09:41+00:00\",\"breadcrumb\":{\"@id\":\"https:\/\/laerm.ch\/tag-gegen-laerm\/archiv\/kampagne-2007\/#breadcrumb\"},\"inLanguage\":\"fr-FR\",\"potentialAction\":[{\"@type\":\"ReadAction\",\"target\":[\"https:\/\/laerm.ch\/tag-gegen-laerm\/archiv\/kampagne-2007\/\"]}]},{\"@type\":\"ImageObject\",\"inLanguage\":\"fr-FR\",\"@id\":\"https:\/\/laerm.ch\/tag-gegen-laerm\/archiv\/kampagne-2007\/#primaryimage\",\"url\":\"https:\/\/laerm.ch\/wp-content\/uploads\/tag-gegen-laerm-2007.jpg\",\"contentUrl\":\"https:\/\/laerm.ch\/wp-content\/uploads\/tag-gegen-laerm-2007.jpg\",\"width\":725,\"height\":300},{\"@type\":\"BreadcrumbList\",\"@id\":\"https:\/\/laerm.ch\/tag-gegen-laerm\/archiv\/kampagne-2007\/#breadcrumb\",\"itemListElement\":[{\"@type\":\"ListItem\",\"position\":1,\"name\":\"Startseite\",\"item\":\"https:\/\/test.laerm.ch\/fr\/\"},{\"@type\":\"ListItem\",\"position\":2,\"name\":\"Journ\u00e9e contre le bruit\",\"item\":\"https:\/\/laerm.ch\/fr\/journee-contre-le-bruit\/\"},{\"@type\":\"ListItem\",\"position\":3,\"name\":\"Archives\",\"item\":\"https:\/\/laerm.ch\/fr\/journee-contre-le-bruit\/archives\/\"},{\"@type\":\"ListItem\",\"position\":4,\"name\":\"2007 &#8211; Ouf! du calme\"}]},{\"@type\":\"WebSite\",\"@id\":\"https:\/\/laerm.ch\/#website\",\"url\":\"https:\/\/laerm.ch\/\",\"name\":\"L\u00e4rm.ch\",\"description\":\"Bienvenue sur Bruit.ch, le portail complet de Cercle Bruit sur le th\u00e8me du bruit et de la protection contre le bruit.\",\"publisher\":{\"@id\":\"https:\/\/laerm.ch\/#organization\"},\"potentialAction\":[{\"@type\":\"SearchAction\",\"target\":{\"@type\":\"EntryPoint\",\"urlTemplate\":\"https:\/\/laerm.ch\/?s={search_term_string}\"},\"query-input\":{\"@type\":\"PropertyValueSpecification\",\"valueRequired\":true,\"valueName\":\"search_term_string\"}}],\"inLanguage\":\"fr-FR\"},{\"@type\":\"Organization\",\"@id\":\"https:\/\/laerm.ch\/#organization\",\"name\":\"Cercle Bruit\",\"url\":\"https:\/\/laerm.ch\/\",\"logo\":{\"@type\":\"ImageObject\",\"inLanguage\":\"fr-FR\",\"@id\":\"https:\/\/laerm.ch\/#\/schema\/logo\/image\/\",\"url\":\"https:\/\/laerm.ch\/wp-content\/uploads\/cercleBruitLogoText.png\",\"contentUrl\":\"https:\/\/laerm.ch\/wp-content\/uploads\/cercleBruitLogoText.png\",\"width\":512,\"height\":329,\"caption\":\"Cercle Bruit\"},\"image\":{\"@id\":\"https:\/\/laerm.ch\/#\/schema\/logo\/image\/\"}}]}<\/script>\n<!-- \/ Yoast SEO plugin. -->","yoast_head_json":{"title":"2007 - Ouf! du calme - Bruit.ch","robots":{"index":"index","follow":"follow","max-snippet":"max-snippet:-1","max-image-preview":"max-image-preview:large","max-video-preview":"max-video-preview:-1"},"canonical":"https:\/\/laerm.ch\/tag-gegen-laerm\/archiv\/kampagne-2007\/","og_locale":"fr_FR","og_type":"article","og_title":"2007 - Ouf! du calme - Bruit.ch","og_description":"\u00ab\u00a0Un jour, l&rsquo;homme devra combattre le bruit comme il a combattu la peste et le chol\u00e9ra.\u00a0\u00bb Robert Koch, 1910 Robert Koch, \u00e0 qui l&rsquo;on doit la d\u00e9couverture du bacille de la tuberculose, pressentait d\u00e9j\u00e0, au d\u00e9but du 19i\u00e8me si\u00e8cle, que la pollution sonore deviendrait une v\u00e9ritable \u00ab\u00a0maladie de civilisation\u00a0\u00bb. Cons\u00e9quence directe de la mobilit\u00e9 accrue [&hellip;]","og_url":"https:\/\/laerm.ch\/tag-gegen-laerm\/archiv\/kampagne-2007\/","og_site_name":"Bruit.ch","article_modified_time":"2025-02-04T13:09:41+00:00","og_image":[{"width":725,"height":300,"url":"https:\/\/laerm.ch\/wp-content\/uploads\/tag-gegen-laerm-2007.jpg","type":"image\/jpeg"}],"twitter_card":"summary_large_image","twitter_misc":{"Dur\u00e9e de lecture estim\u00e9e":"3 minutes"},"schema":{"@context":"https:\/\/schema.org","@graph":[{"@type":"WebPage","@id":"https:\/\/laerm.ch\/tag-gegen-laerm\/archiv\/kampagne-2007\/","url":"https:\/\/laerm.ch\/tag-gegen-laerm\/archiv\/kampagne-2007\/","name":"2007 - Ouf! du calme - Bruit.ch","isPartOf":{"@id":"https:\/\/laerm.ch\/#website"},"primaryImageOfPage":{"@id":"https:\/\/laerm.ch\/tag-gegen-laerm\/archiv\/kampagne-2007\/#primaryimage"},"image":{"@id":"https:\/\/laerm.ch\/tag-gegen-laerm\/archiv\/kampagne-2007\/#primaryimage"},"thumbnailUrl":"https:\/\/laerm.ch\/wp-content\/uploads\/tag-gegen-laerm-2007.jpg","datePublished":"2024-01-26T16:44:30+00:00","dateModified":"2025-02-04T13:09:41+00:00","breadcrumb":{"@id":"https:\/\/laerm.ch\/tag-gegen-laerm\/archiv\/kampagne-2007\/#breadcrumb"},"inLanguage":"fr-FR","potentialAction":[{"@type":"ReadAction","target":["https:\/\/laerm.ch\/tag-gegen-laerm\/archiv\/kampagne-2007\/"]}]},{"@type":"ImageObject","inLanguage":"fr-FR","@id":"https:\/\/laerm.ch\/tag-gegen-laerm\/archiv\/kampagne-2007\/#primaryimage","url":"https:\/\/laerm.ch\/wp-content\/uploads\/tag-gegen-laerm-2007.jpg","contentUrl":"https:\/\/laerm.ch\/wp-content\/uploads\/tag-gegen-laerm-2007.jpg","width":725,"height":300},{"@type":"BreadcrumbList","@id":"https:\/\/laerm.ch\/tag-gegen-laerm\/archiv\/kampagne-2007\/#breadcrumb","itemListElement":[{"@type":"ListItem","position":1,"name":"Startseite","item":"https:\/\/test.laerm.ch\/fr\/"},{"@type":"ListItem","position":2,"name":"Journ\u00e9e contre le bruit","item":"https:\/\/laerm.ch\/fr\/journee-contre-le-bruit\/"},{"@type":"ListItem","position":3,"name":"Archives","item":"https:\/\/laerm.ch\/fr\/journee-contre-le-bruit\/archives\/"},{"@type":"ListItem","position":4,"name":"2007 &#8211; Ouf! du calme"}]},{"@type":"WebSite","@id":"https:\/\/laerm.ch\/#website","url":"https:\/\/laerm.ch\/","name":"L\u00e4rm.ch","description":"Bienvenue sur Bruit.ch, le portail complet de Cercle Bruit sur le th\u00e8me du bruit et de la protection contre le bruit.","publisher":{"@id":"https:\/\/laerm.ch\/#organization"},"potentialAction":[{"@type":"SearchAction","target":{"@type":"EntryPoint","urlTemplate":"https:\/\/laerm.ch\/?s={search_term_string}"},"query-input":{"@type":"PropertyValueSpecification","valueRequired":true,"valueName":"search_term_string"}}],"inLanguage":"fr-FR"},{"@type":"Organization","@id":"https:\/\/laerm.ch\/#organization","name":"Cercle Bruit","url":"https:\/\/laerm.ch\/","logo":{"@type":"ImageObject","inLanguage":"fr-FR","@id":"https:\/\/laerm.ch\/#\/schema\/logo\/image\/","url":"https:\/\/laerm.ch\/wp-content\/uploads\/cercleBruitLogoText.png","contentUrl":"https:\/\/laerm.ch\/wp-content\/uploads\/cercleBruitLogoText.png","width":512,"height":329,"caption":"Cercle Bruit"},"image":{"@id":"https:\/\/laerm.ch\/#\/schema\/logo\/image\/"}}]}},"coauthors":[],"author_meta":{"author_link":"https:\/\/laerm.ch\/fr\/author\/f9c1af47f5d7fcc5\/","display_name":"admin"},"relative_dates":{"created":"Publi\u00e9 2 ans il y a","modified":"Mis \u00e0 jour 1 an il y a"},"absolute_dates":{"created":"Publi\u00e9 le 26. janvier 2024","modified":"Mise \u00e0 jour le 4. f\u00e9vrier 2025"},"absolute_dates_time":{"created":"Publi\u00e9 le 26. janvier 2024 17:44","modified":"Mise \u00e0 jour le 4. f\u00e9vrier 2025 14:09"},"featured_img_caption":"","featured_img":"https:\/\/laerm.ch\/wp-content\/uploads\/tag-gegen-laerm-2007.jpg","series_order":"","_links":{"self":[{"href":"https:\/\/laerm.ch\/fr\/wp-json\/wp\/v2\/pages\/2822"}],"collection":[{"href":"https:\/\/laerm.ch\/fr\/wp-json\/wp\/v2\/pages"}],"about":[{"href":"https:\/\/laerm.ch\/fr\/wp-json\/wp\/v2\/types\/page"}],"author":[{"embeddable":true,"href":"https:\/\/laerm.ch\/fr\/wp-json\/wp\/v2\/users\/1"}],"replies":[{"embeddable":true,"href":"https:\/\/laerm.ch\/fr\/wp-json\/wp\/v2\/comments?post=2822"}],"version-history":[{"count":16,"href":"https:\/\/laerm.ch\/fr\/wp-json\/wp\/v2\/pages\/2822\/revisions"}],"predecessor-version":[{"id":4685,"href":"https:\/\/laerm.ch\/fr\/wp-json\/wp\/v2\/pages\/2822\/revisions\/4685"}],"up":[{"embeddable":true,"href":"https:\/\/laerm.ch\/fr\/wp-json\/wp\/v2\/pages\/2765"}],"wp:featuredmedia":[{"embeddable":true,"href":"https:\/\/laerm.ch\/fr\/wp-json\/wp\/v2\/media\/1887"}],"wp:attachment":[{"href":"https:\/\/laerm.ch\/fr\/wp-json\/wp\/v2\/media?parent=2822"}],"curies":[{"name":"wp","href":"https:\/\/api.w.org\/{rel}","templated":true}]}}