{"id":2841,"date":"2024-01-26T16:55:03","date_gmt":"2024-01-26T15:55:03","guid":{"rendered":"https:\/\/laerm.ch\/journee-contre-le-bruit\/archives\/2009-eviter-le-bruit\/"},"modified":"2024-07-19T09:54:52","modified_gmt":"2024-07-19T07:54:52","slug":"campagne-2009","status":"publish","type":"page","link":"https:\/\/laerm.ch\/fr\/journee-contre-le-bruit\/archives\/campagne-2009\/","title":{"rendered":"2009 &#8211; \u00c9viter le bruit"},"content":{"rendered":"\n<p>Le bruit est la forme de nuisance environnementale la plus fr\u00e9quemment per\u00e7ue par la population. En Suisse, environ deux tiers des personnes se sentent incommod\u00e9es par le bruit. Or, nous ne sommes pas que des victimes, dans le sens o\u00f9 chacun d&rsquo;entre nous produit \u00e9galement du bruit nuisible \u00e0 d&rsquo;autres. Dans l&rsquo;id\u00e9al, la lutte contre le bruit s&rsquo;effectue \u00e0 la source. En d&rsquo;autres termes, un comportement pr\u00e9venant et respectueux vis-\u00e0-vis des autres est en soi une contribution importante \u00e0 la lutte contre le bruit. Dans cette optique, la \u00ab\u00a0Journ\u00e9e contre le bruit\u00a0\u00bb nous propose de nous interroger sur le bruit que nous produisons nous-m\u00eame et que nous pouvons \u00e9viter \u00e0 l&rsquo;avenir.<\/p>\n\n\n\n<p><a class=\"_dl\" href=\"https:\/\/laerm.ch\/wp-content\/uploads\/tgl_medienmitteilung2009.pdf\" target=\"_blank\" rel=\"noreferrer noopener\">Communiqu\u00e9 de presse (DE)<\/a><br><a class=\"_ex\" href=\"https:\/\/www.admin.ch\/gov\/fr\/accueil\/documentation\/communiques.msg-id-26576.html\" target=\"_blank\" rel=\"noreferrer noopener\">Communiqu\u00e9 de presse de la CFLB<\/a><\/p>\n\n\n\n<div class=\"wp-block-columns is-layout-flex wp-container-core-columns-is-layout-1 wp-block-columns-is-layout-flex\">\n<div class=\"wp-block-column is-layout-flow wp-block-column-is-layout-flow\" style=\"flex-basis:200px\"><div class=\"wp-block-image\">\n<figure class=\"aligncenter size-full\"><img loading=\"lazy\" decoding=\"async\" width=\"200\" height=\"278\" src=\"https:\/\/laerm.ch\/wp-content\/uploads\/nachbar_ohr_web.gif\" alt=\"\" class=\"wp-image-1877\"\/><figcaption class=\"wp-element-caption\">Source: Kanton ZH<\/figcaption><\/figure><\/div><\/div>\n\n\n\n<div class=\"wp-block-column is-layout-flow wp-block-column-is-layout-flow\">\n<p>Cette ann\u00e9e, la Suisse participera pour la cinqui\u00e8me fois \u00e0 la \u00ab\u00a0Journ\u00e9e internationale contre le bruit\u00a0\u00bb. La \u00ab\u00a0Journ\u00e9e contre le bruit\u00a0\u00bb est organis\u00e9e par le Cercle Bruit, la Soci\u00e9t\u00e9 Suisse d&rsquo;Acoustique, la Ligue suisse contre le bruit et les M\u00e9decins en faveur de l&rsquo;Environnement. Elle est soutenue par l&rsquo;Office f\u00e9d\u00e9ral de l&rsquo;environnement (OFEV) et l&rsquo;Office f\u00e9d\u00e9ral de la sant\u00e9 publique (OFSP).<\/p>\n\n\n\n<p>La \u00ab\u00a0Journ\u00e9e contre le bruit\u00a0\u00bb du 29 avril met l&rsquo;accent sur la r\u00e9duction et la pr\u00e9vention du bruit. Le bruit affecte consid\u00e9rablement la qualit\u00e9 de vie d&rsquo;un grand nombre de personnes. En cas de forte exposition, il est \u00e9galement nuisible pour la sant\u00e9. Dans notre pays, le bruit du trafic est devenu un probl\u00e8me environnemental majeuren en raison de la densit\u00e9 de la population et de la circulation. De plus, du bruit est \u00e9galement g\u00e9n\u00e9r\u00e9 au travail, par les activit\u00e9s de loisirs, telles que le sport et les jeux ou lors de travaux de jardinage.<\/p>\n<\/div>\n<\/div>\n","protected":false},"excerpt":{"rendered":"<p>Le bruit est la forme de nuisance environnementale la plus fr\u00e9quemment per\u00e7ue par la population. En Suisse, environ deux tiers des personnes se sentent incommod\u00e9es par le bruit. Or, nous ne sommes pas que des victimes, dans le sens o\u00f9 chacun d&rsquo;entre nous produit \u00e9galement du bruit nuisible \u00e0 d&rsquo;autres. Dans l&rsquo;id\u00e9al, la lutte contre [&hellip;]<\/p>\n","protected":false},"author":1,"featured_media":3044,"parent":2765,"menu_order":4,"comment_status":"closed","ping_status":"closed","template":"","meta":{"advgb_blocks_editor_width":"","advgb_blocks_columns_visual_guide":"","footnotes":""},"class_list":["post-2841","page","type-page","status-publish","has-post-thumbnail","hentry"],"yoast_head":"<!-- This site is optimized with the Yoast SEO plugin v23.7 - https:\/\/yoast.com\/wordpress\/plugins\/seo\/ -->\n<title>2009 - \u00c9viter le bruit - Bruit.ch<\/title>\n<meta name=\"robots\" content=\"index, follow, max-snippet:-1, max-image-preview:large, max-video-preview:-1\" \/>\n<link rel=\"canonical\" href=\"https:\/\/laerm.ch\/fr\/journee-contre-le-bruit\/archives\/campagne-2009\/\" \/>\n<meta property=\"og:locale\" content=\"fr_FR\" \/>\n<meta property=\"og:type\" content=\"article\" \/>\n<meta property=\"og:title\" content=\"2009 - \u00c9viter le bruit - Bruit.ch\" \/>\n<meta property=\"og:description\" content=\"Le bruit est la forme de nuisance environnementale la plus fr\u00e9quemment per\u00e7ue par la population. En Suisse, environ deux tiers des personnes se sentent incommod\u00e9es par le bruit. Or, nous ne sommes pas que des victimes, dans le sens o\u00f9 chacun d&rsquo;entre nous produit \u00e9galement du bruit nuisible \u00e0 d&rsquo;autres. Dans l&rsquo;id\u00e9al, la lutte contre [&hellip;]\" \/>\n<meta property=\"og:url\" content=\"https:\/\/laerm.ch\/fr\/journee-contre-le-bruit\/archives\/campagne-2009\/\" \/>\n<meta property=\"og:site_name\" content=\"Bruit.ch\" \/>\n<meta property=\"article:modified_time\" content=\"2024-07-19T07:54:52+00:00\" \/>\n<meta property=\"og:image\" content=\"https:\/\/laerm.ch\/wp-content\/uploads\/titelbild_tgl_09.jpg\" \/>\n\t<meta property=\"og:image:width\" content=\"725\" \/>\n\t<meta property=\"og:image:height\" content=\"300\" \/>\n\t<meta property=\"og:image:type\" content=\"image\/jpeg\" \/>\n<meta name=\"twitter:card\" content=\"summary_large_image\" \/>\n<meta name=\"twitter:label1\" content=\"Dur\u00e9e de lecture estim\u00e9e\" \/>\n\t<meta name=\"twitter:data1\" content=\"2 minutes\" \/>\n<script type=\"application\/ld+json\" class=\"yoast-schema-graph\">{\"@context\":\"https:\/\/schema.org\",\"@graph\":[{\"@type\":\"WebPage\",\"@id\":\"https:\/\/laerm.ch\/fr\/journee-contre-le-bruit\/archives\/campagne-2009\/\",\"url\":\"https:\/\/laerm.ch\/fr\/journee-contre-le-bruit\/archives\/campagne-2009\/\",\"name\":\"2009 - \u00c9viter le bruit - Bruit.ch\",\"isPartOf\":{\"@id\":\"https:\/\/laerm.ch\/#website\"},\"primaryImageOfPage\":{\"@id\":\"https:\/\/laerm.ch\/fr\/journee-contre-le-bruit\/archives\/campagne-2009\/#primaryimage\"},\"image\":{\"@id\":\"https:\/\/laerm.ch\/fr\/journee-contre-le-bruit\/archives\/campagne-2009\/#primaryimage\"},\"thumbnailUrl\":\"https:\/\/laerm.ch\/wp-content\/uploads\/titelbild_tgl_09.jpg\",\"datePublished\":\"2024-01-26T15:55:03+00:00\",\"dateModified\":\"2024-07-19T07:54:52+00:00\",\"breadcrumb\":{\"@id\":\"https:\/\/laerm.ch\/fr\/journee-contre-le-bruit\/archives\/campagne-2009\/#breadcrumb\"},\"inLanguage\":\"fr-FR\",\"potentialAction\":[{\"@type\":\"ReadAction\",\"target\":[\"https:\/\/laerm.ch\/fr\/journee-contre-le-bruit\/archives\/campagne-2009\/\"]}]},{\"@type\":\"ImageObject\",\"inLanguage\":\"fr-FR\",\"@id\":\"https:\/\/laerm.ch\/fr\/journee-contre-le-bruit\/archives\/campagne-2009\/#primaryimage\",\"url\":\"https:\/\/laerm.ch\/wp-content\/uploads\/titelbild_tgl_09.jpg\",\"contentUrl\":\"https:\/\/laerm.ch\/wp-content\/uploads\/titelbild_tgl_09.jpg\",\"width\":725,\"height\":300},{\"@type\":\"BreadcrumbList\",\"@id\":\"https:\/\/laerm.ch\/fr\/journee-contre-le-bruit\/archives\/campagne-2009\/#breadcrumb\",\"itemListElement\":[{\"@type\":\"ListItem\",\"position\":1,\"name\":\"Startseite\",\"item\":\"https:\/\/test.laerm.ch\/fr\/\"},{\"@type\":\"ListItem\",\"position\":2,\"name\":\"Journ\u00e9e contre le bruit\",\"item\":\"https:\/\/laerm.ch\/fr\/journee-contre-le-bruit\/\"},{\"@type\":\"ListItem\",\"position\":3,\"name\":\"Archives\",\"item\":\"https:\/\/laerm.ch\/fr\/journee-contre-le-bruit\/archives\/\"},{\"@type\":\"ListItem\",\"position\":4,\"name\":\"2009 &#8211; \u00c9viter le bruit\"}]},{\"@type\":\"WebSite\",\"@id\":\"https:\/\/laerm.ch\/#website\",\"url\":\"https:\/\/laerm.ch\/\",\"name\":\"L\u00e4rm.ch\",\"description\":\"Bienvenue sur Bruit.ch, le portail complet de Cercle Bruit sur le th\u00e8me du bruit et de la protection contre le bruit.\",\"publisher\":{\"@id\":\"https:\/\/laerm.ch\/#organization\"},\"potentialAction\":[{\"@type\":\"SearchAction\",\"target\":{\"@type\":\"EntryPoint\",\"urlTemplate\":\"https:\/\/laerm.ch\/?s={search_term_string}\"},\"query-input\":{\"@type\":\"PropertyValueSpecification\",\"valueRequired\":true,\"valueName\":\"search_term_string\"}}],\"inLanguage\":\"fr-FR\"},{\"@type\":\"Organization\",\"@id\":\"https:\/\/laerm.ch\/#organization\",\"name\":\"Cercle Bruit\",\"url\":\"https:\/\/laerm.ch\/\",\"logo\":{\"@type\":\"ImageObject\",\"inLanguage\":\"fr-FR\",\"@id\":\"https:\/\/laerm.ch\/#\/schema\/logo\/image\/\",\"url\":\"https:\/\/laerm.ch\/wp-content\/uploads\/cercleBruitLogoText.png\",\"contentUrl\":\"https:\/\/laerm.ch\/wp-content\/uploads\/cercleBruitLogoText.png\",\"width\":512,\"height\":329,\"caption\":\"Cercle Bruit\"},\"image\":{\"@id\":\"https:\/\/laerm.ch\/#\/schema\/logo\/image\/\"}}]}<\/script>\n<!-- \/ Yoast SEO plugin. -->","yoast_head_json":{"title":"2009 - \u00c9viter le bruit - Bruit.ch","robots":{"index":"index","follow":"follow","max-snippet":"max-snippet:-1","max-image-preview":"max-image-preview:large","max-video-preview":"max-video-preview:-1"},"canonical":"https:\/\/laerm.ch\/fr\/journee-contre-le-bruit\/archives\/campagne-2009\/","og_locale":"fr_FR","og_type":"article","og_title":"2009 - \u00c9viter le bruit - Bruit.ch","og_description":"Le bruit est la forme de nuisance environnementale la plus fr\u00e9quemment per\u00e7ue par la population. En Suisse, environ deux tiers des personnes se sentent incommod\u00e9es par le bruit. Or, nous ne sommes pas que des victimes, dans le sens o\u00f9 chacun d&rsquo;entre nous produit \u00e9galement du bruit nuisible \u00e0 d&rsquo;autres. Dans l&rsquo;id\u00e9al, la lutte contre [&hellip;]","og_url":"https:\/\/laerm.ch\/fr\/journee-contre-le-bruit\/archives\/campagne-2009\/","og_site_name":"Bruit.ch","article_modified_time":"2024-07-19T07:54:52+00:00","og_image":[{"width":725,"height":300,"url":"https:\/\/laerm.ch\/wp-content\/uploads\/titelbild_tgl_09.jpg","type":"image\/jpeg"}],"twitter_card":"summary_large_image","twitter_misc":{"Dur\u00e9e de lecture estim\u00e9e":"2 minutes"},"schema":{"@context":"https:\/\/schema.org","@graph":[{"@type":"WebPage","@id":"https:\/\/laerm.ch\/fr\/journee-contre-le-bruit\/archives\/campagne-2009\/","url":"https:\/\/laerm.ch\/fr\/journee-contre-le-bruit\/archives\/campagne-2009\/","name":"2009 - \u00c9viter le bruit - Bruit.ch","isPartOf":{"@id":"https:\/\/laerm.ch\/#website"},"primaryImageOfPage":{"@id":"https:\/\/laerm.ch\/fr\/journee-contre-le-bruit\/archives\/campagne-2009\/#primaryimage"},"image":{"@id":"https:\/\/laerm.ch\/fr\/journee-contre-le-bruit\/archives\/campagne-2009\/#primaryimage"},"thumbnailUrl":"https:\/\/laerm.ch\/wp-content\/uploads\/titelbild_tgl_09.jpg","datePublished":"2024-01-26T15:55:03+00:00","dateModified":"2024-07-19T07:54:52+00:00","breadcrumb":{"@id":"https:\/\/laerm.ch\/fr\/journee-contre-le-bruit\/archives\/campagne-2009\/#breadcrumb"},"inLanguage":"fr-FR","potentialAction":[{"@type":"ReadAction","target":["https:\/\/laerm.ch\/fr\/journee-contre-le-bruit\/archives\/campagne-2009\/"]}]},{"@type":"ImageObject","inLanguage":"fr-FR","@id":"https:\/\/laerm.ch\/fr\/journee-contre-le-bruit\/archives\/campagne-2009\/#primaryimage","url":"https:\/\/laerm.ch\/wp-content\/uploads\/titelbild_tgl_09.jpg","contentUrl":"https:\/\/laerm.ch\/wp-content\/uploads\/titelbild_tgl_09.jpg","width":725,"height":300},{"@type":"BreadcrumbList","@id":"https:\/\/laerm.ch\/fr\/journee-contre-le-bruit\/archives\/campagne-2009\/#breadcrumb","itemListElement":[{"@type":"ListItem","position":1,"name":"Startseite","item":"https:\/\/test.laerm.ch\/fr\/"},{"@type":"ListItem","position":2,"name":"Journ\u00e9e contre le bruit","item":"https:\/\/laerm.ch\/fr\/journee-contre-le-bruit\/"},{"@type":"ListItem","position":3,"name":"Archives","item":"https:\/\/laerm.ch\/fr\/journee-contre-le-bruit\/archives\/"},{"@type":"ListItem","position":4,"name":"2009 &#8211; \u00c9viter le bruit"}]},{"@type":"WebSite","@id":"https:\/\/laerm.ch\/#website","url":"https:\/\/laerm.ch\/","name":"L\u00e4rm.ch","description":"Bienvenue sur Bruit.ch, le portail complet de Cercle Bruit sur le th\u00e8me du bruit et de la protection contre le bruit.","publisher":{"@id":"https:\/\/laerm.ch\/#organization"},"potentialAction":[{"@type":"SearchAction","target":{"@type":"EntryPoint","urlTemplate":"https:\/\/laerm.ch\/?s={search_term_string}"},"query-input":{"@type":"PropertyValueSpecification","valueRequired":true,"valueName":"search_term_string"}}],"inLanguage":"fr-FR"},{"@type":"Organization","@id":"https:\/\/laerm.ch\/#organization","name":"Cercle Bruit","url":"https:\/\/laerm.ch\/","logo":{"@type":"ImageObject","inLanguage":"fr-FR","@id":"https:\/\/laerm.ch\/#\/schema\/logo\/image\/","url":"https:\/\/laerm.ch\/wp-content\/uploads\/cercleBruitLogoText.png","contentUrl":"https:\/\/laerm.ch\/wp-content\/uploads\/cercleBruitLogoText.png","width":512,"height":329,"caption":"Cercle Bruit"},"image":{"@id":"https:\/\/laerm.ch\/#\/schema\/logo\/image\/"}}]}},"coauthors":[],"author_meta":{"author_link":"https:\/\/laerm.ch\/fr\/author\/f9c1af47f5d7fcc5\/","display_name":"admin"},"relative_dates":{"created":"Publi\u00e9 2 ans il y a","modified":"Mis \u00e0 jour 2 ans il y a"},"absolute_dates":{"created":"Publi\u00e9 le 26. janvier 2024","modified":"Mise \u00e0 jour le 19. juillet 2024"},"absolute_dates_time":{"created":"Publi\u00e9 le 26. janvier 2024 16:55","modified":"Mise \u00e0 jour le 19. juillet 2024 9:54"},"featured_img_caption":"","featured_img":"https:\/\/laerm.ch\/wp-content\/uploads\/titelbild_tgl_09.jpg","series_order":"","_links":{"self":[{"href":"https:\/\/laerm.ch\/fr\/wp-json\/wp\/v2\/pages\/2841"}],"collection":[{"href":"https:\/\/laerm.ch\/fr\/wp-json\/wp\/v2\/pages"}],"about":[{"href":"https:\/\/laerm.ch\/fr\/wp-json\/wp\/v2\/types\/page"}],"author":[{"embeddable":true,"href":"https:\/\/laerm.ch\/fr\/wp-json\/wp\/v2\/users\/1"}],"replies":[{"embeddable":true,"href":"https:\/\/laerm.ch\/fr\/wp-json\/wp\/v2\/comments?post=2841"}],"version-history":[{"count":11,"href":"https:\/\/laerm.ch\/fr\/wp-json\/wp\/v2\/pages\/2841\/revisions"}],"predecessor-version":[{"id":5007,"href":"https:\/\/laerm.ch\/fr\/wp-json\/wp\/v2\/pages\/2841\/revisions\/5007"}],"up":[{"embeddable":true,"href":"https:\/\/laerm.ch\/fr\/wp-json\/wp\/v2\/pages\/2765"}],"wp:featuredmedia":[{"embeddable":true,"href":"https:\/\/laerm.ch\/fr\/wp-json\/wp\/v2\/media\/3044"}],"wp:attachment":[{"href":"https:\/\/laerm.ch\/fr\/wp-json\/wp\/v2\/media?parent=2841"}],"curies":[{"name":"wp","href":"https:\/\/api.w.org\/{rel}","templated":true}]}}