{"id":2849,"date":"2024-01-26T16:50:24","date_gmt":"2024-01-26T15:50:24","guid":{"rendered":"https:\/\/laerm.ch\/journee-contre-le-bruit\/archives\/2010-les-loisirs-sont-le-temps-du-bruit\/"},"modified":"2025-02-04T14:07:10","modified_gmt":"2025-02-04T13:07:10","slug":"campagne-2010","status":"publish","type":"page","link":"https:\/\/laerm.ch\/fr\/journee-contre-le-bruit\/archives\/campagne-2010\/","title":{"rendered":"2010 &#8211; Les loisirs font grand bruit"},"content":{"rendered":"\n<p>La \u00ab\u00a0Journ\u00e9e contre le bruit\u00a0\u00bb 2010 du 28 avril prochain est plac\u00e9e sous la devise \u00ab\u00a0Les loisirs font grand bruit\u00a0\u00bb. Nos loisirs constituent des sources majeures de bruit. Pour la plupart d&rsquo;entre nous, l&rsquo;organisation active du temps libre est intimement li\u00e9e \u00e0 la notion de qualit\u00e9 de vie. Les conflits li\u00e9s au bruit des loisirs sont fr\u00e9quemment attis\u00e9s par le fait que les nuisances sonores sont g\u00e9n\u00e9r\u00e9es pr\u00e9cis\u00e9ment aux moments destin\u00e9s au repos et \u00e0 la d\u00e9tente, \u00e0 savoir aux heures tardives, le dimanche ou les jours f\u00e9ri\u00e9s.<\/p>\n\n<p><a class=\"_dl\" href=\"https:\/\/laerm.ch\/wp-content\/uploads\/tgl_medienmitteilung2010.pdf\" target=\"_blank\" rel=\"noreferrer noopener\">Communiqu\u00e9 de presse (DE)<\/a><br\/><a class=\"_ex\" href=\"https:\/\/www.admin.ch\/gov\/fr\/accueil\/documentation\/communiques.msg-id-32774.html\" target=\"_blank\" rel=\"noreferrer noopener\">Communiqu\u00e9 de presse de la CFLB<\/a><\/p>\n<div class=\"wp-block-image\">\n<figure class=\"aligncenter size-full\"><img decoding=\"async\" src=\"https:\/\/laerm.ch\/wp-content\/uploads\/laerm10_2f-400.jpg\" alt=\"\" class=\"wp-image-1861\"\/><\/figure><\/div>\n<p>Cette ann\u00e9e, la Suisse participe activement \u00e0 la \u00ab\u00a0Journ\u00e9e contre le bruit\u00a0\u00bb pour la sixi\u00e8me fois d\u00e9j\u00e0. Cette journ\u00e9e est organis\u00e9e par le Cercle Bruit, la Soci\u00e9t\u00e9 Suisse d&rsquo;Acoustique, la Ligue suisse contre le bruit et M\u00e9decins en faveur de l&rsquo;Environnement. Elle b\u00e9n\u00e9ficie en outre du soutien de l&rsquo;Office f\u00e9d\u00e9ral de l&rsquo;environnement (OFEV) et de l&rsquo;Office f\u00e9d\u00e9ral de la sant\u00e9 publique (OFSP).<\/p>\n\n<p><\/p>\n\n<p><\/p>\n\n<p><\/p>\n\n<p>Les probl\u00e8mes en relations avec le bruit des loisirs peuvent \u00eatre engendr\u00e9s aussi bien par des appareils de sport que par d&rsquo;autres activit\u00e9s telles que le jardinage ou la musique, sans oublier le public particuli\u00e8rement bruyant lors de certaines manifestations. Un autre aspect important est le bruit de la circulation induite par l&rsquo;industrie du loisir.<\/p>\n<div class=\"wp-block-image\">\n<figure class=\"aligncenter size-full\"><img decoding=\"async\" src=\"https:\/\/laerm.ch\/wp-content\/uploads\/laerm10_4f-400.jpg\" alt=\"\" class=\"wp-image-1864\"\/><\/figure><\/div>\n<p>En effet, pr\u00e8s de la moiti\u00e9 du trafic g\u00e9n\u00e9r\u00e9 par la population suisse est directement li\u00e9 aux loisirs. Nos comportements durant notre temps libre am\u00e8nent du bruit dans des r\u00e9gions initialement calmes et tranquilles (montagnes, for\u00eats etc.). En fonction de la mani\u00e8re dont nous concevons nos loisirs, nous contribuons tous plus ou moins \u00e0 rendre notre environnement bruyant. La \u00ab\u00a0Journ\u00e9e contre le bruit 2010\u00a0\u00bb a pour objectif de nous rendre attentifs \u00e0 certaines activit\u00e9s particuli\u00e8rement bruyantes et de proposer des solutions au grand public pour r\u00e9duire les \u00e9missions de bruit.<\/p>\n","protected":false},"excerpt":{"rendered":"<p>La \u00ab\u00a0Journ\u00e9e contre le bruit\u00a0\u00bb 2010 du 28 avril prochain est plac\u00e9e sous la devise \u00ab\u00a0Les loisirs font grand bruit\u00a0\u00bb. Nos loisirs constituent des sources majeures de bruit. Pour la plupart d&rsquo;entre nous, l&rsquo;organisation active du temps libre est intimement li\u00e9e \u00e0 la notion de qualit\u00e9 de vie. Les conflits li\u00e9s au bruit des loisirs [&hellip;]<\/p>\n","protected":false},"author":1,"featured_media":1868,"parent":2765,"menu_order":5,"comment_status":"closed","ping_status":"closed","template":"","meta":{"advgb_blocks_editor_width":"","advgb_blocks_columns_visual_guide":"","footnotes":""},"class_list":["post-2849","page","type-page","status-publish","has-post-thumbnail","hentry"],"yoast_head":"<!-- This site is optimized with the Yoast SEO plugin v23.7 - https:\/\/yoast.com\/wordpress\/plugins\/seo\/ -->\n<title>2010 - Les loisirs font grand bruit - Bruit.ch<\/title>\n<meta name=\"robots\" content=\"index, follow, max-snippet:-1, max-image-preview:large, max-video-preview:-1\" \/>\n<link rel=\"canonical\" href=\"https:\/\/laerm.ch\/tag-gegen-laerm\/archiv\/kampagne-2010\/\" \/>\n<meta property=\"og:locale\" content=\"fr_FR\" \/>\n<meta property=\"og:type\" content=\"article\" \/>\n<meta property=\"og:title\" content=\"2010 - Les loisirs font grand bruit - Bruit.ch\" \/>\n<meta property=\"og:description\" content=\"La \u00ab\u00a0Journ\u00e9e contre le bruit\u00a0\u00bb 2010 du 28 avril prochain est plac\u00e9e sous la devise \u00ab\u00a0Les loisirs font grand bruit\u00a0\u00bb. Nos loisirs constituent des sources majeures de bruit. Pour la plupart d&rsquo;entre nous, l&rsquo;organisation active du temps libre est intimement li\u00e9e \u00e0 la notion de qualit\u00e9 de vie. Les conflits li\u00e9s au bruit des loisirs [&hellip;]\" \/>\n<meta property=\"og:url\" content=\"https:\/\/laerm.ch\/tag-gegen-laerm\/archiv\/kampagne-2010\/\" \/>\n<meta property=\"og:site_name\" content=\"Bruit.ch\" \/>\n<meta property=\"article:modified_time\" content=\"2025-02-04T13:07:10+00:00\" \/>\n<meta property=\"og:image\" content=\"https:\/\/laerm.ch\/wp-content\/uploads\/tag-gegen-laerm-2010_fr.jpg\" \/>\n\t<meta property=\"og:image:width\" content=\"725\" \/>\n\t<meta property=\"og:image:height\" content=\"300\" \/>\n\t<meta property=\"og:image:type\" content=\"image\/jpeg\" \/>\n<meta name=\"twitter:card\" content=\"summary_large_image\" \/>\n<meta name=\"twitter:label1\" content=\"Dur\u00e9e de lecture estim\u00e9e\" \/>\n\t<meta name=\"twitter:data1\" content=\"2 minutes\" \/>\n<script type=\"application\/ld+json\" class=\"yoast-schema-graph\">{\"@context\":\"https:\/\/schema.org\",\"@graph\":[{\"@type\":\"WebPage\",\"@id\":\"https:\/\/laerm.ch\/tag-gegen-laerm\/archiv\/kampagne-2010\/\",\"url\":\"https:\/\/laerm.ch\/tag-gegen-laerm\/archiv\/kampagne-2010\/\",\"name\":\"2010 - Les loisirs font grand bruit - Bruit.ch\",\"isPartOf\":{\"@id\":\"https:\/\/laerm.ch\/#website\"},\"primaryImageOfPage\":{\"@id\":\"https:\/\/laerm.ch\/tag-gegen-laerm\/archiv\/kampagne-2010\/#primaryimage\"},\"image\":{\"@id\":\"https:\/\/laerm.ch\/tag-gegen-laerm\/archiv\/kampagne-2010\/#primaryimage\"},\"thumbnailUrl\":\"https:\/\/laerm.ch\/wp-content\/uploads\/tag-gegen-laerm-2010_fr.jpg\",\"datePublished\":\"2024-01-26T15:50:24+00:00\",\"dateModified\":\"2025-02-04T13:07:10+00:00\",\"breadcrumb\":{\"@id\":\"https:\/\/laerm.ch\/tag-gegen-laerm\/archiv\/kampagne-2010\/#breadcrumb\"},\"inLanguage\":\"fr-FR\",\"potentialAction\":[{\"@type\":\"ReadAction\",\"target\":[\"https:\/\/laerm.ch\/tag-gegen-laerm\/archiv\/kampagne-2010\/\"]}]},{\"@type\":\"ImageObject\",\"inLanguage\":\"fr-FR\",\"@id\":\"https:\/\/laerm.ch\/tag-gegen-laerm\/archiv\/kampagne-2010\/#primaryimage\",\"url\":\"https:\/\/laerm.ch\/wp-content\/uploads\/tag-gegen-laerm-2010_fr.jpg\",\"contentUrl\":\"https:\/\/laerm.ch\/wp-content\/uploads\/tag-gegen-laerm-2010_fr.jpg\",\"width\":725,\"height\":300},{\"@type\":\"BreadcrumbList\",\"@id\":\"https:\/\/laerm.ch\/tag-gegen-laerm\/archiv\/kampagne-2010\/#breadcrumb\",\"itemListElement\":[{\"@type\":\"ListItem\",\"position\":1,\"name\":\"Startseite\",\"item\":\"https:\/\/test.laerm.ch\/fr\/\"},{\"@type\":\"ListItem\",\"position\":2,\"name\":\"Journ\u00e9e contre le bruit\",\"item\":\"https:\/\/laerm.ch\/fr\/journee-contre-le-bruit\/\"},{\"@type\":\"ListItem\",\"position\":3,\"name\":\"Archives\",\"item\":\"https:\/\/laerm.ch\/fr\/journee-contre-le-bruit\/archives\/\"},{\"@type\":\"ListItem\",\"position\":4,\"name\":\"2010 &#8211; Les loisirs font grand bruit\"}]},{\"@type\":\"WebSite\",\"@id\":\"https:\/\/laerm.ch\/#website\",\"url\":\"https:\/\/laerm.ch\/\",\"name\":\"L\u00e4rm.ch\",\"description\":\"Bienvenue sur Bruit.ch, le portail complet de Cercle Bruit sur le th\u00e8me du bruit et de la protection contre le bruit.\",\"publisher\":{\"@id\":\"https:\/\/laerm.ch\/#organization\"},\"potentialAction\":[{\"@type\":\"SearchAction\",\"target\":{\"@type\":\"EntryPoint\",\"urlTemplate\":\"https:\/\/laerm.ch\/?s={search_term_string}\"},\"query-input\":{\"@type\":\"PropertyValueSpecification\",\"valueRequired\":true,\"valueName\":\"search_term_string\"}}],\"inLanguage\":\"fr-FR\"},{\"@type\":\"Organization\",\"@id\":\"https:\/\/laerm.ch\/#organization\",\"name\":\"Cercle Bruit\",\"url\":\"https:\/\/laerm.ch\/\",\"logo\":{\"@type\":\"ImageObject\",\"inLanguage\":\"fr-FR\",\"@id\":\"https:\/\/laerm.ch\/#\/schema\/logo\/image\/\",\"url\":\"https:\/\/laerm.ch\/wp-content\/uploads\/cercleBruitLogoText.png\",\"contentUrl\":\"https:\/\/laerm.ch\/wp-content\/uploads\/cercleBruitLogoText.png\",\"width\":512,\"height\":329,\"caption\":\"Cercle Bruit\"},\"image\":{\"@id\":\"https:\/\/laerm.ch\/#\/schema\/logo\/image\/\"}}]}<\/script>\n<!-- \/ Yoast SEO plugin. -->","yoast_head_json":{"title":"2010 - Les loisirs font grand bruit - Bruit.ch","robots":{"index":"index","follow":"follow","max-snippet":"max-snippet:-1","max-image-preview":"max-image-preview:large","max-video-preview":"max-video-preview:-1"},"canonical":"https:\/\/laerm.ch\/tag-gegen-laerm\/archiv\/kampagne-2010\/","og_locale":"fr_FR","og_type":"article","og_title":"2010 - Les loisirs font grand bruit - Bruit.ch","og_description":"La \u00ab\u00a0Journ\u00e9e contre le bruit\u00a0\u00bb 2010 du 28 avril prochain est plac\u00e9e sous la devise \u00ab\u00a0Les loisirs font grand bruit\u00a0\u00bb. Nos loisirs constituent des sources majeures de bruit. Pour la plupart d&rsquo;entre nous, l&rsquo;organisation active du temps libre est intimement li\u00e9e \u00e0 la notion de qualit\u00e9 de vie. Les conflits li\u00e9s au bruit des loisirs [&hellip;]","og_url":"https:\/\/laerm.ch\/tag-gegen-laerm\/archiv\/kampagne-2010\/","og_site_name":"Bruit.ch","article_modified_time":"2025-02-04T13:07:10+00:00","og_image":[{"width":725,"height":300,"url":"https:\/\/laerm.ch\/wp-content\/uploads\/tag-gegen-laerm-2010_fr.jpg","type":"image\/jpeg"}],"twitter_card":"summary_large_image","twitter_misc":{"Dur\u00e9e de lecture estim\u00e9e":"2 minutes"},"schema":{"@context":"https:\/\/schema.org","@graph":[{"@type":"WebPage","@id":"https:\/\/laerm.ch\/tag-gegen-laerm\/archiv\/kampagne-2010\/","url":"https:\/\/laerm.ch\/tag-gegen-laerm\/archiv\/kampagne-2010\/","name":"2010 - Les loisirs font grand bruit - Bruit.ch","isPartOf":{"@id":"https:\/\/laerm.ch\/#website"},"primaryImageOfPage":{"@id":"https:\/\/laerm.ch\/tag-gegen-laerm\/archiv\/kampagne-2010\/#primaryimage"},"image":{"@id":"https:\/\/laerm.ch\/tag-gegen-laerm\/archiv\/kampagne-2010\/#primaryimage"},"thumbnailUrl":"https:\/\/laerm.ch\/wp-content\/uploads\/tag-gegen-laerm-2010_fr.jpg","datePublished":"2024-01-26T15:50:24+00:00","dateModified":"2025-02-04T13:07:10+00:00","breadcrumb":{"@id":"https:\/\/laerm.ch\/tag-gegen-laerm\/archiv\/kampagne-2010\/#breadcrumb"},"inLanguage":"fr-FR","potentialAction":[{"@type":"ReadAction","target":["https:\/\/laerm.ch\/tag-gegen-laerm\/archiv\/kampagne-2010\/"]}]},{"@type":"ImageObject","inLanguage":"fr-FR","@id":"https:\/\/laerm.ch\/tag-gegen-laerm\/archiv\/kampagne-2010\/#primaryimage","url":"https:\/\/laerm.ch\/wp-content\/uploads\/tag-gegen-laerm-2010_fr.jpg","contentUrl":"https:\/\/laerm.ch\/wp-content\/uploads\/tag-gegen-laerm-2010_fr.jpg","width":725,"height":300},{"@type":"BreadcrumbList","@id":"https:\/\/laerm.ch\/tag-gegen-laerm\/archiv\/kampagne-2010\/#breadcrumb","itemListElement":[{"@type":"ListItem","position":1,"name":"Startseite","item":"https:\/\/test.laerm.ch\/fr\/"},{"@type":"ListItem","position":2,"name":"Journ\u00e9e contre le bruit","item":"https:\/\/laerm.ch\/fr\/journee-contre-le-bruit\/"},{"@type":"ListItem","position":3,"name":"Archives","item":"https:\/\/laerm.ch\/fr\/journee-contre-le-bruit\/archives\/"},{"@type":"ListItem","position":4,"name":"2010 &#8211; Les loisirs font grand bruit"}]},{"@type":"WebSite","@id":"https:\/\/laerm.ch\/#website","url":"https:\/\/laerm.ch\/","name":"L\u00e4rm.ch","description":"Bienvenue sur Bruit.ch, le portail complet de Cercle Bruit sur le th\u00e8me du bruit et de la protection contre le bruit.","publisher":{"@id":"https:\/\/laerm.ch\/#organization"},"potentialAction":[{"@type":"SearchAction","target":{"@type":"EntryPoint","urlTemplate":"https:\/\/laerm.ch\/?s={search_term_string}"},"query-input":{"@type":"PropertyValueSpecification","valueRequired":true,"valueName":"search_term_string"}}],"inLanguage":"fr-FR"},{"@type":"Organization","@id":"https:\/\/laerm.ch\/#organization","name":"Cercle Bruit","url":"https:\/\/laerm.ch\/","logo":{"@type":"ImageObject","inLanguage":"fr-FR","@id":"https:\/\/laerm.ch\/#\/schema\/logo\/image\/","url":"https:\/\/laerm.ch\/wp-content\/uploads\/cercleBruitLogoText.png","contentUrl":"https:\/\/laerm.ch\/wp-content\/uploads\/cercleBruitLogoText.png","width":512,"height":329,"caption":"Cercle Bruit"},"image":{"@id":"https:\/\/laerm.ch\/#\/schema\/logo\/image\/"}}]}},"coauthors":[],"author_meta":{"author_link":"https:\/\/laerm.ch\/fr\/author\/f9c1af47f5d7fcc5\/","display_name":"admin"},"relative_dates":{"created":"Publi\u00e9 2 ans il y a","modified":"Mis \u00e0 jour 1 an il y a"},"absolute_dates":{"created":"Publi\u00e9 le 26. janvier 2024","modified":"Mise \u00e0 jour le 4. f\u00e9vrier 2025"},"absolute_dates_time":{"created":"Publi\u00e9 le 26. janvier 2024 16:50","modified":"Mise \u00e0 jour le 4. f\u00e9vrier 2025 14:07"},"featured_img_caption":"","featured_img":"https:\/\/laerm.ch\/wp-content\/uploads\/tag-gegen-laerm-2010_fr.jpg","series_order":"","_links":{"self":[{"href":"https:\/\/laerm.ch\/fr\/wp-json\/wp\/v2\/pages\/2849"}],"collection":[{"href":"https:\/\/laerm.ch\/fr\/wp-json\/wp\/v2\/pages"}],"about":[{"href":"https:\/\/laerm.ch\/fr\/wp-json\/wp\/v2\/types\/page"}],"author":[{"embeddable":true,"href":"https:\/\/laerm.ch\/fr\/wp-json\/wp\/v2\/users\/1"}],"replies":[{"embeddable":true,"href":"https:\/\/laerm.ch\/fr\/wp-json\/wp\/v2\/comments?post=2849"}],"version-history":[{"count":12,"href":"https:\/\/laerm.ch\/fr\/wp-json\/wp\/v2\/pages\/2849\/revisions"}],"predecessor-version":[{"id":5330,"href":"https:\/\/laerm.ch\/fr\/wp-json\/wp\/v2\/pages\/2849\/revisions\/5330"}],"up":[{"embeddable":true,"href":"https:\/\/laerm.ch\/fr\/wp-json\/wp\/v2\/pages\/2765"}],"wp:featuredmedia":[{"embeddable":true,"href":"https:\/\/laerm.ch\/fr\/wp-json\/wp\/v2\/media\/1868"}],"wp:attachment":[{"href":"https:\/\/laerm.ch\/fr\/wp-json\/wp\/v2\/media?parent=2849"}],"curies":[{"name":"wp","href":"https:\/\/api.w.org\/{rel}","templated":true}]}}