{"id":2865,"date":"2024-01-25T15:16:45","date_gmt":"2024-01-25T14:16:45","guid":{"rendered":"https:\/\/laerm.ch\/journee-contre-le-bruit\/archives\/2012-on-recherche-des-ilots-de-tranquillite\/"},"modified":"2025-02-04T14:05:45","modified_gmt":"2025-02-04T13:05:45","slug":"campagne-2012","status":"publish","type":"page","link":"https:\/\/laerm.ch\/fr\/journee-contre-le-bruit\/archives\/campagne-2012\/","title":{"rendered":"2012 &#8211; \u00c0 la recherce d\u2019oasis de calmes"},"content":{"rendered":"<div id=\"ez-toc-container\" class=\"ez-toc-v2_0_69_1 counter-hierarchy ez-toc-counter ez-toc-transparent ez-toc-container-direction\">\n<label for=\"ez-toc-cssicon-toggle-item-69e01b0963cec\" class=\"ez-toc-cssicon-toggle-label\"><p class=\"ez-toc-title\" style=\"cursor:inherit\">Table des mati\u00e8res<\/p>\n<span class=\"ez-toc-cssicon\"><span class=\"eztoc-hide\" style=\"display:none;\">Toggle<\/span><span class=\"ez-toc-icon-toggle-span\"><svg style=\"fill: #999;color:#999\" xmlns=\"http:\/\/www.w3.org\/2000\/svg\" class=\"list-377408\" width=\"20px\" height=\"20px\" viewBox=\"0 0 24 24\" fill=\"none\"><path d=\"M6 6H4v2h2V6zm14 0H8v2h12V6zM4 11h2v2H4v-2zm16 0H8v2h12v-2zM4 16h2v2H4v-2zm16 0H8v2h12v-2z\" fill=\"currentColor\"><\/path><\/svg><svg style=\"fill: #999;color:#999\" class=\"arrow-unsorted-368013\" xmlns=\"http:\/\/www.w3.org\/2000\/svg\" width=\"10px\" height=\"10px\" viewBox=\"0 0 24 24\" version=\"1.2\" baseProfile=\"tiny\"><path d=\"M18.2 9.3l-6.2-6.3-6.2 6.3c-.2.2-.3.4-.3.7s.1.5.3.7c.2.2.4.3.7.3h11c.3 0 .5-.1.7-.3.2-.2.3-.5.3-.7s-.1-.5-.3-.7zM5.8 14.7l6.2 6.3 6.2-6.3c.2-.2.3-.5.3-.7s-.1-.5-.3-.7c-.2-.2-.4-.3-.7-.3h-11c-.3 0-.5.1-.7.3-.2.2-.3.5-.3.7s.1.5.3.7z\"\/><\/svg><\/span><\/span><\/label><input type=\"checkbox\" style='display:none' id=\"ez-toc-cssicon-toggle-item-69e01b0963cec\" checked \/><nav><ul class='ez-toc-list ez-toc-list-level-1 ' ><li class='ez-toc-page-1 ez-toc-heading-level-2'><a class=\"ez-toc-link ez-toc-heading-1\" href=\"https:\/\/laerm.ch\/fr\/journee-contre-le-bruit\/archives\/campagne-2012\/#se-detendre-dans-le-calme\" title=\"Se d\u00e9tendre dans le calme\">Se d\u00e9tendre dans le calme<\/a><\/li><li class='ez-toc-page-1 ez-toc-heading-level-2'><a class=\"ez-toc-link ez-toc-heading-2\" href=\"https:\/\/laerm.ch\/fr\/journee-contre-le-bruit\/archives\/campagne-2012\/#oasis-de-calme-menacees\" title=\"Oasis de calme menac\u00e9es\">Oasis de calme menac\u00e9es<\/a><\/li><\/ul><\/nav><\/div>\n\n<p>Dans la vie quotidienne, le stress est souvent en \u00e9troit rapport avec le bruit. En Suisse, environ les deux tiers de la population se sentent d\u00e9rang\u00e9s par le bruit. Il est donc d&rsquo;autant plus important de pouvoir se r\u00e9fugier dans une oasis de calme de temps \u00e0 autre. Cependant, les lieux de d\u00e9tente \u00e9pargn\u00e9s par le bruit deviennent de plus en plus difficiles \u00e0 trouver. Le tapis de bruit se d\u00e9roule de plus en plus loin, m\u00eame dans la nature suppos\u00e9e tranquille. Sous la devise \u00ab\u00a0\u00c0 la recherche d&rsquo;oasis de calme\u00a0\u00bb, la \u00ab\u00a0Journ\u00e9e contre le bruit\u00a0\u00bb de cette ann\u00e9e a pour but de rendre le public attentif \u00e0 l&rsquo;exposition croissante au bruit de nos lieux de d\u00e9tente.<\/p>\n\n\n\n<p><a class=\"_dl\" href=\"https:\/\/laerm.ch\/wp-content\/uploads\/tgl_medienmitteilung2012.pdf\" target=\"_blank\" rel=\"noreferrer noopener\">Communiqu\u00e9 de presse (DE)<\/a><br><a class=\"_ex\" href=\"https:\/\/www.admin.ch\/gov\/fr\/accueil\/documentation\/communiques.msg-id-44240.html\" target=\"_blank\" rel=\"noreferrer noopener\">Communiqu\u00e9 de presse de la CFLB<\/a><\/p>\n\n\n\n<h2 class=\"wp-block-heading\"><span class=\"ez-toc-section\" id=\"se-detendre-dans-le-calme\"><\/span>Se d\u00e9tendre dans le calme<span class=\"ez-toc-section-end\"><\/span><\/h2>\n\n\n\n<p>Le calme n&rsquo;est pas forc\u00e9ment synonyme de silence. Le silence pr\u00e9suppose l&rsquo;absence de bruit d\u00e9rangeant, tandis que le calme se r\u00e9f\u00e8re \u00e0 l&rsquo;absence d&rsquo;effervescence et de sources de diversion. Ainsi, un environnement sonore n&rsquo;affecte pas obligatoirement le calme. Des sons agr\u00e9ables peuvent m\u00eame augmenter le sentiment de bien-\u00eatre. Les sons naturels, comme par exemple le chant des oiseaux, le bruit de l&rsquo;eau ou le fr\u00e9missement des feuilles agit\u00e9es par le vent, sont particuli\u00e8rement appr\u00e9ci\u00e9s.<\/p>\n\n\n\n<h2 class=\"wp-block-heading\"><span class=\"ez-toc-section\" id=\"oasis-de-calme-menacees\"><\/span>Oasis de calme menac\u00e9es<span class=\"ez-toc-section-end\"><\/span><\/h2>\n\n\n\n<p>Malheureusement, m\u00eame les oasis de calmes ne sont pas toujours \u00e9pargn\u00e9s par le bruit. En effet, nous provoquons du bruit dans le cadre de nos loisirs, que ce soit en roulant en voiture ou \u00e0 moto, en faisant de la musique ou du sport. Les outils de jardins, tels que les souffleuses \u00e0 feuilles ou les tondeuses \u00e0 gazon, portent atteinte \u00e0 l&rsquo;environnement sonore de lieux initialement tranquilles. M\u00eame les oasis de calme plus vastes sont toujours davantage envahis par le bruit. Les zones b\u00e2ties, en continuelle expansion, empi\u00e8tent sur les terres encore libres et provoquent la perte d&rsquo;espaces de d\u00e9tente. Parall\u00e8lement, le d\u00e9veloppement des routes, des autoroutes et des chemins de fer apporte du bruit dans des zones paisibles.<\/p>\n\n\n\n<h2 class=\"wp-block-heading\"><\/h2>\n","protected":false},"excerpt":{"rendered":"<p>Dans la vie quotidienne, le stress est souvent en \u00e9troit rapport avec le bruit. En Suisse, environ les deux tiers de la population se sentent d\u00e9rang\u00e9s par le bruit. Il est donc d&rsquo;autant plus important de pouvoir se r\u00e9fugier dans une oasis de calme de temps \u00e0 autre. Cependant, les lieux de d\u00e9tente \u00e9pargn\u00e9s par [&hellip;]<\/p>\n","protected":false},"author":1,"featured_media":0,"parent":2765,"menu_order":7,"comment_status":"closed","ping_status":"closed","template":"","meta":{"advgb_blocks_editor_width":"","advgb_blocks_columns_visual_guide":"","footnotes":""},"class_list":["post-2865","page","type-page","status-publish","hentry"],"yoast_head":"<!-- This site is optimized with the Yoast SEO plugin v23.7 - https:\/\/yoast.com\/wordpress\/plugins\/seo\/ -->\n<title>2012 - \u00c0 la recherce d\u2019oasis de calmes - Bruit.ch<\/title>\n<meta name=\"robots\" content=\"index, follow, max-snippet:-1, max-image-preview:large, max-video-preview:-1\" \/>\n<link rel=\"canonical\" href=\"https:\/\/laerm.ch\/tag-gegen-laerm\/archiv\/kampagne-2012\/\" \/>\n<meta property=\"og:locale\" content=\"fr_FR\" \/>\n<meta property=\"og:type\" content=\"article\" \/>\n<meta property=\"og:title\" content=\"2012 - \u00c0 la recherce d\u2019oasis de calmes - Bruit.ch\" \/>\n<meta property=\"og:description\" content=\"Dans la vie quotidienne, le stress est souvent en \u00e9troit rapport avec le bruit. En Suisse, environ les deux tiers de la population se sentent d\u00e9rang\u00e9s par le bruit. Il est donc d&rsquo;autant plus important de pouvoir se r\u00e9fugier dans une oasis de calme de temps \u00e0 autre. Cependant, les lieux de d\u00e9tente \u00e9pargn\u00e9s par [&hellip;]\" \/>\n<meta property=\"og:url\" content=\"https:\/\/laerm.ch\/tag-gegen-laerm\/archiv\/kampagne-2012\/\" \/>\n<meta property=\"og:site_name\" content=\"Bruit.ch\" \/>\n<meta property=\"article:modified_time\" content=\"2025-02-04T13:05:45+00:00\" \/>\n<meta name=\"twitter:card\" content=\"summary_large_image\" \/>\n<meta name=\"twitter:label1\" content=\"Dur\u00e9e de lecture estim\u00e9e\" \/>\n\t<meta name=\"twitter:data1\" content=\"2 minutes\" \/>\n<script type=\"application\/ld+json\" class=\"yoast-schema-graph\">{\"@context\":\"https:\/\/schema.org\",\"@graph\":[{\"@type\":\"WebPage\",\"@id\":\"https:\/\/laerm.ch\/tag-gegen-laerm\/archiv\/kampagne-2012\/\",\"url\":\"https:\/\/laerm.ch\/tag-gegen-laerm\/archiv\/kampagne-2012\/\",\"name\":\"2012 - \u00c0 la recherce d\u2019oasis de calmes - Bruit.ch\",\"isPartOf\":{\"@id\":\"https:\/\/laerm.ch\/#website\"},\"datePublished\":\"2024-01-25T14:16:45+00:00\",\"dateModified\":\"2025-02-04T13:05:45+00:00\",\"breadcrumb\":{\"@id\":\"https:\/\/laerm.ch\/tag-gegen-laerm\/archiv\/kampagne-2012\/#breadcrumb\"},\"inLanguage\":\"fr-FR\",\"potentialAction\":[{\"@type\":\"ReadAction\",\"target\":[\"https:\/\/laerm.ch\/tag-gegen-laerm\/archiv\/kampagne-2012\/\"]}]},{\"@type\":\"BreadcrumbList\",\"@id\":\"https:\/\/laerm.ch\/tag-gegen-laerm\/archiv\/kampagne-2012\/#breadcrumb\",\"itemListElement\":[{\"@type\":\"ListItem\",\"position\":1,\"name\":\"Startseite\",\"item\":\"https:\/\/test.laerm.ch\/fr\/\"},{\"@type\":\"ListItem\",\"position\":2,\"name\":\"Journ\u00e9e contre le bruit\",\"item\":\"https:\/\/laerm.ch\/fr\/journee-contre-le-bruit\/\"},{\"@type\":\"ListItem\",\"position\":3,\"name\":\"Archives\",\"item\":\"https:\/\/laerm.ch\/fr\/journee-contre-le-bruit\/archives\/\"},{\"@type\":\"ListItem\",\"position\":4,\"name\":\"2012 &#8211; \u00c0 la recherce d\u2019oasis de calmes\"}]},{\"@type\":\"WebSite\",\"@id\":\"https:\/\/laerm.ch\/#website\",\"url\":\"https:\/\/laerm.ch\/\",\"name\":\"L\u00e4rm.ch\",\"description\":\"Bienvenue sur Bruit.ch, le portail complet de Cercle Bruit sur le th\u00e8me du bruit et de la protection contre le bruit.\",\"publisher\":{\"@id\":\"https:\/\/laerm.ch\/#organization\"},\"potentialAction\":[{\"@type\":\"SearchAction\",\"target\":{\"@type\":\"EntryPoint\",\"urlTemplate\":\"https:\/\/laerm.ch\/?s={search_term_string}\"},\"query-input\":{\"@type\":\"PropertyValueSpecification\",\"valueRequired\":true,\"valueName\":\"search_term_string\"}}],\"inLanguage\":\"fr-FR\"},{\"@type\":\"Organization\",\"@id\":\"https:\/\/laerm.ch\/#organization\",\"name\":\"Cercle Bruit\",\"url\":\"https:\/\/laerm.ch\/\",\"logo\":{\"@type\":\"ImageObject\",\"inLanguage\":\"fr-FR\",\"@id\":\"https:\/\/laerm.ch\/#\/schema\/logo\/image\/\",\"url\":\"https:\/\/laerm.ch\/wp-content\/uploads\/cercleBruitLogoText.png\",\"contentUrl\":\"https:\/\/laerm.ch\/wp-content\/uploads\/cercleBruitLogoText.png\",\"width\":512,\"height\":329,\"caption\":\"Cercle Bruit\"},\"image\":{\"@id\":\"https:\/\/laerm.ch\/#\/schema\/logo\/image\/\"}}]}<\/script>\n<!-- \/ Yoast SEO plugin. -->","yoast_head_json":{"title":"2012 - \u00c0 la recherce d\u2019oasis de calmes - Bruit.ch","robots":{"index":"index","follow":"follow","max-snippet":"max-snippet:-1","max-image-preview":"max-image-preview:large","max-video-preview":"max-video-preview:-1"},"canonical":"https:\/\/laerm.ch\/tag-gegen-laerm\/archiv\/kampagne-2012\/","og_locale":"fr_FR","og_type":"article","og_title":"2012 - \u00c0 la recherce d\u2019oasis de calmes - Bruit.ch","og_description":"Dans la vie quotidienne, le stress est souvent en \u00e9troit rapport avec le bruit. En Suisse, environ les deux tiers de la population se sentent d\u00e9rang\u00e9s par le bruit. Il est donc d&rsquo;autant plus important de pouvoir se r\u00e9fugier dans une oasis de calme de temps \u00e0 autre. Cependant, les lieux de d\u00e9tente \u00e9pargn\u00e9s par [&hellip;]","og_url":"https:\/\/laerm.ch\/tag-gegen-laerm\/archiv\/kampagne-2012\/","og_site_name":"Bruit.ch","article_modified_time":"2025-02-04T13:05:45+00:00","twitter_card":"summary_large_image","twitter_misc":{"Dur\u00e9e de lecture estim\u00e9e":"2 minutes"},"schema":{"@context":"https:\/\/schema.org","@graph":[{"@type":"WebPage","@id":"https:\/\/laerm.ch\/tag-gegen-laerm\/archiv\/kampagne-2012\/","url":"https:\/\/laerm.ch\/tag-gegen-laerm\/archiv\/kampagne-2012\/","name":"2012 - \u00c0 la recherce d\u2019oasis de calmes - Bruit.ch","isPartOf":{"@id":"https:\/\/laerm.ch\/#website"},"datePublished":"2024-01-25T14:16:45+00:00","dateModified":"2025-02-04T13:05:45+00:00","breadcrumb":{"@id":"https:\/\/laerm.ch\/tag-gegen-laerm\/archiv\/kampagne-2012\/#breadcrumb"},"inLanguage":"fr-FR","potentialAction":[{"@type":"ReadAction","target":["https:\/\/laerm.ch\/tag-gegen-laerm\/archiv\/kampagne-2012\/"]}]},{"@type":"BreadcrumbList","@id":"https:\/\/laerm.ch\/tag-gegen-laerm\/archiv\/kampagne-2012\/#breadcrumb","itemListElement":[{"@type":"ListItem","position":1,"name":"Startseite","item":"https:\/\/test.laerm.ch\/fr\/"},{"@type":"ListItem","position":2,"name":"Journ\u00e9e contre le bruit","item":"https:\/\/laerm.ch\/fr\/journee-contre-le-bruit\/"},{"@type":"ListItem","position":3,"name":"Archives","item":"https:\/\/laerm.ch\/fr\/journee-contre-le-bruit\/archives\/"},{"@type":"ListItem","position":4,"name":"2012 &#8211; \u00c0 la recherce d\u2019oasis de calmes"}]},{"@type":"WebSite","@id":"https:\/\/laerm.ch\/#website","url":"https:\/\/laerm.ch\/","name":"L\u00e4rm.ch","description":"Bienvenue sur Bruit.ch, le portail complet de Cercle Bruit sur le th\u00e8me du bruit et de la protection contre le bruit.","publisher":{"@id":"https:\/\/laerm.ch\/#organization"},"potentialAction":[{"@type":"SearchAction","target":{"@type":"EntryPoint","urlTemplate":"https:\/\/laerm.ch\/?s={search_term_string}"},"query-input":{"@type":"PropertyValueSpecification","valueRequired":true,"valueName":"search_term_string"}}],"inLanguage":"fr-FR"},{"@type":"Organization","@id":"https:\/\/laerm.ch\/#organization","name":"Cercle Bruit","url":"https:\/\/laerm.ch\/","logo":{"@type":"ImageObject","inLanguage":"fr-FR","@id":"https:\/\/laerm.ch\/#\/schema\/logo\/image\/","url":"https:\/\/laerm.ch\/wp-content\/uploads\/cercleBruitLogoText.png","contentUrl":"https:\/\/laerm.ch\/wp-content\/uploads\/cercleBruitLogoText.png","width":512,"height":329,"caption":"Cercle Bruit"},"image":{"@id":"https:\/\/laerm.ch\/#\/schema\/logo\/image\/"}}]}},"coauthors":[],"author_meta":{"author_link":"https:\/\/laerm.ch\/fr\/author\/f9c1af47f5d7fcc5\/","display_name":"admin"},"relative_dates":{"created":"Publi\u00e9 2 ans il y a","modified":"Mis \u00e0 jour 1 an il y a"},"absolute_dates":{"created":"Publi\u00e9 le 25. janvier 2024","modified":"Mise \u00e0 jour le 4. f\u00e9vrier 2025"},"absolute_dates_time":{"created":"Publi\u00e9 le 25. janvier 2024 15:16","modified":"Mise \u00e0 jour le 4. f\u00e9vrier 2025 14:05"},"featured_img_caption":"","featured_img":false,"series_order":"","_links":{"self":[{"href":"https:\/\/laerm.ch\/fr\/wp-json\/wp\/v2\/pages\/2865"}],"collection":[{"href":"https:\/\/laerm.ch\/fr\/wp-json\/wp\/v2\/pages"}],"about":[{"href":"https:\/\/laerm.ch\/fr\/wp-json\/wp\/v2\/types\/page"}],"author":[{"embeddable":true,"href":"https:\/\/laerm.ch\/fr\/wp-json\/wp\/v2\/users\/1"}],"replies":[{"embeddable":true,"href":"https:\/\/laerm.ch\/fr\/wp-json\/wp\/v2\/comments?post=2865"}],"version-history":[{"count":13,"href":"https:\/\/laerm.ch\/fr\/wp-json\/wp\/v2\/pages\/2865\/revisions"}],"predecessor-version":[{"id":5014,"href":"https:\/\/laerm.ch\/fr\/wp-json\/wp\/v2\/pages\/2865\/revisions\/5014"}],"up":[{"embeddable":true,"href":"https:\/\/laerm.ch\/fr\/wp-json\/wp\/v2\/pages\/2765"}],"wp:attachment":[{"href":"https:\/\/laerm.ch\/fr\/wp-json\/wp\/v2\/media?parent=2865"}],"curies":[{"name":"wp","href":"https:\/\/api.w.org\/{rel}","templated":true}]}}