{"id":2873,"date":"2024-01-25T15:13:39","date_gmt":"2024-01-25T14:13:39","guid":{"rendered":"https:\/\/laerm.ch\/journee-contre-le-bruit\/archives\/2013-le-bruit-rend-muet\/"},"modified":"2025-02-04T13:21:31","modified_gmt":"2025-02-04T12:21:31","slug":"campagne-2013","status":"publish","type":"page","link":"https:\/\/laerm.ch\/fr\/journee-contre-le-bruit\/archives\/campagne-2013\/","title":{"rendered":"2013 &#8211; Le bruit rend muet"},"content":{"rendered":"<div id=\"ez-toc-container\" class=\"ez-toc-v2_0_69_1 counter-hierarchy ez-toc-counter ez-toc-transparent ez-toc-container-direction\">\n<label for=\"ez-toc-cssicon-toggle-item-69dc99e07f9f9\" class=\"ez-toc-cssicon-toggle-label\"><p class=\"ez-toc-title\" style=\"cursor:inherit\">Table des mati\u00e8res<\/p>\n<span class=\"ez-toc-cssicon\"><span class=\"eztoc-hide\" style=\"display:none;\">Toggle<\/span><span class=\"ez-toc-icon-toggle-span\"><svg style=\"fill: #999;color:#999\" xmlns=\"http:\/\/www.w3.org\/2000\/svg\" class=\"list-377408\" width=\"20px\" height=\"20px\" viewBox=\"0 0 24 24\" fill=\"none\"><path d=\"M6 6H4v2h2V6zm14 0H8v2h12V6zM4 11h2v2H4v-2zm16 0H8v2h12v-2zM4 16h2v2H4v-2zm16 0H8v2h12v-2z\" fill=\"currentColor\"><\/path><\/svg><svg style=\"fill: #999;color:#999\" class=\"arrow-unsorted-368013\" xmlns=\"http:\/\/www.w3.org\/2000\/svg\" width=\"10px\" height=\"10px\" viewBox=\"0 0 24 24\" version=\"1.2\" baseProfile=\"tiny\"><path d=\"M18.2 9.3l-6.2-6.3-6.2 6.3c-.2.2-.3.4-.3.7s.1.5.3.7c.2.2.4.3.7.3h11c.3 0 .5-.1.7-.3.2-.2.3-.5.3-.7s-.1-.5-.3-.7zM5.8 14.7l6.2 6.3 6.2-6.3c.2-.2.3-.5.3-.7s-.1-.5-.3-.7c-.2-.2-.4-.3-.7-.3h-11c-.3 0-.5.1-.7.3-.2.2-.3.5-.3.7s.1.5.3.7z\"\/><\/svg><\/span><\/span><\/label><input type=\"checkbox\" style='display:none' id=\"ez-toc-cssicon-toggle-item-69dc99e07f9f9\" checked \/><nav><ul class='ez-toc-list ez-toc-list-level-1 ' ><li class='ez-toc-page-1 ez-toc-heading-level-2'><a class=\"ez-toc-link ez-toc-heading-1\" href=\"https:\/\/laerm.ch\/fr\/journee-contre-le-bruit\/archives\/campagne-2013\/#le-bruit-perturbe-la-communication\" title=\"Le bruit perturbe la communication\">Le bruit perturbe la communication<\/a><ul class='ez-toc-list-level-3' ><li class='ez-toc-heading-level-3'><a class=\"ez-toc-link ez-toc-heading-2\" href=\"https:\/\/laerm.ch\/fr\/journee-contre-le-bruit\/archives\/campagne-2013\/#visages-muets\" title=\"Visages muets\">Visages muets<\/a><\/li><li class='ez-toc-page-1 ez-toc-heading-level-3'><a class=\"ez-toc-link ez-toc-heading-3\" href=\"https:\/\/laerm.ch\/fr\/journee-contre-le-bruit\/archives\/campagne-2013\/#restaurants-et-salles-de-classe-bruyantes\" title=\"Restaurants et salles de classe bruyantes\">Restaurants et salles de classe bruyantes<\/a><\/li><li class='ez-toc-page-1 ez-toc-heading-level-3'><a class=\"ez-toc-link ez-toc-heading-4\" href=\"https:\/\/laerm.ch\/fr\/journee-contre-le-bruit\/archives\/campagne-2013\/#reactions-face-a-un-bruit-excessif\" title=\"R\u00e9actions face \u00e0 un bruit excessif\">R\u00e9actions face \u00e0 un bruit excessif<\/a><\/li><li class='ez-toc-page-1 ez-toc-heading-level-3'><a class=\"ez-toc-link ez-toc-heading-5\" href=\"https:\/\/laerm.ch\/fr\/journee-contre-le-bruit\/archives\/campagne-2013\/#les-victimes-sont-essentiellement-les-enfants-et-les-malentendants\" title=\"Les victimes sont essentiellement les enfants et les malentendants\">Les victimes sont essentiellement les enfants et les malentendants<\/a><\/li><\/ul><\/li><\/ul><\/nav><\/div>\n\n<p>Lors de la Journ\u00e9e contre le bruit 2013, l&rsquo;influence du bruit sur la communication verbale dans l&rsquo;espace public sera abord\u00e9e sous le slogan \u00ab\u00a0Le bruit rend muet\u00a0\u00bb. Que ce soit au restaurant, dans une salle de classe ou sur un balcon, la communication verbale est entrav\u00e9e par divers facteurs perturbateurs tels que l&rsquo;acoustique de la pi\u00e8ce ou le bruit. Parce que nous ne comprenons plus notre interlocuteur ou parce que l&rsquo;\u00e9change verbal ne peux m\u00eame plus avoir lieu.<\/p>\n\n\n\n<p>Dans six villes suisses, des acteurs et pantomimes attireront l&rsquo;attention sur la Journ\u00e9e contre le bruit gr\u00e2ce \u00e0 des interactions cibl\u00e9es.<\/p>\n\n\n\n<p><a class=\"_dl\" href=\"https:\/\/laerm.ch\/wp-content\/uploads\/tgl13_medienmitteilung_d.pdf\" target=\"_blank\" rel=\"noreferrer noopener\">Communiqu\u00e9 de presse (DE)<\/a><br><a class=\"_ex\" href=\"https:\/\/www.admin.ch\/gov\/fr\/accueil\/documentation\/communiques.msg-id-48609.html\" target=\"_blank\" rel=\"noreferrer noopener\">Communiqu\u00e9 de presse de la CFLB<\/a><\/p>\n\n\n<div class=\"wp-block-image\">\n<figure class=\"aligncenter size-full\"><img loading=\"lazy\" decoding=\"async\" width=\"725\" height=\"483\" src=\"https:\/\/laerm.ch\/wp-content\/uploads\/tgl_2013_1.jpg\" alt=\"\" class=\"wp-image-2111\" srcset=\"https:\/\/laerm.ch\/wp-content\/uploads\/tgl_2013_1.jpg 725w, https:\/\/laerm.ch\/wp-content\/uploads\/tgl_2013_1-300x200.jpg 300w\" sizes=\"(max-width: 725px) 100vw, 725px\" \/><figcaption class=\"wp-element-caption\">Photo: Umsicht<\/figcaption><\/figure><\/div>\n\n\n<h2 class=\"wp-block-heading\"><span class=\"ez-toc-section\" id=\"le-bruit-perturbe-la-communication\"><\/span>Le bruit perturbe la communication<span class=\"ez-toc-section-end\"><\/span><\/h2>\n\n\n\n<p><strong>Que ce soit dans un espace public, au restaurant ou dans une salle de classe, le bruit a une influence n\u00e9gative sur l&rsquo;intelligibilit\u00e9 et entrave la communication verbale. L&rsquo;intelligibilit\u00e9 de la parole se d\u00e9t\u00e9riore et l&rsquo;exc\u00e8s de bruit entra\u00eene des perturbations de la communication verbale et diminue la capacit\u00e9 d&rsquo;apprentissage.<\/strong><\/p>\n\n\n\n<p>Les lieux publics sont g\u00e9n\u00e9ralement utilis\u00e9s pour faire une pause, pour manger, pour faire du sport, pour des activit\u00e9s culturelles ou encore comme lieu de rencontre. La population \u00e9prouve un grand besoin de communiquer \u00e0 l&rsquo;ext\u00e9rieur, mais le bruit y constitue r\u00e9guli\u00e8rement un facteur qui entrave le dialogue.<\/p>\n\n\n\n<h3 class=\"wp-block-heading\"><span class=\"ez-toc-section\" id=\"visages-muets\"><\/span>Visages muets<span class=\"ez-toc-section-end\"><\/span><\/h3>\n\n\n\n<p>L&rsquo;espace public est l&rsquo;art\u00e8re vitale d&rsquo;une ville ou d&rsquo;un village et constitue un lieu vou\u00e9 aux interactions entre les individus. Lorsque cet \u00e9change est rendu difficile ou impossible par des sources de bruit diverses, une part importante de la qualit\u00e9 de vie est perdue. Les images de personnes muettes aux croisements de routes, sur les places publiques ou dans les caf\u00e9s s&rsquo;int\u00e8grent \u00e0 un tableau urbain typique, dans lequel l&rsquo;environnement est souvent simplement trop bruyant pour qu&rsquo;il soit possible de se lancer dans une discussion. Ainsi, des zones de rencontre ou des parcs cr\u00e9\u00e9s avec beaucoup d&rsquo;enthousiasme restent vides si l&rsquo;environnement sonore est tout simplement d\u00e9rangeant. M\u00eame si des mesures de protection contre le bruit et de mod\u00e9ration du trafic contribuent \u00e0 am\u00e9liorer la situation en de nombreux endroits, la simple perspective de devoir crier sur son vis-\u00e0-vis pour pouvoir \u00eatre compris encourage de nombreuses personnes \u00e0 rester muettes. Les probl\u00e8mes d&rsquo;intelligibilit\u00e9 ne concernent pas uniquement les espaces publics, mais aussi d&rsquo;autres locaux tels que les restaurants ou les salles de classes, souvent trop bruyants \u00e9galement.<\/p>\n\n\n\n<h3 class=\"wp-block-heading\"><span class=\"ez-toc-section\" id=\"restaurants-et-salles-de-classe-bruyantes\"><\/span>Restaurants et salles de classe bruyantes<span class=\"ez-toc-section-end\"><\/span><\/h3>\n\n\n\n<p>Nous connaissons tous le sentiment d\u00e9sagr\u00e9able d&rsquo;une discussion rendue impossible par le niveau de bruit r\u00e9gnant dans un restaurant. Dans cette situation, \u00e9couter devient un calvaire, le dialogue un tour de force. La musique de fond, les entrechoquements des verres et le sifflement des machines \u00e0 caf\u00e9 viennent se m\u00e9langer au son des voix pour former un bruit confus, g\u00eanant et ininterrompu. Cet inconv\u00e9nient de taille est souvent le r\u00e9sultat d&rsquo;une mauvaise insonorisation int\u00e9rieure, aspect souvent n\u00e9glig\u00e9 lors de la planification et de l&rsquo;am\u00e9nagement des locaux. Ce probl\u00e8me n&rsquo;est pas non plus r\u00e9solu de mani\u00e8re optimale dans de tr\u00e8s nombreuses salles de classe. La r\u00e8gle suivante s&rsquo;applique: Plus un mat\u00e9riau est lisse, plus le temps de r\u00e9verb\u00e9ration est long. Dans les locaux bruyants, une am\u00e9lioration est possible en utilisant des textiles tels que des rideaux ou des tapis, mais aussi en positionnant des tableaux, des plantes ou des plaques absorbantes aux endroits appropri\u00e9s.<\/p>\n\n\n\n<h3 class=\"wp-block-heading\"><span class=\"ez-toc-section\" id=\"reactions-face-a-un-bruit-excessif\"><\/span>R\u00e9actions face \u00e0 un bruit excessif<span class=\"ez-toc-section-end\"><\/span><\/h3>\n\n\n\n<p>Les effets n\u00e9gatifs du bruit sur la communication verbale sont affront\u00e9s de diff\u00e9rentes mani\u00e8res. Certains \u00e9coutent de mani\u00e8re concentr\u00e9e, d&rsquo;autres se mettent \u00e0 parler plus fort. Quoiqu&rsquo;il en soit, une meilleure \u00e9coute n\u00e9cessite une attention accrue, ce qui limite en g\u00e9n\u00e9ral les possibilit\u00e9s de mener \u00e0 bien d&rsquo;autres activit\u00e9s en m\u00eame temps. Dans les salles de classe, de telles conditions provoquent des probl\u00e8mes de concentration et une humeur irritable aussi bien chez les \u00e9coliers que chez les enseignants. Au restaurant, seules deux issues restent souvent envisageables: Fuir vers un local plus tranquille ou alors parler moins et consommer plus. Dans de nombreux restaurants et bars, maintenir un niveau de bruit volontairement \u00e9lev\u00e9 pour stimuler la consommation de boissons fait d&rsquo;ailleurs partie des pratiques courantes.<\/p>\n\n\n\n<h3 class=\"wp-block-heading\"><span class=\"ez-toc-section\" id=\"les-victimes-sont-essentiellement-les-enfants-et-les-malentendants\"><\/span>Les victimes sont essentiellement les enfants et les malentendants<span class=\"ez-toc-section-end\"><\/span><\/h3>\n\n\n\n<p>Le bruit exerce un effet direct sur la communication en faussant le signal verbal \u00e9mis. Celui qui \u00e9coute n&rsquo;est plus en mesure de d\u00e9chiffrer le message verbal correctement et doit par cons\u00e9quent tenter de compl\u00e9ter les informations manquantes \u00e0 partir du contexte ou alors esp\u00e9rer que son interlocuteur \u00e9l\u00e8ve la voix. L&rsquo;alt\u00e9ration du langage et les interruptions de la communication (bruit routier, etc.) sont encore davantage un probl\u00e8me pour les enfants, car ces derniers disposent d&rsquo;un vocabulaire restreint et d&rsquo;une m\u00e9moire acoustique limit\u00e9e. C&rsquo;est pourquoi il est difficile \u00e0 des enfants de replacer les \u00e9l\u00e9ments manqu\u00e9s dans le bon contexte. En outre, chez les enfants, une exposition au bruit chronique peut avoir des cons\u00e9quences n\u00e9gatives sur le d\u00e9veloppement du langage. Les personnes avec des troubles de l&rsquo;ou\u00efe \u00e0 un degr\u00e9 faible ou moyen sont \u00e9galement touch\u00e9es. Il n&rsquo;est pas surprenant que de nombreux utilisateurs d&rsquo;appareils auditifs se r\u00e9signent \u00e0 se retirer de la vie publique \u00e0 cause de l&rsquo;influence n\u00e9gative du bruit sur leurs possibilit\u00e9s de communication.<\/p>\n","protected":false},"excerpt":{"rendered":"<p>Lors de la Journ\u00e9e contre le bruit 2013, l&rsquo;influence du bruit sur la communication verbale dans l&rsquo;espace public sera abord\u00e9e sous le slogan \u00ab\u00a0Le bruit rend muet\u00a0\u00bb. Que ce soit au restaurant, dans une salle de classe ou sur un balcon, la communication verbale est entrav\u00e9e par divers facteurs perturbateurs tels que l&rsquo;acoustique de la [&hellip;]<\/p>\n","protected":false},"author":1,"featured_media":2120,"parent":2765,"menu_order":8,"comment_status":"closed","ping_status":"closed","template":"","meta":{"advgb_blocks_editor_width":"","advgb_blocks_columns_visual_guide":"","footnotes":""},"class_list":["post-2873","page","type-page","status-publish","has-post-thumbnail","hentry"],"yoast_head":"<!-- This site is optimized with the Yoast SEO plugin v23.7 - https:\/\/yoast.com\/wordpress\/plugins\/seo\/ -->\n<title>2013 - Le bruit rend muet - Bruit.ch<\/title>\n<meta name=\"robots\" content=\"index, follow, max-snippet:-1, max-image-preview:large, max-video-preview:-1\" \/>\n<link rel=\"canonical\" href=\"https:\/\/laerm.ch\/tag-gegen-laerm\/archiv\/kampagne-2013\/\" \/>\n<meta property=\"og:locale\" content=\"fr_FR\" \/>\n<meta property=\"og:type\" content=\"article\" \/>\n<meta property=\"og:title\" content=\"2013 - Le bruit rend muet - Bruit.ch\" \/>\n<meta property=\"og:description\" content=\"Lors de la Journ\u00e9e contre le bruit 2013, l&rsquo;influence du bruit sur la communication verbale dans l&rsquo;espace public sera abord\u00e9e sous le slogan \u00ab\u00a0Le bruit rend muet\u00a0\u00bb. Que ce soit au restaurant, dans une salle de classe ou sur un balcon, la communication verbale est entrav\u00e9e par divers facteurs perturbateurs tels que l&rsquo;acoustique de la [&hellip;]\" \/>\n<meta property=\"og:url\" content=\"https:\/\/laerm.ch\/tag-gegen-laerm\/archiv\/kampagne-2013\/\" \/>\n<meta property=\"og:site_name\" content=\"Bruit.ch\" \/>\n<meta property=\"article:modified_time\" content=\"2025-02-04T12:21:31+00:00\" \/>\n<meta property=\"og:image\" content=\"https:\/\/laerm.ch\/wp-content\/uploads\/tag-gegen-laerm-2013_fr.jpg\" \/>\n\t<meta property=\"og:image:width\" content=\"725\" \/>\n\t<meta property=\"og:image:height\" content=\"300\" \/>\n\t<meta property=\"og:image:type\" content=\"image\/jpeg\" \/>\n<meta name=\"twitter:card\" content=\"summary_large_image\" \/>\n<meta name=\"twitter:label1\" content=\"Dur\u00e9e de lecture estim\u00e9e\" \/>\n\t<meta name=\"twitter:data1\" content=\"5 minutes\" \/>\n<script type=\"application\/ld+json\" class=\"yoast-schema-graph\">{\"@context\":\"https:\/\/schema.org\",\"@graph\":[{\"@type\":\"WebPage\",\"@id\":\"https:\/\/laerm.ch\/tag-gegen-laerm\/archiv\/kampagne-2013\/\",\"url\":\"https:\/\/laerm.ch\/tag-gegen-laerm\/archiv\/kampagne-2013\/\",\"name\":\"2013 - Le bruit rend muet - Bruit.ch\",\"isPartOf\":{\"@id\":\"https:\/\/laerm.ch\/#website\"},\"primaryImageOfPage\":{\"@id\":\"https:\/\/laerm.ch\/tag-gegen-laerm\/archiv\/kampagne-2013\/#primaryimage\"},\"image\":{\"@id\":\"https:\/\/laerm.ch\/tag-gegen-laerm\/archiv\/kampagne-2013\/#primaryimage\"},\"thumbnailUrl\":\"https:\/\/laerm.ch\/wp-content\/uploads\/tag-gegen-laerm-2013_fr.jpg\",\"datePublished\":\"2024-01-25T14:13:39+00:00\",\"dateModified\":\"2025-02-04T12:21:31+00:00\",\"breadcrumb\":{\"@id\":\"https:\/\/laerm.ch\/tag-gegen-laerm\/archiv\/kampagne-2013\/#breadcrumb\"},\"inLanguage\":\"fr-FR\",\"potentialAction\":[{\"@type\":\"ReadAction\",\"target\":[\"https:\/\/laerm.ch\/tag-gegen-laerm\/archiv\/kampagne-2013\/\"]}]},{\"@type\":\"ImageObject\",\"inLanguage\":\"fr-FR\",\"@id\":\"https:\/\/laerm.ch\/tag-gegen-laerm\/archiv\/kampagne-2013\/#primaryimage\",\"url\":\"https:\/\/laerm.ch\/wp-content\/uploads\/tag-gegen-laerm-2013_fr.jpg\",\"contentUrl\":\"https:\/\/laerm.ch\/wp-content\/uploads\/tag-gegen-laerm-2013_fr.jpg\",\"width\":725,\"height\":300},{\"@type\":\"BreadcrumbList\",\"@id\":\"https:\/\/laerm.ch\/tag-gegen-laerm\/archiv\/kampagne-2013\/#breadcrumb\",\"itemListElement\":[{\"@type\":\"ListItem\",\"position\":1,\"name\":\"Startseite\",\"item\":\"https:\/\/test.laerm.ch\/fr\/\"},{\"@type\":\"ListItem\",\"position\":2,\"name\":\"Journ\u00e9e contre le bruit\",\"item\":\"https:\/\/laerm.ch\/fr\/journee-contre-le-bruit\/\"},{\"@type\":\"ListItem\",\"position\":3,\"name\":\"Archives\",\"item\":\"https:\/\/laerm.ch\/fr\/journee-contre-le-bruit\/archives\/\"},{\"@type\":\"ListItem\",\"position\":4,\"name\":\"2013 &#8211; Le bruit rend muet\"}]},{\"@type\":\"WebSite\",\"@id\":\"https:\/\/laerm.ch\/#website\",\"url\":\"https:\/\/laerm.ch\/\",\"name\":\"L\u00e4rm.ch\",\"description\":\"Bienvenue sur Bruit.ch, le portail complet de Cercle Bruit sur le th\u00e8me du bruit et de la protection contre le bruit.\",\"publisher\":{\"@id\":\"https:\/\/laerm.ch\/#organization\"},\"potentialAction\":[{\"@type\":\"SearchAction\",\"target\":{\"@type\":\"EntryPoint\",\"urlTemplate\":\"https:\/\/laerm.ch\/?s={search_term_string}\"},\"query-input\":{\"@type\":\"PropertyValueSpecification\",\"valueRequired\":true,\"valueName\":\"search_term_string\"}}],\"inLanguage\":\"fr-FR\"},{\"@type\":\"Organization\",\"@id\":\"https:\/\/laerm.ch\/#organization\",\"name\":\"Cercle Bruit\",\"url\":\"https:\/\/laerm.ch\/\",\"logo\":{\"@type\":\"ImageObject\",\"inLanguage\":\"fr-FR\",\"@id\":\"https:\/\/laerm.ch\/#\/schema\/logo\/image\/\",\"url\":\"https:\/\/laerm.ch\/wp-content\/uploads\/cercleBruitLogoText.png\",\"contentUrl\":\"https:\/\/laerm.ch\/wp-content\/uploads\/cercleBruitLogoText.png\",\"width\":512,\"height\":329,\"caption\":\"Cercle Bruit\"},\"image\":{\"@id\":\"https:\/\/laerm.ch\/#\/schema\/logo\/image\/\"}}]}<\/script>\n<!-- \/ Yoast SEO plugin. -->","yoast_head_json":{"title":"2013 - Le bruit rend muet - Bruit.ch","robots":{"index":"index","follow":"follow","max-snippet":"max-snippet:-1","max-image-preview":"max-image-preview:large","max-video-preview":"max-video-preview:-1"},"canonical":"https:\/\/laerm.ch\/tag-gegen-laerm\/archiv\/kampagne-2013\/","og_locale":"fr_FR","og_type":"article","og_title":"2013 - Le bruit rend muet - Bruit.ch","og_description":"Lors de la Journ\u00e9e contre le bruit 2013, l&rsquo;influence du bruit sur la communication verbale dans l&rsquo;espace public sera abord\u00e9e sous le slogan \u00ab\u00a0Le bruit rend muet\u00a0\u00bb. Que ce soit au restaurant, dans une salle de classe ou sur un balcon, la communication verbale est entrav\u00e9e par divers facteurs perturbateurs tels que l&rsquo;acoustique de la [&hellip;]","og_url":"https:\/\/laerm.ch\/tag-gegen-laerm\/archiv\/kampagne-2013\/","og_site_name":"Bruit.ch","article_modified_time":"2025-02-04T12:21:31+00:00","og_image":[{"width":725,"height":300,"url":"https:\/\/laerm.ch\/wp-content\/uploads\/tag-gegen-laerm-2013_fr.jpg","type":"image\/jpeg"}],"twitter_card":"summary_large_image","twitter_misc":{"Dur\u00e9e de lecture estim\u00e9e":"5 minutes"},"schema":{"@context":"https:\/\/schema.org","@graph":[{"@type":"WebPage","@id":"https:\/\/laerm.ch\/tag-gegen-laerm\/archiv\/kampagne-2013\/","url":"https:\/\/laerm.ch\/tag-gegen-laerm\/archiv\/kampagne-2013\/","name":"2013 - Le bruit rend muet - Bruit.ch","isPartOf":{"@id":"https:\/\/laerm.ch\/#website"},"primaryImageOfPage":{"@id":"https:\/\/laerm.ch\/tag-gegen-laerm\/archiv\/kampagne-2013\/#primaryimage"},"image":{"@id":"https:\/\/laerm.ch\/tag-gegen-laerm\/archiv\/kampagne-2013\/#primaryimage"},"thumbnailUrl":"https:\/\/laerm.ch\/wp-content\/uploads\/tag-gegen-laerm-2013_fr.jpg","datePublished":"2024-01-25T14:13:39+00:00","dateModified":"2025-02-04T12:21:31+00:00","breadcrumb":{"@id":"https:\/\/laerm.ch\/tag-gegen-laerm\/archiv\/kampagne-2013\/#breadcrumb"},"inLanguage":"fr-FR","potentialAction":[{"@type":"ReadAction","target":["https:\/\/laerm.ch\/tag-gegen-laerm\/archiv\/kampagne-2013\/"]}]},{"@type":"ImageObject","inLanguage":"fr-FR","@id":"https:\/\/laerm.ch\/tag-gegen-laerm\/archiv\/kampagne-2013\/#primaryimage","url":"https:\/\/laerm.ch\/wp-content\/uploads\/tag-gegen-laerm-2013_fr.jpg","contentUrl":"https:\/\/laerm.ch\/wp-content\/uploads\/tag-gegen-laerm-2013_fr.jpg","width":725,"height":300},{"@type":"BreadcrumbList","@id":"https:\/\/laerm.ch\/tag-gegen-laerm\/archiv\/kampagne-2013\/#breadcrumb","itemListElement":[{"@type":"ListItem","position":1,"name":"Startseite","item":"https:\/\/test.laerm.ch\/fr\/"},{"@type":"ListItem","position":2,"name":"Journ\u00e9e contre le bruit","item":"https:\/\/laerm.ch\/fr\/journee-contre-le-bruit\/"},{"@type":"ListItem","position":3,"name":"Archives","item":"https:\/\/laerm.ch\/fr\/journee-contre-le-bruit\/archives\/"},{"@type":"ListItem","position":4,"name":"2013 &#8211; Le bruit rend muet"}]},{"@type":"WebSite","@id":"https:\/\/laerm.ch\/#website","url":"https:\/\/laerm.ch\/","name":"L\u00e4rm.ch","description":"Bienvenue sur Bruit.ch, le portail complet de Cercle Bruit sur le th\u00e8me du bruit et de la protection contre le bruit.","publisher":{"@id":"https:\/\/laerm.ch\/#organization"},"potentialAction":[{"@type":"SearchAction","target":{"@type":"EntryPoint","urlTemplate":"https:\/\/laerm.ch\/?s={search_term_string}"},"query-input":{"@type":"PropertyValueSpecification","valueRequired":true,"valueName":"search_term_string"}}],"inLanguage":"fr-FR"},{"@type":"Organization","@id":"https:\/\/laerm.ch\/#organization","name":"Cercle Bruit","url":"https:\/\/laerm.ch\/","logo":{"@type":"ImageObject","inLanguage":"fr-FR","@id":"https:\/\/laerm.ch\/#\/schema\/logo\/image\/","url":"https:\/\/laerm.ch\/wp-content\/uploads\/cercleBruitLogoText.png","contentUrl":"https:\/\/laerm.ch\/wp-content\/uploads\/cercleBruitLogoText.png","width":512,"height":329,"caption":"Cercle Bruit"},"image":{"@id":"https:\/\/laerm.ch\/#\/schema\/logo\/image\/"}}]}},"coauthors":[],"author_meta":{"author_link":"https:\/\/laerm.ch\/fr\/author\/f9c1af47f5d7fcc5\/","display_name":"admin"},"relative_dates":{"created":"Publi\u00e9 2 ans il y a","modified":"Mis \u00e0 jour 1 an il y a"},"absolute_dates":{"created":"Publi\u00e9 le 25. janvier 2024","modified":"Mise \u00e0 jour le 4. f\u00e9vrier 2025"},"absolute_dates_time":{"created":"Publi\u00e9 le 25. janvier 2024 15:13","modified":"Mise \u00e0 jour le 4. f\u00e9vrier 2025 13:21"},"featured_img_caption":"","featured_img":"https:\/\/laerm.ch\/wp-content\/uploads\/tag-gegen-laerm-2013_fr.jpg","series_order":"","_links":{"self":[{"href":"https:\/\/laerm.ch\/fr\/wp-json\/wp\/v2\/pages\/2873"}],"collection":[{"href":"https:\/\/laerm.ch\/fr\/wp-json\/wp\/v2\/pages"}],"about":[{"href":"https:\/\/laerm.ch\/fr\/wp-json\/wp\/v2\/types\/page"}],"author":[{"embeddable":true,"href":"https:\/\/laerm.ch\/fr\/wp-json\/wp\/v2\/users\/1"}],"replies":[{"embeddable":true,"href":"https:\/\/laerm.ch\/fr\/wp-json\/wp\/v2\/comments?post=2873"}],"version-history":[{"count":9,"href":"https:\/\/laerm.ch\/fr\/wp-json\/wp\/v2\/pages\/2873\/revisions"}],"predecessor-version":[{"id":5005,"href":"https:\/\/laerm.ch\/fr\/wp-json\/wp\/v2\/pages\/2873\/revisions\/5005"}],"up":[{"embeddable":true,"href":"https:\/\/laerm.ch\/fr\/wp-json\/wp\/v2\/pages\/2765"}],"wp:featuredmedia":[{"embeddable":true,"href":"https:\/\/laerm.ch\/fr\/wp-json\/wp\/v2\/media\/2120"}],"wp:attachment":[{"href":"https:\/\/laerm.ch\/fr\/wp-json\/wp\/v2\/media?parent=2873"}],"curies":[{"name":"wp","href":"https:\/\/api.w.org\/{rel}","templated":true}]}}