{"id":2928,"date":"2024-01-22T12:07:28","date_gmt":"2024-01-22T11:07:28","guid":{"rendered":"https:\/\/laerm.ch\/journee-contre-le-bruit\/archives\/2020-le-bruit-est-depasse\/"},"modified":"2024-08-31T11:44:29","modified_gmt":"2024-08-31T09:44:29","slug":"campagne-2020","status":"publish","type":"page","link":"https:\/\/laerm.ch\/fr\/journee-contre-le-bruit\/archives\/campagne-2020\/","title":{"rendered":"2020 &#8211; Le bruit hors-jeu"},"content":{"rendered":"\n<p>Le bruit est d\u00e9rangeant et rend malade. En particulier la nuit, de plus en plus de personnes se sentent g\u00ean\u00e9es par le bruit inutile des moteurs. La pollution sonore est un risque sanitaire environnementale au m\u00eame titre que la pollution atmosph\u00e9rique et les produits chimiques toxiques. Le bruit du trafic a\u00e9rien, ferroviaire et routier augmente le risque de maladies cardiovasculaires et de diab\u00e8te.<\/p>\n\n<p><a class=\"_dl\" href=\"https:\/\/laerm.ch\/wp-content\/uploads\/Medienmitteilung_TgL20_FR-1.pdf\">Communiqu\u00e9 de presse<\/a><\/p>\n\n<p>Nous savons tous par exp\u00e9rience que le bruit est un facteur de stress important qui affecte l&rsquo;organisme tout entier. Les bruits forts et inconnus \u00e9taient un signe de danger dans les temps anciens. Le corps est donc mis en alerte lorsqu&rsquo;il y a du bruit et se pr\u00e9pare \u00e0 fuir. Aujourd&rsquo;hui, nos vies et les conditions g\u00e9n\u00e9rales sont diff\u00e9rentes, mais notre corps r\u00e9agit toujours de la m\u00eame mani\u00e8re au bruit : les hormones de stress sont lib\u00e9r\u00e9es, la pression art\u00e9rielle et les fr\u00e9quences cardiaques et respiratoires augmentent. Malgr\u00e9 une impression subjectivement oppos\u00e9e, notre corps ne s&rsquo;habitue pas au bruit.<\/p>\n\n<h2 class=\"wp-block-heading\">Perturbations du sommeil dues au bruit<\/h2>\n\n<p>Dormir n&rsquo;est pas un luxe. Un sommeil en quantit\u00e9 suffisante et non perturb\u00e9 &#8211; de pr\u00e9f\u00e9rence la nuit &#8211; est une base essentielle pour une bonne sant\u00e9 et une bonne qualit\u00e9 de vie. Le bruit excessif affecte le sommeil tant quantitativement que qualitativement. Diverses \u00e9tudes<sup>1<\/sup> ont clairement \u00e9tabli un lien entre l&rsquo;exposition au bruit pendant la nuit et des probl\u00e8mes de sant\u00e9. Si le bruit de la circulation pendant la journ\u00e9e semble \u00eatre tol\u00e9rable, en raison de l&rsquo;exposition accrue au bruit de fond, la perturbation du sommeil pendant la nuit est g\u00e9n\u00e9ralement consid\u00e9r\u00e9e comme le probl\u00e8me de bruit le plus important de tous. Le rapport de l&rsquo;OMS de 2011 intitul\u00e9 \u00ab\u00a0Burden of disease from environmental noise\u00a0\u00bb<sup>2<\/sup> conclut que les troubles du sommeil repr\u00e9sentent l&rsquo;impact majeur du bruit, avec plus de 900 000 ann\u00e9es de vie en bonne sant\u00e9 (DALY) perdues chaque ann\u00e9e en Europe occidentale \u00e0 cause du bruit nocturne. Selon une extrapolation des donn\u00e9es de l&rsquo;\u00e9tude SIRENE<sup>3<\/sup>, en Suisse, environ 500 000 personnes souffrent de perturbations du sommeil imputables au bruit de la circulation (bruit du trafic routier, ferroviaire et a\u00e9rien). Pour la Suisse, les estimations actuelles sugg\u00e8rent que le bruit du trafic routier cause environ 450 d\u00e9c\u00e8s par an. Cela repr\u00e9sente environ deux fois plus de d\u00e9c\u00e8s que les accidents de la route. Une proportion non n\u00e9gligeable de ces d\u00e9c\u00e8s est probablement due \u00e0 une exposition nocturne. Lorsque l&rsquo;on demande aux personnes touch\u00e9es par le bruit \u00e0 quels moments leur quartier r\u00e9sidentiel devrait \u00eatre particuli\u00e8rement calme, elles indiquent g\u00e9n\u00e9ralement la nuit en premier, suivie de la soir\u00e9e. De mani\u00e8re g\u00e9n\u00e9rale, quel que soit l\u2019impact du bruit, l\u2019\u00eatre humain est environ 10 d\u00e9cibels plus sensible au bruit la nuit que le jour (10 dB correspond, d&rsquo;ailleurs, \u00e0 une sensation de doublement du volume sonore). En Suisse, la nuit, la valeur limite d&rsquo;immission pour le bruit de la circulation se situe entre 45 d\u00e9cibels (degr\u00e9 de sensibilit\u00e9 1) et 60 d\u00e9cibels (degr\u00e9 de sensibilit\u00e9 4). Le jour, les valeurs limites respectives sont plus \u00e9lev\u00e9es de 10 d\u00e9cibels. Pr\u00e8s d&rsquo;un quart de la population suisse vit dans des zones o\u00f9 la valeur limite est d\u00e9pass\u00e9e de jour comme de nuit.<\/p>\n\n<figure class=\"wp-block-table\"><table><thead><tr><th class=\"has-text-align-left\" data-align=\"left\">Degr\u00e9 de sensibilit\u00e9 (DS)<\/th><th class=\"has-text-align-left\" data-align=\"left\">Valeur de planification (VP) en dB(A)<\/th><th class=\"has-text-align-left\" data-align=\"left\">Valeur limite d&rsquo;immission (VLI) en dB(A)<\/th><th class=\"has-text-align-left\" data-align=\"left\">Valeur d&rsquo;alarme (VA) en dB(A)<\/th><\/tr><\/thead><tbody><tr><td class=\"has-text-align-left\" data-align=\"left\">I D\u00e9tente<\/td><td class=\"has-text-align-left\" data-align=\"left\">Jour : 50<br\/>Nuit : 40<\/td><td class=\"has-text-align-left\" data-align=\"left\">Jour : 55<br\/>Nuit : 45<\/td><td class=\"has-text-align-left\" data-align=\"left\">Jour : 65<br\/>Nuit : 60<\/td><\/tr><tr><td class=\"has-text-align-left\" data-align=\"left\">II Habitation<\/td><td class=\"has-text-align-left\" data-align=\"left\">Jour : 55<br\/>Nuit : 45<\/td><td class=\"has-text-align-left\" data-align=\"left\">Jour : 60<br\/>Nuit : 50<\/td><td class=\"has-text-align-left\" data-align=\"left\">Jour : 70<br\/>Nuit : 65<\/td><\/tr><tr><td class=\"has-text-align-left\" data-align=\"left\">III Habitation\/activit\u00e9s<\/td><td class=\"has-text-align-left\" data-align=\"left\">Jour : 60<br\/>Nuit : 50<\/td><td class=\"has-text-align-left\" data-align=\"left\">Jour : 65<br\/>Nuit : 55<\/td><td class=\"has-text-align-left\" data-align=\"left\">Jour : 70<br\/>Nuit : 65<\/td><\/tr><tr><td class=\"has-text-align-left\" data-align=\"left\">IV Industrie<\/td><td class=\"has-text-align-left\" data-align=\"left\">Jour : 65<br\/>Nuit : 55<\/td><td class=\"has-text-align-left\" data-align=\"left\">Jour : 70<br\/>Nuit : 60<\/td><td class=\"has-text-align-left\" data-align=\"left\">Jour : 75<br\/>Nuit : 70<\/td><\/tr><\/tbody><\/table><figcaption class=\"wp-element-caption\"><em>Les valeurs limites d\u2019exposition sont plus strictes pour les zones purement r\u00e9sidentielles que pour les zones o\u00f9 les activit\u00e9s commerciales sont \u00e9galement autoris\u00e9es. Source : OFEV<\/em><\/figcaption><\/figure>\n\n<h4 class=\"wp-block-heading\">Les \u00e9v\u00e9nements sonores individuels sont particuli\u00e8rement d\u00e9rangeants<\/h4>\n\n<p>Un bruit continu et uniforme, par exemple le grondement d&rsquo;une autoroute lointaine, peut affecter le sommeil, mais ce sont principalement des \u00e9v\u00e9nements isol\u00e9s distincts, comme le passage d&rsquo;une voiture ou d&rsquo;une moto bruyante, qui entra\u00eenent un r\u00e9veil et d&rsquo;autres r\u00e9actions ind\u00e9sirables pendant le sommeil (par exemple des modifications du sommeil profond). L\u2019effet de ces \u00e9v\u00e9nements isol\u00e9s d\u00e9pend d&rsquo;une part de leur niveau sonore maximal et d&rsquo;autre part de la vitesse \u00e0 laquelle ce niveau sonore augmente. De nombreuses \u00e9tudes de terrain et de laboratoire ont d\u00e9montr\u00e9 ces effets. Il a ainsi \u00e9t\u00e9 constat\u00e9 qu&rsquo;il n&rsquo;existe pas de seuil naturel en dessous duquel aucune r\u00e9action ne peut se produire. Toute r\u00e9duction de l&rsquo;intensit\u00e9 sonore, aussi minime soit-elle, peut donc contribuer \u00e0 r\u00e9duire les troubles du sommeil.<\/p>\n\n<h4 class=\"wp-block-heading\">La nuit, la retenue est de mise<\/h4>\n\n<p>Les motos et autres v\u00e9hicules bruyants sont un probl\u00e8me r\u00e9current, en mati\u00e8re de bruit, qui d\u00e9pend principalement de la personne assise au volant ou derri\u00e8re le guidon. Le comportement au volant joue, en effet, un r\u00f4le d\u00e9terminant dans les \u00e9missions sonores des v\u00e9hicules motoris\u00e9s. Circuler \u00e0 un r\u00e9gime \u00e9lev\u00e9 en petite vitesse ou acc\u00e9l\u00e9rer exag\u00e9r\u00e9ment, effectuer dans une localit\u00e9 des va-et-vient ou des circuits inutiles, voir m\u00eame avec des r\u00e9glages bruyants sur le v\u00e9hicule, sont des conduites qui provoquent un bruit \u00e9vitable interdit par la loi (art.33 OCR, art. 53 OETV). Le plaisir d\u2019une vir\u00e9e bruyante d\u2019un seul conducteur passe alors avant le besoin de tranquillit\u00e9 des autres. Un style de conduite \u00e9cologique et respectueux \u00e0 bas r\u00e9gime peut \u00e9viter beaucoup de bruits de moteur inutiles. Il est vivement recommand\u00e9 de faire attention aux autres, en particulier dans les endroits sensibles au bruit et aux moments o\u00f9 le besoin de calme est le plus important.<\/p>\n\n<h4 class=\"wp-block-heading\">Bases l\u00e9gales<\/h4>\n\n<ul class=\"wp-block-list\">\n<li>L\u2019article 33 de l&rsquo;Ordonnance sur les r\u00e8gles de la circulation routi\u00e8re (OCR) stipule que \u00ab\u00a0les conducteurs, les passagers et les auxiliaires ne causeront aucun bruit pouvant \u00eatre \u00e9vit\u00e9, notamment dans les quartiers habit\u00e9s, pr\u00e8s des lieux de repos et pendant la nuit.\u00a0\u00bb Il est interdit entre autres de \u00ab\u00a0faire tourner \u00e0 vide le moteur \u00e0 un r\u00e9gime \u00e9lev\u00e9, de circuler \u00e0 un r\u00e9gime \u00e9lev\u00e9 en petite vitesse\u00a0\u00bb ou \u00ab\u00a0d\u2019effectuer dans une localit\u00e9 des va-et-vient ou des circuits inutiles.\u00a0\u00bb<\/li>\n\n\n\n<li>L\u2019Ordonnance concernant les exigences techniques requise pour les v\u00e9hicules routiers (OETV) r\u00e9glemente le bruit des \u00e9quipements. Les directives encouragent particuli\u00e8rement l\u2019usage d\u2019un silencieux pour limiter le bruit des pots d\u2019\u00e9chappement (art. 53). La manipulation des pots d\u2019\u00e9chappement est aussi r\u00e9glement\u00e9e : \u00ab\u00a0Toute intervention augmentant inutilement le niveau sonore du v\u00e9hicule et de ses composants r\u00e9ceptionn\u00e9s est interdite, m\u00eame si la limite fix\u00e9e n&rsquo;est pas d\u00e9pass\u00e9e.\u00a0\u00bb<\/li>\n<\/ul>\n\n<h4 class=\"wp-block-heading\">30 km\/h : simple et efficace<\/h4>\n\n<p>Un essai r\u00e9alis\u00e9 en 2018 dans la ville de Zurich<sup>5<\/sup> a montr\u00e9 que la \u00ab\u00a0limitation de vitesse \u00e0 30 km\/h la nuit\u00a0\u00bb entra\u00eene une r\u00e9duction perceptible du bruit de 1 \u00e0 3 d\u00e9cibels &#8211; 3 d\u00e9cibels de moins correspondant \u00e0 une diminution de moiti\u00e9 du trafic. Les niveaux sonores maximums g\u00e9n\u00e9r\u00e9s par le passage d\u2019un v\u00e9hicule ont diminu\u00e9 de mani\u00e8re encore plus significative. Les valeurs de pointe du bruit ont ainsi pu \u00eatre consid\u00e9rablement r\u00e9duites. Cela est particuli\u00e8rement pertinent pour la qualit\u00e9 du sommeil, car les \u00e9v\u00e9nements individuels bruyants g\u00e9n\u00e8rent des r\u00e9actions de r\u00e9veil. Les r\u00e9ductions de vitesse la nuit contribuent ainsi \u00e0 mieux prot\u00e9ger la population des effets n\u00e9fastes du bruit pendant les heures sensibles de la nuit. Les enqu\u00eates ont montr\u00e9 que la r\u00e9duction de la vitesse n&rsquo;a aucun effet n\u00e9gatif sur la fluidit\u00e9 du trafic &#8211; pas m\u00eame sur celui des transports publics. Les riverains et riveraines ont \u00e9galement ressenti les effets positifs de la r\u00e9duction de la vitesse.<\/p>\n\n<p>Un projet pilote lanc\u00e9 \u00e0 Lausanne<sup>6<\/sup> en 2017 a \u00e9galement donn\u00e9 des r\u00e9sultats comparables. Entre mai 2017 et juin 2019, la ville, en collaboration avec le canton de Vaud, a introduit \u00e0 titre exp\u00e9rimental une limitation de vitesse \u00e0 30 km\/h entre 22 heures et 6 heures sur deux axes de circulation importants. La mesure devait devenir d\u00e9finitive en mars prochain et couvrir 80 % de l&rsquo;ensemble des routes. Cependant, il ne s&rsquo;agit pas de v\u00e9ritables zones \u00e0 30 km\/h, mais de tron\u00e7ons de routes avec vitesse signalis\u00e9e apr\u00e8s chaque intersection. La ville et le canton pr\u00f4nent une telle mesure, mais au niveau politique, elle n&rsquo;a pas encore \u00e9t\u00e9 approuv\u00e9e par toutes les parties.<\/p>\n\n<p>Les principaux r\u00e9sultats de l&rsquo;\u00e9tude de Lausanne :<\/p>\n\n<ul class=\"wp-block-list\">\n<li>R\u00e9duction significative du bruit routier moyen de 2 \u00e0 3 d\u00e9cibels.<\/li>\n\n\n\n<li>Particuli\u00e8rement important : une r\u00e9duction du niveau sonore maximum des pics de bruit (plus de 70 d\u00e9cibels) de jusqu&rsquo;\u00e0 80 %.<\/li>\n\n\n\n<li>Les vitesses excessives ont \u00e9t\u00e9 r\u00e9duites de mani\u00e8re drastique, et la vitesse moyenne pendant la journ\u00e9e a \u00e9galement baiss\u00e9.<\/li>\n\n\n\n<li>La perception du bruit par les r\u00e9sidents a diminu\u00e9 de 3 d\u00e9cibels, ce qui est per\u00e7u comme une diminution de 50 % du trafic.<\/li>\n\n\n\n<li>Effet positif important sur la qualit\u00e9 de vie.<\/li>\n\n\n\n<li>La mesure concernant la nuit ne concerne que 10 % du trafic total.<\/li>\n\n\n\n<li>65 000 personnes habitant le long des routes cantonales pourraient en b\u00e9n\u00e9ficier \u00e0 Lausanne.<\/li>\n<\/ul>\n\n<p><a class=\"_dl\" href=\"https:\/\/30kmhdenuit.ch\/wp-content\/uploads\/2019\/09\/rapport-Essai-Beaulieu-Vinet-v1.pdf\">Lausanne &#8211; 30 km\/h pour les avenues de Beaulieu et Vinet, Rapport Technique (FR, PDF)<\/a><\/p>\n\n<p>Une limitation de vitesse \u00e0 30 km\/h la nuit n&rsquo;est pas l\u2019unique solution pour r\u00e9duire le bruit nocturne, mais c&rsquo;est certainement une mesure tr\u00e8s efficace, peu co\u00fbteuse et rapide \u00e0 mettre en \u0153uvre.<\/p>\n\n<h4 class=\"wp-block-heading\">Le bruit co\u00fbte cher <br\/><\/h4>\n\n<p>En 2016, le bruit de la circulation a engendr\u00e9 environ 2 667 millions de francs de co\u00fbts externes<sup>7<\/sup> en Suisse. Ces co\u00fbts sont constitu\u00e9s de d\u00e9penses de sant\u00e9 dues aux \u00e9missions sonores et de pertes de valeur de biens immobiliers. Le trafic routier est responsable de la majorit\u00e9 de ces co\u00fbts (80 %). En 2016, le bruit du trafic (routier, ferroviaire et a\u00e9rien) a occasionn\u00e9 des atteintes \u00e0 la sant\u00e9 s\u2019\u00e9levant \u00e0 environ 1 470 millions de francs suisses (55 %). Ces maladies physiques ou psychiques sont g\u00e9n\u00e9ralement les r\u00e9percussions d&rsquo;une exposition \u00e0 moyen ou \u00e0 long terme aux nuisances sonores. Dans ces chiffres, les co\u00fbts suivants sont pris en compte : co\u00fbts des traitements m\u00e9dicaux ; arr\u00eats de travail ; co\u00fbts de remplacement ; co\u00fbts immat\u00e9riels (perte de qualit\u00e9 de vie). Les quelques 1 197 millions de francs suisses restants, soit 45 % des co\u00fbts calcul\u00e9s du bruit, sont imputables \u00e0 la perte de valeur de biens immobiliers.<\/p>\n","protected":false},"excerpt":{"rendered":"<p>Le bruit est d\u00e9rangeant et rend malade. En particulier la nuit, de plus en plus de personnes se sentent g\u00ean\u00e9es par le bruit inutile des moteurs. La pollution sonore est un risque sanitaire environnementale au m\u00eame titre que la pollution atmosph\u00e9rique et les produits chimiques toxiques. Le bruit du trafic a\u00e9rien, ferroviaire et routier augmente [&hellip;]<\/p>\n","protected":false},"author":1,"featured_media":3438,"parent":2765,"menu_order":15,"comment_status":"closed","ping_status":"closed","template":"","meta":{"advgb_blocks_editor_width":"","advgb_blocks_columns_visual_guide":"","footnotes":""},"class_list":["post-2928","page","type-page","status-publish","has-post-thumbnail","hentry"],"yoast_head":"<!-- This site is optimized with the Yoast SEO plugin v23.7 - https:\/\/yoast.com\/wordpress\/plugins\/seo\/ -->\n<title>2020 - Le bruit hors-jeu - Bruit.ch<\/title>\n<meta name=\"robots\" content=\"index, follow, max-snippet:-1, max-image-preview:large, max-video-preview:-1\" \/>\n<link rel=\"canonical\" href=\"https:\/\/laerm.ch\/fr\/journee-contre-le-bruit\/archives\/campagne-2020\/\" \/>\n<meta property=\"og:locale\" content=\"fr_FR\" \/>\n<meta property=\"og:type\" content=\"article\" \/>\n<meta property=\"og:title\" content=\"2020 - Le bruit hors-jeu - Bruit.ch\" \/>\n<meta property=\"og:description\" content=\"Le bruit est d\u00e9rangeant et rend malade. En particulier la nuit, de plus en plus de personnes se sentent g\u00ean\u00e9es par le bruit inutile des moteurs. La pollution sonore est un risque sanitaire environnementale au m\u00eame titre que la pollution atmosph\u00e9rique et les produits chimiques toxiques. Le bruit du trafic a\u00e9rien, ferroviaire et routier augmente [&hellip;]\" \/>\n<meta property=\"og:url\" content=\"https:\/\/laerm.ch\/fr\/journee-contre-le-bruit\/archives\/campagne-2020\/\" \/>\n<meta property=\"og:site_name\" content=\"Bruit.ch\" \/>\n<meta property=\"article:modified_time\" content=\"2024-08-31T09:44:29+00:00\" \/>\n<meta property=\"og:image\" content=\"https:\/\/laerm.ch\/wp-content\/uploads\/2020_TGL_Titelbild_fr.jpg\" \/>\n\t<meta property=\"og:image:width\" content=\"725\" \/>\n\t<meta property=\"og:image:height\" content=\"300\" \/>\n\t<meta property=\"og:image:type\" content=\"image\/jpeg\" \/>\n<meta name=\"twitter:card\" content=\"summary_large_image\" \/>\n<meta name=\"twitter:label1\" content=\"Dur\u00e9e de lecture estim\u00e9e\" \/>\n\t<meta name=\"twitter:data1\" content=\"9 minutes\" \/>\n<script type=\"application\/ld+json\" class=\"yoast-schema-graph\">{\"@context\":\"https:\/\/schema.org\",\"@graph\":[{\"@type\":\"WebPage\",\"@id\":\"https:\/\/laerm.ch\/fr\/journee-contre-le-bruit\/archives\/campagne-2020\/\",\"url\":\"https:\/\/laerm.ch\/fr\/journee-contre-le-bruit\/archives\/campagne-2020\/\",\"name\":\"2020 - Le bruit hors-jeu - Bruit.ch\",\"isPartOf\":{\"@id\":\"https:\/\/laerm.ch\/#website\"},\"primaryImageOfPage\":{\"@id\":\"https:\/\/laerm.ch\/fr\/journee-contre-le-bruit\/archives\/campagne-2020\/#primaryimage\"},\"image\":{\"@id\":\"https:\/\/laerm.ch\/fr\/journee-contre-le-bruit\/archives\/campagne-2020\/#primaryimage\"},\"thumbnailUrl\":\"https:\/\/laerm.ch\/wp-content\/uploads\/2020_TGL_Titelbild_fr.jpg\",\"datePublished\":\"2024-01-22T11:07:28+00:00\",\"dateModified\":\"2024-08-31T09:44:29+00:00\",\"breadcrumb\":{\"@id\":\"https:\/\/laerm.ch\/fr\/journee-contre-le-bruit\/archives\/campagne-2020\/#breadcrumb\"},\"inLanguage\":\"fr-FR\",\"potentialAction\":[{\"@type\":\"ReadAction\",\"target\":[\"https:\/\/laerm.ch\/fr\/journee-contre-le-bruit\/archives\/campagne-2020\/\"]}]},{\"@type\":\"ImageObject\",\"inLanguage\":\"fr-FR\",\"@id\":\"https:\/\/laerm.ch\/fr\/journee-contre-le-bruit\/archives\/campagne-2020\/#primaryimage\",\"url\":\"https:\/\/laerm.ch\/wp-content\/uploads\/2020_TGL_Titelbild_fr.jpg\",\"contentUrl\":\"https:\/\/laerm.ch\/wp-content\/uploads\/2020_TGL_Titelbild_fr.jpg\",\"width\":725,\"height\":300},{\"@type\":\"BreadcrumbList\",\"@id\":\"https:\/\/laerm.ch\/fr\/journee-contre-le-bruit\/archives\/campagne-2020\/#breadcrumb\",\"itemListElement\":[{\"@type\":\"ListItem\",\"position\":1,\"name\":\"Startseite\",\"item\":\"https:\/\/test.laerm.ch\/fr\/\"},{\"@type\":\"ListItem\",\"position\":2,\"name\":\"Journ\u00e9e contre le bruit\",\"item\":\"https:\/\/laerm.ch\/fr\/journee-contre-le-bruit\/\"},{\"@type\":\"ListItem\",\"position\":3,\"name\":\"Archives\",\"item\":\"https:\/\/laerm.ch\/fr\/journee-contre-le-bruit\/archives\/\"},{\"@type\":\"ListItem\",\"position\":4,\"name\":\"2020 &#8211; Le bruit hors-jeu\"}]},{\"@type\":\"WebSite\",\"@id\":\"https:\/\/laerm.ch\/#website\",\"url\":\"https:\/\/laerm.ch\/\",\"name\":\"L\u00e4rm.ch\",\"description\":\"Bienvenue sur Bruit.ch, le portail complet de Cercle Bruit sur le th\u00e8me du bruit et de la protection contre le bruit.\",\"publisher\":{\"@id\":\"https:\/\/laerm.ch\/#organization\"},\"potentialAction\":[{\"@type\":\"SearchAction\",\"target\":{\"@type\":\"EntryPoint\",\"urlTemplate\":\"https:\/\/laerm.ch\/?s={search_term_string}\"},\"query-input\":{\"@type\":\"PropertyValueSpecification\",\"valueRequired\":true,\"valueName\":\"search_term_string\"}}],\"inLanguage\":\"fr-FR\"},{\"@type\":\"Organization\",\"@id\":\"https:\/\/laerm.ch\/#organization\",\"name\":\"Cercle Bruit\",\"url\":\"https:\/\/laerm.ch\/\",\"logo\":{\"@type\":\"ImageObject\",\"inLanguage\":\"fr-FR\",\"@id\":\"https:\/\/laerm.ch\/#\/schema\/logo\/image\/\",\"url\":\"https:\/\/laerm.ch\/wp-content\/uploads\/cercleBruitLogoText.png\",\"contentUrl\":\"https:\/\/laerm.ch\/wp-content\/uploads\/cercleBruitLogoText.png\",\"width\":512,\"height\":329,\"caption\":\"Cercle Bruit\"},\"image\":{\"@id\":\"https:\/\/laerm.ch\/#\/schema\/logo\/image\/\"}}]}<\/script>\n<!-- \/ Yoast SEO plugin. -->","yoast_head_json":{"title":"2020 - Le bruit hors-jeu - Bruit.ch","robots":{"index":"index","follow":"follow","max-snippet":"max-snippet:-1","max-image-preview":"max-image-preview:large","max-video-preview":"max-video-preview:-1"},"canonical":"https:\/\/laerm.ch\/fr\/journee-contre-le-bruit\/archives\/campagne-2020\/","og_locale":"fr_FR","og_type":"article","og_title":"2020 - Le bruit hors-jeu - Bruit.ch","og_description":"Le bruit est d\u00e9rangeant et rend malade. En particulier la nuit, de plus en plus de personnes se sentent g\u00ean\u00e9es par le bruit inutile des moteurs. La pollution sonore est un risque sanitaire environnementale au m\u00eame titre que la pollution atmosph\u00e9rique et les produits chimiques toxiques. Le bruit du trafic a\u00e9rien, ferroviaire et routier augmente [&hellip;]","og_url":"https:\/\/laerm.ch\/fr\/journee-contre-le-bruit\/archives\/campagne-2020\/","og_site_name":"Bruit.ch","article_modified_time":"2024-08-31T09:44:29+00:00","og_image":[{"width":725,"height":300,"url":"https:\/\/laerm.ch\/wp-content\/uploads\/2020_TGL_Titelbild_fr.jpg","type":"image\/jpeg"}],"twitter_card":"summary_large_image","twitter_misc":{"Dur\u00e9e de lecture estim\u00e9e":"9 minutes"},"schema":{"@context":"https:\/\/schema.org","@graph":[{"@type":"WebPage","@id":"https:\/\/laerm.ch\/fr\/journee-contre-le-bruit\/archives\/campagne-2020\/","url":"https:\/\/laerm.ch\/fr\/journee-contre-le-bruit\/archives\/campagne-2020\/","name":"2020 - Le bruit hors-jeu - Bruit.ch","isPartOf":{"@id":"https:\/\/laerm.ch\/#website"},"primaryImageOfPage":{"@id":"https:\/\/laerm.ch\/fr\/journee-contre-le-bruit\/archives\/campagne-2020\/#primaryimage"},"image":{"@id":"https:\/\/laerm.ch\/fr\/journee-contre-le-bruit\/archives\/campagne-2020\/#primaryimage"},"thumbnailUrl":"https:\/\/laerm.ch\/wp-content\/uploads\/2020_TGL_Titelbild_fr.jpg","datePublished":"2024-01-22T11:07:28+00:00","dateModified":"2024-08-31T09:44:29+00:00","breadcrumb":{"@id":"https:\/\/laerm.ch\/fr\/journee-contre-le-bruit\/archives\/campagne-2020\/#breadcrumb"},"inLanguage":"fr-FR","potentialAction":[{"@type":"ReadAction","target":["https:\/\/laerm.ch\/fr\/journee-contre-le-bruit\/archives\/campagne-2020\/"]}]},{"@type":"ImageObject","inLanguage":"fr-FR","@id":"https:\/\/laerm.ch\/fr\/journee-contre-le-bruit\/archives\/campagne-2020\/#primaryimage","url":"https:\/\/laerm.ch\/wp-content\/uploads\/2020_TGL_Titelbild_fr.jpg","contentUrl":"https:\/\/laerm.ch\/wp-content\/uploads\/2020_TGL_Titelbild_fr.jpg","width":725,"height":300},{"@type":"BreadcrumbList","@id":"https:\/\/laerm.ch\/fr\/journee-contre-le-bruit\/archives\/campagne-2020\/#breadcrumb","itemListElement":[{"@type":"ListItem","position":1,"name":"Startseite","item":"https:\/\/test.laerm.ch\/fr\/"},{"@type":"ListItem","position":2,"name":"Journ\u00e9e contre le bruit","item":"https:\/\/laerm.ch\/fr\/journee-contre-le-bruit\/"},{"@type":"ListItem","position":3,"name":"Archives","item":"https:\/\/laerm.ch\/fr\/journee-contre-le-bruit\/archives\/"},{"@type":"ListItem","position":4,"name":"2020 &#8211; Le bruit hors-jeu"}]},{"@type":"WebSite","@id":"https:\/\/laerm.ch\/#website","url":"https:\/\/laerm.ch\/","name":"L\u00e4rm.ch","description":"Bienvenue sur Bruit.ch, le portail complet de Cercle Bruit sur le th\u00e8me du bruit et de la protection contre le bruit.","publisher":{"@id":"https:\/\/laerm.ch\/#organization"},"potentialAction":[{"@type":"SearchAction","target":{"@type":"EntryPoint","urlTemplate":"https:\/\/laerm.ch\/?s={search_term_string}"},"query-input":{"@type":"PropertyValueSpecification","valueRequired":true,"valueName":"search_term_string"}}],"inLanguage":"fr-FR"},{"@type":"Organization","@id":"https:\/\/laerm.ch\/#organization","name":"Cercle Bruit","url":"https:\/\/laerm.ch\/","logo":{"@type":"ImageObject","inLanguage":"fr-FR","@id":"https:\/\/laerm.ch\/#\/schema\/logo\/image\/","url":"https:\/\/laerm.ch\/wp-content\/uploads\/cercleBruitLogoText.png","contentUrl":"https:\/\/laerm.ch\/wp-content\/uploads\/cercleBruitLogoText.png","width":512,"height":329,"caption":"Cercle Bruit"},"image":{"@id":"https:\/\/laerm.ch\/#\/schema\/logo\/image\/"}}]}},"coauthors":[],"author_meta":{"author_link":"https:\/\/laerm.ch\/fr\/author\/f9c1af47f5d7fcc5\/","display_name":"admin"},"relative_dates":{"created":"Publi\u00e9 2 ans il y a","modified":"Mis \u00e0 jour 2 ans il y a"},"absolute_dates":{"created":"Publi\u00e9 le 22. janvier 2024","modified":"Mise \u00e0 jour le 31. ao\u00fbt 2024"},"absolute_dates_time":{"created":"Publi\u00e9 le 22. janvier 2024 12:07","modified":"Mise \u00e0 jour le 31. ao\u00fbt 2024 11:44"},"featured_img_caption":"","featured_img":"https:\/\/laerm.ch\/wp-content\/uploads\/2020_TGL_Titelbild_fr.jpg","series_order":"","_links":{"self":[{"href":"https:\/\/laerm.ch\/fr\/wp-json\/wp\/v2\/pages\/2928"}],"collection":[{"href":"https:\/\/laerm.ch\/fr\/wp-json\/wp\/v2\/pages"}],"about":[{"href":"https:\/\/laerm.ch\/fr\/wp-json\/wp\/v2\/types\/page"}],"author":[{"embeddable":true,"href":"https:\/\/laerm.ch\/fr\/wp-json\/wp\/v2\/users\/1"}],"replies":[{"embeddable":true,"href":"https:\/\/laerm.ch\/fr\/wp-json\/wp\/v2\/comments?post=2928"}],"version-history":[{"count":12,"href":"https:\/\/laerm.ch\/fr\/wp-json\/wp\/v2\/pages\/2928\/revisions"}],"predecessor-version":[{"id":5122,"href":"https:\/\/laerm.ch\/fr\/wp-json\/wp\/v2\/pages\/2928\/revisions\/5122"}],"up":[{"embeddable":true,"href":"https:\/\/laerm.ch\/fr\/wp-json\/wp\/v2\/pages\/2765"}],"wp:featuredmedia":[{"embeddable":true,"href":"https:\/\/laerm.ch\/fr\/wp-json\/wp\/v2\/media\/3438"}],"wp:attachment":[{"href":"https:\/\/laerm.ch\/fr\/wp-json\/wp\/v2\/media?parent=2928"}],"curies":[{"name":"wp","href":"https:\/\/api.w.org\/{rel}","templated":true}]}}