{"id":3029,"date":"2023-09-25T10:25:19","date_gmt":"2023-09-25T08:25:19","guid":{"rendered":"https:\/\/laerm.ch\/impressum\/"},"modified":"2024-09-25T16:42:18","modified_gmt":"2024-09-25T14:42:18","slug":"impressum","status":"publish","type":"page","link":"https:\/\/laerm.ch\/fr\/impressum\/","title":{"rendered":"Impressum"},"content":{"rendered":"\n<div class=\"wp-block-columns is-layout-flex wp-container-core-columns-is-layout-1 wp-block-columns-is-layout-flex\">\n<div class=\"wp-block-column is-layout-flow wp-block-column-is-layout-flow\">\n<p><strong>Op\u00e9rateur<\/strong><\/p>\n<\/div>\n\n\n\n<div class=\"wp-block-column is-layout-flow wp-block-column-is-layout-flow\">\n<p>Cercle Bruit Suisse<br\/>Office de l&rsquo;environnement<br\/>Impasse de la Colline 4<br\/>1762 Givisiez<\/p>\n\n\n\n<p><a href=\"https:\/\/cerclebruit.ch\/\" target=\"_blank\" rel=\"noreferrer noopener\">cerclebruit.ch<\/a><\/p>\n<\/div>\n<\/div>\n\n<hr class=\"wp-block-separator has-alpha-channel-opacity\"\/>\n\n<div class=\"wp-block-columns is-layout-flex wp-container-core-columns-is-layout-2 wp-block-columns-is-layout-flex\">\n<div class=\"wp-block-column is-layout-flow wp-block-column-is-layout-flow\">\n<p><strong>Webmaster<\/strong><\/p>\n<\/div>\n\n\n\n<div class=\"wp-block-column is-layout-flow wp-block-column-is-layout-flow\">\n<p><a href=\"mailto:mailadmin@laerm.ch\">Tiina-Maria Sepp\u00e4nen<\/a><\/p>\n<\/div>\n<\/div>\n\n<hr class=\"wp-block-separator has-alpha-channel-opacity\"\/>\n\n<div class=\"wp-block-columns is-layout-flex wp-container-core-columns-is-layout-3 wp-block-columns-is-layout-flex\">\n<div class=\"wp-block-column is-layout-flow wp-block-column-is-layout-flow\">\n<p><strong>Concept et contenu<\/strong><\/p>\n<\/div>\n\n\n\n<div class=\"wp-block-column is-layout-flow wp-block-column-is-layout-flow\">\n<p>Diff\u00e9rents groupes sp\u00e9cialis\u00e9s du Cercle Bruits Suisse<\/p>\n<\/div>\n<\/div>\n\n<hr class=\"wp-block-separator has-alpha-channel-opacity\"\/>\n\n<div class=\"wp-block-columns is-layout-flex wp-container-core-columns-is-layout-4 wp-block-columns-is-layout-flex\">\n<div class=\"wp-block-column is-layout-flow wp-block-column-is-layout-flow\">\n<p><strong>Design et programmation<\/strong><\/p>\n<\/div>\n\n\n\n<div class=\"wp-block-column is-layout-flow wp-block-column-is-layout-flow\">\n<p><a href=\"https:\/\/maxwerner.ch\" data-type=\"link\" data-id=\"https:\/\/maxwerner.ch\" target=\"_blank\" rel=\"noreferrer noopener\">maxwerner.ch<\/a><\/p>\n<\/div>\n<\/div>\n\n<hr class=\"wp-block-separator has-alpha-channel-opacity\"\/>\n\n<div class=\"wp-block-columns is-layout-flex wp-container-core-columns-is-layout-5 wp-block-columns-is-layout-flex\">\n<div class=\"wp-block-column is-layout-flow wp-block-column-is-layout-flow\">\n<p><strong>Contr\u00f4le de la traduction fran\u00e7aise<\/strong><\/p>\n\n\n\n<p><strong>Contr\u00f4le de la traduction italienne<\/strong><\/p>\n<\/div>\n\n\n\n<div class=\"wp-block-column is-layout-flow wp-block-column-is-layout-flow\">\n<p>Etienne Rosset traduction<\/p>\n\n\n\n<p>Calogero Ferruccio Noto<\/p>\n<\/div>\n<\/div>\n","protected":false},"excerpt":{"rendered":"<p>Op\u00e9rateur Cercle Bruit SuisseOffice de l&rsquo;environnementImpasse de la Colline 41762 Givisiez cerclebruit.ch Webmaster Tiina-Maria Sepp\u00e4nen Concept et contenu Diff\u00e9rents groupes sp\u00e9cialis\u00e9s du Cercle Bruits Suisse Design et programmation maxwerner.ch Contr\u00f4le de la traduction fran\u00e7aise Contr\u00f4le de la traduction italienne Etienne Rosset traduction Calogero Ferruccio Noto<\/p>\n","protected":false},"author":1,"featured_media":0,"parent":0,"menu_order":7,"comment_status":"closed","ping_status":"closed","template":"page-templates\/template-footer-page.php","meta":{"advgb_blocks_editor_width":"","advgb_blocks_columns_visual_guide":"","footnotes":""},"class_list":["post-3029","page","type-page","status-publish","hentry"],"yoast_head":"<!-- This site is optimized with the Yoast SEO plugin v23.7 - https:\/\/yoast.com\/wordpress\/plugins\/seo\/ -->\n<title>Impressum - Bruit.ch<\/title>\n<meta name=\"robots\" content=\"index, follow, max-snippet:-1, max-image-preview:large, max-video-preview:-1\" \/>\n<link rel=\"canonical\" href=\"https:\/\/laerm.ch\/fr\/impressum\/\" \/>\n<meta property=\"og:locale\" content=\"fr_FR\" \/>\n<meta property=\"og:type\" content=\"article\" \/>\n<meta property=\"og:title\" content=\"Impressum - Bruit.ch\" \/>\n<meta property=\"og:description\" content=\"Op\u00e9rateur Cercle Bruit SuisseOffice de l&rsquo;environnementImpasse de la Colline 41762 Givisiez cerclebruit.ch Webmaster Tiina-Maria Sepp\u00e4nen Concept et contenu Diff\u00e9rents groupes sp\u00e9cialis\u00e9s du Cercle Bruits Suisse Design et programmation maxwerner.ch Contr\u00f4le de la traduction fran\u00e7aise Contr\u00f4le de la traduction italienne Etienne Rosset traduction Calogero Ferruccio Noto\" \/>\n<meta property=\"og:url\" content=\"https:\/\/laerm.ch\/fr\/impressum\/\" \/>\n<meta property=\"og:site_name\" content=\"Bruit.ch\" \/>\n<meta property=\"article:modified_time\" content=\"2024-09-25T14:42:18+00:00\" \/>\n<meta name=\"twitter:card\" content=\"summary_large_image\" \/>\n<script type=\"application\/ld+json\" class=\"yoast-schema-graph\">{\"@context\":\"https:\/\/schema.org\",\"@graph\":[{\"@type\":\"WebPage\",\"@id\":\"https:\/\/laerm.ch\/fr\/impressum\/\",\"url\":\"https:\/\/laerm.ch\/fr\/impressum\/\",\"name\":\"Impressum - Bruit.ch\",\"isPartOf\":{\"@id\":\"https:\/\/laerm.ch\/#website\"},\"datePublished\":\"2023-09-25T08:25:19+00:00\",\"dateModified\":\"2024-09-25T14:42:18+00:00\",\"breadcrumb\":{\"@id\":\"https:\/\/laerm.ch\/fr\/impressum\/#breadcrumb\"},\"inLanguage\":\"fr-FR\",\"potentialAction\":[{\"@type\":\"ReadAction\",\"target\":[\"https:\/\/laerm.ch\/fr\/impressum\/\"]}]},{\"@type\":\"BreadcrumbList\",\"@id\":\"https:\/\/laerm.ch\/fr\/impressum\/#breadcrumb\",\"itemListElement\":[{\"@type\":\"ListItem\",\"position\":1,\"name\":\"Startseite\",\"item\":\"https:\/\/test.laerm.ch\/fr\/\"},{\"@type\":\"ListItem\",\"position\":2,\"name\":\"Impressum\"}]},{\"@type\":\"WebSite\",\"@id\":\"https:\/\/laerm.ch\/#website\",\"url\":\"https:\/\/laerm.ch\/\",\"name\":\"L\u00e4rm.ch\",\"description\":\"Bienvenue sur Bruit.ch, le portail complet de Cercle Bruit sur le th\u00e8me du bruit et de la protection contre le bruit.\",\"publisher\":{\"@id\":\"https:\/\/laerm.ch\/#organization\"},\"potentialAction\":[{\"@type\":\"SearchAction\",\"target\":{\"@type\":\"EntryPoint\",\"urlTemplate\":\"https:\/\/laerm.ch\/?s={search_term_string}\"},\"query-input\":{\"@type\":\"PropertyValueSpecification\",\"valueRequired\":true,\"valueName\":\"search_term_string\"}}],\"inLanguage\":\"fr-FR\"},{\"@type\":\"Organization\",\"@id\":\"https:\/\/laerm.ch\/#organization\",\"name\":\"Cercle Bruit\",\"url\":\"https:\/\/laerm.ch\/\",\"logo\":{\"@type\":\"ImageObject\",\"inLanguage\":\"fr-FR\",\"@id\":\"https:\/\/laerm.ch\/#\/schema\/logo\/image\/\",\"url\":\"https:\/\/laerm.ch\/wp-content\/uploads\/cercleBruitLogoText.png\",\"contentUrl\":\"https:\/\/laerm.ch\/wp-content\/uploads\/cercleBruitLogoText.png\",\"width\":512,\"height\":329,\"caption\":\"Cercle Bruit\"},\"image\":{\"@id\":\"https:\/\/laerm.ch\/#\/schema\/logo\/image\/\"}}]}<\/script>\n<!-- \/ Yoast SEO plugin. -->","yoast_head_json":{"title":"Impressum - Bruit.ch","robots":{"index":"index","follow":"follow","max-snippet":"max-snippet:-1","max-image-preview":"max-image-preview:large","max-video-preview":"max-video-preview:-1"},"canonical":"https:\/\/laerm.ch\/fr\/impressum\/","og_locale":"fr_FR","og_type":"article","og_title":"Impressum - Bruit.ch","og_description":"Op\u00e9rateur Cercle Bruit SuisseOffice de l&rsquo;environnementImpasse de la Colline 41762 Givisiez cerclebruit.ch Webmaster Tiina-Maria Sepp\u00e4nen Concept et contenu Diff\u00e9rents groupes sp\u00e9cialis\u00e9s du Cercle Bruits Suisse Design et programmation maxwerner.ch Contr\u00f4le de la traduction fran\u00e7aise Contr\u00f4le de la traduction italienne Etienne Rosset traduction Calogero Ferruccio Noto","og_url":"https:\/\/laerm.ch\/fr\/impressum\/","og_site_name":"Bruit.ch","article_modified_time":"2024-09-25T14:42:18+00:00","twitter_card":"summary_large_image","schema":{"@context":"https:\/\/schema.org","@graph":[{"@type":"WebPage","@id":"https:\/\/laerm.ch\/fr\/impressum\/","url":"https:\/\/laerm.ch\/fr\/impressum\/","name":"Impressum - Bruit.ch","isPartOf":{"@id":"https:\/\/laerm.ch\/#website"},"datePublished":"2023-09-25T08:25:19+00:00","dateModified":"2024-09-25T14:42:18+00:00","breadcrumb":{"@id":"https:\/\/laerm.ch\/fr\/impressum\/#breadcrumb"},"inLanguage":"fr-FR","potentialAction":[{"@type":"ReadAction","target":["https:\/\/laerm.ch\/fr\/impressum\/"]}]},{"@type":"BreadcrumbList","@id":"https:\/\/laerm.ch\/fr\/impressum\/#breadcrumb","itemListElement":[{"@type":"ListItem","position":1,"name":"Startseite","item":"https:\/\/test.laerm.ch\/fr\/"},{"@type":"ListItem","position":2,"name":"Impressum"}]},{"@type":"WebSite","@id":"https:\/\/laerm.ch\/#website","url":"https:\/\/laerm.ch\/","name":"L\u00e4rm.ch","description":"Bienvenue sur Bruit.ch, le portail complet de Cercle Bruit sur le th\u00e8me du bruit et de la protection contre le bruit.","publisher":{"@id":"https:\/\/laerm.ch\/#organization"},"potentialAction":[{"@type":"SearchAction","target":{"@type":"EntryPoint","urlTemplate":"https:\/\/laerm.ch\/?s={search_term_string}"},"query-input":{"@type":"PropertyValueSpecification","valueRequired":true,"valueName":"search_term_string"}}],"inLanguage":"fr-FR"},{"@type":"Organization","@id":"https:\/\/laerm.ch\/#organization","name":"Cercle Bruit","url":"https:\/\/laerm.ch\/","logo":{"@type":"ImageObject","inLanguage":"fr-FR","@id":"https:\/\/laerm.ch\/#\/schema\/logo\/image\/","url":"https:\/\/laerm.ch\/wp-content\/uploads\/cercleBruitLogoText.png","contentUrl":"https:\/\/laerm.ch\/wp-content\/uploads\/cercleBruitLogoText.png","width":512,"height":329,"caption":"Cercle Bruit"},"image":{"@id":"https:\/\/laerm.ch\/#\/schema\/logo\/image\/"}}]}},"coauthors":[],"author_meta":{"author_link":"https:\/\/laerm.ch\/fr\/author\/f9c1af47f5d7fcc5\/","display_name":"admin"},"relative_dates":{"created":"Publi\u00e9 3 ans il y a","modified":"Mis \u00e0 jour 2 ans il y a"},"absolute_dates":{"created":"Publi\u00e9 le 25. septembre 2023","modified":"Mise \u00e0 jour le 25. septembre 2024"},"absolute_dates_time":{"created":"Publi\u00e9 le 25. septembre 2023 10:25","modified":"Mise \u00e0 jour le 25. septembre 2024 16:42"},"featured_img_caption":"","featured_img":false,"series_order":"","_links":{"self":[{"href":"https:\/\/laerm.ch\/fr\/wp-json\/wp\/v2\/pages\/3029"}],"collection":[{"href":"https:\/\/laerm.ch\/fr\/wp-json\/wp\/v2\/pages"}],"about":[{"href":"https:\/\/laerm.ch\/fr\/wp-json\/wp\/v2\/types\/page"}],"author":[{"embeddable":true,"href":"https:\/\/laerm.ch\/fr\/wp-json\/wp\/v2\/users\/1"}],"replies":[{"embeddable":true,"href":"https:\/\/laerm.ch\/fr\/wp-json\/wp\/v2\/comments?post=3029"}],"version-history":[{"count":14,"href":"https:\/\/laerm.ch\/fr\/wp-json\/wp\/v2\/pages\/3029\/revisions"}],"predecessor-version":[{"id":5206,"href":"https:\/\/laerm.ch\/fr\/wp-json\/wp\/v2\/pages\/3029\/revisions\/5206"}],"wp:attachment":[{"href":"https:\/\/laerm.ch\/fr\/wp-json\/wp\/v2\/media?parent=3029"}],"curies":[{"name":"wp","href":"https:\/\/api.w.org\/{rel}","templated":true}]}}