{"id":379,"date":"2023-10-18T10:11:24","date_gmt":"2023-10-18T08:11:24","guid":{"rendered":"https:\/\/laerm.ch\/connaissances-du-bruit\/apps-tools\/"},"modified":"2024-06-06T11:43:48","modified_gmt":"2024-06-06T09:43:48","slug":"applis-et-tools","status":"publish","type":"page","link":"https:\/\/laerm.ch\/fr\/connaissances-du-bruit\/applis-et-tools\/","title":{"rendered":"Applis &amp; outils"},"content":{"rendered":"<div id=\"ez-toc-container\" class=\"ez-toc-v2_0_69_1 counter-hierarchy ez-toc-counter ez-toc-transparent ez-toc-container-direction\">\n<label for=\"ez-toc-cssicon-toggle-item-69e4c2a608481\" class=\"ez-toc-cssicon-toggle-label\"><p class=\"ez-toc-title\" style=\"cursor:inherit\">Table des mati\u00e8res<\/p>\n<span class=\"ez-toc-cssicon\"><span class=\"eztoc-hide\" style=\"display:none;\">Toggle<\/span><span class=\"ez-toc-icon-toggle-span\"><svg style=\"fill: #999;color:#999\" xmlns=\"http:\/\/www.w3.org\/2000\/svg\" class=\"list-377408\" width=\"20px\" height=\"20px\" viewBox=\"0 0 24 24\" fill=\"none\"><path d=\"M6 6H4v2h2V6zm14 0H8v2h12V6zM4 11h2v2H4v-2zm16 0H8v2h12v-2zM4 16h2v2H4v-2zm16 0H8v2h12v-2z\" fill=\"currentColor\"><\/path><\/svg><svg style=\"fill: #999;color:#999\" class=\"arrow-unsorted-368013\" xmlns=\"http:\/\/www.w3.org\/2000\/svg\" width=\"10px\" height=\"10px\" viewBox=\"0 0 24 24\" version=\"1.2\" baseProfile=\"tiny\"><path d=\"M18.2 9.3l-6.2-6.3-6.2 6.3c-.2.2-.3.4-.3.7s.1.5.3.7c.2.2.4.3.7.3h11c.3 0 .5-.1.7-.3.2-.2.3-.5.3-.7s-.1-.5-.3-.7zM5.8 14.7l6.2 6.3 6.2-6.3c.2-.2.3-.5.3-.7s-.1-.5-.3-.7c-.2-.2-.4-.3-.7-.3h-11c-.3 0-.5.1-.7.3-.2.2-.3.5-.3.7s.1.5.3.7z\"\/><\/svg><\/span><\/span><\/label><input type=\"checkbox\" style='display:none' id=\"ez-toc-cssicon-toggle-item-69e4c2a608481\" checked \/><nav><ul class='ez-toc-list ez-toc-list-level-1 ' ><li class='ez-toc-page-1 ez-toc-heading-level-2'><a class=\"ez-toc-link ez-toc-heading-1\" href=\"https:\/\/laerm.ch\/fr\/connaissances-du-bruit\/applis-et-tools\/#le-smartphone-comme-sonometre\" title=\"Le smartphone comme sonom\u00e8tre\">Le smartphone comme sonom\u00e8tre<\/a><ul class='ez-toc-list-level-3' ><li class='ez-toc-heading-level-3'><a class=\"ez-toc-link ez-toc-heading-2\" href=\"https:\/\/laerm.ch\/fr\/connaissances-du-bruit\/applis-et-tools\/#vainqueurs-du-test\" title=\"Vainqueurs du test\">Vainqueurs du test<\/a><\/li><li class='ez-toc-page-1 ez-toc-heading-level-3'><a class=\"ez-toc-link ez-toc-heading-3\" href=\"https:\/\/laerm.ch\/fr\/connaissances-du-bruit\/applis-et-tools\/#tutoriels\" title=\"Tutoriels\">Tutoriels<\/a><\/li><\/ul><\/li><li class='ez-toc-page-1 ez-toc-heading-level-2'><a class=\"ez-toc-link ez-toc-heading-4\" href=\"https:\/\/laerm.ch\/fr\/connaissances-du-bruit\/applis-et-tools\/#outils-de-calcul\" title=\"Outils de calcul\">Outils de calcul<\/a><\/li><\/ul><\/nav><\/div>\n\n<h2 class=\"wp-block-heading\"><span class=\"ez-toc-section\" id=\"le-smartphone-comme-sonometre\"><\/span>Le smartphone comme sonom\u00e8tre<span class=\"ez-toc-section-end\"><\/span><\/h2>\n\n<p>Les smartphones disposent de tous les \u00e9l\u00e9ments n\u00e9cessaires (micro, convertisseur A \/ N, processeur pour le traitement du signal) \u00e0 la construction d&rsquo;un sonom\u00e8tre. En toute logique, plusieurs applications promettant de transformer le smartphone en sonom\u00e8tre sont disponibles.<\/p>\n\n<p>Sur mandat de l&rsquo;Office f\u00e9d\u00e9ral de l&rsquo;environnement (OFEV), le laboratoire f\u00e9d\u00e9ral d&rsquo;essai des mat\u00e9riaux et de recherche EMPA a \u00e9valu\u00e9 ces applications du point de vue de leur fiabilit\u00e9 \u00e0 mesurer le niveau sonore.<\/p>\n\n<p><a class=\"_dl\" href=\"https:\/\/laerm.ch\/wp-content\/uploads\/BerichtEmpaSmartPhones.pdf\" target=\"_blank\" rel=\"noreferrer noopener\">Rapport d&rsquo;\u00e9valuation de l&rsquo;EMPA 2018 (PDF, DE)<\/a><\/p>\n\n<p>Etant donn\u00e9 que le mat\u00e9riel (nouveaux smartphones) et les logiciels (nouvelles versions des syst\u00e8mes d&rsquo;exploitation et mise \u00e0 jour des applications) \u00e9voluent constamment, seules les applications qui sont calibr\u00e9es peuvent \u00eatre utilisables. M\u00eame si le calibrage rend la mesure via l&rsquo;application smartphone plus pr\u00e9cise, celle-ci ne peut en aucun cas remplacer un sonom\u00e8tre professionnel.<\/p>\n\n<h3 class=\"wp-block-heading\"><span class=\"ez-toc-section\" id=\"vainqueurs-du-test\"><\/span>Vainqueurs du test<span class=\"ez-toc-section-end\"><\/span><\/h3>\n\n<p><strong>SPL Pro<\/strong> est une application de mesure du niveau sonore pour l&rsquo;iPhone. L&rsquo;application comprend de nombreuses possibilit\u00e9s de r\u00e9glage flexibles telles que le choix du mode de mesure ou la possibilit\u00e9 de d\u00e9terminer si l&rsquo;\u00e9valuation doit passer par un filtre A ou C. L&rsquo;application peut \u00eatre achet\u00e9e pour 8 francs dans l&rsquo;App-Store.<br\/><a class=\"_ex\" href=\"https:\/\/www.studiosixdigital.com\/audiotools-modules-2\/spl-modules\/spl\/\" target=\"_blank\" rel=\"noreferrer noopener\">SPL Pro de Studio Six Digital (studiosixdigital.com)<\/a><\/p>\n\n<p><strong>NoiseCapture<\/strong> est une application android gratuite permettant de mesurer le niveau sonore avec un smartphone. Comme fonctionnalit\u00e9 suppl\u00e9mentaire, l&rsquo;application peut g\u00e9olocaliser le lieu de la mesure sur une carte par GPS. L&rsquo;application est gratute et peut \u00eatre t\u00e9l\u00e9charg\u00e9e sur Google Play Store ou dans l&rsquo;Android Store.<br\/><a class=\"_ex\" href=\"http:\/\/noise-planet.org\/noisecapture.html\" target=\"_blank\" rel=\"noreferrer noopener\">NoiseCapture de Noise-Planet (noise-planet.org)<\/a><\/p>\n\n<h3 class=\"wp-block-heading\"><span class=\"ez-toc-section\" id=\"tutoriels\"><\/span>Tutoriels<span class=\"ez-toc-section-end\"><\/span><\/h3>\n\n<p>Pour utiliser les applications de mesure sonore, il faut d&rsquo;abord effectuer des r\u00e9glages et les calibrer. Pour cela, il suffit de suivre les conseils pr\u00e9sent\u00e9s dans la vid\u00e9o ci-dessous du service de protection contre le bruit du canton de Z\u00fcrich.<\/p>\n\n<figure class=\"wp-block-embed is-type-video is-provider-youtube wp-block-embed-youtube wp-embed-aspect-16-9 wp-has-aspect-ratio\"><div class=\"wp-block-embed__wrapper\">\n<iframe loading=\"lazy\" title=\"SCHALLMESSUNG PER APP | SPL Pro | iPhone\" width=\"725\" height=\"408\" src=\"https:\/\/www.youtube.com\/embed\/8ek6HEBCjuo?feature=oembed\" frameborder=\"0\" allow=\"accelerometer; autoplay; clipboard-write; encrypted-media; gyroscope; picture-in-picture; web-share\" referrerpolicy=\"strict-origin-when-cross-origin\" allowfullscreen><\/iframe>\n<\/div><figcaption class=\"wp-element-caption\">Mesure du niveau sonore avec l&rsquo;application SPL Pro<\/figcaption><\/figure>\n\n<figure class=\"wp-block-embed is-type-video is-provider-youtube wp-block-embed-youtube wp-embed-aspect-16-9 wp-has-aspect-ratio\"><div class=\"wp-block-embed__wrapper\">\n<iframe loading=\"lazy\" title=\"SCHALLMESSUNG PER APP | NoiseCapture | Android\" width=\"725\" height=\"408\" src=\"https:\/\/www.youtube.com\/embed\/Evysy4geims?feature=oembed\" frameborder=\"0\" allow=\"accelerometer; autoplay; clipboard-write; encrypted-media; gyroscope; picture-in-picture; web-share\" referrerpolicy=\"strict-origin-when-cross-origin\" allowfullscreen><\/iframe>\n<\/div><figcaption class=\"wp-element-caption\">Mesure du niveau sonore avec l&rsquo;application NoiseCapture<\/figcaption><\/figure>\n\n<hr class=\"wp-block-separator has-alpha-channel-opacity\"\/>\n\n<h2 class=\"wp-block-heading\"><span class=\"ez-toc-section\" id=\"outils-de-calcul\"><\/span>Outils de calcul<span class=\"ez-toc-section-end\"><\/span><\/h2>\n\n<p>Des outils interactifs ou des outils de calcul permettent d&rsquo;estimer le niveau de nuisance des installations et de savoir si les exigences l\u00e9gales sont respect\u00e9es. La plupart du temps, les outils de calcul ne tiennent pas compte de l&rsquo;att\u00e9nuation des obstacles ni des r\u00e9flexions et servent uniquement \u00e0 estimer grossi\u00e8rement l&rsquo;exposition au bruit. Ils ne remplacent en aucun cas une expertise r\u00e9alis\u00e9e par des sp\u00e9cialistes.<\/p>\n\n<p><a class=\"_ex\" href=\"https:\/\/www.bauen-im-laerm.ch\/berechnungswerkzeuge\/bahnlaerm\/\" target=\"_blank\" rel=\"noreferrer noopener\">Bruit ferroviaire (bauen-im-laerm.ch)<\/a><br\/><a class=\"_ex\" href=\"https:\/\/www.bauen-im-laerm.ch\/berechnungswerkzeuge\/strassenlarm\/\" target=\"_blank\" rel=\"noreferrer noopener\">Bruit routier (bauen-im-laerm.ch)<\/a><br\/><a class=\"_ex\" href=\"https:\/\/www.bauen-im-laerm.ch\/berechnungswerkzeuge\/parkflaechen\/\" target=\"_blank\" rel=\"noreferrer noopener\">Aires de stationnement (bauen-im-laerm.ch)<\/a><br\/><a class=\"_ex\" href=\"https:\/\/www.bauen-im-laerm.ch\/berechnungswerkzeuge\/tiefgaragen\/\" target=\"_blank\" rel=\"noreferrer noopener\">Garages souterrains (bauen-im-laerm.ch)<\/a><br\/><a class=\"_ex\" href=\"https:\/\/www.bauen-im-laerm.ch\/berechnungswerkzeuge\/kleinwindanlagen\/\" target=\"_blank\" rel=\"noreferrer noopener\">Petites \u00e9oliennes (bauen-im-laerm.ch)<\/a><\/p>\n","protected":false},"excerpt":{"rendered":"<p>Le smartphone comme sonom\u00e8tre Les smartphones disposent de tous les \u00e9l\u00e9ments n\u00e9cessaires (micro, convertisseur A \/ N, processeur pour le traitement du signal) \u00e0 la construction d&rsquo;un sonom\u00e8tre. En toute logique, plusieurs applications promettant de transformer le smartphone en sonom\u00e8tre sont disponibles. Sur mandat de l&rsquo;Office f\u00e9d\u00e9ral de l&rsquo;environnement (OFEV), le laboratoire f\u00e9d\u00e9ral d&rsquo;essai des [&hellip;]<\/p>\n","protected":false},"author":1,"featured_media":376,"parent":75,"menu_order":6,"comment_status":"closed","ping_status":"closed","template":"","meta":{"advgb_blocks_editor_width":"","advgb_blocks_columns_visual_guide":"","footnotes":""},"class_list":["post-379","page","type-page","status-publish","has-post-thumbnail","hentry"],"yoast_head":"<!-- This site is optimized with the Yoast SEO plugin v23.7 - https:\/\/yoast.com\/wordpress\/plugins\/seo\/ -->\n<title>Applis &amp; outils - Bruit.ch<\/title>\n<meta name=\"robots\" content=\"index, follow, max-snippet:-1, max-image-preview:large, max-video-preview:-1\" \/>\n<link rel=\"canonical\" href=\"https:\/\/test.laerm.ch\/laermwissen\/apps-tools\/\" \/>\n<meta property=\"og:locale\" content=\"fr_FR\" \/>\n<meta property=\"og:type\" content=\"article\" \/>\n<meta property=\"og:title\" content=\"Applis &amp; outils - Bruit.ch\" \/>\n<meta property=\"og:description\" content=\"Le smartphone comme sonom\u00e8tre Les smartphones disposent de tous les \u00e9l\u00e9ments n\u00e9cessaires (micro, convertisseur A \/ N, processeur pour le traitement du signal) \u00e0 la construction d&rsquo;un sonom\u00e8tre. En toute logique, plusieurs applications promettant de transformer le smartphone en sonom\u00e8tre sont disponibles. Sur mandat de l&rsquo;Office f\u00e9d\u00e9ral de l&rsquo;environnement (OFEV), le laboratoire f\u00e9d\u00e9ral d&rsquo;essai des [&hellip;]\" \/>\n<meta property=\"og:url\" content=\"https:\/\/test.laerm.ch\/laermwissen\/apps-tools\/\" \/>\n<meta property=\"og:site_name\" content=\"Bruit.ch\" \/>\n<meta property=\"article:modified_time\" content=\"2024-06-06T09:43:48+00:00\" \/>\n<meta property=\"og:image\" content=\"https:\/\/test.laerm.ch\/wp-content\/uploads\/apps_tools.jpg\" \/>\n\t<meta property=\"og:image:width\" content=\"725\" \/>\n\t<meta property=\"og:image:height\" content=\"300\" \/>\n\t<meta property=\"og:image:type\" content=\"image\/jpeg\" \/>\n<meta name=\"twitter:card\" content=\"summary_large_image\" \/>\n<meta name=\"twitter:label1\" content=\"Dur\u00e9e de lecture estim\u00e9e\" \/>\n\t<meta name=\"twitter:data1\" content=\"2 minutes\" \/>\n<script type=\"application\/ld+json\" class=\"yoast-schema-graph\">{\"@context\":\"https:\/\/schema.org\",\"@graph\":[{\"@type\":\"WebPage\",\"@id\":\"https:\/\/test.laerm.ch\/laermwissen\/apps-tools\/\",\"url\":\"https:\/\/test.laerm.ch\/laermwissen\/apps-tools\/\",\"name\":\"Applis &amp; outils - Bruit.ch\",\"isPartOf\":{\"@id\":\"https:\/\/laerm.ch\/#website\"},\"primaryImageOfPage\":{\"@id\":\"https:\/\/test.laerm.ch\/laermwissen\/apps-tools\/#primaryimage\"},\"image\":{\"@id\":\"https:\/\/test.laerm.ch\/laermwissen\/apps-tools\/#primaryimage\"},\"thumbnailUrl\":\"https:\/\/laerm.ch\/wp-content\/uploads\/apps_tools.jpg\",\"datePublished\":\"2023-10-18T08:11:24+00:00\",\"dateModified\":\"2024-06-06T09:43:48+00:00\",\"breadcrumb\":{\"@id\":\"https:\/\/test.laerm.ch\/laermwissen\/apps-tools\/#breadcrumb\"},\"inLanguage\":\"fr-FR\",\"potentialAction\":[{\"@type\":\"ReadAction\",\"target\":[\"https:\/\/test.laerm.ch\/laermwissen\/apps-tools\/\"]}]},{\"@type\":\"ImageObject\",\"inLanguage\":\"fr-FR\",\"@id\":\"https:\/\/test.laerm.ch\/laermwissen\/apps-tools\/#primaryimage\",\"url\":\"https:\/\/laerm.ch\/wp-content\/uploads\/apps_tools.jpg\",\"contentUrl\":\"https:\/\/laerm.ch\/wp-content\/uploads\/apps_tools.jpg\",\"width\":725,\"height\":300},{\"@type\":\"BreadcrumbList\",\"@id\":\"https:\/\/test.laerm.ch\/laermwissen\/apps-tools\/#breadcrumb\",\"itemListElement\":[{\"@type\":\"ListItem\",\"position\":1,\"name\":\"Startseite\",\"item\":\"https:\/\/test.laerm.ch\/fr\/\"},{\"@type\":\"ListItem\",\"position\":2,\"name\":\"Bruit &amp; calme\",\"item\":\"https:\/\/test.laerm.ch\/laermwissen\/\"},{\"@type\":\"ListItem\",\"position\":3,\"name\":\"Applis &amp; outils\"}]},{\"@type\":\"WebSite\",\"@id\":\"https:\/\/laerm.ch\/#website\",\"url\":\"https:\/\/laerm.ch\/\",\"name\":\"L\u00e4rm.ch\",\"description\":\"Bienvenue sur Bruit.ch, le portail complet de Cercle Bruit sur le th\u00e8me du bruit et de la protection contre le bruit.\",\"publisher\":{\"@id\":\"https:\/\/laerm.ch\/#organization\"},\"potentialAction\":[{\"@type\":\"SearchAction\",\"target\":{\"@type\":\"EntryPoint\",\"urlTemplate\":\"https:\/\/laerm.ch\/?s={search_term_string}\"},\"query-input\":{\"@type\":\"PropertyValueSpecification\",\"valueRequired\":true,\"valueName\":\"search_term_string\"}}],\"inLanguage\":\"fr-FR\"},{\"@type\":\"Organization\",\"@id\":\"https:\/\/laerm.ch\/#organization\",\"name\":\"Cercle Bruit\",\"url\":\"https:\/\/laerm.ch\/\",\"logo\":{\"@type\":\"ImageObject\",\"inLanguage\":\"fr-FR\",\"@id\":\"https:\/\/laerm.ch\/#\/schema\/logo\/image\/\",\"url\":\"https:\/\/laerm.ch\/wp-content\/uploads\/cercleBruitLogoText.png\",\"contentUrl\":\"https:\/\/laerm.ch\/wp-content\/uploads\/cercleBruitLogoText.png\",\"width\":512,\"height\":329,\"caption\":\"Cercle Bruit\"},\"image\":{\"@id\":\"https:\/\/laerm.ch\/#\/schema\/logo\/image\/\"}}]}<\/script>\n<!-- \/ Yoast SEO plugin. -->","yoast_head_json":{"title":"Applis &amp; outils - Bruit.ch","robots":{"index":"index","follow":"follow","max-snippet":"max-snippet:-1","max-image-preview":"max-image-preview:large","max-video-preview":"max-video-preview:-1"},"canonical":"https:\/\/test.laerm.ch\/laermwissen\/apps-tools\/","og_locale":"fr_FR","og_type":"article","og_title":"Applis &amp; outils - Bruit.ch","og_description":"Le smartphone comme sonom\u00e8tre Les smartphones disposent de tous les \u00e9l\u00e9ments n\u00e9cessaires (micro, convertisseur A \/ N, processeur pour le traitement du signal) \u00e0 la construction d&rsquo;un sonom\u00e8tre. En toute logique, plusieurs applications promettant de transformer le smartphone en sonom\u00e8tre sont disponibles. Sur mandat de l&rsquo;Office f\u00e9d\u00e9ral de l&rsquo;environnement (OFEV), le laboratoire f\u00e9d\u00e9ral d&rsquo;essai des [&hellip;]","og_url":"https:\/\/test.laerm.ch\/laermwissen\/apps-tools\/","og_site_name":"Bruit.ch","article_modified_time":"2024-06-06T09:43:48+00:00","og_image":[{"width":725,"height":300,"url":"https:\/\/test.laerm.ch\/wp-content\/uploads\/apps_tools.jpg","type":"image\/jpeg"}],"twitter_card":"summary_large_image","twitter_misc":{"Dur\u00e9e de lecture estim\u00e9e":"2 minutes"},"schema":{"@context":"https:\/\/schema.org","@graph":[{"@type":"WebPage","@id":"https:\/\/test.laerm.ch\/laermwissen\/apps-tools\/","url":"https:\/\/test.laerm.ch\/laermwissen\/apps-tools\/","name":"Applis &amp; outils - Bruit.ch","isPartOf":{"@id":"https:\/\/laerm.ch\/#website"},"primaryImageOfPage":{"@id":"https:\/\/test.laerm.ch\/laermwissen\/apps-tools\/#primaryimage"},"image":{"@id":"https:\/\/test.laerm.ch\/laermwissen\/apps-tools\/#primaryimage"},"thumbnailUrl":"https:\/\/laerm.ch\/wp-content\/uploads\/apps_tools.jpg","datePublished":"2023-10-18T08:11:24+00:00","dateModified":"2024-06-06T09:43:48+00:00","breadcrumb":{"@id":"https:\/\/test.laerm.ch\/laermwissen\/apps-tools\/#breadcrumb"},"inLanguage":"fr-FR","potentialAction":[{"@type":"ReadAction","target":["https:\/\/test.laerm.ch\/laermwissen\/apps-tools\/"]}]},{"@type":"ImageObject","inLanguage":"fr-FR","@id":"https:\/\/test.laerm.ch\/laermwissen\/apps-tools\/#primaryimage","url":"https:\/\/laerm.ch\/wp-content\/uploads\/apps_tools.jpg","contentUrl":"https:\/\/laerm.ch\/wp-content\/uploads\/apps_tools.jpg","width":725,"height":300},{"@type":"BreadcrumbList","@id":"https:\/\/test.laerm.ch\/laermwissen\/apps-tools\/#breadcrumb","itemListElement":[{"@type":"ListItem","position":1,"name":"Startseite","item":"https:\/\/test.laerm.ch\/fr\/"},{"@type":"ListItem","position":2,"name":"Bruit &amp; calme","item":"https:\/\/test.laerm.ch\/laermwissen\/"},{"@type":"ListItem","position":3,"name":"Applis &amp; outils"}]},{"@type":"WebSite","@id":"https:\/\/laerm.ch\/#website","url":"https:\/\/laerm.ch\/","name":"L\u00e4rm.ch","description":"Bienvenue sur Bruit.ch, le portail complet de Cercle Bruit sur le th\u00e8me du bruit et de la protection contre le bruit.","publisher":{"@id":"https:\/\/laerm.ch\/#organization"},"potentialAction":[{"@type":"SearchAction","target":{"@type":"EntryPoint","urlTemplate":"https:\/\/laerm.ch\/?s={search_term_string}"},"query-input":{"@type":"PropertyValueSpecification","valueRequired":true,"valueName":"search_term_string"}}],"inLanguage":"fr-FR"},{"@type":"Organization","@id":"https:\/\/laerm.ch\/#organization","name":"Cercle Bruit","url":"https:\/\/laerm.ch\/","logo":{"@type":"ImageObject","inLanguage":"fr-FR","@id":"https:\/\/laerm.ch\/#\/schema\/logo\/image\/","url":"https:\/\/laerm.ch\/wp-content\/uploads\/cercleBruitLogoText.png","contentUrl":"https:\/\/laerm.ch\/wp-content\/uploads\/cercleBruitLogoText.png","width":512,"height":329,"caption":"Cercle Bruit"},"image":{"@id":"https:\/\/laerm.ch\/#\/schema\/logo\/image\/"}}]}},"coauthors":[],"author_meta":{"author_link":"https:\/\/laerm.ch\/fr\/author\/f9c1af47f5d7fcc5\/","display_name":"admin"},"relative_dates":{"created":"Publi\u00e9 3 ans il y a","modified":"Mis \u00e0 jour 2 ans il y a"},"absolute_dates":{"created":"Publi\u00e9 le 18. octobre 2023","modified":"Mise \u00e0 jour le 6. juin 2024"},"absolute_dates_time":{"created":"Publi\u00e9 le 18. octobre 2023 10:11","modified":"Mise \u00e0 jour le 6. juin 2024 11:43"},"featured_img_caption":"","featured_img":"https:\/\/laerm.ch\/wp-content\/uploads\/apps_tools.jpg","series_order":"","_links":{"self":[{"href":"https:\/\/laerm.ch\/fr\/wp-json\/wp\/v2\/pages\/379"}],"collection":[{"href":"https:\/\/laerm.ch\/fr\/wp-json\/wp\/v2\/pages"}],"about":[{"href":"https:\/\/laerm.ch\/fr\/wp-json\/wp\/v2\/types\/page"}],"author":[{"embeddable":true,"href":"https:\/\/laerm.ch\/fr\/wp-json\/wp\/v2\/users\/1"}],"replies":[{"embeddable":true,"href":"https:\/\/laerm.ch\/fr\/wp-json\/wp\/v2\/comments?post=379"}],"version-history":[{"count":10,"href":"https:\/\/laerm.ch\/fr\/wp-json\/wp\/v2\/pages\/379\/revisions"}],"predecessor-version":[{"id":4772,"href":"https:\/\/laerm.ch\/fr\/wp-json\/wp\/v2\/pages\/379\/revisions\/4772"}],"up":[{"embeddable":true,"href":"https:\/\/laerm.ch\/fr\/wp-json\/wp\/v2\/pages\/75"}],"wp:featuredmedia":[{"embeddable":true,"href":"https:\/\/laerm.ch\/fr\/wp-json\/wp\/v2\/media\/376"}],"wp:attachment":[{"href":"https:\/\/laerm.ch\/fr\/wp-json\/wp\/v2\/media?parent=379"}],"curies":[{"name":"wp","href":"https:\/\/api.w.org\/{rel}","templated":true}]}}