{"id":393,"date":"2023-10-18T10:22:39","date_gmt":"2023-10-18T08:22:39","guid":{"rendered":"https:\/\/laerm.ch\/gestion-du-bruit\/laermquellen-beurteilung\/"},"modified":"2024-09-14T21:01:29","modified_gmt":"2024-09-14T19:01:29","slug":"sources-de-bruit-evaluation","status":"publish","type":"page","link":"https:\/\/laerm.ch\/fr\/problemes-de-bruit\/sources-de-bruit-evaluation\/","title":{"rendered":"Sources de bruit &amp; \u00e9valuation"},"content":{"rendered":"<div id=\"ez-toc-container\" class=\"ez-toc-v2_0_69_1 counter-hierarchy ez-toc-counter ez-toc-transparent ez-toc-container-direction\">\n<label for=\"ez-toc-cssicon-toggle-item-69e47e4b12f61\" class=\"ez-toc-cssicon-toggle-label\"><p class=\"ez-toc-title\" style=\"cursor:inherit\">Table des mati\u00e8res<\/p>\n<span class=\"ez-toc-cssicon\"><span class=\"eztoc-hide\" style=\"display:none;\">Toggle<\/span><span class=\"ez-toc-icon-toggle-span\"><svg style=\"fill: #999;color:#999\" xmlns=\"http:\/\/www.w3.org\/2000\/svg\" class=\"list-377408\" width=\"20px\" height=\"20px\" viewBox=\"0 0 24 24\" fill=\"none\"><path d=\"M6 6H4v2h2V6zm14 0H8v2h12V6zM4 11h2v2H4v-2zm16 0H8v2h12v-2zM4 16h2v2H4v-2zm16 0H8v2h12v-2z\" fill=\"currentColor\"><\/path><\/svg><svg style=\"fill: #999;color:#999\" class=\"arrow-unsorted-368013\" xmlns=\"http:\/\/www.w3.org\/2000\/svg\" width=\"10px\" height=\"10px\" viewBox=\"0 0 24 24\" version=\"1.2\" baseProfile=\"tiny\"><path d=\"M18.2 9.3l-6.2-6.3-6.2 6.3c-.2.2-.3.4-.3.7s.1.5.3.7c.2.2.4.3.7.3h11c.3 0 .5-.1.7-.3.2-.2.3-.5.3-.7s-.1-.5-.3-.7zM5.8 14.7l6.2 6.3 6.2-6.3c.2-.2.3-.5.3-.7s-.1-.5-.3-.7c-.2-.2-.4-.3-.7-.3h-11c-.3 0-.5.1-.7.3-.2.2-.3.5-.3.7s.1.5.3.7z\"\/><\/svg><\/span><\/span><\/label><input type=\"checkbox\" style='display:none' id=\"ez-toc-cssicon-toggle-item-69e47e4b12f61\" checked \/><nav><ul class='ez-toc-list ez-toc-list-level-1 ' ><li class='ez-toc-page-1 ez-toc-heading-level-2'><a class=\"ez-toc-link ez-toc-heading-1\" href=\"https:\/\/laerm.ch\/fr\/problemes-de-bruit\/sources-de-bruit-evaluation\/#competences\" title=\"Comp\u00e9tences\">Comp\u00e9tences<\/a><\/li><li class='ez-toc-page-1 ez-toc-heading-level-2'><a class=\"ez-toc-link ez-toc-heading-2\" href=\"https:\/\/laerm.ch\/fr\/problemes-de-bruit\/sources-de-bruit-evaluation\/#jurisprudence\" title=\"Jurisprudence\">Jurisprudence<\/a><\/li><li class='ez-toc-page-1 ez-toc-heading-level-2'><a class=\"ez-toc-link ez-toc-heading-3\" href=\"https:\/\/laerm.ch\/fr\/problemes-de-bruit\/sources-de-bruit-evaluation\/#films\" title=\"Films\">Films<\/a><\/li><\/ul><\/nav><\/div>\n\n<p>Une voiture, un train de marchandises, une unit\u00e9 de ventilation ou une usine de recyclage g\u00e9n\u00e8rent du bruit comme effet secondaire ind\u00e9sirable. Des valeurs limites pour ce type de bruit ont \u00e9t\u00e9 fix\u00e9es dans l&rsquo;ordonnance sur la protection contre le bruit. D&rsquo;autres activit\u00e9s produisent des sons ou des bruits dans le but d&rsquo;\u00eatre entendues. Si le volume de la musique, la sonnerie des cloches ou les cris des enfants sont limit\u00e9s, le but ultime de ce bruit ne peut plus \u00eatre pleinement atteint. Tout est une question de proportion. Ce qu&rsquo;il faut, c&rsquo;est de la consid\u00e9ration et de la tol\u00e9rance.<\/p>\n\n<p>Comme les causes et les objectifs peuvent \u00eatre multiples, diff\u00e9rentes r\u00e9glementations prot\u00e8gent contre diff\u00e9rents types de bruit :<\/p>\n\n<ul class=\"wp-block-list\">\n<li>Si le bruit peut \u00eatre attribu\u00e9 \u00e0 une installation, la loi sur la protection de l&rsquo;environnement et l&rsquo;ordonnance sur la protection contre le bruit s&rsquo;appliquent. Une \u00e9glise, un terrain de jeux pour enfants, un point de collecte de verre ou m\u00eame une rue sont trait\u00e9s comme des installations.<\/li>\n\n\n\n<li>Par cons\u00e9quent, leurs \u00e9missions sonores ne sont pas n\u00e9cessairement r\u00e9glement\u00e9es par des valeurs limites. Les valeurs limites concernent uniquement le trafic a\u00e9rien, routier et ferroviaire, l\u2019artisanat et l&rsquo;industrie ainsi que les installations de tir.<\/li>\n\n\n\n<li>Pour toutes les autres installations, la r\u00e8gle selon laquelle les \u00e9missions ne doivent pas perturber la population de mani\u00e8re significative est de mise. Cette \u00e9valuation est faite au cas par cas (voir \u00ab\u00a0Bruit quotidien\u00a0\u00bb).<\/li>\n\n\n\n<li>Si le bruit ne provient pas d&rsquo;une installation, l&rsquo;art. 684 du Code civil suisse prot\u00e8ge les voisins contre les immissions nuisibles ou g\u00eanantes. Ici aussi, il convient de proc\u00e9der \u00e0 une \u00e9valuation au cas par cas (voir \u00ab\u00a0Bruit quotidien\u00a0\u00bb) pour d\u00e9terminer s&rsquo;il existe des immissions nocives ou g\u00eanantes.<\/li>\n\n\n\n<li>Des p\u00e9riodes de repos sont par ailleurs fix\u00e9es dans les ordonnances municipales ou de police locale (ou dans des dispositions similaires). Pendant ces p\u00e9riodes (g\u00e9n\u00e9ralement la nuit et pendant l&rsquo;heure du d\u00e9jeuner ainsi que les dimanches et les jours f\u00e9ri\u00e9s), la protection contre le bruit est plus restrictive.<\/li>\n<\/ul>\n\n<p>Des informations suppl\u00e9mentaires sur les diff\u00e9rentes cat\u00e9gories de sources de bruit sont disponibles ici :<\/p>\n\n<div class=\"wp-block-group is-vertical is-layout-flex wp-container-core-group-is-layout-1 wp-block-group-is-layout-flex\">\n<p><a class=\"_in\" href=\"https:\/\/laerm.ch\/fr\/problemes-de-bruit\/sources-de-bruit-evaluation\/bruit-de-la-circulation\/\">Bruit de la circulation<\/a><br\/><a class=\"_in\" href=\"https:\/\/laerm.ch\/fr\/problemes-de-bruit\/sources-de-bruit-evaluation\/bruit-industriel-et-commercial\/\">Bruit de l&rsquo;industrie et des arts et m\u00e9tiers<\/a><br\/><a class=\"_in\" href=\"https:\/\/laerm.ch\/fr\/problemes-de-bruit\/sources-de-bruit-evaluation\/tir\/\">Tir<br\/><\/a><a class=\"_in\" href=\"https:\/\/laerm.ch\/fr\/problemes-de-bruit\/sources-de-bruit-evaluation\/bruit-quotidien\/\">Bruit quotidien<\/a><\/p>\n<\/div>\n\n<h2 class=\"wp-block-heading\"><span class=\"ez-toc-section\" id=\"competences\"><\/span>Comp\u00e9tences<span class=\"ez-toc-section-end\"><\/span><\/h2>\n\n<p>Les responsables de la mise en \u0153uvre de la l\u00e9gislation environnementale et des dispositions de l&rsquo;ordonnance sur la protection contre le bruit pour les types de bruit avec des valeurs limites sont en principe :<\/p>\n\n<ul class=\"wp-block-list\">\n<li>dans les communes : les services sp\u00e9cialis\u00e9s des cantons<\/li>\n\n\n\n<li>dans les villes : les services communaux correspondants<\/li>\n<\/ul>\n\n<p><a class=\"_intern\" href=\"https:\/\/laerm.ch\/fr\/contacts\/services-de-protection-contre-le-bruit\/\" data-type=\"page\" data-id=\"63\">Services sp\u00e9cialis\u00e9s dans le domaine de la protection contre le bruit<\/a><\/p>\n\n<p>La responsabilit\u00e9 principale de l&rsquo;application du droit environnemental et civil pour le bruit quotidien <strong>ne faisant pas l&rsquo;objet de valeurs limites<\/strong> incombe aux autorit\u00e9s communales comp\u00e9tentes ; dans les grandes communes et dans les villes, ce sont g\u00e9n\u00e9ralement : <\/p>\n\n<ul class=\"wp-block-list\">\n<li>les autorit\u00e9s responsables de la construction (probl\u00e8mes li\u00e9s aux situations de constructi<\/li>\n\n\n\n<li>les autorit\u00e9s de s\u00e9curit\u00e9 et police (en cas de probl\u00e8mes li\u00e9s aux activit\u00e9s humaines)<\/li>\n<\/ul>\n\n<p>La plupart des communes consignent les r\u00e8gles relatives au bruit dans une r\u00e8glemement communal ou de police. Les r\u00e8glements de police des communes en Suisse pr\u00e9sentent de nobreux points communs.<\/p>\n\n<p><a class=\"_download\" href=\"https:\/\/laerm.ch\/wp-content\/uploads\/beispiel_polizeiverordnung_laermschutz.pdf\">Exemple de r\u00e8glement de police (extrait de la partie sur la protection contre le bruit)<\/a><\/p>\n\n<p>Souvent, il existe une section distincte pour la protection contre le bruit. Dans d&rsquo;autres cas, les r\u00e8glements sur la protection contre le bruit peuvent \u00eatre trouv\u00e9s dans les sections sur la protection de l&rsquo;environnement ou le contr\u00f4le des immissions dans les r\u00e8glements de police respectifs. En outre, diverses p\u00e9riodes de repos sont r\u00e9gl\u00e9ment\u00e9es pendant lesquelles le travail bruyant doit g\u00e9n\u00e9ralement \u00eatre \u00e9vit\u00e9 :<\/p>\n\n<ul class=\"wp-block-list\">\n<li>Pause de midi &#8211; g\u00e9n\u00e9ralement de 12h00 \u00e0 13h00 <br\/><\/li>\n\n\n\n<li>Repos du soir les jours ouvrables &#8211; g\u00e9n\u00e9ralement de 19 ou 20 heures jusqu&rsquo; au repos nocturne <br\/><\/li>\n\n\n\n<li>Repos du soir le samedi &#8211; g\u00e9n\u00e9ralement \u00e0 partir de 17 ou 18 heures jusqu&rsquo;au repos nocturne <br\/><\/li>\n\n\n\n<li>Repos nocturne &#8211; g\u00e9n\u00e9ralement de 22 heures \u00e0 7 heures <br\/><\/li>\n\n\n\n<li>Repos journalier &#8211; Les dimanches et jours f\u00e9ri\u00e9s<\/li>\n<\/ul>\n\n<hr class=\"wp-block-separator has-alpha-channel-opacity\"\/>\n\n<h2 class=\"wp-block-heading\"><span class=\"ez-toc-section\" id=\"jurisprudence\"><\/span>Jurisprudence<span class=\"ez-toc-section-end\"><\/span><\/h2>\n\n<p>La rubrique \u201cBases l\u00e9gales\u201d contient un recueil de d\u00e9cisions du Tribunal f\u00e9d\u00e9ral et du Tribunal administratif sur diff\u00e9rents types de bruit.<\/p>\n\n<p><a class=\"_in\" href=\"https:\/\/rechtsprechung.laerm.ch\/\" data-type=\"page\" data-id=\"492\">Base de donn\u00e9es sur la jurisprudence<\/a><\/p>\n\n<hr class=\"wp-block-separator has-alpha-channel-opacity\"\/>\n\n<h2 class=\"wp-block-heading\"><span class=\"ez-toc-section\" id=\"films\"><\/span>Films<span class=\"ez-toc-section-end\"><\/span><\/h2>\n\n<figure class=\"wp-block-embed is-type-video is-provider-youtube wp-block-embed-youtube wp-embed-aspect-4-3 wp-has-aspect-ratio\"><div class=\"wp-block-embed__wrapper\">\n<iframe loading=\"lazy\" title=\"Sam&#039;s Reportage - L\u00e4rm in Glattbrugg Teil 1\/2\" width=\"725\" height=\"544\" src=\"https:\/\/www.youtube.com\/embed\/AeM2sVzQ1jQ?feature=oembed\" frameborder=\"0\" allow=\"accelerometer; autoplay; clipboard-write; encrypted-media; gyroscope; picture-in-picture; web-share\" referrerpolicy=\"strict-origin-when-cross-origin\" allowfullscreen><\/iframe>\n<\/div><\/figure>\n\n<figure class=\"wp-block-embed is-type-video is-provider-youtube wp-block-embed-youtube wp-embed-aspect-4-3 wp-has-aspect-ratio\"><div class=\"wp-block-embed__wrapper\">\n<iframe loading=\"lazy\" title=\"Sam&#039;s Reportage - L\u00e4rm in Glattbrugg Teil 2\/2\" width=\"725\" height=\"544\" src=\"https:\/\/www.youtube.com\/embed\/-Bo871nJ6rQ?feature=oembed\" frameborder=\"0\" allow=\"accelerometer; autoplay; clipboard-write; encrypted-media; gyroscope; picture-in-picture; web-share\" referrerpolicy=\"strict-origin-when-cross-origin\" allowfullscreen><\/iframe>\n<\/div><figcaption class=\"wp-element-caption\">Source : Sam Schwab, SAE Institute Zurich<\/figcaption><\/figure>\n","protected":false},"excerpt":{"rendered":"<p>Une voiture, un train de marchandises, une unit\u00e9 de ventilation ou une usine de recyclage g\u00e9n\u00e8rent du bruit comme effet secondaire ind\u00e9sirable. Des valeurs limites pour ce type de bruit ont \u00e9t\u00e9 fix\u00e9es dans l&rsquo;ordonnance sur la protection contre le bruit. D&rsquo;autres activit\u00e9s produisent des sons ou des bruits dans le but d&rsquo;\u00eatre entendues. Si [&hellip;]<\/p>\n","protected":false},"author":1,"featured_media":390,"parent":79,"menu_order":1,"comment_status":"closed","ping_status":"closed","template":"","meta":{"advgb_blocks_editor_width":"","advgb_blocks_columns_visual_guide":"","footnotes":""},"class_list":["post-393","page","type-page","status-publish","has-post-thumbnail","hentry"],"yoast_head":"<!-- This site is optimized with the Yoast SEO plugin v23.7 - https:\/\/yoast.com\/wordpress\/plugins\/seo\/ -->\n<title>Sources de bruit &amp; \u00e9valuation - Bruit.ch<\/title>\n<meta name=\"robots\" content=\"index, follow, max-snippet:-1, max-image-preview:large, max-video-preview:-1\" \/>\n<link rel=\"canonical\" href=\"https:\/\/test.laerm.ch\/fr\/problemes-de-bruit\/sources-de-bruit-evaluation\/\" \/>\n<meta property=\"og:locale\" content=\"fr_FR\" \/>\n<meta property=\"og:type\" content=\"article\" \/>\n<meta property=\"og:title\" content=\"Sources de bruit &amp; \u00e9valuation - Bruit.ch\" \/>\n<meta property=\"og:description\" content=\"Une voiture, un train de marchandises, une unit\u00e9 de ventilation ou une usine de recyclage g\u00e9n\u00e8rent du bruit comme effet secondaire ind\u00e9sirable. Des valeurs limites pour ce type de bruit ont \u00e9t\u00e9 fix\u00e9es dans l&rsquo;ordonnance sur la protection contre le bruit. D&rsquo;autres activit\u00e9s produisent des sons ou des bruits dans le but d&rsquo;\u00eatre entendues. Si [&hellip;]\" \/>\n<meta property=\"og:url\" content=\"https:\/\/test.laerm.ch\/fr\/problemes-de-bruit\/sources-de-bruit-evaluation\/\" \/>\n<meta property=\"og:site_name\" content=\"Bruit.ch\" \/>\n<meta property=\"article:modified_time\" content=\"2024-09-14T19:01:29+00:00\" \/>\n<meta property=\"og:image\" content=\"https:\/\/test.laerm.ch\/wp-content\/uploads\/laermquellen_und_beurteilung.jpg\" \/>\n\t<meta property=\"og:image:width\" content=\"725\" \/>\n\t<meta property=\"og:image:height\" content=\"300\" \/>\n\t<meta property=\"og:image:type\" content=\"image\/jpeg\" \/>\n<meta name=\"twitter:card\" content=\"summary_large_image\" \/>\n<meta name=\"twitter:label1\" content=\"Dur\u00e9e de lecture estim\u00e9e\" \/>\n\t<meta name=\"twitter:data1\" content=\"4 minutes\" \/>\n<script type=\"application\/ld+json\" class=\"yoast-schema-graph\">{\"@context\":\"https:\/\/schema.org\",\"@graph\":[{\"@type\":\"WebPage\",\"@id\":\"https:\/\/test.laerm.ch\/fr\/problemes-de-bruit\/sources-de-bruit-evaluation\/\",\"url\":\"https:\/\/test.laerm.ch\/fr\/problemes-de-bruit\/sources-de-bruit-evaluation\/\",\"name\":\"Sources de bruit &amp; \u00e9valuation - Bruit.ch\",\"isPartOf\":{\"@id\":\"https:\/\/laerm.ch\/#website\"},\"primaryImageOfPage\":{\"@id\":\"https:\/\/test.laerm.ch\/fr\/problemes-de-bruit\/sources-de-bruit-evaluation\/#primaryimage\"},\"image\":{\"@id\":\"https:\/\/test.laerm.ch\/fr\/problemes-de-bruit\/sources-de-bruit-evaluation\/#primaryimage\"},\"thumbnailUrl\":\"https:\/\/laerm.ch\/wp-content\/uploads\/laermquellen_und_beurteilung.jpg\",\"datePublished\":\"2023-10-18T08:22:39+00:00\",\"dateModified\":\"2024-09-14T19:01:29+00:00\",\"breadcrumb\":{\"@id\":\"https:\/\/test.laerm.ch\/fr\/problemes-de-bruit\/sources-de-bruit-evaluation\/#breadcrumb\"},\"inLanguage\":\"fr-FR\",\"potentialAction\":[{\"@type\":\"ReadAction\",\"target\":[\"https:\/\/test.laerm.ch\/fr\/problemes-de-bruit\/sources-de-bruit-evaluation\/\"]}]},{\"@type\":\"ImageObject\",\"inLanguage\":\"fr-FR\",\"@id\":\"https:\/\/test.laerm.ch\/fr\/problemes-de-bruit\/sources-de-bruit-evaluation\/#primaryimage\",\"url\":\"https:\/\/laerm.ch\/wp-content\/uploads\/laermquellen_und_beurteilung.jpg\",\"contentUrl\":\"https:\/\/laerm.ch\/wp-content\/uploads\/laermquellen_und_beurteilung.jpg\",\"width\":725,\"height\":300},{\"@type\":\"BreadcrumbList\",\"@id\":\"https:\/\/test.laerm.ch\/fr\/problemes-de-bruit\/sources-de-bruit-evaluation\/#breadcrumb\",\"itemListElement\":[{\"@type\":\"ListItem\",\"position\":1,\"name\":\"Startseite\",\"item\":\"https:\/\/test.laerm.ch\/fr\/\"},{\"@type\":\"ListItem\",\"position\":2,\"name\":\"Gestion du bruit\",\"item\":\"https:\/\/test.laerm.ch\/fr\/problemes-de-bruit\/\"},{\"@type\":\"ListItem\",\"position\":3,\"name\":\"Sources de bruit &amp; \u00e9valuation\"}]},{\"@type\":\"WebSite\",\"@id\":\"https:\/\/laerm.ch\/#website\",\"url\":\"https:\/\/laerm.ch\/\",\"name\":\"L\u00e4rm.ch\",\"description\":\"Bienvenue sur Bruit.ch, le portail complet de Cercle Bruit sur le th\u00e8me du bruit et de la protection contre le bruit.\",\"publisher\":{\"@id\":\"https:\/\/laerm.ch\/#organization\"},\"potentialAction\":[{\"@type\":\"SearchAction\",\"target\":{\"@type\":\"EntryPoint\",\"urlTemplate\":\"https:\/\/laerm.ch\/?s={search_term_string}\"},\"query-input\":{\"@type\":\"PropertyValueSpecification\",\"valueRequired\":true,\"valueName\":\"search_term_string\"}}],\"inLanguage\":\"fr-FR\"},{\"@type\":\"Organization\",\"@id\":\"https:\/\/laerm.ch\/#organization\",\"name\":\"Cercle Bruit\",\"url\":\"https:\/\/laerm.ch\/\",\"logo\":{\"@type\":\"ImageObject\",\"inLanguage\":\"fr-FR\",\"@id\":\"https:\/\/laerm.ch\/#\/schema\/logo\/image\/\",\"url\":\"https:\/\/laerm.ch\/wp-content\/uploads\/cercleBruitLogoText.png\",\"contentUrl\":\"https:\/\/laerm.ch\/wp-content\/uploads\/cercleBruitLogoText.png\",\"width\":512,\"height\":329,\"caption\":\"Cercle Bruit\"},\"image\":{\"@id\":\"https:\/\/laerm.ch\/#\/schema\/logo\/image\/\"}}]}<\/script>\n<!-- \/ Yoast SEO plugin. -->","yoast_head_json":{"title":"Sources de bruit &amp; \u00e9valuation - Bruit.ch","robots":{"index":"index","follow":"follow","max-snippet":"max-snippet:-1","max-image-preview":"max-image-preview:large","max-video-preview":"max-video-preview:-1"},"canonical":"https:\/\/test.laerm.ch\/fr\/problemes-de-bruit\/sources-de-bruit-evaluation\/","og_locale":"fr_FR","og_type":"article","og_title":"Sources de bruit &amp; \u00e9valuation - Bruit.ch","og_description":"Une voiture, un train de marchandises, une unit\u00e9 de ventilation ou une usine de recyclage g\u00e9n\u00e8rent du bruit comme effet secondaire ind\u00e9sirable. Des valeurs limites pour ce type de bruit ont \u00e9t\u00e9 fix\u00e9es dans l&rsquo;ordonnance sur la protection contre le bruit. D&rsquo;autres activit\u00e9s produisent des sons ou des bruits dans le but d&rsquo;\u00eatre entendues. Si [&hellip;]","og_url":"https:\/\/test.laerm.ch\/fr\/problemes-de-bruit\/sources-de-bruit-evaluation\/","og_site_name":"Bruit.ch","article_modified_time":"2024-09-14T19:01:29+00:00","og_image":[{"width":725,"height":300,"url":"https:\/\/test.laerm.ch\/wp-content\/uploads\/laermquellen_und_beurteilung.jpg","type":"image\/jpeg"}],"twitter_card":"summary_large_image","twitter_misc":{"Dur\u00e9e de lecture estim\u00e9e":"4 minutes"},"schema":{"@context":"https:\/\/schema.org","@graph":[{"@type":"WebPage","@id":"https:\/\/test.laerm.ch\/fr\/problemes-de-bruit\/sources-de-bruit-evaluation\/","url":"https:\/\/test.laerm.ch\/fr\/problemes-de-bruit\/sources-de-bruit-evaluation\/","name":"Sources de bruit &amp; \u00e9valuation - Bruit.ch","isPartOf":{"@id":"https:\/\/laerm.ch\/#website"},"primaryImageOfPage":{"@id":"https:\/\/test.laerm.ch\/fr\/problemes-de-bruit\/sources-de-bruit-evaluation\/#primaryimage"},"image":{"@id":"https:\/\/test.laerm.ch\/fr\/problemes-de-bruit\/sources-de-bruit-evaluation\/#primaryimage"},"thumbnailUrl":"https:\/\/laerm.ch\/wp-content\/uploads\/laermquellen_und_beurteilung.jpg","datePublished":"2023-10-18T08:22:39+00:00","dateModified":"2024-09-14T19:01:29+00:00","breadcrumb":{"@id":"https:\/\/test.laerm.ch\/fr\/problemes-de-bruit\/sources-de-bruit-evaluation\/#breadcrumb"},"inLanguage":"fr-FR","potentialAction":[{"@type":"ReadAction","target":["https:\/\/test.laerm.ch\/fr\/problemes-de-bruit\/sources-de-bruit-evaluation\/"]}]},{"@type":"ImageObject","inLanguage":"fr-FR","@id":"https:\/\/test.laerm.ch\/fr\/problemes-de-bruit\/sources-de-bruit-evaluation\/#primaryimage","url":"https:\/\/laerm.ch\/wp-content\/uploads\/laermquellen_und_beurteilung.jpg","contentUrl":"https:\/\/laerm.ch\/wp-content\/uploads\/laermquellen_und_beurteilung.jpg","width":725,"height":300},{"@type":"BreadcrumbList","@id":"https:\/\/test.laerm.ch\/fr\/problemes-de-bruit\/sources-de-bruit-evaluation\/#breadcrumb","itemListElement":[{"@type":"ListItem","position":1,"name":"Startseite","item":"https:\/\/test.laerm.ch\/fr\/"},{"@type":"ListItem","position":2,"name":"Gestion du bruit","item":"https:\/\/test.laerm.ch\/fr\/problemes-de-bruit\/"},{"@type":"ListItem","position":3,"name":"Sources de bruit &amp; \u00e9valuation"}]},{"@type":"WebSite","@id":"https:\/\/laerm.ch\/#website","url":"https:\/\/laerm.ch\/","name":"L\u00e4rm.ch","description":"Bienvenue sur Bruit.ch, le portail complet de Cercle Bruit sur le th\u00e8me du bruit et de la protection contre le bruit.","publisher":{"@id":"https:\/\/laerm.ch\/#organization"},"potentialAction":[{"@type":"SearchAction","target":{"@type":"EntryPoint","urlTemplate":"https:\/\/laerm.ch\/?s={search_term_string}"},"query-input":{"@type":"PropertyValueSpecification","valueRequired":true,"valueName":"search_term_string"}}],"inLanguage":"fr-FR"},{"@type":"Organization","@id":"https:\/\/laerm.ch\/#organization","name":"Cercle Bruit","url":"https:\/\/laerm.ch\/","logo":{"@type":"ImageObject","inLanguage":"fr-FR","@id":"https:\/\/laerm.ch\/#\/schema\/logo\/image\/","url":"https:\/\/laerm.ch\/wp-content\/uploads\/cercleBruitLogoText.png","contentUrl":"https:\/\/laerm.ch\/wp-content\/uploads\/cercleBruitLogoText.png","width":512,"height":329,"caption":"Cercle Bruit"},"image":{"@id":"https:\/\/laerm.ch\/#\/schema\/logo\/image\/"}}]}},"coauthors":[],"author_meta":{"author_link":"https:\/\/laerm.ch\/fr\/author\/f9c1af47f5d7fcc5\/","display_name":"admin"},"relative_dates":{"created":"Publi\u00e9 3 ans il y a","modified":"Mis \u00e0 jour 2 ans il y a"},"absolute_dates":{"created":"Publi\u00e9 le 18. octobre 2023","modified":"Mise \u00e0 jour le 14. septembre 2024"},"absolute_dates_time":{"created":"Publi\u00e9 le 18. octobre 2023 10:22","modified":"Mise \u00e0 jour le 14. septembre 2024 21:01"},"featured_img_caption":"","featured_img":"https:\/\/laerm.ch\/wp-content\/uploads\/laermquellen_und_beurteilung.jpg","series_order":"","_links":{"self":[{"href":"https:\/\/laerm.ch\/fr\/wp-json\/wp\/v2\/pages\/393"}],"collection":[{"href":"https:\/\/laerm.ch\/fr\/wp-json\/wp\/v2\/pages"}],"about":[{"href":"https:\/\/laerm.ch\/fr\/wp-json\/wp\/v2\/types\/page"}],"author":[{"embeddable":true,"href":"https:\/\/laerm.ch\/fr\/wp-json\/wp\/v2\/users\/1"}],"replies":[{"embeddable":true,"href":"https:\/\/laerm.ch\/fr\/wp-json\/wp\/v2\/comments?post=393"}],"version-history":[{"count":30,"href":"https:\/\/laerm.ch\/fr\/wp-json\/wp\/v2\/pages\/393\/revisions"}],"predecessor-version":[{"id":5196,"href":"https:\/\/laerm.ch\/fr\/wp-json\/wp\/v2\/pages\/393\/revisions\/5196"}],"up":[{"embeddable":true,"href":"https:\/\/laerm.ch\/fr\/wp-json\/wp\/v2\/pages\/79"}],"wp:featuredmedia":[{"embeddable":true,"href":"https:\/\/laerm.ch\/fr\/wp-json\/wp\/v2\/media\/390"}],"wp:attachment":[{"href":"https:\/\/laerm.ch\/fr\/wp-json\/wp\/v2\/media?parent=393"}],"curies":[{"name":"wp","href":"https:\/\/api.w.org\/{rel}","templated":true}]}}