{"id":415,"date":"2023-10-18T15:50:59","date_gmt":"2023-10-18T13:50:59","guid":{"rendered":"https:\/\/laerm.ch\/connaissances-du-bruit\/lauter-ist-nicht-besser\/"},"modified":"2024-08-31T15:58:41","modified_gmt":"2024-08-31T13:58:41","slug":"prevention-des-lesions-auditives","status":"publish","type":"page","link":"https:\/\/laerm.ch\/fr\/connaissances-du-bruit\/prevention-des-lesions-auditives\/","title":{"rendered":"Pr\u00e9vention des l\u00e9sions auditives"},"content":{"rendered":"<div id=\"ez-toc-container\" class=\"ez-toc-v2_0_69_1 counter-hierarchy ez-toc-counter ez-toc-transparent ez-toc-container-direction\">\n<label for=\"ez-toc-cssicon-toggle-item-69d723723bc3b\" class=\"ez-toc-cssicon-toggle-label\"><p class=\"ez-toc-title\" style=\"cursor:inherit\">Table des mati\u00e8res<\/p>\n<span class=\"ez-toc-cssicon\"><span class=\"eztoc-hide\" style=\"display:none;\">Toggle<\/span><span class=\"ez-toc-icon-toggle-span\"><svg style=\"fill: #999;color:#999\" xmlns=\"http:\/\/www.w3.org\/2000\/svg\" class=\"list-377408\" width=\"20px\" height=\"20px\" viewBox=\"0 0 24 24\" fill=\"none\"><path d=\"M6 6H4v2h2V6zm14 0H8v2h12V6zM4 11h2v2H4v-2zm16 0H8v2h12v-2zM4 16h2v2H4v-2zm16 0H8v2h12v-2z\" fill=\"currentColor\"><\/path><\/svg><svg style=\"fill: #999;color:#999\" class=\"arrow-unsorted-368013\" xmlns=\"http:\/\/www.w3.org\/2000\/svg\" width=\"10px\" height=\"10px\" viewBox=\"0 0 24 24\" version=\"1.2\" baseProfile=\"tiny\"><path d=\"M18.2 9.3l-6.2-6.3-6.2 6.3c-.2.2-.3.4-.3.7s.1.5.3.7c.2.2.4.3.7.3h11c.3 0 .5-.1.7-.3.2-.2.3-.5.3-.7s-.1-.5-.3-.7zM5.8 14.7l6.2 6.3 6.2-6.3c.2-.2.3-.5.3-.7s-.1-.5-.3-.7c-.2-.2-.4-.3-.7-.3h-11c-.3 0-.5.1-.7.3-.2.2-.3.5-.3.7s.1.5.3.7z\"\/><\/svg><\/span><\/span><\/label><input type=\"checkbox\" style='display:none' id=\"ez-toc-cssicon-toggle-item-69d723723bc3b\" checked \/><nav><ul class='ez-toc-list ez-toc-list-level-1 ' ><li class='ez-toc-page-1 ez-toc-heading-level-2'><a class=\"ez-toc-link ez-toc-heading-1\" href=\"https:\/\/laerm.ch\/fr\/connaissances-du-bruit\/prevention-des-lesions-auditives\/#bruit-sur-le-lieu-de-travail\" title=\"Bruit sur le lieu de travail\">Bruit sur le lieu de travail<\/a><\/li><li class='ez-toc-page-1 ez-toc-heading-level-2'><a class=\"ez-toc-link ez-toc-heading-2\" href=\"https:\/\/laerm.ch\/fr\/connaissances-du-bruit\/prevention-des-lesions-auditives\/#le-bruit-durant-le-temps-libre\" title=\"Le bruit durant le temps libre\">Le bruit durant le temps libre<\/a><ul class='ez-toc-list-level-3' ><li class='ez-toc-heading-level-3'><a class=\"ez-toc-link ez-toc-heading-3\" href=\"https:\/\/laerm.ch\/fr\/connaissances-du-bruit\/prevention-des-lesions-auditives\/#faire-de-la-musique\" title=\"Faire de la musique\">Faire de la musique<\/a><\/li><li class='ez-toc-page-1 ez-toc-heading-level-3'><a class=\"ez-toc-link ez-toc-heading-4\" href=\"https:\/\/laerm.ch\/fr\/connaissances-du-bruit\/prevention-des-lesions-auditives\/#musique-et-ecouteurs\" title=\"Musique et \u00e9couteurs\">Musique et \u00e9couteurs<\/a><\/li><li class='ez-toc-page-1 ez-toc-heading-level-3'><a class=\"ez-toc-link ez-toc-heading-5\" href=\"https:\/\/laerm.ch\/fr\/connaissances-du-bruit\/prevention-des-lesions-auditives\/#manifestations\" title=\"Manifestations\">Manifestations<\/a><\/li><\/ul><\/li><\/ul><\/nav><\/div>\n\n<h2 class=\"wp-block-heading\"><span class=\"ez-toc-section\" id=\"bruit-sur-le-lieu-de-travail\"><\/span>Bruit sur le lieu de travail<span class=\"ez-toc-section-end\"><\/span><\/h2>\n\n<p>L\u2019impact d\u2019un niveau sonore \u00e9lev\u00e9 et d\u2019une charge vibratoire constante sur la sant\u00e9 sont couramment sous-estim\u00e9es. Ainsi, les l\u00e9sions auditives sont la maladie professionnelle la plus fr\u00e9quemment reconnue en Suisse.<\/p>\n\n<p>Pour savoir comment agir et prot\u00e9ger la sant\u00e9 de vos collaboratrices et collaborateurs, consultez le site web de la Suva : <\/p>\n\n<p><a class=\"_ex\" href=\"https:\/\/www.suva.ch\/fr-ch\/prevention\/par-danger\/materiaux-rayonnements-et-situations-a-risque\/bruit-et-vibrations?lang=fr-CH\" data-type=\"link\" data-id=\"https:\/\/www.suva.ch\/fr-ch\/prevention\/par-danger\/materiaux-rayonnements-et-situations-a-risque\/bruit-et-vibrations?lang=fr-CH\" target=\"_blank\" rel=\"noreferrer noopener\">Bruit et vibrations &#8211; comment prot\u00e9ger vos \u00e9quipes<\/a><\/p>\n\n<h2 class=\"wp-block-heading\"><span class=\"ez-toc-section\" id=\"le-bruit-durant-le-temps-libre\"><\/span>Le bruit durant le temps libre<span class=\"ez-toc-section-end\"><\/span><\/h2>\n\n<p>Durant notre temps libre, nous nous exposons souvent volontairement \u00e0 des niveaux sonores \u00e9lev\u00e9s, par exemple en bricolant ou en jardinant avec des appareils bruyants. L&rsquo;ou\u00efe peut alors \u00eatre endommag\u00e9e de la m\u00eame mani\u00e8re que sur un lieu de travail industriel. Lorsque l&rsquo;on travaille avec des appareils bruyants, il faut donc veiller \u00e0 porter des protections auditives adapt\u00e9es.<\/p>\n\n<p>C&rsquo;est \u00e9galement le cas lorsque nous \u00e9coutons notre playlist pr\u00e9f\u00e9r\u00e9e au casque, lorsque nous assistons \u00e0 des concerts en direct, \u00e0 des festivals en plein air, sur la piste de danse des clubs et des discoth\u00e8ques ou lorsque nous faisons de la musique. Une gestion consciente du volume sonore s&rsquo;impose, faute de quoi l&rsquo;appareil auditif risque de subir des dommages irr\u00e9parables \u00e0 long terme. Pour les personnes qui \u00e9coutent et font de la musique, il ne s&rsquo;agit pas de se prot\u00e9ger contre le bruit, mais de pr\u00e9venir les l\u00e9sions auditives &#8211; c&rsquo;est l&rsquo;exc\u00e8s qui nuit.<\/p>\n\n<h3 class=\"wp-block-heading\"><span class=\"ez-toc-section\" id=\"faire-de-la-musique\"><\/span>Faire de la musique<span class=\"ez-toc-section-end\"><\/span><\/h3>\n\n<p>Que vous soyez musicien dans un orchestre classique ou dans un groupe ou encore enseignant dans une \u00e9cole de musique, vous trouverez de pr\u00e9cieux conseils sur la protection de l&rsquo;ou\u00efe, la protection contre le bruit dans les locaux de musique et les protections auditives pour musiciens aupr\u00e8s de la Suva : <\/p>\n\n<p><a class=\"_ex\" href=\"https:\/\/www.suva.ch\/fr-ch\/prevention\/par-danger\/materiaux-rayonnements-et-situations-a-risque\/bruit-et-vibrations\/protecteurs-douie\/proteger-louie-de-la-musique-forte?lang=fr-CH\" data-type=\"link\" data-id=\"https:\/\/www.suva.ch\/fr-ch\/prevention\/par-danger\/materiaux-rayonnements-et-situations-a-risque\/bruit-et-vibrations\/protecteurs-douie\/proteger-louie-de-la-musique-forte?lang=fr-CH\" target=\"_blank\" rel=\"noreferrer noopener\">Musique et troubles de l\u2019ou\u00efe &#8211; Pr\u00e9vention (suva.ch)<\/a><\/p>\n\n<h3 class=\"wp-block-heading\"><span class=\"ez-toc-section\" id=\"musique-et-ecouteurs\"><\/span>Musique et \u00e9couteurs<span class=\"ez-toc-section-end\"><\/span><\/h3>\n\n<p>Lors de l&rsquo;utilisation de baladeurs et de l&rsquo;\u00e9coute de musique avec des \u00e9couteurs, le volume sonore rel\u00e8ve directement de la responsabilit\u00e9 de la consommatrice ou du consommateur. Si le volume sonore est inf\u00e9rieur \u00e0 85 dB(A), la dur\u00e9e d&rsquo;exposition \u00e0 la musique ne joue aucun r\u00f4le pour l&rsquo;ou\u00efe. Une personne qui \u00e9coute de la musique \u00e0 90 dB peut le faire sans probl\u00e8me pendant 20 heures par semaine &#8211; tant qu&rsquo;elle n&rsquo;est pas expos\u00e9e \u00e0 d&rsquo;autres niveaux sonores \u00e9lev\u00e9s. Mais si l&rsquo;on augmente le volume de seulement 3 dB(A) pour atteindre 93 dB, le temps d&rsquo;exposition sans risque est r\u00e9duit de moiti\u00e9, soit \u00e0 seulement 10 heures par semaine. Les personnes souhaitant \u00e9couter de la musique pendant de longues p\u00e9riodes doivent donc \u00eatre particuli\u00e8rement attentives au volume sonore.<\/p>\n<div class=\"wp-block-image is-style-default\">\n<figure class=\"aligncenter size-full\"><img decoding=\"async\" src=\"https:\/\/laerm.ch\/wp-content\/uploads\/schall_expositionszeit_fr.jpg\" alt=\"\" class=\"wp-image-3403\"\/><figcaption class=\"wp-element-caption\">Source : Suva<\/figcaption><\/figure><\/div>\n<h3 class=\"wp-block-heading\"><span class=\"ez-toc-section\" id=\"manifestations\"><\/span>Manifestations<span class=\"ez-toc-section-end\"><\/span><\/h3>\n\n<p>En revanche, lorsque l&rsquo;on assiste \u00e0 des manifestations ou que l&rsquo;on se rend dans des locaux, on ne ma\u00eetrise pas soi-m\u00eame le volume sonore dans la plupart des cas.<\/p>\n\n<p>Il existe donc des dispositions l\u00e9gales pour la protection du public lors de manifestations et dans les \u00e9tablissements diffusant de la musique amplifi\u00e9e \u00e9lectroniquement, qui imposent des obligations aux responsables. D&rsquo;une part, les valeurs limites doivent \u00eatre respect\u00e9es et, d&rsquo;autre part, des mesures doivent \u00eatre prises pour minimiser le risque de l\u00e9sions auditives. <\/p>\n\n<p>Pour plus d&rsquo;informations \u00e0 ce sujet, consultez le <strong>site sp\u00e9cialis\u00e9<\/strong> <a class=\"ex_\" href=\"https:\/\/www.schallundlaser.ch\/2_fr\/\" data-type=\"link\" data-id=\"https:\/\/www.schallundlaser.ch\/2_fr\/\" target=\"_blank\" rel=\"noreferrer noopener\">sonetlaser.ch<\/a>.<\/p>\n","protected":false},"excerpt":{"rendered":"<p>Bruit sur le lieu de travail L\u2019impact d\u2019un niveau sonore \u00e9lev\u00e9 et d\u2019une charge vibratoire constante sur la sant\u00e9 sont couramment sous-estim\u00e9es. Ainsi, les l\u00e9sions auditives sont la maladie professionnelle la plus fr\u00e9quemment reconnue en Suisse. Pour savoir comment agir et prot\u00e9ger la sant\u00e9 de vos collaboratrices et collaborateurs, consultez le site web de la [&hellip;]<\/p>\n","protected":false},"author":1,"featured_media":429,"parent":75,"menu_order":5,"comment_status":"closed","ping_status":"closed","template":"","meta":{"advgb_blocks_editor_width":"","advgb_blocks_columns_visual_guide":"","footnotes":""},"class_list":["post-415","page","type-page","status-publish","has-post-thumbnail","hentry"],"yoast_head":"<!-- This site is optimized with the Yoast SEO plugin v23.7 - https:\/\/yoast.com\/wordpress\/plugins\/seo\/ -->\n<title>Pr\u00e9vention des l\u00e9sions auditives - Bruit.ch<\/title>\n<meta name=\"robots\" content=\"index, follow, max-snippet:-1, max-image-preview:large, max-video-preview:-1\" \/>\n<link rel=\"canonical\" href=\"https:\/\/laerm.ch\/laermwissen\/gehoerschadenpraevention\/\" \/>\n<meta property=\"og:locale\" content=\"fr_FR\" \/>\n<meta property=\"og:type\" content=\"article\" \/>\n<meta property=\"og:title\" content=\"Pr\u00e9vention des l\u00e9sions auditives - Bruit.ch\" \/>\n<meta property=\"og:description\" content=\"Bruit sur le lieu de travail L\u2019impact d\u2019un niveau sonore \u00e9lev\u00e9 et d\u2019une charge vibratoire constante sur la sant\u00e9 sont couramment sous-estim\u00e9es. Ainsi, les l\u00e9sions auditives sont la maladie professionnelle la plus fr\u00e9quemment reconnue en Suisse. Pour savoir comment agir et prot\u00e9ger la sant\u00e9 de vos collaboratrices et collaborateurs, consultez le site web de la [&hellip;]\" \/>\n<meta property=\"og:url\" content=\"https:\/\/laerm.ch\/laermwissen\/gehoerschadenpraevention\/\" \/>\n<meta property=\"og:site_name\" content=\"Bruit.ch\" \/>\n<meta property=\"article:modified_time\" content=\"2024-08-31T13:58:41+00:00\" \/>\n<meta property=\"og:image\" content=\"https:\/\/laerm.ch\/wp-content\/uploads\/lauter-ist-nicht-besser.jpg\" \/>\n\t<meta property=\"og:image:width\" content=\"725\" \/>\n\t<meta property=\"og:image:height\" content=\"300\" \/>\n\t<meta property=\"og:image:type\" content=\"image\/jpeg\" \/>\n<meta name=\"twitter:card\" content=\"summary_large_image\" \/>\n<meta name=\"twitter:label1\" content=\"Dur\u00e9e de lecture estim\u00e9e\" \/>\n\t<meta name=\"twitter:data1\" content=\"3 minutes\" \/>\n<script type=\"application\/ld+json\" class=\"yoast-schema-graph\">{\"@context\":\"https:\/\/schema.org\",\"@graph\":[{\"@type\":\"WebPage\",\"@id\":\"https:\/\/laerm.ch\/laermwissen\/gehoerschadenpraevention\/\",\"url\":\"https:\/\/laerm.ch\/laermwissen\/gehoerschadenpraevention\/\",\"name\":\"Pr\u00e9vention des l\u00e9sions auditives - Bruit.ch\",\"isPartOf\":{\"@id\":\"https:\/\/laerm.ch\/#website\"},\"primaryImageOfPage\":{\"@id\":\"https:\/\/laerm.ch\/laermwissen\/gehoerschadenpraevention\/#primaryimage\"},\"image\":{\"@id\":\"https:\/\/laerm.ch\/laermwissen\/gehoerschadenpraevention\/#primaryimage\"},\"thumbnailUrl\":\"https:\/\/laerm.ch\/wp-content\/uploads\/lauter-ist-nicht-besser.jpg\",\"datePublished\":\"2023-10-18T13:50:59+00:00\",\"dateModified\":\"2024-08-31T13:58:41+00:00\",\"breadcrumb\":{\"@id\":\"https:\/\/laerm.ch\/laermwissen\/gehoerschadenpraevention\/#breadcrumb\"},\"inLanguage\":\"fr-FR\",\"potentialAction\":[{\"@type\":\"ReadAction\",\"target\":[\"https:\/\/laerm.ch\/laermwissen\/gehoerschadenpraevention\/\"]}]},{\"@type\":\"ImageObject\",\"inLanguage\":\"fr-FR\",\"@id\":\"https:\/\/laerm.ch\/laermwissen\/gehoerschadenpraevention\/#primaryimage\",\"url\":\"https:\/\/laerm.ch\/wp-content\/uploads\/lauter-ist-nicht-besser.jpg\",\"contentUrl\":\"https:\/\/laerm.ch\/wp-content\/uploads\/lauter-ist-nicht-besser.jpg\",\"width\":725,\"height\":300},{\"@type\":\"BreadcrumbList\",\"@id\":\"https:\/\/laerm.ch\/laermwissen\/gehoerschadenpraevention\/#breadcrumb\",\"itemListElement\":[{\"@type\":\"ListItem\",\"position\":1,\"name\":\"Startseite\",\"item\":\"https:\/\/test.laerm.ch\/fr\/\"},{\"@type\":\"ListItem\",\"position\":2,\"name\":\"Bruit &amp; calme\",\"item\":\"https:\/\/test.laerm.ch\/laermwissen\/\"},{\"@type\":\"ListItem\",\"position\":3,\"name\":\"Pr\u00e9vention des l\u00e9sions auditives\"}]},{\"@type\":\"WebSite\",\"@id\":\"https:\/\/laerm.ch\/#website\",\"url\":\"https:\/\/laerm.ch\/\",\"name\":\"L\u00e4rm.ch\",\"description\":\"Bienvenue sur Bruit.ch, le portail complet de Cercle Bruit sur le th\u00e8me du bruit et de la protection contre le bruit.\",\"publisher\":{\"@id\":\"https:\/\/laerm.ch\/#organization\"},\"potentialAction\":[{\"@type\":\"SearchAction\",\"target\":{\"@type\":\"EntryPoint\",\"urlTemplate\":\"https:\/\/laerm.ch\/?s={search_term_string}\"},\"query-input\":{\"@type\":\"PropertyValueSpecification\",\"valueRequired\":true,\"valueName\":\"search_term_string\"}}],\"inLanguage\":\"fr-FR\"},{\"@type\":\"Organization\",\"@id\":\"https:\/\/laerm.ch\/#organization\",\"name\":\"Cercle Bruit\",\"url\":\"https:\/\/laerm.ch\/\",\"logo\":{\"@type\":\"ImageObject\",\"inLanguage\":\"fr-FR\",\"@id\":\"https:\/\/laerm.ch\/#\/schema\/logo\/image\/\",\"url\":\"https:\/\/laerm.ch\/wp-content\/uploads\/cercleBruitLogoText.png\",\"contentUrl\":\"https:\/\/laerm.ch\/wp-content\/uploads\/cercleBruitLogoText.png\",\"width\":512,\"height\":329,\"caption\":\"Cercle Bruit\"},\"image\":{\"@id\":\"https:\/\/laerm.ch\/#\/schema\/logo\/image\/\"}}]}<\/script>\n<!-- \/ Yoast SEO plugin. -->","yoast_head_json":{"title":"Pr\u00e9vention des l\u00e9sions auditives - Bruit.ch","robots":{"index":"index","follow":"follow","max-snippet":"max-snippet:-1","max-image-preview":"max-image-preview:large","max-video-preview":"max-video-preview:-1"},"canonical":"https:\/\/laerm.ch\/laermwissen\/gehoerschadenpraevention\/","og_locale":"fr_FR","og_type":"article","og_title":"Pr\u00e9vention des l\u00e9sions auditives - Bruit.ch","og_description":"Bruit sur le lieu de travail L\u2019impact d\u2019un niveau sonore \u00e9lev\u00e9 et d\u2019une charge vibratoire constante sur la sant\u00e9 sont couramment sous-estim\u00e9es. Ainsi, les l\u00e9sions auditives sont la maladie professionnelle la plus fr\u00e9quemment reconnue en Suisse. Pour savoir comment agir et prot\u00e9ger la sant\u00e9 de vos collaboratrices et collaborateurs, consultez le site web de la [&hellip;]","og_url":"https:\/\/laerm.ch\/laermwissen\/gehoerschadenpraevention\/","og_site_name":"Bruit.ch","article_modified_time":"2024-08-31T13:58:41+00:00","og_image":[{"width":725,"height":300,"url":"https:\/\/laerm.ch\/wp-content\/uploads\/lauter-ist-nicht-besser.jpg","type":"image\/jpeg"}],"twitter_card":"summary_large_image","twitter_misc":{"Dur\u00e9e de lecture estim\u00e9e":"3 minutes"},"schema":{"@context":"https:\/\/schema.org","@graph":[{"@type":"WebPage","@id":"https:\/\/laerm.ch\/laermwissen\/gehoerschadenpraevention\/","url":"https:\/\/laerm.ch\/laermwissen\/gehoerschadenpraevention\/","name":"Pr\u00e9vention des l\u00e9sions auditives - Bruit.ch","isPartOf":{"@id":"https:\/\/laerm.ch\/#website"},"primaryImageOfPage":{"@id":"https:\/\/laerm.ch\/laermwissen\/gehoerschadenpraevention\/#primaryimage"},"image":{"@id":"https:\/\/laerm.ch\/laermwissen\/gehoerschadenpraevention\/#primaryimage"},"thumbnailUrl":"https:\/\/laerm.ch\/wp-content\/uploads\/lauter-ist-nicht-besser.jpg","datePublished":"2023-10-18T13:50:59+00:00","dateModified":"2024-08-31T13:58:41+00:00","breadcrumb":{"@id":"https:\/\/laerm.ch\/laermwissen\/gehoerschadenpraevention\/#breadcrumb"},"inLanguage":"fr-FR","potentialAction":[{"@type":"ReadAction","target":["https:\/\/laerm.ch\/laermwissen\/gehoerschadenpraevention\/"]}]},{"@type":"ImageObject","inLanguage":"fr-FR","@id":"https:\/\/laerm.ch\/laermwissen\/gehoerschadenpraevention\/#primaryimage","url":"https:\/\/laerm.ch\/wp-content\/uploads\/lauter-ist-nicht-besser.jpg","contentUrl":"https:\/\/laerm.ch\/wp-content\/uploads\/lauter-ist-nicht-besser.jpg","width":725,"height":300},{"@type":"BreadcrumbList","@id":"https:\/\/laerm.ch\/laermwissen\/gehoerschadenpraevention\/#breadcrumb","itemListElement":[{"@type":"ListItem","position":1,"name":"Startseite","item":"https:\/\/test.laerm.ch\/fr\/"},{"@type":"ListItem","position":2,"name":"Bruit &amp; calme","item":"https:\/\/test.laerm.ch\/laermwissen\/"},{"@type":"ListItem","position":3,"name":"Pr\u00e9vention des l\u00e9sions auditives"}]},{"@type":"WebSite","@id":"https:\/\/laerm.ch\/#website","url":"https:\/\/laerm.ch\/","name":"L\u00e4rm.ch","description":"Bienvenue sur Bruit.ch, le portail complet de Cercle Bruit sur le th\u00e8me du bruit et de la protection contre le bruit.","publisher":{"@id":"https:\/\/laerm.ch\/#organization"},"potentialAction":[{"@type":"SearchAction","target":{"@type":"EntryPoint","urlTemplate":"https:\/\/laerm.ch\/?s={search_term_string}"},"query-input":{"@type":"PropertyValueSpecification","valueRequired":true,"valueName":"search_term_string"}}],"inLanguage":"fr-FR"},{"@type":"Organization","@id":"https:\/\/laerm.ch\/#organization","name":"Cercle Bruit","url":"https:\/\/laerm.ch\/","logo":{"@type":"ImageObject","inLanguage":"fr-FR","@id":"https:\/\/laerm.ch\/#\/schema\/logo\/image\/","url":"https:\/\/laerm.ch\/wp-content\/uploads\/cercleBruitLogoText.png","contentUrl":"https:\/\/laerm.ch\/wp-content\/uploads\/cercleBruitLogoText.png","width":512,"height":329,"caption":"Cercle Bruit"},"image":{"@id":"https:\/\/laerm.ch\/#\/schema\/logo\/image\/"}}]}},"coauthors":[],"author_meta":{"author_link":"https:\/\/laerm.ch\/fr\/author\/f9c1af47f5d7fcc5\/","display_name":"admin"},"relative_dates":{"created":"Publi\u00e9 2 ans il y a","modified":"Mis \u00e0 jour 2 ans il y a"},"absolute_dates":{"created":"Publi\u00e9 le 18. octobre 2023","modified":"Mise \u00e0 jour le 31. ao\u00fbt 2024"},"absolute_dates_time":{"created":"Publi\u00e9 le 18. octobre 2023 15:50","modified":"Mise \u00e0 jour le 31. ao\u00fbt 2024 15:58"},"featured_img_caption":"","featured_img":"https:\/\/laerm.ch\/wp-content\/uploads\/lauter-ist-nicht-besser.jpg","series_order":"","_links":{"self":[{"href":"https:\/\/laerm.ch\/fr\/wp-json\/wp\/v2\/pages\/415"}],"collection":[{"href":"https:\/\/laerm.ch\/fr\/wp-json\/wp\/v2\/pages"}],"about":[{"href":"https:\/\/laerm.ch\/fr\/wp-json\/wp\/v2\/types\/page"}],"author":[{"embeddable":true,"href":"https:\/\/laerm.ch\/fr\/wp-json\/wp\/v2\/users\/1"}],"replies":[{"embeddable":true,"href":"https:\/\/laerm.ch\/fr\/wp-json\/wp\/v2\/comments?post=415"}],"version-history":[{"count":24,"href":"https:\/\/laerm.ch\/fr\/wp-json\/wp\/v2\/pages\/415\/revisions"}],"predecessor-version":[{"id":5132,"href":"https:\/\/laerm.ch\/fr\/wp-json\/wp\/v2\/pages\/415\/revisions\/5132"}],"up":[{"embeddable":true,"href":"https:\/\/laerm.ch\/fr\/wp-json\/wp\/v2\/pages\/75"}],"wp:featuredmedia":[{"embeddable":true,"href":"https:\/\/laerm.ch\/fr\/wp-json\/wp\/v2\/media\/429"}],"wp:attachment":[{"href":"https:\/\/laerm.ch\/fr\/wp-json\/wp\/v2\/media?parent=415"}],"curies":[{"name":"wp","href":"https:\/\/api.w.org\/{rel}","templated":true}]}}