{"id":567,"date":"2023-11-01T10:16:30","date_gmt":"2023-11-01T09:16:30","guid":{"rendered":"https:\/\/laerm.ch\/nos-sites\/liens-cercle-bruit\/"},"modified":"2024-09-11T01:02:00","modified_gmt":"2024-09-10T23:02:00","slug":"liens-cercle-bruit","status":"publish","type":"page","link":"https:\/\/laerm.ch\/fr\/contacts\/liens-cercle-bruit\/","title":{"rendered":"Liens Cercle Bruit"},"content":{"rendered":"\n<p><a class=\"_extern\" rel=\"noreferrer noopener\" href=\"https:\/\/cerclebruit.ch\/?inc=home&amp;lang=fr\" target=\"_blank\">Cercle Bruit Suisse<\/a> (DE, FR, IT)<br\/>Site de l\u2018Association des sp\u00e9cialistes cantonaux en mati\u00e8re de lutte contre le bruit. <\/p>\n\n<hr class=\"wp-block-separator has-alpha-channel-opacity\"\/>\n\n<p><a class=\"_extern\" href=\"https:\/\/www.tag-gegen-laerm.ch\/fr\/\" target=\"_blank\" rel=\"noreferrer noopener\">Journ\u00e9e contre le bruit<\/a> (DE, FR, IT)<br\/>Informations sur les campagnes annuelles de la Journ\u00e9e contre le bruit.<\/p>\n\n<hr class=\"wp-block-separator has-alpha-channel-opacity\"\/>\n\n<p><a class=\"_extern\" href=\"https:\/\/baukultur-laerm.ch\/\" target=\"_blank\" rel=\"noreferrer noopener\">Baukultur L\u00e4rm<\/a> (DE)<br\/>Outils pour une meilleure culture du b\u00e2ti dans les zones bruyantes.<\/p>\n\n<hr class=\"wp-block-separator has-alpha-channel-opacity\"\/>\n\n<p><a class=\"_extern\" href=\"https:\/\/klangraumarchitektur.ch\/\" target=\"_blank\" rel=\"noreferrer noopener\">Klangraumarchitektur<\/a> (DE)<br\/>Informations sur l&rsquo;\u00e9valuation et l&rsquo;am\u00e9lioration de la qualit\u00e9 acoustique des espaces ext\u00e9rieurs.<\/p>\n\n<hr class=\"wp-block-separator has-alpha-channel-opacity\"\/>\n\n<p><a class=\"_extern\" href=\"https:\/\/www.bauen-im-laerm.ch\/\" target=\"_blank\" rel=\"noreferrer noopener\">Bauen im L\u00e4rm<\/a> (DE)<br\/>Informations sur les mesures et les r\u00e8glements de protection contre le bruit en Suisse.<br\/>Ce site est un site du canton de Zurich et un site partenaire du Cercle Bruit.<\/p>\n\n<hr class=\"wp-block-separator has-alpha-channel-opacity\"\/>\n\n<p><a class=\"_extern\" rel=\"noreferrer noopener\" href=\"https:\/\/www.schallundlaser.ch\/2_fr\/index.html\" target=\"_blank\">Son et laser<\/a> (DE, FR, IT)<br\/>Informations sur le th\u00e8me des manifestations.<\/p>\n\n<hr class=\"wp-block-separator has-alpha-channel-opacity\"\/>\n\n<p><a class=\"_extern\" rel=\"noreferrer noopener\" href=\"http:\/\/laermorama.ch\" target=\"_blank\">L\u00e4rmorama<\/a> (DE)<br\/>Documentation sur les th\u00e8mes de l&rsquo;acoustique, de l&rsquo;audition et du bruit pour les personnes averties.<\/p>\n\n<hr class=\"wp-block-separator has-alpha-channel-opacity\"\/>\n\n<p><a class=\"_extern\" rel=\"noreferrer noopener\" href=\"http:\/\/laermspur.ch\" target=\"_blank\">L\u00e4rmspur<\/a> (DE)<br\/>Documentation sur les th\u00e8mes de l&rsquo;acoustique, de l&rsquo;audition et du bruit pour un usage scolaire.<\/p>\n\n<hr class=\"wp-block-separator has-alpha-channel-opacity\"\/>\n\n<p><a class=\"_extern\" href=\"http:\/\/hoerpfad.ch\" target=\"_blank\" rel=\"noreferrer noopener\">H\u00f6rpfad<\/a> (DE)<br\/>D\u00e9couvrir le th\u00e8me du bruit de mani\u00e8re ludique (pour les petits et grands enfants).<\/p>\n","protected":false},"excerpt":{"rendered":"<p>Cercle Bruit Suisse (DE, FR, IT)Site de l\u2018Association des sp\u00e9cialistes cantonaux en mati\u00e8re de lutte contre le bruit. Journ\u00e9e contre le bruit (DE, FR, IT)Informations sur les campagnes annuelles de la Journ\u00e9e contre le bruit. Baukultur L\u00e4rm (DE)Outils pour une meilleure culture du b\u00e2ti dans les zones bruyantes. Klangraumarchitektur (DE)Informations sur l&rsquo;\u00e9valuation et l&rsquo;am\u00e9lioration de [&hellip;]<\/p>\n","protected":false},"author":1,"featured_media":586,"parent":86,"menu_order":0,"comment_status":"closed","ping_status":"closed","template":"","meta":{"advgb_blocks_editor_width":"","advgb_blocks_columns_visual_guide":"","footnotes":""},"class_list":["post-567","page","type-page","status-publish","has-post-thumbnail","hentry"],"yoast_head":"<!-- This site is optimized with the Yoast SEO plugin v23.7 - https:\/\/yoast.com\/wordpress\/plugins\/seo\/ -->\n<title>Liens Cercle Bruit - Bruit.ch<\/title>\n<meta name=\"robots\" content=\"index, follow, max-snippet:-1, max-image-preview:large, max-video-preview:-1\" \/>\n<link rel=\"canonical\" href=\"https:\/\/test.laerm.ch\/fr\/contacts\/liens-cercle-bruit\/\" \/>\n<meta property=\"og:locale\" content=\"fr_FR\" \/>\n<meta property=\"og:type\" content=\"article\" \/>\n<meta property=\"og:title\" content=\"Liens Cercle Bruit - Bruit.ch\" \/>\n<meta property=\"og:description\" content=\"Cercle Bruit Suisse (DE, FR, IT)Site de l\u2018Association des sp\u00e9cialistes cantonaux en mati\u00e8re de lutte contre le bruit. Journ\u00e9e contre le bruit (DE, FR, IT)Informations sur les campagnes annuelles de la Journ\u00e9e contre le bruit. Baukultur L\u00e4rm (DE)Outils pour une meilleure culture du b\u00e2ti dans les zones bruyantes. Klangraumarchitektur (DE)Informations sur l&rsquo;\u00e9valuation et l&rsquo;am\u00e9lioration de [&hellip;]\" \/>\n<meta property=\"og:url\" content=\"https:\/\/test.laerm.ch\/fr\/contacts\/liens-cercle-bruit\/\" \/>\n<meta property=\"og:site_name\" content=\"Bruit.ch\" \/>\n<meta property=\"article:modified_time\" content=\"2024-09-10T23:02:00+00:00\" \/>\n<meta property=\"og:image\" content=\"https:\/\/test.laerm.ch\/wp-content\/uploads\/CB-Collagen3.png\" \/>\n\t<meta property=\"og:image:width\" content=\"724\" \/>\n\t<meta property=\"og:image:height\" content=\"309\" \/>\n\t<meta property=\"og:image:type\" content=\"image\/png\" \/>\n<meta name=\"twitter:card\" content=\"summary_large_image\" \/>\n<meta name=\"twitter:label1\" content=\"Dur\u00e9e de lecture estim\u00e9e\" \/>\n\t<meta name=\"twitter:data1\" content=\"1 minute\" \/>\n<script type=\"application\/ld+json\" class=\"yoast-schema-graph\">{\"@context\":\"https:\/\/schema.org\",\"@graph\":[{\"@type\":\"WebPage\",\"@id\":\"https:\/\/test.laerm.ch\/fr\/contacts\/liens-cercle-bruit\/\",\"url\":\"https:\/\/test.laerm.ch\/fr\/contacts\/liens-cercle-bruit\/\",\"name\":\"Liens Cercle Bruit - Bruit.ch\",\"isPartOf\":{\"@id\":\"https:\/\/laerm.ch\/#website\"},\"primaryImageOfPage\":{\"@id\":\"https:\/\/test.laerm.ch\/fr\/contacts\/liens-cercle-bruit\/#primaryimage\"},\"image\":{\"@id\":\"https:\/\/test.laerm.ch\/fr\/contacts\/liens-cercle-bruit\/#primaryimage\"},\"thumbnailUrl\":\"https:\/\/laerm.ch\/wp-content\/uploads\/CB-Collagen3.png\",\"datePublished\":\"2023-11-01T09:16:30+00:00\",\"dateModified\":\"2024-09-10T23:02:00+00:00\",\"breadcrumb\":{\"@id\":\"https:\/\/test.laerm.ch\/fr\/contacts\/liens-cercle-bruit\/#breadcrumb\"},\"inLanguage\":\"fr-FR\",\"potentialAction\":[{\"@type\":\"ReadAction\",\"target\":[\"https:\/\/test.laerm.ch\/fr\/contacts\/liens-cercle-bruit\/\"]}]},{\"@type\":\"ImageObject\",\"inLanguage\":\"fr-FR\",\"@id\":\"https:\/\/test.laerm.ch\/fr\/contacts\/liens-cercle-bruit\/#primaryimage\",\"url\":\"https:\/\/laerm.ch\/wp-content\/uploads\/CB-Collagen3.png\",\"contentUrl\":\"https:\/\/laerm.ch\/wp-content\/uploads\/CB-Collagen3.png\",\"width\":724,\"height\":309,\"caption\":\"Drei\"},{\"@type\":\"BreadcrumbList\",\"@id\":\"https:\/\/test.laerm.ch\/fr\/contacts\/liens-cercle-bruit\/#breadcrumb\",\"itemListElement\":[{\"@type\":\"ListItem\",\"position\":1,\"name\":\"Startseite\",\"item\":\"https:\/\/test.laerm.ch\/fr\/\"},{\"@type\":\"ListItem\",\"position\":2,\"name\":\"Contacts\",\"item\":\"https:\/\/test.laerm.ch\/fr\/contacts\/\"},{\"@type\":\"ListItem\",\"position\":3,\"name\":\"Liens Cercle Bruit\"}]},{\"@type\":\"WebSite\",\"@id\":\"https:\/\/laerm.ch\/#website\",\"url\":\"https:\/\/laerm.ch\/\",\"name\":\"L\u00e4rm.ch\",\"description\":\"Bienvenue sur Bruit.ch, le portail complet de Cercle Bruit sur le th\u00e8me du bruit et de la protection contre le bruit.\",\"publisher\":{\"@id\":\"https:\/\/laerm.ch\/#organization\"},\"potentialAction\":[{\"@type\":\"SearchAction\",\"target\":{\"@type\":\"EntryPoint\",\"urlTemplate\":\"https:\/\/laerm.ch\/?s={search_term_string}\"},\"query-input\":{\"@type\":\"PropertyValueSpecification\",\"valueRequired\":true,\"valueName\":\"search_term_string\"}}],\"inLanguage\":\"fr-FR\"},{\"@type\":\"Organization\",\"@id\":\"https:\/\/laerm.ch\/#organization\",\"name\":\"Cercle Bruit\",\"url\":\"https:\/\/laerm.ch\/\",\"logo\":{\"@type\":\"ImageObject\",\"inLanguage\":\"fr-FR\",\"@id\":\"https:\/\/laerm.ch\/#\/schema\/logo\/image\/\",\"url\":\"https:\/\/laerm.ch\/wp-content\/uploads\/cercleBruitLogoText.png\",\"contentUrl\":\"https:\/\/laerm.ch\/wp-content\/uploads\/cercleBruitLogoText.png\",\"width\":512,\"height\":329,\"caption\":\"Cercle Bruit\"},\"image\":{\"@id\":\"https:\/\/laerm.ch\/#\/schema\/logo\/image\/\"}}]}<\/script>\n<!-- \/ Yoast SEO plugin. -->","yoast_head_json":{"title":"Liens Cercle Bruit - Bruit.ch","robots":{"index":"index","follow":"follow","max-snippet":"max-snippet:-1","max-image-preview":"max-image-preview:large","max-video-preview":"max-video-preview:-1"},"canonical":"https:\/\/test.laerm.ch\/fr\/contacts\/liens-cercle-bruit\/","og_locale":"fr_FR","og_type":"article","og_title":"Liens Cercle Bruit - Bruit.ch","og_description":"Cercle Bruit Suisse (DE, FR, IT)Site de l\u2018Association des sp\u00e9cialistes cantonaux en mati\u00e8re de lutte contre le bruit. Journ\u00e9e contre le bruit (DE, FR, IT)Informations sur les campagnes annuelles de la Journ\u00e9e contre le bruit. Baukultur L\u00e4rm (DE)Outils pour une meilleure culture du b\u00e2ti dans les zones bruyantes. Klangraumarchitektur (DE)Informations sur l&rsquo;\u00e9valuation et l&rsquo;am\u00e9lioration de [&hellip;]","og_url":"https:\/\/test.laerm.ch\/fr\/contacts\/liens-cercle-bruit\/","og_site_name":"Bruit.ch","article_modified_time":"2024-09-10T23:02:00+00:00","og_image":[{"width":724,"height":309,"url":"https:\/\/test.laerm.ch\/wp-content\/uploads\/CB-Collagen3.png","type":"image\/png"}],"twitter_card":"summary_large_image","twitter_misc":{"Dur\u00e9e de lecture estim\u00e9e":"1 minute"},"schema":{"@context":"https:\/\/schema.org","@graph":[{"@type":"WebPage","@id":"https:\/\/test.laerm.ch\/fr\/contacts\/liens-cercle-bruit\/","url":"https:\/\/test.laerm.ch\/fr\/contacts\/liens-cercle-bruit\/","name":"Liens Cercle Bruit - Bruit.ch","isPartOf":{"@id":"https:\/\/laerm.ch\/#website"},"primaryImageOfPage":{"@id":"https:\/\/test.laerm.ch\/fr\/contacts\/liens-cercle-bruit\/#primaryimage"},"image":{"@id":"https:\/\/test.laerm.ch\/fr\/contacts\/liens-cercle-bruit\/#primaryimage"},"thumbnailUrl":"https:\/\/laerm.ch\/wp-content\/uploads\/CB-Collagen3.png","datePublished":"2023-11-01T09:16:30+00:00","dateModified":"2024-09-10T23:02:00+00:00","breadcrumb":{"@id":"https:\/\/test.laerm.ch\/fr\/contacts\/liens-cercle-bruit\/#breadcrumb"},"inLanguage":"fr-FR","potentialAction":[{"@type":"ReadAction","target":["https:\/\/test.laerm.ch\/fr\/contacts\/liens-cercle-bruit\/"]}]},{"@type":"ImageObject","inLanguage":"fr-FR","@id":"https:\/\/test.laerm.ch\/fr\/contacts\/liens-cercle-bruit\/#primaryimage","url":"https:\/\/laerm.ch\/wp-content\/uploads\/CB-Collagen3.png","contentUrl":"https:\/\/laerm.ch\/wp-content\/uploads\/CB-Collagen3.png","width":724,"height":309,"caption":"Drei"},{"@type":"BreadcrumbList","@id":"https:\/\/test.laerm.ch\/fr\/contacts\/liens-cercle-bruit\/#breadcrumb","itemListElement":[{"@type":"ListItem","position":1,"name":"Startseite","item":"https:\/\/test.laerm.ch\/fr\/"},{"@type":"ListItem","position":2,"name":"Contacts","item":"https:\/\/test.laerm.ch\/fr\/contacts\/"},{"@type":"ListItem","position":3,"name":"Liens Cercle Bruit"}]},{"@type":"WebSite","@id":"https:\/\/laerm.ch\/#website","url":"https:\/\/laerm.ch\/","name":"L\u00e4rm.ch","description":"Bienvenue sur Bruit.ch, le portail complet de Cercle Bruit sur le th\u00e8me du bruit et de la protection contre le bruit.","publisher":{"@id":"https:\/\/laerm.ch\/#organization"},"potentialAction":[{"@type":"SearchAction","target":{"@type":"EntryPoint","urlTemplate":"https:\/\/laerm.ch\/?s={search_term_string}"},"query-input":{"@type":"PropertyValueSpecification","valueRequired":true,"valueName":"search_term_string"}}],"inLanguage":"fr-FR"},{"@type":"Organization","@id":"https:\/\/laerm.ch\/#organization","name":"Cercle Bruit","url":"https:\/\/laerm.ch\/","logo":{"@type":"ImageObject","inLanguage":"fr-FR","@id":"https:\/\/laerm.ch\/#\/schema\/logo\/image\/","url":"https:\/\/laerm.ch\/wp-content\/uploads\/cercleBruitLogoText.png","contentUrl":"https:\/\/laerm.ch\/wp-content\/uploads\/cercleBruitLogoText.png","width":512,"height":329,"caption":"Cercle Bruit"},"image":{"@id":"https:\/\/laerm.ch\/#\/schema\/logo\/image\/"}}]}},"coauthors":[],"author_meta":{"author_link":"https:\/\/laerm.ch\/fr\/author\/f9c1af47f5d7fcc5\/","display_name":"admin"},"relative_dates":{"created":"Publi\u00e9 2 ans il y a","modified":"Mis \u00e0 jour 2 ans il y a"},"absolute_dates":{"created":"Publi\u00e9 le 1. novembre 2023","modified":"Mise \u00e0 jour le 11. septembre 2024"},"absolute_dates_time":{"created":"Publi\u00e9 le 1. novembre 2023 10:16","modified":"Mise \u00e0 jour le 11. septembre 2024 1:02"},"featured_img_caption":"Drei","featured_img":"https:\/\/laerm.ch\/wp-content\/uploads\/CB-Collagen3.png","series_order":"","_links":{"self":[{"href":"https:\/\/laerm.ch\/fr\/wp-json\/wp\/v2\/pages\/567"}],"collection":[{"href":"https:\/\/laerm.ch\/fr\/wp-json\/wp\/v2\/pages"}],"about":[{"href":"https:\/\/laerm.ch\/fr\/wp-json\/wp\/v2\/types\/page"}],"author":[{"embeddable":true,"href":"https:\/\/laerm.ch\/fr\/wp-json\/wp\/v2\/users\/1"}],"replies":[{"embeddable":true,"href":"https:\/\/laerm.ch\/fr\/wp-json\/wp\/v2\/comments?post=567"}],"version-history":[{"count":14,"href":"https:\/\/laerm.ch\/fr\/wp-json\/wp\/v2\/pages\/567\/revisions"}],"predecessor-version":[{"id":5183,"href":"https:\/\/laerm.ch\/fr\/wp-json\/wp\/v2\/pages\/567\/revisions\/5183"}],"up":[{"embeddable":true,"href":"https:\/\/laerm.ch\/fr\/wp-json\/wp\/v2\/pages\/86"}],"wp:featuredmedia":[{"embeddable":true,"href":"https:\/\/laerm.ch\/fr\/wp-json\/wp\/v2\/media\/586"}],"wp:attachment":[{"href":"https:\/\/laerm.ch\/fr\/wp-json\/wp\/v2\/media?parent=567"}],"curies":[{"name":"wp","href":"https:\/\/api.w.org\/{rel}","templated":true}]}}