{"id":73,"date":"2023-09-25T10:10:19","date_gmt":"2023-09-25T08:10:19","guid":{"rendered":"https:\/\/laerm.ch\/home\/"},"modified":"2024-05-12T19:02:12","modified_gmt":"2024-05-12T17:02:12","slug":"home","status":"publish","type":"page","link":"https:\/\/laerm.ch\/fr\/","title":{"rendered":"Bruit.ch"},"content":{"rendered":"\n<p>Bienvenue sur <strong>Bruit.ch<\/strong>, le portail du <strong>Cercle Bruit<\/strong> sur les th\u00e8mes du bruit et de la protection contre le bruit.<\/p>\n","protected":false},"excerpt":{"rendered":"<p>Bienvenue sur Bruit.ch, le portail du Cercle Bruit sur les th\u00e8mes du bruit et de la protection contre le bruit.<\/p>\n","protected":false},"author":1,"featured_media":0,"parent":0,"menu_order":0,"comment_status":"closed","ping_status":"closed","template":"","meta":{"advgb_blocks_editor_width":"","advgb_blocks_columns_visual_guide":"","footnotes":""},"class_list":["post-73","page","type-page","status-publish","hentry"],"yoast_head":"<!-- This site is optimized with the Yoast SEO plugin v23.7 - https:\/\/yoast.com\/wordpress\/plugins\/seo\/ -->\n<title>Bruit.ch - Bruit.ch<\/title>\n<meta name=\"robots\" content=\"index, follow, max-snippet:-1, max-image-preview:large, max-video-preview:-1\" \/>\n<link rel=\"canonical\" href=\"https:\/\/test.laerm.ch\/fr\/\" \/>\n<meta property=\"og:locale\" content=\"fr_FR\" \/>\n<meta property=\"og:type\" content=\"article\" \/>\n<meta property=\"og:title\" content=\"Bruit.ch - Bruit.ch\" \/>\n<meta property=\"og:description\" content=\"Bienvenue sur Bruit.ch, le portail du Cercle Bruit sur les th\u00e8mes du bruit et de la protection contre le bruit.\" \/>\n<meta property=\"og:url\" content=\"https:\/\/test.laerm.ch\/fr\/\" \/>\n<meta property=\"og:site_name\" content=\"Bruit.ch\" \/>\n<meta property=\"article:modified_time\" content=\"2024-05-12T17:02:12+00:00\" \/>\n<meta name=\"twitter:card\" content=\"summary_large_image\" \/>\n<script type=\"application\/ld+json\" class=\"yoast-schema-graph\">{\"@context\":\"https:\/\/schema.org\",\"@graph\":[{\"@type\":\"WebPage\",\"@id\":\"https:\/\/test.laerm.ch\/fr\/\",\"url\":\"https:\/\/test.laerm.ch\/fr\/\",\"name\":\"Bruit.ch - Bruit.ch\",\"isPartOf\":{\"@id\":\"https:\/\/laerm.ch\/#website\"},\"datePublished\":\"2023-09-25T08:10:19+00:00\",\"dateModified\":\"2024-05-12T17:02:12+00:00\",\"breadcrumb\":{\"@id\":\"https:\/\/test.laerm.ch\/fr\/#breadcrumb\"},\"inLanguage\":\"fr-FR\",\"potentialAction\":[{\"@type\":\"ReadAction\",\"target\":[\"https:\/\/test.laerm.ch\/fr\/\"]}]},{\"@type\":\"BreadcrumbList\",\"@id\":\"https:\/\/test.laerm.ch\/fr\/#breadcrumb\",\"itemListElement\":[{\"@type\":\"ListItem\",\"position\":1,\"name\":\"Startseite\",\"item\":\"https:\/\/test.laerm.ch\/fr\/\"},{\"@type\":\"ListItem\",\"position\":2,\"name\":\"Bruit.ch\"}]},{\"@type\":\"WebSite\",\"@id\":\"https:\/\/laerm.ch\/#website\",\"url\":\"https:\/\/laerm.ch\/\",\"name\":\"L\u00e4rm.ch\",\"description\":\"Bienvenue sur Bruit.ch, le portail complet de Cercle Bruit sur le th\u00e8me du bruit et de la protection contre le bruit.\",\"publisher\":{\"@id\":\"https:\/\/laerm.ch\/#organization\"},\"potentialAction\":[{\"@type\":\"SearchAction\",\"target\":{\"@type\":\"EntryPoint\",\"urlTemplate\":\"https:\/\/laerm.ch\/?s={search_term_string}\"},\"query-input\":{\"@type\":\"PropertyValueSpecification\",\"valueRequired\":true,\"valueName\":\"search_term_string\"}}],\"inLanguage\":\"fr-FR\"},{\"@type\":\"Organization\",\"@id\":\"https:\/\/laerm.ch\/#organization\",\"name\":\"Cercle Bruit\",\"url\":\"https:\/\/laerm.ch\/\",\"logo\":{\"@type\":\"ImageObject\",\"inLanguage\":\"fr-FR\",\"@id\":\"https:\/\/laerm.ch\/#\/schema\/logo\/image\/\",\"url\":\"https:\/\/laerm.ch\/wp-content\/uploads\/cercleBruitLogoText.png\",\"contentUrl\":\"https:\/\/laerm.ch\/wp-content\/uploads\/cercleBruitLogoText.png\",\"width\":512,\"height\":329,\"caption\":\"Cercle Bruit\"},\"image\":{\"@id\":\"https:\/\/laerm.ch\/#\/schema\/logo\/image\/\"}}]}<\/script>\n<!-- \/ Yoast SEO plugin. -->","yoast_head_json":{"title":"Bruit.ch - Bruit.ch","robots":{"index":"index","follow":"follow","max-snippet":"max-snippet:-1","max-image-preview":"max-image-preview:large","max-video-preview":"max-video-preview:-1"},"canonical":"https:\/\/test.laerm.ch\/fr\/","og_locale":"fr_FR","og_type":"article","og_title":"Bruit.ch - Bruit.ch","og_description":"Bienvenue sur Bruit.ch, le portail du Cercle Bruit sur les th\u00e8mes du bruit et de la protection contre le bruit.","og_url":"https:\/\/test.laerm.ch\/fr\/","og_site_name":"Bruit.ch","article_modified_time":"2024-05-12T17:02:12+00:00","twitter_card":"summary_large_image","schema":{"@context":"https:\/\/schema.org","@graph":[{"@type":"WebPage","@id":"https:\/\/test.laerm.ch\/fr\/","url":"https:\/\/test.laerm.ch\/fr\/","name":"Bruit.ch - Bruit.ch","isPartOf":{"@id":"https:\/\/laerm.ch\/#website"},"datePublished":"2023-09-25T08:10:19+00:00","dateModified":"2024-05-12T17:02:12+00:00","breadcrumb":{"@id":"https:\/\/test.laerm.ch\/fr\/#breadcrumb"},"inLanguage":"fr-FR","potentialAction":[{"@type":"ReadAction","target":["https:\/\/test.laerm.ch\/fr\/"]}]},{"@type":"BreadcrumbList","@id":"https:\/\/test.laerm.ch\/fr\/#breadcrumb","itemListElement":[{"@type":"ListItem","position":1,"name":"Startseite","item":"https:\/\/test.laerm.ch\/fr\/"},{"@type":"ListItem","position":2,"name":"Bruit.ch"}]},{"@type":"WebSite","@id":"https:\/\/laerm.ch\/#website","url":"https:\/\/laerm.ch\/","name":"L\u00e4rm.ch","description":"Bienvenue sur Bruit.ch, le portail complet de Cercle Bruit sur le th\u00e8me du bruit et de la protection contre le bruit.","publisher":{"@id":"https:\/\/laerm.ch\/#organization"},"potentialAction":[{"@type":"SearchAction","target":{"@type":"EntryPoint","urlTemplate":"https:\/\/laerm.ch\/?s={search_term_string}"},"query-input":{"@type":"PropertyValueSpecification","valueRequired":true,"valueName":"search_term_string"}}],"inLanguage":"fr-FR"},{"@type":"Organization","@id":"https:\/\/laerm.ch\/#organization","name":"Cercle Bruit","url":"https:\/\/laerm.ch\/","logo":{"@type":"ImageObject","inLanguage":"fr-FR","@id":"https:\/\/laerm.ch\/#\/schema\/logo\/image\/","url":"https:\/\/laerm.ch\/wp-content\/uploads\/cercleBruitLogoText.png","contentUrl":"https:\/\/laerm.ch\/wp-content\/uploads\/cercleBruitLogoText.png","width":512,"height":329,"caption":"Cercle Bruit"},"image":{"@id":"https:\/\/laerm.ch\/#\/schema\/logo\/image\/"}}]}},"coauthors":[],"author_meta":{"author_link":"https:\/\/laerm.ch\/fr\/author\/f9c1af47f5d7fcc5\/","display_name":"admin"},"relative_dates":{"created":"Publi\u00e9 3 ans il y a","modified":"Mis \u00e0 jour 2 ans il y a"},"absolute_dates":{"created":"Publi\u00e9 le 25. septembre 2023","modified":"Mise \u00e0 jour le 12. mai 2024"},"absolute_dates_time":{"created":"Publi\u00e9 le 25. septembre 2023 10:10","modified":"Mise \u00e0 jour le 12. mai 2024 19:02"},"featured_img_caption":"","featured_img":false,"series_order":"","_links":{"self":[{"href":"https:\/\/laerm.ch\/fr\/wp-json\/wp\/v2\/pages\/73"}],"collection":[{"href":"https:\/\/laerm.ch\/fr\/wp-json\/wp\/v2\/pages"}],"about":[{"href":"https:\/\/laerm.ch\/fr\/wp-json\/wp\/v2\/types\/page"}],"author":[{"embeddable":true,"href":"https:\/\/laerm.ch\/fr\/wp-json\/wp\/v2\/users\/1"}],"replies":[{"embeddable":true,"href":"https:\/\/laerm.ch\/fr\/wp-json\/wp\/v2\/comments?post=73"}],"version-history":[{"count":9,"href":"https:\/\/laerm.ch\/fr\/wp-json\/wp\/v2\/pages\/73\/revisions"}],"predecessor-version":[{"id":4633,"href":"https:\/\/laerm.ch\/fr\/wp-json\/wp\/v2\/pages\/73\/revisions\/4633"}],"wp:attachment":[{"href":"https:\/\/laerm.ch\/fr\/wp-json\/wp\/v2\/media?parent=73"}],"curies":[{"name":"wp","href":"https:\/\/api.w.org\/{rel}","templated":true}]}}