{"id":79,"date":"2023-09-25T10:25:19","date_gmt":"2023-09-25T08:25:19","guid":{"rendered":"https:\/\/laerm.ch\/gestion-du-bruit\/"},"modified":"2024-06-06T11:59:18","modified_gmt":"2024-06-06T09:59:18","slug":"problemes-de-bruit","status":"publish","type":"page","link":"https:\/\/laerm.ch\/fr\/problemes-de-bruit\/","title":{"rendered":"Gestion du bruit"},"content":{"rendered":"\n<p>Selon le type de bruit et les circonstances plus sp\u00e9cifiques, il existe diff\u00e9rentes bases juridiques et diff\u00e9rents moyens de g\u00e9rer les probl\u00e8mes de bruit au quotidien. Les r\u00e8glements sur le bruit de voisinage &#8211; lois et ordonnances \u2013pr\u00e9voient en g\u00e9n\u00e9ral des valeurs limites de bruit.<\/p>\n\n<p>C&rsquo;est sur ces dispositions que s&rsquo;appuyent les services cantonaux et communaux responsables de la protection contre le bruit ainsi que les autres autorit\u00e9s et administrations pour leur travail. En l&rsquo;absence de bases juridiques sp\u00e9cifiques, les r\u00e8gles g\u00e9n\u00e9rales qui r\u00e9gissent la vie en soci\u00e9t\u00e9 s&rsquo;appliquent. En particulier lorsqu&rsquo;il s&rsquo;agit de probl\u00e8mes de bruit quotidiens, le respect mutuel, la communication et une action proportionn\u00e9e jouent un r\u00f4le important. Ces r\u00e8gles de savoir-vivre sont d\u2019ailleurs prises en compte dans la juridiction.<\/p>\n\n<p>En principe, tout probl\u00e8me de nuisances sonores doit \u00eatre pris au s\u00e9rieux en tant que cas particulier. Au travers des informations pr\u00e9sent\u00e9es sur la page \u00ab\u00a0Gestion du bruit\u00a0\u00bb le Cercle Bruit cherche \u00e0 cat\u00e9goriser les situations de nuisances sonores les plus fr\u00e9quentes et \u00e0 fournir des conseils sp\u00e9cifiques sur la mani\u00e8re de les r\u00e9soudre. En tant que point de contact pour les personnes affect\u00e9es par le bruit et les personnes qui en sont la cause, ainsi que pour les administrations et les autorit\u00e9s impliqu\u00e9es dans la m\u00e9diation, le Cercle Bruit fournit des conseils facilement accessibles qui montrent les approches appropri\u00e9es. Ces conseils ne remplacent toutefois en aucun cas les indications concr\u00e8tes ou le jugement de l&rsquo;autorit\u00e9 comp\u00e9tente.<\/p>\n\n<div class=\"wp-block-group is-vertical is-layout-flex wp-container-core-group-is-layout-1 wp-block-group-is-layout-flex\">\n<p><a class=\"in_\" href=\"https:\/\/laerm.ch\/fr\/problemes-de-bruit\/droit-et-loi\/\" data-type=\"page\" data-id=\"65\">Bases l\u00e9gales<\/a><\/p>\n\n\n\n<p><a class=\"in_\" href=\"https:\/\/laerm.ch\/fr\/problemes-de-bruit\/sources-de-bruit-evaluation\/\" data-type=\"page\" data-id=\"388\">Sources de bruit &amp; \u00e9valuation<\/a><\/p>\n<\/div>\n","protected":false},"excerpt":{"rendered":"<p>Selon le type de bruit et les circonstances plus sp\u00e9cifiques, il existe diff\u00e9rentes bases juridiques et diff\u00e9rents moyens de g\u00e9rer les probl\u00e8mes de bruit au quotidien. Les r\u00e8glements sur le bruit de voisinage &#8211; lois et ordonnances \u2013pr\u00e9voient en g\u00e9n\u00e9ral des valeurs limites de bruit. C&rsquo;est sur ces dispositions que s&rsquo;appuyent les services cantonaux et [&hellip;]<\/p>\n","protected":false},"author":1,"featured_media":257,"parent":0,"menu_order":2,"comment_status":"closed","ping_status":"closed","template":"","meta":{"advgb_blocks_editor_width":"","advgb_blocks_columns_visual_guide":"","footnotes":""},"class_list":["post-79","page","type-page","status-publish","has-post-thumbnail","hentry"],"yoast_head":"<!-- This site is optimized with the Yoast SEO plugin v23.7 - https:\/\/yoast.com\/wordpress\/plugins\/seo\/ -->\n<title>Gestion du bruit - Bruit.ch<\/title>\n<meta name=\"robots\" content=\"index, follow, max-snippet:-1, max-image-preview:large, max-video-preview:-1\" \/>\n<link rel=\"canonical\" href=\"https:\/\/test.laerm.ch\/fr\/problemes-de-bruit\/\" \/>\n<meta property=\"og:locale\" content=\"fr_FR\" \/>\n<meta property=\"og:type\" content=\"article\" \/>\n<meta property=\"og:title\" content=\"Gestion du bruit - Bruit.ch\" \/>\n<meta property=\"og:description\" content=\"Selon le type de bruit et les circonstances plus sp\u00e9cifiques, il existe diff\u00e9rentes bases juridiques et diff\u00e9rents moyens de g\u00e9rer les probl\u00e8mes de bruit au quotidien. Les r\u00e8glements sur le bruit de voisinage &#8211; lois et ordonnances \u2013pr\u00e9voient en g\u00e9n\u00e9ral des valeurs limites de bruit. C&rsquo;est sur ces dispositions que s&rsquo;appuyent les services cantonaux et [&hellip;]\" \/>\n<meta property=\"og:url\" content=\"https:\/\/test.laerm.ch\/fr\/problemes-de-bruit\/\" \/>\n<meta property=\"og:site_name\" content=\"Bruit.ch\" \/>\n<meta property=\"article:modified_time\" content=\"2024-06-06T09:59:18+00:00\" \/>\n<meta property=\"og:image\" content=\"https:\/\/test.laerm.ch\/wp-content\/uploads\/laermsorgen.jpg\" \/>\n\t<meta property=\"og:image:width\" content=\"724\" \/>\n\t<meta property=\"og:image:height\" content=\"300\" \/>\n\t<meta property=\"og:image:type\" content=\"image\/jpeg\" \/>\n<meta name=\"twitter:card\" content=\"summary_large_image\" \/>\n<meta name=\"twitter:label1\" content=\"Dur\u00e9e de lecture estim\u00e9e\" \/>\n\t<meta name=\"twitter:data1\" content=\"1 minute\" \/>\n<script type=\"application\/ld+json\" class=\"yoast-schema-graph\">{\"@context\":\"https:\/\/schema.org\",\"@graph\":[{\"@type\":\"WebPage\",\"@id\":\"https:\/\/test.laerm.ch\/fr\/problemes-de-bruit\/\",\"url\":\"https:\/\/test.laerm.ch\/fr\/problemes-de-bruit\/\",\"name\":\"Gestion du bruit - Bruit.ch\",\"isPartOf\":{\"@id\":\"https:\/\/laerm.ch\/#website\"},\"primaryImageOfPage\":{\"@id\":\"https:\/\/test.laerm.ch\/fr\/problemes-de-bruit\/#primaryimage\"},\"image\":{\"@id\":\"https:\/\/test.laerm.ch\/fr\/problemes-de-bruit\/#primaryimage\"},\"thumbnailUrl\":\"https:\/\/laerm.ch\/wp-content\/uploads\/laermsorgen.jpg\",\"datePublished\":\"2023-09-25T08:25:19+00:00\",\"dateModified\":\"2024-06-06T09:59:18+00:00\",\"breadcrumb\":{\"@id\":\"https:\/\/test.laerm.ch\/fr\/problemes-de-bruit\/#breadcrumb\"},\"inLanguage\":\"fr-FR\",\"potentialAction\":[{\"@type\":\"ReadAction\",\"target\":[\"https:\/\/test.laerm.ch\/fr\/problemes-de-bruit\/\"]}]},{\"@type\":\"ImageObject\",\"inLanguage\":\"fr-FR\",\"@id\":\"https:\/\/test.laerm.ch\/fr\/problemes-de-bruit\/#primaryimage\",\"url\":\"https:\/\/laerm.ch\/wp-content\/uploads\/laermsorgen.jpg\",\"contentUrl\":\"https:\/\/laerm.ch\/wp-content\/uploads\/laermsorgen.jpg\",\"width\":724,\"height\":300},{\"@type\":\"BreadcrumbList\",\"@id\":\"https:\/\/test.laerm.ch\/fr\/problemes-de-bruit\/#breadcrumb\",\"itemListElement\":[{\"@type\":\"ListItem\",\"position\":1,\"name\":\"Startseite\",\"item\":\"https:\/\/test.laerm.ch\/fr\/\"},{\"@type\":\"ListItem\",\"position\":2,\"name\":\"Gestion du bruit\"}]},{\"@type\":\"WebSite\",\"@id\":\"https:\/\/laerm.ch\/#website\",\"url\":\"https:\/\/laerm.ch\/\",\"name\":\"L\u00e4rm.ch\",\"description\":\"Bienvenue sur Bruit.ch, le portail complet de Cercle Bruit sur le th\u00e8me du bruit et de la protection contre le bruit.\",\"publisher\":{\"@id\":\"https:\/\/laerm.ch\/#organization\"},\"potentialAction\":[{\"@type\":\"SearchAction\",\"target\":{\"@type\":\"EntryPoint\",\"urlTemplate\":\"https:\/\/laerm.ch\/?s={search_term_string}\"},\"query-input\":{\"@type\":\"PropertyValueSpecification\",\"valueRequired\":true,\"valueName\":\"search_term_string\"}}],\"inLanguage\":\"fr-FR\"},{\"@type\":\"Organization\",\"@id\":\"https:\/\/laerm.ch\/#organization\",\"name\":\"Cercle Bruit\",\"url\":\"https:\/\/laerm.ch\/\",\"logo\":{\"@type\":\"ImageObject\",\"inLanguage\":\"fr-FR\",\"@id\":\"https:\/\/laerm.ch\/#\/schema\/logo\/image\/\",\"url\":\"https:\/\/laerm.ch\/wp-content\/uploads\/cercleBruitLogoText.png\",\"contentUrl\":\"https:\/\/laerm.ch\/wp-content\/uploads\/cercleBruitLogoText.png\",\"width\":512,\"height\":329,\"caption\":\"Cercle Bruit\"},\"image\":{\"@id\":\"https:\/\/laerm.ch\/#\/schema\/logo\/image\/\"}}]}<\/script>\n<!-- \/ Yoast SEO plugin. -->","yoast_head_json":{"title":"Gestion du bruit - Bruit.ch","robots":{"index":"index","follow":"follow","max-snippet":"max-snippet:-1","max-image-preview":"max-image-preview:large","max-video-preview":"max-video-preview:-1"},"canonical":"https:\/\/test.laerm.ch\/fr\/problemes-de-bruit\/","og_locale":"fr_FR","og_type":"article","og_title":"Gestion du bruit - Bruit.ch","og_description":"Selon le type de bruit et les circonstances plus sp\u00e9cifiques, il existe diff\u00e9rentes bases juridiques et diff\u00e9rents moyens de g\u00e9rer les probl\u00e8mes de bruit au quotidien. Les r\u00e8glements sur le bruit de voisinage &#8211; lois et ordonnances \u2013pr\u00e9voient en g\u00e9n\u00e9ral des valeurs limites de bruit. C&rsquo;est sur ces dispositions que s&rsquo;appuyent les services cantonaux et [&hellip;]","og_url":"https:\/\/test.laerm.ch\/fr\/problemes-de-bruit\/","og_site_name":"Bruit.ch","article_modified_time":"2024-06-06T09:59:18+00:00","og_image":[{"width":724,"height":300,"url":"https:\/\/test.laerm.ch\/wp-content\/uploads\/laermsorgen.jpg","type":"image\/jpeg"}],"twitter_card":"summary_large_image","twitter_misc":{"Dur\u00e9e de lecture estim\u00e9e":"1 minute"},"schema":{"@context":"https:\/\/schema.org","@graph":[{"@type":"WebPage","@id":"https:\/\/test.laerm.ch\/fr\/problemes-de-bruit\/","url":"https:\/\/test.laerm.ch\/fr\/problemes-de-bruit\/","name":"Gestion du bruit - Bruit.ch","isPartOf":{"@id":"https:\/\/laerm.ch\/#website"},"primaryImageOfPage":{"@id":"https:\/\/test.laerm.ch\/fr\/problemes-de-bruit\/#primaryimage"},"image":{"@id":"https:\/\/test.laerm.ch\/fr\/problemes-de-bruit\/#primaryimage"},"thumbnailUrl":"https:\/\/laerm.ch\/wp-content\/uploads\/laermsorgen.jpg","datePublished":"2023-09-25T08:25:19+00:00","dateModified":"2024-06-06T09:59:18+00:00","breadcrumb":{"@id":"https:\/\/test.laerm.ch\/fr\/problemes-de-bruit\/#breadcrumb"},"inLanguage":"fr-FR","potentialAction":[{"@type":"ReadAction","target":["https:\/\/test.laerm.ch\/fr\/problemes-de-bruit\/"]}]},{"@type":"ImageObject","inLanguage":"fr-FR","@id":"https:\/\/test.laerm.ch\/fr\/problemes-de-bruit\/#primaryimage","url":"https:\/\/laerm.ch\/wp-content\/uploads\/laermsorgen.jpg","contentUrl":"https:\/\/laerm.ch\/wp-content\/uploads\/laermsorgen.jpg","width":724,"height":300},{"@type":"BreadcrumbList","@id":"https:\/\/test.laerm.ch\/fr\/problemes-de-bruit\/#breadcrumb","itemListElement":[{"@type":"ListItem","position":1,"name":"Startseite","item":"https:\/\/test.laerm.ch\/fr\/"},{"@type":"ListItem","position":2,"name":"Gestion du bruit"}]},{"@type":"WebSite","@id":"https:\/\/laerm.ch\/#website","url":"https:\/\/laerm.ch\/","name":"L\u00e4rm.ch","description":"Bienvenue sur Bruit.ch, le portail complet de Cercle Bruit sur le th\u00e8me du bruit et de la protection contre le bruit.","publisher":{"@id":"https:\/\/laerm.ch\/#organization"},"potentialAction":[{"@type":"SearchAction","target":{"@type":"EntryPoint","urlTemplate":"https:\/\/laerm.ch\/?s={search_term_string}"},"query-input":{"@type":"PropertyValueSpecification","valueRequired":true,"valueName":"search_term_string"}}],"inLanguage":"fr-FR"},{"@type":"Organization","@id":"https:\/\/laerm.ch\/#organization","name":"Cercle Bruit","url":"https:\/\/laerm.ch\/","logo":{"@type":"ImageObject","inLanguage":"fr-FR","@id":"https:\/\/laerm.ch\/#\/schema\/logo\/image\/","url":"https:\/\/laerm.ch\/wp-content\/uploads\/cercleBruitLogoText.png","contentUrl":"https:\/\/laerm.ch\/wp-content\/uploads\/cercleBruitLogoText.png","width":512,"height":329,"caption":"Cercle Bruit"},"image":{"@id":"https:\/\/laerm.ch\/#\/schema\/logo\/image\/"}}]}},"coauthors":[],"author_meta":{"author_link":"https:\/\/laerm.ch\/fr\/author\/f9c1af47f5d7fcc5\/","display_name":"admin"},"relative_dates":{"created":"Publi\u00e9 3 ans il y a","modified":"Mis \u00e0 jour 2 ans il y a"},"absolute_dates":{"created":"Publi\u00e9 le 25. septembre 2023","modified":"Mise \u00e0 jour le 6. juin 2024"},"absolute_dates_time":{"created":"Publi\u00e9 le 25. septembre 2023 10:25","modified":"Mise \u00e0 jour le 6. juin 2024 11:59"},"featured_img_caption":"","featured_img":"https:\/\/laerm.ch\/wp-content\/uploads\/laermsorgen.jpg","series_order":"","_links":{"self":[{"href":"https:\/\/laerm.ch\/fr\/wp-json\/wp\/v2\/pages\/79"}],"collection":[{"href":"https:\/\/laerm.ch\/fr\/wp-json\/wp\/v2\/pages"}],"about":[{"href":"https:\/\/laerm.ch\/fr\/wp-json\/wp\/v2\/types\/page"}],"author":[{"embeddable":true,"href":"https:\/\/laerm.ch\/fr\/wp-json\/wp\/v2\/users\/1"}],"replies":[{"embeddable":true,"href":"https:\/\/laerm.ch\/fr\/wp-json\/wp\/v2\/comments?post=79"}],"version-history":[{"count":13,"href":"https:\/\/laerm.ch\/fr\/wp-json\/wp\/v2\/pages\/79\/revisions"}],"predecessor-version":[{"id":4776,"href":"https:\/\/laerm.ch\/fr\/wp-json\/wp\/v2\/pages\/79\/revisions\/4776"}],"wp:featuredmedia":[{"embeddable":true,"href":"https:\/\/laerm.ch\/fr\/wp-json\/wp\/v2\/media\/257"}],"wp:attachment":[{"href":"https:\/\/laerm.ch\/fr\/wp-json\/wp\/v2\/media?parent=79"}],"curies":[{"name":"wp","href":"https:\/\/api.w.org\/{rel}","templated":true}]}}