{"id":85,"date":"2023-09-25T10:25:19","date_gmt":"2023-09-25T08:25:19","guid":{"rendered":"https:\/\/laerm.ch\/journee-contre-le-bruit\/"},"modified":"2026-02-17T10:34:31","modified_gmt":"2026-02-17T09:34:31","slug":"journee-contre-le-bruit","status":"publish","type":"page","link":"https:\/\/laerm.ch\/fr\/journee-contre-le-bruit\/","title":{"rendered":"Journ\u00e9e contre le bruit"},"content":{"rendered":"\n<figure class=\"wp-block-image size-large\"><a href=\"https:\/\/www.tag-gegen-laerm.ch\/fr\/\" target=\"_blank\" rel=\"noreferrer noopener\"><img loading=\"lazy\" decoding=\"async\" width=\"1024\" height=\"576\" src=\"https:\/\/laerm.ch\/wp-content\/uploads\/\/sujet-1-labruit-rend-malade-1-1024x576.png\" alt=\"\" class=\"wp-image-5624\" srcset=\"https:\/\/laerm.ch\/wp-content\/uploads\/sujet-1-labruit-rend-malade-1-1024x576.png 1024w, https:\/\/laerm.ch\/wp-content\/uploads\/sujet-1-labruit-rend-malade-1-300x169.png 300w, https:\/\/laerm.ch\/wp-content\/uploads\/sujet-1-labruit-rend-malade-1-768x432.png 768w, https:\/\/laerm.ch\/wp-content\/uploads\/sujet-1-labruit-rend-malade-1-1536x863.png 1536w, https:\/\/laerm.ch\/wp-content\/uploads\/sujet-1-labruit-rend-malade-1-2048x1151.png 2048w, https:\/\/laerm.ch\/wp-content\/uploads\/sujet-1-labruit-rend-malade-1-725x407.png 725w\" sizes=\"(max-width: 1024px) 100vw, 1024px\" \/><\/a><\/figure>\n\n\n\n<p>La prochaine Journ\u00e9e contre le bruit aura lieu le <strong>29 avril 2026<\/strong>. Les effets du bruit sur la sant\u00e9 seront au c\u0153ur de la Journ\u00e9e contre le bruit 2026. Cliquez ici pour acc\u00e9der \u00e0 la <a href=\"https:\/\/www.tag-gegen-laerm.ch\/fr\/\" target=\"_blank\" rel=\"noreferrer noopener\">campagne 2026<\/a>.<\/p>\n\n\n\n<hr class=\"wp-block-separator has-alpha-channel-opacity\"\/>\n\n\n\n<h3 class=\"wp-block-heading\">Qu&rsquo;est-ce que la \u00ab Journ\u00e9e contre le bruit \u00bb ?<\/h3>\n\n\n\n<p>En 1996, la \u00ab Journ\u00e9e internationale de sensibilisation au bruit \u00bb a \u00e9t\u00e9 cr\u00e9\u00e9e par le \u00ab Center for Hearing and Communication \u00bb de New York. En 2005, la Suisse a particip\u00e9 activement pour la premi\u00e8re fois \u00e0 cette journ\u00e9e d\u2019action. Depuis, elle y participe chaque ann\u00e9e. L\u2019organisme responsable se compose des entit\u00e9s suivantes : Cercle Bruit (Association des services cantonaux de lutte contre le bruit), Soci\u00e9t\u00e9 suisse d\u2019acoustique, M\u00e9decins en faveur de l\u2019environnement, Ligue suisse contre le bruit. Les responsables sont soutenus par l\u2019Office f\u00e9d\u00e9ral de l\u2019environnement (OFEV) et l\u2019Office f\u00e9d\u00e9ral de la sant\u00e9 publique (OFSP). En participant \u00e0 la journ\u00e9e d\u2019action, l\u2019organisme responsable se fixe pour objectif d\u2019ancrer la \u00ab Journ\u00e9e contre le bruit \u00bb en Suisse et de sensibiliser le public au th\u00e8me du bruit.<\/p>\n","protected":false},"excerpt":{"rendered":"<p>La prochaine Journ\u00e9e contre le bruit aura lieu le 29 avril 2026. Les effets du bruit sur la sant\u00e9 seront au c\u0153ur de la Journ\u00e9e contre le bruit 2026. Cliquez ici pour acc\u00e9der \u00e0 la campagne 2026. Qu&rsquo;est-ce que la \u00ab Journ\u00e9e contre le bruit \u00bb ? En 1996, la \u00ab Journ\u00e9e internationale de sensibilisation [&hellip;]<\/p>\n","protected":false},"author":1,"featured_media":0,"parent":0,"menu_order":3,"comment_status":"closed","ping_status":"closed","template":"","meta":{"advgb_blocks_editor_width":"","advgb_blocks_columns_visual_guide":"","footnotes":""},"class_list":["post-85","page","type-page","status-publish","hentry"],"yoast_head":"<!-- This site is optimized with the Yoast SEO plugin v23.7 - https:\/\/yoast.com\/wordpress\/plugins\/seo\/ -->\n<title>Journ\u00e9e contre le bruit - Bruit.ch<\/title>\n<meta name=\"robots\" content=\"index, follow, max-snippet:-1, max-image-preview:large, max-video-preview:-1\" \/>\n<link rel=\"canonical\" href=\"https:\/\/laerm.ch\/fr\/journee-contre-le-bruit\/\" \/>\n<meta property=\"og:locale\" content=\"fr_FR\" \/>\n<meta property=\"og:type\" content=\"article\" \/>\n<meta property=\"og:title\" content=\"Journ\u00e9e contre le bruit - Bruit.ch\" \/>\n<meta property=\"og:description\" content=\"La prochaine Journ\u00e9e contre le bruit aura lieu le 29 avril 2026. Les effets du bruit sur la sant\u00e9 seront au c\u0153ur de la Journ\u00e9e contre le bruit 2026. Cliquez ici pour acc\u00e9der \u00e0 la campagne 2026. Qu&rsquo;est-ce que la \u00ab Journ\u00e9e contre le bruit \u00bb ? En 1996, la \u00ab Journ\u00e9e internationale de sensibilisation [&hellip;]\" \/>\n<meta property=\"og:url\" content=\"https:\/\/laerm.ch\/fr\/journee-contre-le-bruit\/\" \/>\n<meta property=\"og:site_name\" content=\"Bruit.ch\" \/>\n<meta property=\"article:modified_time\" content=\"2026-02-17T09:34:31+00:00\" \/>\n<meta property=\"og:image\" content=\"https:\/\/laerm.ch\/wp-content\/uploads\/sujet-1-labruit-rend-malade-1.png\" \/>\n\t<meta property=\"og:image:width\" content=\"6042\" \/>\n\t<meta property=\"og:image:height\" content=\"3396\" \/>\n\t<meta property=\"og:image:type\" content=\"image\/png\" \/>\n<meta name=\"twitter:card\" content=\"summary_large_image\" \/>\n<meta name=\"twitter:label1\" content=\"Dur\u00e9e de lecture estim\u00e9e\" \/>\n\t<meta name=\"twitter:data1\" content=\"1 minute\" \/>\n<script type=\"application\/ld+json\" class=\"yoast-schema-graph\">{\"@context\":\"https:\/\/schema.org\",\"@graph\":[{\"@type\":\"WebPage\",\"@id\":\"https:\/\/laerm.ch\/fr\/journee-contre-le-bruit\/\",\"url\":\"https:\/\/laerm.ch\/fr\/journee-contre-le-bruit\/\",\"name\":\"Journ\u00e9e contre le bruit - Bruit.ch\",\"isPartOf\":{\"@id\":\"https:\/\/laerm.ch\/#website\"},\"primaryImageOfPage\":{\"@id\":\"https:\/\/laerm.ch\/fr\/journee-contre-le-bruit\/#primaryimage\"},\"image\":{\"@id\":\"https:\/\/laerm.ch\/fr\/journee-contre-le-bruit\/#primaryimage\"},\"thumbnailUrl\":\"https:\/\/laerm.ch\/wp-content\/uploads\/\/sujet-1-labruit-rend-malade-1-1024x576.png\",\"datePublished\":\"2023-09-25T08:25:19+00:00\",\"dateModified\":\"2026-02-17T09:34:31+00:00\",\"breadcrumb\":{\"@id\":\"https:\/\/laerm.ch\/fr\/journee-contre-le-bruit\/#breadcrumb\"},\"inLanguage\":\"fr-FR\",\"potentialAction\":[{\"@type\":\"ReadAction\",\"target\":[\"https:\/\/laerm.ch\/fr\/journee-contre-le-bruit\/\"]}]},{\"@type\":\"ImageObject\",\"inLanguage\":\"fr-FR\",\"@id\":\"https:\/\/laerm.ch\/fr\/journee-contre-le-bruit\/#primaryimage\",\"url\":\"https:\/\/laerm.ch\/wp-content\/uploads\/\/sujet-1-labruit-rend-malade-1-1024x576.png\",\"contentUrl\":\"https:\/\/laerm.ch\/wp-content\/uploads\/\/sujet-1-labruit-rend-malade-1-1024x576.png\"},{\"@type\":\"BreadcrumbList\",\"@id\":\"https:\/\/laerm.ch\/fr\/journee-contre-le-bruit\/#breadcrumb\",\"itemListElement\":[{\"@type\":\"ListItem\",\"position\":1,\"name\":\"Startseite\",\"item\":\"https:\/\/test.laerm.ch\/fr\/\"},{\"@type\":\"ListItem\",\"position\":2,\"name\":\"Journ\u00e9e contre le bruit\"}]},{\"@type\":\"WebSite\",\"@id\":\"https:\/\/laerm.ch\/#website\",\"url\":\"https:\/\/laerm.ch\/\",\"name\":\"L\u00e4rm.ch\",\"description\":\"Bienvenue sur Bruit.ch, le portail complet de Cercle Bruit sur le th\u00e8me du bruit et de la protection contre le bruit.\",\"publisher\":{\"@id\":\"https:\/\/laerm.ch\/#organization\"},\"potentialAction\":[{\"@type\":\"SearchAction\",\"target\":{\"@type\":\"EntryPoint\",\"urlTemplate\":\"https:\/\/laerm.ch\/?s={search_term_string}\"},\"query-input\":{\"@type\":\"PropertyValueSpecification\",\"valueRequired\":true,\"valueName\":\"search_term_string\"}}],\"inLanguage\":\"fr-FR\"},{\"@type\":\"Organization\",\"@id\":\"https:\/\/laerm.ch\/#organization\",\"name\":\"Cercle Bruit\",\"url\":\"https:\/\/laerm.ch\/\",\"logo\":{\"@type\":\"ImageObject\",\"inLanguage\":\"fr-FR\",\"@id\":\"https:\/\/laerm.ch\/#\/schema\/logo\/image\/\",\"url\":\"https:\/\/laerm.ch\/wp-content\/uploads\/cercleBruitLogoText.png\",\"contentUrl\":\"https:\/\/laerm.ch\/wp-content\/uploads\/cercleBruitLogoText.png\",\"width\":512,\"height\":329,\"caption\":\"Cercle Bruit\"},\"image\":{\"@id\":\"https:\/\/laerm.ch\/#\/schema\/logo\/image\/\"}}]}<\/script>\n<!-- \/ Yoast SEO plugin. -->","yoast_head_json":{"title":"Journ\u00e9e contre le bruit - Bruit.ch","robots":{"index":"index","follow":"follow","max-snippet":"max-snippet:-1","max-image-preview":"max-image-preview:large","max-video-preview":"max-video-preview:-1"},"canonical":"https:\/\/laerm.ch\/fr\/journee-contre-le-bruit\/","og_locale":"fr_FR","og_type":"article","og_title":"Journ\u00e9e contre le bruit - Bruit.ch","og_description":"La prochaine Journ\u00e9e contre le bruit aura lieu le 29 avril 2026. Les effets du bruit sur la sant\u00e9 seront au c\u0153ur de la Journ\u00e9e contre le bruit 2026. Cliquez ici pour acc\u00e9der \u00e0 la campagne 2026. Qu&rsquo;est-ce que la \u00ab Journ\u00e9e contre le bruit \u00bb ? En 1996, la \u00ab Journ\u00e9e internationale de sensibilisation [&hellip;]","og_url":"https:\/\/laerm.ch\/fr\/journee-contre-le-bruit\/","og_site_name":"Bruit.ch","article_modified_time":"2026-02-17T09:34:31+00:00","og_image":[{"width":6042,"height":3396,"url":"https:\/\/laerm.ch\/wp-content\/uploads\/sujet-1-labruit-rend-malade-1.png","type":"image\/png"}],"twitter_card":"summary_large_image","twitter_misc":{"Dur\u00e9e de lecture estim\u00e9e":"1 minute"},"schema":{"@context":"https:\/\/schema.org","@graph":[{"@type":"WebPage","@id":"https:\/\/laerm.ch\/fr\/journee-contre-le-bruit\/","url":"https:\/\/laerm.ch\/fr\/journee-contre-le-bruit\/","name":"Journ\u00e9e contre le bruit - Bruit.ch","isPartOf":{"@id":"https:\/\/laerm.ch\/#website"},"primaryImageOfPage":{"@id":"https:\/\/laerm.ch\/fr\/journee-contre-le-bruit\/#primaryimage"},"image":{"@id":"https:\/\/laerm.ch\/fr\/journee-contre-le-bruit\/#primaryimage"},"thumbnailUrl":"https:\/\/laerm.ch\/wp-content\/uploads\/\/sujet-1-labruit-rend-malade-1-1024x576.png","datePublished":"2023-09-25T08:25:19+00:00","dateModified":"2026-02-17T09:34:31+00:00","breadcrumb":{"@id":"https:\/\/laerm.ch\/fr\/journee-contre-le-bruit\/#breadcrumb"},"inLanguage":"fr-FR","potentialAction":[{"@type":"ReadAction","target":["https:\/\/laerm.ch\/fr\/journee-contre-le-bruit\/"]}]},{"@type":"ImageObject","inLanguage":"fr-FR","@id":"https:\/\/laerm.ch\/fr\/journee-contre-le-bruit\/#primaryimage","url":"https:\/\/laerm.ch\/wp-content\/uploads\/\/sujet-1-labruit-rend-malade-1-1024x576.png","contentUrl":"https:\/\/laerm.ch\/wp-content\/uploads\/\/sujet-1-labruit-rend-malade-1-1024x576.png"},{"@type":"BreadcrumbList","@id":"https:\/\/laerm.ch\/fr\/journee-contre-le-bruit\/#breadcrumb","itemListElement":[{"@type":"ListItem","position":1,"name":"Startseite","item":"https:\/\/test.laerm.ch\/fr\/"},{"@type":"ListItem","position":2,"name":"Journ\u00e9e contre le bruit"}]},{"@type":"WebSite","@id":"https:\/\/laerm.ch\/#website","url":"https:\/\/laerm.ch\/","name":"L\u00e4rm.ch","description":"Bienvenue sur Bruit.ch, le portail complet de Cercle Bruit sur le th\u00e8me du bruit et de la protection contre le bruit.","publisher":{"@id":"https:\/\/laerm.ch\/#organization"},"potentialAction":[{"@type":"SearchAction","target":{"@type":"EntryPoint","urlTemplate":"https:\/\/laerm.ch\/?s={search_term_string}"},"query-input":{"@type":"PropertyValueSpecification","valueRequired":true,"valueName":"search_term_string"}}],"inLanguage":"fr-FR"},{"@type":"Organization","@id":"https:\/\/laerm.ch\/#organization","name":"Cercle Bruit","url":"https:\/\/laerm.ch\/","logo":{"@type":"ImageObject","inLanguage":"fr-FR","@id":"https:\/\/laerm.ch\/#\/schema\/logo\/image\/","url":"https:\/\/laerm.ch\/wp-content\/uploads\/cercleBruitLogoText.png","contentUrl":"https:\/\/laerm.ch\/wp-content\/uploads\/cercleBruitLogoText.png","width":512,"height":329,"caption":"Cercle Bruit"},"image":{"@id":"https:\/\/laerm.ch\/#\/schema\/logo\/image\/"}}]}},"coauthors":[],"author_meta":{"author_link":"https:\/\/laerm.ch\/fr\/author\/f9c1af47f5d7fcc5\/","display_name":"admin"},"relative_dates":{"created":"Publi\u00e9 3 ans il y a","modified":"Mis \u00e0 jour 2 mois il y a"},"absolute_dates":{"created":"Publi\u00e9 le 25. septembre 2023","modified":"Mise \u00e0 jour le 17. f\u00e9vrier 2026"},"absolute_dates_time":{"created":"Publi\u00e9 le 25. septembre 2023 10:25","modified":"Mise \u00e0 jour le 17. f\u00e9vrier 2026 10:34"},"featured_img_caption":"","featured_img":false,"series_order":"","_links":{"self":[{"href":"https:\/\/laerm.ch\/fr\/wp-json\/wp\/v2\/pages\/85"}],"collection":[{"href":"https:\/\/laerm.ch\/fr\/wp-json\/wp\/v2\/pages"}],"about":[{"href":"https:\/\/laerm.ch\/fr\/wp-json\/wp\/v2\/types\/page"}],"author":[{"embeddable":true,"href":"https:\/\/laerm.ch\/fr\/wp-json\/wp\/v2\/users\/1"}],"replies":[{"embeddable":true,"href":"https:\/\/laerm.ch\/fr\/wp-json\/wp\/v2\/comments?post=85"}],"version-history":[{"count":42,"href":"https:\/\/laerm.ch\/fr\/wp-json\/wp\/v2\/pages\/85\/revisions"}],"predecessor-version":[{"id":5668,"href":"https:\/\/laerm.ch\/fr\/wp-json\/wp\/v2\/pages\/85\/revisions\/5668"}],"wp:attachment":[{"href":"https:\/\/laerm.ch\/fr\/wp-json\/wp\/v2\/media?parent=85"}],"curies":[{"name":"wp","href":"https:\/\/api.w.org\/{rel}","templated":true}]}}