{"id":86,"date":"2023-09-25T10:25:19","date_gmt":"2023-09-25T08:25:19","guid":{"rendered":"https:\/\/laerm.ch\/nos-sites\/"},"modified":"2024-07-24T00:11:30","modified_gmt":"2024-07-23T22:11:30","slug":"contacts","status":"publish","type":"page","link":"https:\/\/laerm.ch\/fr\/contacts\/","title":{"rendered":"Contacts"},"content":{"rendered":"\n<p>La collection de liens la plus compl\u00e8te de Suisse sur le th\u00e8me du bruit.<br\/>Nous acceptons volontiers de nouveaux liens sur le th\u00e8me du bruit ou les notifications concernant des liens d\u00e9fectueux par <a href=\"javascript:linkTo_UnCryptMailto('nbjmup+sfhjob%5C\/cvdifsAct%5C\/di');\">e-mail<\/a>.<\/p>\n\n<div class=\"wp-block-group is-vertical is-layout-flex wp-container-core-group-is-layout-1 wp-block-group-is-layout-flex\">\n<p><a class=\"in_\" href=\"https:\/\/laerm.ch\/fr\/contacts\/services-de-protection-contre-le-bruit\/\" data-type=\"page\" data-id=\"63\">Services sp\u00e9cialis\u00e9s dans le domaine de la protection contre le bruit<\/a><\/p>\n\n\n\n<p><a class=\"in_\" href=\"https:\/\/laerm.ch\/fr\/contacts\/liens-cercle-bruit\/\" data-type=\"page\" data-id=\"563\">Liens Cercle Bruit<\/a><\/p>\n\n\n\n<p><a class=\"in_\" href=\"https:\/\/laerm.ch\/fr\/contacts\/liens-suisse\/\" data-type=\"page\" data-id=\"565\">Liens Suisse<\/a><\/p>\n<\/div>\n","protected":false},"excerpt":{"rendered":"<p>La collection de liens la plus compl\u00e8te de Suisse sur le th\u00e8me du bruit.Nous acceptons volontiers de nouveaux liens sur le th\u00e8me du bruit ou les notifications concernant des liens d\u00e9fectueux par e-mail. Services sp\u00e9cialis\u00e9s dans le domaine de la protection contre le bruit Liens Cercle Bruit Liens Suisse<\/p>\n","protected":false},"author":1,"featured_media":239,"parent":0,"menu_order":4,"comment_status":"closed","ping_status":"closed","template":"","meta":{"advgb_blocks_editor_width":"","advgb_blocks_columns_visual_guide":"","footnotes":""},"class_list":["post-86","page","type-page","status-publish","has-post-thumbnail","hentry"],"yoast_head":"<!-- This site is optimized with the Yoast SEO plugin v23.7 - https:\/\/yoast.com\/wordpress\/plugins\/seo\/ -->\n<title>Contacts - Bruit.ch<\/title>\n<meta name=\"robots\" content=\"index, follow, max-snippet:-1, max-image-preview:large, max-video-preview:-1\" \/>\n<link rel=\"canonical\" href=\"https:\/\/test.laerm.ch\/fr\/contacts\/\" \/>\n<meta property=\"og:locale\" content=\"fr_FR\" \/>\n<meta property=\"og:type\" content=\"article\" \/>\n<meta property=\"og:title\" content=\"Contacts - Bruit.ch\" \/>\n<meta property=\"og:description\" content=\"La collection de liens la plus compl\u00e8te de Suisse sur le th\u00e8me du bruit.Nous acceptons volontiers de nouveaux liens sur le th\u00e8me du bruit ou les notifications concernant des liens d\u00e9fectueux par e-mail. Services sp\u00e9cialis\u00e9s dans le domaine de la protection contre le bruit Liens Cercle Bruit Liens Suisse\" \/>\n<meta property=\"og:url\" content=\"https:\/\/test.laerm.ch\/fr\/contacts\/\" \/>\n<meta property=\"og:site_name\" content=\"Bruit.ch\" \/>\n<meta property=\"article:modified_time\" content=\"2024-07-23T22:11:30+00:00\" \/>\n<meta property=\"og:image\" content=\"https:\/\/test.laerm.ch\/wp-content\/uploads\/laermlinks.jpg\" \/>\n\t<meta property=\"og:image:width\" content=\"725\" \/>\n\t<meta property=\"og:image:height\" content=\"300\" \/>\n\t<meta property=\"og:image:type\" content=\"image\/jpeg\" \/>\n<meta name=\"twitter:card\" content=\"summary_large_image\" \/>\n<script type=\"application\/ld+json\" class=\"yoast-schema-graph\">{\"@context\":\"https:\/\/schema.org\",\"@graph\":[{\"@type\":\"WebPage\",\"@id\":\"https:\/\/test.laerm.ch\/fr\/contacts\/\",\"url\":\"https:\/\/test.laerm.ch\/fr\/contacts\/\",\"name\":\"Contacts - Bruit.ch\",\"isPartOf\":{\"@id\":\"https:\/\/laerm.ch\/#website\"},\"primaryImageOfPage\":{\"@id\":\"https:\/\/test.laerm.ch\/fr\/contacts\/#primaryimage\"},\"image\":{\"@id\":\"https:\/\/test.laerm.ch\/fr\/contacts\/#primaryimage\"},\"thumbnailUrl\":\"https:\/\/laerm.ch\/wp-content\/uploads\/laermlinks.jpg\",\"datePublished\":\"2023-09-25T08:25:19+00:00\",\"dateModified\":\"2024-07-23T22:11:30+00:00\",\"breadcrumb\":{\"@id\":\"https:\/\/test.laerm.ch\/fr\/contacts\/#breadcrumb\"},\"inLanguage\":\"fr-FR\",\"potentialAction\":[{\"@type\":\"ReadAction\",\"target\":[\"https:\/\/test.laerm.ch\/fr\/contacts\/\"]}]},{\"@type\":\"ImageObject\",\"inLanguage\":\"fr-FR\",\"@id\":\"https:\/\/test.laerm.ch\/fr\/contacts\/#primaryimage\",\"url\":\"https:\/\/laerm.ch\/wp-content\/uploads\/laermlinks.jpg\",\"contentUrl\":\"https:\/\/laerm.ch\/wp-content\/uploads\/laermlinks.jpg\",\"width\":725,\"height\":300},{\"@type\":\"BreadcrumbList\",\"@id\":\"https:\/\/test.laerm.ch\/fr\/contacts\/#breadcrumb\",\"itemListElement\":[{\"@type\":\"ListItem\",\"position\":1,\"name\":\"Startseite\",\"item\":\"https:\/\/test.laerm.ch\/fr\/\"},{\"@type\":\"ListItem\",\"position\":2,\"name\":\"Contacts\"}]},{\"@type\":\"WebSite\",\"@id\":\"https:\/\/laerm.ch\/#website\",\"url\":\"https:\/\/laerm.ch\/\",\"name\":\"L\u00e4rm.ch\",\"description\":\"Bienvenue sur Bruit.ch, le portail complet de Cercle Bruit sur le th\u00e8me du bruit et de la protection contre le bruit.\",\"publisher\":{\"@id\":\"https:\/\/laerm.ch\/#organization\"},\"potentialAction\":[{\"@type\":\"SearchAction\",\"target\":{\"@type\":\"EntryPoint\",\"urlTemplate\":\"https:\/\/laerm.ch\/?s={search_term_string}\"},\"query-input\":{\"@type\":\"PropertyValueSpecification\",\"valueRequired\":true,\"valueName\":\"search_term_string\"}}],\"inLanguage\":\"fr-FR\"},{\"@type\":\"Organization\",\"@id\":\"https:\/\/laerm.ch\/#organization\",\"name\":\"Cercle Bruit\",\"url\":\"https:\/\/laerm.ch\/\",\"logo\":{\"@type\":\"ImageObject\",\"inLanguage\":\"fr-FR\",\"@id\":\"https:\/\/laerm.ch\/#\/schema\/logo\/image\/\",\"url\":\"https:\/\/laerm.ch\/wp-content\/uploads\/cercleBruitLogoText.png\",\"contentUrl\":\"https:\/\/laerm.ch\/wp-content\/uploads\/cercleBruitLogoText.png\",\"width\":512,\"height\":329,\"caption\":\"Cercle Bruit\"},\"image\":{\"@id\":\"https:\/\/laerm.ch\/#\/schema\/logo\/image\/\"}}]}<\/script>\n<!-- \/ Yoast SEO plugin. -->","yoast_head_json":{"title":"Contacts - Bruit.ch","robots":{"index":"index","follow":"follow","max-snippet":"max-snippet:-1","max-image-preview":"max-image-preview:large","max-video-preview":"max-video-preview:-1"},"canonical":"https:\/\/test.laerm.ch\/fr\/contacts\/","og_locale":"fr_FR","og_type":"article","og_title":"Contacts - Bruit.ch","og_description":"La collection de liens la plus compl\u00e8te de Suisse sur le th\u00e8me du bruit.Nous acceptons volontiers de nouveaux liens sur le th\u00e8me du bruit ou les notifications concernant des liens d\u00e9fectueux par e-mail. Services sp\u00e9cialis\u00e9s dans le domaine de la protection contre le bruit Liens Cercle Bruit Liens Suisse","og_url":"https:\/\/test.laerm.ch\/fr\/contacts\/","og_site_name":"Bruit.ch","article_modified_time":"2024-07-23T22:11:30+00:00","og_image":[{"width":725,"height":300,"url":"https:\/\/test.laerm.ch\/wp-content\/uploads\/laermlinks.jpg","type":"image\/jpeg"}],"twitter_card":"summary_large_image","schema":{"@context":"https:\/\/schema.org","@graph":[{"@type":"WebPage","@id":"https:\/\/test.laerm.ch\/fr\/contacts\/","url":"https:\/\/test.laerm.ch\/fr\/contacts\/","name":"Contacts - Bruit.ch","isPartOf":{"@id":"https:\/\/laerm.ch\/#website"},"primaryImageOfPage":{"@id":"https:\/\/test.laerm.ch\/fr\/contacts\/#primaryimage"},"image":{"@id":"https:\/\/test.laerm.ch\/fr\/contacts\/#primaryimage"},"thumbnailUrl":"https:\/\/laerm.ch\/wp-content\/uploads\/laermlinks.jpg","datePublished":"2023-09-25T08:25:19+00:00","dateModified":"2024-07-23T22:11:30+00:00","breadcrumb":{"@id":"https:\/\/test.laerm.ch\/fr\/contacts\/#breadcrumb"},"inLanguage":"fr-FR","potentialAction":[{"@type":"ReadAction","target":["https:\/\/test.laerm.ch\/fr\/contacts\/"]}]},{"@type":"ImageObject","inLanguage":"fr-FR","@id":"https:\/\/test.laerm.ch\/fr\/contacts\/#primaryimage","url":"https:\/\/laerm.ch\/wp-content\/uploads\/laermlinks.jpg","contentUrl":"https:\/\/laerm.ch\/wp-content\/uploads\/laermlinks.jpg","width":725,"height":300},{"@type":"BreadcrumbList","@id":"https:\/\/test.laerm.ch\/fr\/contacts\/#breadcrumb","itemListElement":[{"@type":"ListItem","position":1,"name":"Startseite","item":"https:\/\/test.laerm.ch\/fr\/"},{"@type":"ListItem","position":2,"name":"Contacts"}]},{"@type":"WebSite","@id":"https:\/\/laerm.ch\/#website","url":"https:\/\/laerm.ch\/","name":"L\u00e4rm.ch","description":"Bienvenue sur Bruit.ch, le portail complet de Cercle Bruit sur le th\u00e8me du bruit et de la protection contre le bruit.","publisher":{"@id":"https:\/\/laerm.ch\/#organization"},"potentialAction":[{"@type":"SearchAction","target":{"@type":"EntryPoint","urlTemplate":"https:\/\/laerm.ch\/?s={search_term_string}"},"query-input":{"@type":"PropertyValueSpecification","valueRequired":true,"valueName":"search_term_string"}}],"inLanguage":"fr-FR"},{"@type":"Organization","@id":"https:\/\/laerm.ch\/#organization","name":"Cercle Bruit","url":"https:\/\/laerm.ch\/","logo":{"@type":"ImageObject","inLanguage":"fr-FR","@id":"https:\/\/laerm.ch\/#\/schema\/logo\/image\/","url":"https:\/\/laerm.ch\/wp-content\/uploads\/cercleBruitLogoText.png","contentUrl":"https:\/\/laerm.ch\/wp-content\/uploads\/cercleBruitLogoText.png","width":512,"height":329,"caption":"Cercle Bruit"},"image":{"@id":"https:\/\/laerm.ch\/#\/schema\/logo\/image\/"}}]}},"coauthors":[],"author_meta":{"author_link":"https:\/\/laerm.ch\/fr\/author\/f9c1af47f5d7fcc5\/","display_name":"admin"},"relative_dates":{"created":"Publi\u00e9 3 ans il y a","modified":"Mis \u00e0 jour 2 ans il y a"},"absolute_dates":{"created":"Publi\u00e9 le 25. septembre 2023","modified":"Mise \u00e0 jour le 24. juillet 2024"},"absolute_dates_time":{"created":"Publi\u00e9 le 25. septembre 2023 10:25","modified":"Mise \u00e0 jour le 24. juillet 2024 0:11"},"featured_img_caption":"","featured_img":"https:\/\/laerm.ch\/wp-content\/uploads\/laermlinks.jpg","series_order":"","_links":{"self":[{"href":"https:\/\/laerm.ch\/fr\/wp-json\/wp\/v2\/pages\/86"}],"collection":[{"href":"https:\/\/laerm.ch\/fr\/wp-json\/wp\/v2\/pages"}],"about":[{"href":"https:\/\/laerm.ch\/fr\/wp-json\/wp\/v2\/types\/page"}],"author":[{"embeddable":true,"href":"https:\/\/laerm.ch\/fr\/wp-json\/wp\/v2\/users\/1"}],"replies":[{"embeddable":true,"href":"https:\/\/laerm.ch\/fr\/wp-json\/wp\/v2\/comments?post=86"}],"version-history":[{"count":10,"href":"https:\/\/laerm.ch\/fr\/wp-json\/wp\/v2\/pages\/86\/revisions"}],"predecessor-version":[{"id":5050,"href":"https:\/\/laerm.ch\/fr\/wp-json\/wp\/v2\/pages\/86\/revisions\/5050"}],"wp:featuredmedia":[{"embeddable":true,"href":"https:\/\/laerm.ch\/fr\/wp-json\/wp\/v2\/media\/239"}],"wp:attachment":[{"href":"https:\/\/laerm.ch\/fr\/wp-json\/wp\/v2\/media?parent=86"}],"curies":[{"name":"wp","href":"https:\/\/api.w.org\/{rel}","templated":true}]}}