{"id":87,"date":"2023-09-25T10:25:19","date_gmt":"2023-09-25T08:25:19","guid":{"rendered":"https:\/\/laerm.ch\/liste-des-entreprises\/"},"modified":"2024-03-13T10:46:00","modified_gmt":"2024-03-13T09:46:00","slug":"liste-des-entreprises","status":"publish","type":"page","link":"https:\/\/laerm.ch\/fr\/liste-des-entreprises\/","title":{"rendered":"Liste des entreprises"},"content":{"rendered":"","protected":false},"excerpt":{"rendered":"","protected":false},"author":1,"featured_media":758,"parent":0,"menu_order":5,"comment_status":"closed","ping_status":"closed","template":"page-templates\/template-firmenverzeichnis.php","meta":{"advgb_blocks_editor_width":"","advgb_blocks_columns_visual_guide":"","footnotes":""},"class_list":["post-87","page","type-page","status-publish","has-post-thumbnail","hentry"],"yoast_head":"<!-- This site is optimized with the Yoast SEO plugin v23.7 - https:\/\/yoast.com\/wordpress\/plugins\/seo\/ -->\n<title>Liste des entreprises - Bruit.ch<\/title>\n<meta name=\"robots\" content=\"index, follow, max-snippet:-1, max-image-preview:large, max-video-preview:-1\" \/>\n<link rel=\"canonical\" href=\"https:\/\/test.laerm.ch\/firmenverzeichnis\/\" \/>\n<meta property=\"og:locale\" content=\"fr_FR\" \/>\n<meta property=\"og:type\" content=\"article\" \/>\n<meta property=\"og:title\" content=\"Liste des entreprises - Bruit.ch\" \/>\n<meta property=\"og:url\" content=\"https:\/\/test.laerm.ch\/firmenverzeichnis\/\" \/>\n<meta property=\"og:site_name\" content=\"Bruit.ch\" \/>\n<meta property=\"article:modified_time\" content=\"2024-03-13T09:46:00+00:00\" \/>\n<meta property=\"og:image\" content=\"https:\/\/test.laerm.ch\/wp-content\/uploads\/firmenverzeichnis.jpg\" \/>\n\t<meta property=\"og:image:width\" content=\"725\" \/>\n\t<meta property=\"og:image:height\" content=\"300\" \/>\n\t<meta property=\"og:image:type\" content=\"image\/jpeg\" \/>\n<meta name=\"twitter:card\" content=\"summary_large_image\" \/>\n<script type=\"application\/ld+json\" class=\"yoast-schema-graph\">{\"@context\":\"https:\/\/schema.org\",\"@graph\":[{\"@type\":\"WebPage\",\"@id\":\"https:\/\/test.laerm.ch\/firmenverzeichnis\/\",\"url\":\"https:\/\/test.laerm.ch\/firmenverzeichnis\/\",\"name\":\"Liste des entreprises - Bruit.ch\",\"isPartOf\":{\"@id\":\"https:\/\/laerm.ch\/#website\"},\"primaryImageOfPage\":{\"@id\":\"https:\/\/test.laerm.ch\/firmenverzeichnis\/#primaryimage\"},\"image\":{\"@id\":\"https:\/\/test.laerm.ch\/firmenverzeichnis\/#primaryimage\"},\"thumbnailUrl\":\"https:\/\/laerm.ch\/wp-content\/uploads\/firmenverzeichnis.jpg\",\"datePublished\":\"2023-09-25T08:25:19+00:00\",\"dateModified\":\"2024-03-13T09:46:00+00:00\",\"breadcrumb\":{\"@id\":\"https:\/\/test.laerm.ch\/firmenverzeichnis\/#breadcrumb\"},\"inLanguage\":\"fr-FR\",\"potentialAction\":[{\"@type\":\"ReadAction\",\"target\":[\"https:\/\/test.laerm.ch\/firmenverzeichnis\/\"]}]},{\"@type\":\"ImageObject\",\"inLanguage\":\"fr-FR\",\"@id\":\"https:\/\/test.laerm.ch\/firmenverzeichnis\/#primaryimage\",\"url\":\"https:\/\/laerm.ch\/wp-content\/uploads\/firmenverzeichnis.jpg\",\"contentUrl\":\"https:\/\/laerm.ch\/wp-content\/uploads\/firmenverzeichnis.jpg\",\"width\":725,\"height\":300,\"caption\":\"Eins\"},{\"@type\":\"BreadcrumbList\",\"@id\":\"https:\/\/test.laerm.ch\/firmenverzeichnis\/#breadcrumb\",\"itemListElement\":[{\"@type\":\"ListItem\",\"position\":1,\"name\":\"Startseite\",\"item\":\"https:\/\/test.laerm.ch\/fr\/\"},{\"@type\":\"ListItem\",\"position\":2,\"name\":\"Liste des entreprises\"}]},{\"@type\":\"WebSite\",\"@id\":\"https:\/\/laerm.ch\/#website\",\"url\":\"https:\/\/laerm.ch\/\",\"name\":\"L\u00e4rm.ch\",\"description\":\"Bienvenue sur Bruit.ch, le portail complet de Cercle Bruit sur le th\u00e8me du bruit et de la protection contre le bruit.\",\"publisher\":{\"@id\":\"https:\/\/laerm.ch\/#organization\"},\"potentialAction\":[{\"@type\":\"SearchAction\",\"target\":{\"@type\":\"EntryPoint\",\"urlTemplate\":\"https:\/\/laerm.ch\/?s={search_term_string}\"},\"query-input\":{\"@type\":\"PropertyValueSpecification\",\"valueRequired\":true,\"valueName\":\"search_term_string\"}}],\"inLanguage\":\"fr-FR\"},{\"@type\":\"Organization\",\"@id\":\"https:\/\/laerm.ch\/#organization\",\"name\":\"Cercle Bruit\",\"url\":\"https:\/\/laerm.ch\/\",\"logo\":{\"@type\":\"ImageObject\",\"inLanguage\":\"fr-FR\",\"@id\":\"https:\/\/laerm.ch\/#\/schema\/logo\/image\/\",\"url\":\"https:\/\/laerm.ch\/wp-content\/uploads\/cercleBruitLogoText.png\",\"contentUrl\":\"https:\/\/laerm.ch\/wp-content\/uploads\/cercleBruitLogoText.png\",\"width\":512,\"height\":329,\"caption\":\"Cercle Bruit\"},\"image\":{\"@id\":\"https:\/\/laerm.ch\/#\/schema\/logo\/image\/\"}}]}<\/script>\n<!-- \/ Yoast SEO plugin. -->","yoast_head_json":{"title":"Liste des entreprises - Bruit.ch","robots":{"index":"index","follow":"follow","max-snippet":"max-snippet:-1","max-image-preview":"max-image-preview:large","max-video-preview":"max-video-preview:-1"},"canonical":"https:\/\/test.laerm.ch\/firmenverzeichnis\/","og_locale":"fr_FR","og_type":"article","og_title":"Liste des entreprises - Bruit.ch","og_url":"https:\/\/test.laerm.ch\/firmenverzeichnis\/","og_site_name":"Bruit.ch","article_modified_time":"2024-03-13T09:46:00+00:00","og_image":[{"width":725,"height":300,"url":"https:\/\/test.laerm.ch\/wp-content\/uploads\/firmenverzeichnis.jpg","type":"image\/jpeg"}],"twitter_card":"summary_large_image","schema":{"@context":"https:\/\/schema.org","@graph":[{"@type":"WebPage","@id":"https:\/\/test.laerm.ch\/firmenverzeichnis\/","url":"https:\/\/test.laerm.ch\/firmenverzeichnis\/","name":"Liste des entreprises - Bruit.ch","isPartOf":{"@id":"https:\/\/laerm.ch\/#website"},"primaryImageOfPage":{"@id":"https:\/\/test.laerm.ch\/firmenverzeichnis\/#primaryimage"},"image":{"@id":"https:\/\/test.laerm.ch\/firmenverzeichnis\/#primaryimage"},"thumbnailUrl":"https:\/\/laerm.ch\/wp-content\/uploads\/firmenverzeichnis.jpg","datePublished":"2023-09-25T08:25:19+00:00","dateModified":"2024-03-13T09:46:00+00:00","breadcrumb":{"@id":"https:\/\/test.laerm.ch\/firmenverzeichnis\/#breadcrumb"},"inLanguage":"fr-FR","potentialAction":[{"@type":"ReadAction","target":["https:\/\/test.laerm.ch\/firmenverzeichnis\/"]}]},{"@type":"ImageObject","inLanguage":"fr-FR","@id":"https:\/\/test.laerm.ch\/firmenverzeichnis\/#primaryimage","url":"https:\/\/laerm.ch\/wp-content\/uploads\/firmenverzeichnis.jpg","contentUrl":"https:\/\/laerm.ch\/wp-content\/uploads\/firmenverzeichnis.jpg","width":725,"height":300,"caption":"Eins"},{"@type":"BreadcrumbList","@id":"https:\/\/test.laerm.ch\/firmenverzeichnis\/#breadcrumb","itemListElement":[{"@type":"ListItem","position":1,"name":"Startseite","item":"https:\/\/test.laerm.ch\/fr\/"},{"@type":"ListItem","position":2,"name":"Liste des entreprises"}]},{"@type":"WebSite","@id":"https:\/\/laerm.ch\/#website","url":"https:\/\/laerm.ch\/","name":"L\u00e4rm.ch","description":"Bienvenue sur Bruit.ch, le portail complet de Cercle Bruit sur le th\u00e8me du bruit et de la protection contre le bruit.","publisher":{"@id":"https:\/\/laerm.ch\/#organization"},"potentialAction":[{"@type":"SearchAction","target":{"@type":"EntryPoint","urlTemplate":"https:\/\/laerm.ch\/?s={search_term_string}"},"query-input":{"@type":"PropertyValueSpecification","valueRequired":true,"valueName":"search_term_string"}}],"inLanguage":"fr-FR"},{"@type":"Organization","@id":"https:\/\/laerm.ch\/#organization","name":"Cercle Bruit","url":"https:\/\/laerm.ch\/","logo":{"@type":"ImageObject","inLanguage":"fr-FR","@id":"https:\/\/laerm.ch\/#\/schema\/logo\/image\/","url":"https:\/\/laerm.ch\/wp-content\/uploads\/cercleBruitLogoText.png","contentUrl":"https:\/\/laerm.ch\/wp-content\/uploads\/cercleBruitLogoText.png","width":512,"height":329,"caption":"Cercle Bruit"},"image":{"@id":"https:\/\/laerm.ch\/#\/schema\/logo\/image\/"}}]}},"coauthors":[],"author_meta":{"author_link":"https:\/\/laerm.ch\/fr\/author\/f9c1af47f5d7fcc5\/","display_name":"admin"},"relative_dates":{"created":"Publi\u00e9 3 ans il y a","modified":"Mis \u00e0 jour 2 ans il y a"},"absolute_dates":{"created":"Publi\u00e9 le 25. septembre 2023","modified":"Mise \u00e0 jour le 13. mars 2024"},"absolute_dates_time":{"created":"Publi\u00e9 le 25. septembre 2023 10:25","modified":"Mise \u00e0 jour le 13. mars 2024 10:46"},"featured_img_caption":"Eins","featured_img":"https:\/\/laerm.ch\/wp-content\/uploads\/firmenverzeichnis.jpg","series_order":"","_links":{"self":[{"href":"https:\/\/laerm.ch\/fr\/wp-json\/wp\/v2\/pages\/87"}],"collection":[{"href":"https:\/\/laerm.ch\/fr\/wp-json\/wp\/v2\/pages"}],"about":[{"href":"https:\/\/laerm.ch\/fr\/wp-json\/wp\/v2\/types\/page"}],"author":[{"embeddable":true,"href":"https:\/\/laerm.ch\/fr\/wp-json\/wp\/v2\/users\/1"}],"replies":[{"embeddable":true,"href":"https:\/\/laerm.ch\/fr\/wp-json\/wp\/v2\/comments?post=87"}],"version-history":[{"count":1,"href":"https:\/\/laerm.ch\/fr\/wp-json\/wp\/v2\/pages\/87\/revisions"}],"predecessor-version":[{"id":269,"href":"https:\/\/laerm.ch\/fr\/wp-json\/wp\/v2\/pages\/87\/revisions\/269"}],"wp:featuredmedia":[{"embeddable":true,"href":"https:\/\/laerm.ch\/fr\/wp-json\/wp\/v2\/media\/758"}],"wp:attachment":[{"href":"https:\/\/laerm.ch\/fr\/wp-json\/wp\/v2\/media?parent=87"}],"curies":[{"name":"wp","href":"https:\/\/api.w.org\/{rel}","templated":true}]}}