{"id":2798,"date":"2023-11-01T10:17:14","date_gmt":"2023-11-01T09:17:14","guid":{"rendered":"https:\/\/laerm.ch\/contatti\/link-svizzera\/"},"modified":"2024-04-29T06:23:42","modified_gmt":"2024-04-29T04:23:42","slug":"link-svizzera","status":"publish","type":"page","link":"https:\/\/laerm.ch\/it\/contatti\/link-svizzera\/","title":{"rendered":"Link Svizzera"},"content":{"rendered":"\n<p><a class=\"_extern\" href=\"https:\/\/www.bafu.admin.ch\/bafu\/it\/home\/temi\/rumore.html\" target=\"_blank\" rel=\"noreferrer noopener nofollow\">UFAM &#8211; Lotta contro il rumore<\/a> (DE, FR, IT, EN)<br\/>Sito web dell&#8217;Ufficio federale dell&#8217;ambiente (UFAM), tema protezione dal rumore. Principi, strategie e pubblicazioni sulla protezione dal rumore in Svizzera. Elenco dei link e riferimenti legali sistematici.<\/p>\n\n<hr class=\"wp-block-separator has-alpha-channel-opacity\"\/>\n\n<p><a class=\"_extern\" href=\"https:\/\/www.bag.admin.ch\/bag\/it\/home\/gesund-leben\/umwelt-und-gesundheit\/strahlung-radioaktivitaet-schall\/schall.html\" target=\"_blank\" rel=\"noreferrer noopener nofollow\">UFSP &#8211; Suono<\/a> (DE, FR, IT)<br\/>Sul sito web dell&#8217;Ufficio federale della sanit\u00e0 pubblica (UFSP), il suono \u00e8 trattato nell&#8217;ambito della radioprotezione &#8211; radiazioni non ionizzanti e stimoli sonori. L&#8217;accento \u00e8 posto sui suoni che danneggiano l&#8217;udito durante gli eventi musicali. Con brevi informazioni &#8220;Tutto sull&#8217;udito&#8221;, informazioni per le scuole e PDF di vari opuscoli e schede informative.<\/p>\n\n<hr class=\"wp-block-separator has-alpha-channel-opacity\"\/>\n\n<p><a class=\"_extern\" href=\"https:\/\/www.bav.admin.ch\/bav\/it\/home\/diritto\/basi-giuridiche-e-prescrizioni\/direttive\/direttive-ferrovia\/laermschutz-eisenbahnanlagen.html\" target=\"_blank\" rel=\"noreferrer noopener\">UFT &#8211; Risanamento fonico delle ferrovie<\/a> (DE, FR, IT)<br\/>La direttiva &#8220;Protezione contro il rumore lungo gli impianti ferroviari&#8221; \u00e8 pubblicata sul sito internet dell&#8217;Ufficio federale dei trasporti (UFT).<\/p>\n\n<hr class=\"wp-block-separator has-alpha-channel-opacity\"\/>\n\n<p><a class=\"_extern\" href=\"https:\/\/www.eklb.admin.ch\/it\/commissione-federale-per-la-lotta-contro-il-rumore\" target=\"_blank\" rel=\"noreferrer noopener nofollow\">CFLR &#8211; Commissione federale per la lotta contro il rumore<\/a> (DE, FR, IT, EN)<br\/>La Commissione federale per la lotta contro il rumore (CFLR) opera come commissione specialistica interdisciplinare e indipendente della Confederazione nell&#8217;ambito della lotta contro i rumori e le vibrazioni, in collaborazione con i settori della scienza, della ricerca e dell&#8217;amministrazione. I rapporti concernenti i valori limite d&#8217;esposizione per il rumore delle piazze di tiro, del traffico aereo, del traffico stradale e di quello ferroviario, nonch\u00e9 gli studi effettuati, possono venire consultati alla pagina <a class=\"_extern\" href=\"https:\/\/www.eklb.admin.ch\/it\/documentazione\/rapporti\" target=\"_blank\" rel=\"noreferrer noopener\">rapporti<\/a> del sito CFLR.<\/p>\n\n<hr class=\"wp-block-separator has-alpha-channel-opacity\"\/>\n\n<p><a class=\"_extern\" href=\"https:\/\/www.suva.ch\/it-ch\/prevenzione\/per-pericoli\/situazioni-radiazioni-e-materiali-pericolosi\/rumore-e-vibrazioni?lang=it-CH\" target=\"_blank\" rel=\"noreferrer noopener\">Suva &#8211; Rumore e vibrazioni<\/a> (DE, FR, IT)<br\/>Informazioni dell&#8217;Istituto nazionale svizzero di assicurazione contro gli infortuni (Suva) sul rumore e le vibrazioni sul posto di lavoro.<\/p>\n\n<hr class=\"wp-block-separator has-alpha-channel-opacity\"\/>\n\n<p><a class=\"_extern\" href=\"https:\/\/www.empa.ch\/web\/s509\" data-type=\"link\" data-id=\"https:\/\/www.empa.ch\/web\/s509\" target=\"_blank\" rel=\"noreferrer noopener\">EMPA &#8211; Dipartimento di acustica\/abbattimento del rumore<\/a> (DE, FR, IT, EN)<br\/>La Divisione Acustica \u00e8 il centro leader in Svizzera per la ricerca, la sperimentazione, la condivisione di conoscenze e la consulenza in determinati settori dell&#8217;acustica e della lotta contro il rumore, ed \u00e8 l&#8217;unit\u00e0 tecnica specializzata dell&#8217;UFAM.<\/p>\n\n<hr class=\"wp-block-separator has-alpha-channel-opacity\"\/>\n\n<p><a class=\"_extern\" href=\"https:\/\/www.sga-ssa.ch\/de\/\" target=\"_blank\" rel=\"noreferrer noopener\">SSA &#8211; Societ\u00e0 Svizzera di Acustica<\/a> (DE, FR, EN)<br\/>Lo scopo della Societ\u00e0 Svizzera di Acustica \u00e8 quello di promuovere la ricerca nel campo dell&#8217;acustica e della tecnica delle vibrazioni.<\/p>\n\n<hr class=\"wp-block-separator has-alpha-channel-opacity\"\/>\n\n<p><a class=\"_extern\" href=\"http:\/\/www.laermliga.ch\" target=\"_blank\" rel=\"noreferrer noopener\">Laermliga Svizzera<\/a> (DE, FR)<br\/>La Lega svizzera contro il rumore esiste dal 1956. Si batte a livello politico contro il crescente inquinamento fonico in Svizzera.<\/p>\n\n<hr class=\"wp-block-separator has-alpha-channel-opacity\"\/>\n\n<p><a class=\"_extern\" href=\"http:\/\/www.vur-ade.ch\/index.php?read_category=1\" target=\"_blank\" rel=\"noreferrer noopener\">VUR &#8211; Associazione per il diritto ambientale<\/a> (DE, FR)<br\/>Commento alla legge sulla protezione dell&#8217;ambiente e raccolta di decisioni giudiziarie.<\/p>\n\n<hr class=\"wp-block-separator has-alpha-channel-opacity\"\/>\n\n<p>Medici <a class=\"extern_\" href=\"https:\/\/www.aefu.ch\/it\/associazione\/\" target=\"_blank\" rel=\"noreferrer noopener\">per la protezione dell&#8217;ambiente<\/a> (DE, FR, IT)<br\/>Il rumore, in particolare quello del traffico, e i suoi effetti sono da molto tempo oggetto di preoccupazione per l&#8217;Associazione Medici per l&#8217;Ambiente. Opuscolo <a class=\"_extern\" href=\"http:\/\/www.aefu.ch\/fileadmin\/user_upload\/aefu-data\/b_documents\/themen\/laerm\/faltblatt_weniger_strassenlaerm.pdf\" target=\"_blank\" rel=\"noreferrer noopener\">&#8220;Meno rumore stradale &#8211; salute migliore (DE)&#8221;<\/a>.<\/p>\n","protected":false},"excerpt":{"rendered":"<p>UFAM &#8211; Lotta contro il rumore (DE, FR, IT, EN)Sito web dell&#8217;Ufficio federale dell&#8217;ambiente (UFAM), tema protezione dal rumore. Principi, strategie e pubblicazioni sulla protezione dal rumore in Svizzera. Elenco dei link e riferimenti legali sistematici. UFSP &#8211; Suono (DE, FR, IT)Sul sito web dell&#8217;Ufficio federale della sanit\u00e0 pubblica (UFSP), il suono \u00e8 trattato nell&#8217;ambito [&hellip;]<\/p>\n","protected":false},"author":1,"featured_media":1448,"parent":90,"menu_order":0,"comment_status":"closed","ping_status":"closed","template":"","meta":{"advgb_blocks_editor_width":"","advgb_blocks_columns_visual_guide":"","footnotes":""},"class_list":["post-2798","page","type-page","status-publish","has-post-thumbnail","hentry"],"yoast_head":"<!-- This site is optimized with the Yoast SEO plugin v23.7 - https:\/\/yoast.com\/wordpress\/plugins\/seo\/ -->\n<title>Link Svizzera - Rumore.ch<\/title>\n<meta name=\"robots\" content=\"index, follow, max-snippet:-1, max-image-preview:large, max-video-preview:-1\" \/>\n<link rel=\"canonical\" href=\"https:\/\/laerm.ch\/kontakte\/links-schweiz\/\" \/>\n<meta property=\"og:locale\" content=\"it_IT\" \/>\n<meta property=\"og:type\" content=\"article\" \/>\n<meta property=\"og:title\" content=\"Link Svizzera - Rumore.ch\" \/>\n<meta property=\"og:description\" content=\"UFAM &#8211; Lotta contro il rumore (DE, FR, IT, EN)Sito web dell&#8217;Ufficio federale dell&#8217;ambiente (UFAM), tema protezione dal rumore. Principi, strategie e pubblicazioni sulla protezione dal rumore in Svizzera. Elenco dei link e riferimenti legali sistematici. UFSP &#8211; Suono (DE, FR, IT)Sul sito web dell&#8217;Ufficio federale della sanit\u00e0 pubblica (UFSP), il suono \u00e8 trattato nell&#8217;ambito [&hellip;]\" \/>\n<meta property=\"og:url\" content=\"https:\/\/laerm.ch\/kontakte\/links-schweiz\/\" \/>\n<meta property=\"og:site_name\" content=\"Rumore.ch\" \/>\n<meta property=\"article:modified_time\" content=\"2024-04-29T04:23:42+00:00\" \/>\n<meta property=\"og:image\" content=\"https:\/\/laerm.ch\/wp-content\/uploads\/laerm_und_bekaempfung2.jpg\" \/>\n\t<meta property=\"og:image:width\" content=\"725\" \/>\n\t<meta property=\"og:image:height\" content=\"300\" \/>\n\t<meta property=\"og:image:type\" content=\"image\/jpeg\" \/>\n<meta name=\"twitter:card\" content=\"summary_large_image\" \/>\n<meta name=\"twitter:label1\" content=\"Tempo di lettura stimato\" \/>\n\t<meta name=\"twitter:data1\" content=\"2 minuti\" \/>\n<script type=\"application\/ld+json\" class=\"yoast-schema-graph\">{\"@context\":\"https:\/\/schema.org\",\"@graph\":[{\"@type\":\"WebPage\",\"@id\":\"https:\/\/laerm.ch\/kontakte\/links-schweiz\/\",\"url\":\"https:\/\/laerm.ch\/kontakte\/links-schweiz\/\",\"name\":\"Link Svizzera - Rumore.ch\",\"isPartOf\":{\"@id\":\"https:\/\/laerm.ch\/#website\"},\"primaryImageOfPage\":{\"@id\":\"https:\/\/laerm.ch\/kontakte\/links-schweiz\/#primaryimage\"},\"image\":{\"@id\":\"https:\/\/laerm.ch\/kontakte\/links-schweiz\/#primaryimage\"},\"thumbnailUrl\":\"https:\/\/laerm.ch\/wp-content\/uploads\/laerm_und_bekaempfung2.jpg\",\"datePublished\":\"2023-11-01T09:17:14+00:00\",\"dateModified\":\"2024-04-29T04:23:42+00:00\",\"breadcrumb\":{\"@id\":\"https:\/\/laerm.ch\/kontakte\/links-schweiz\/#breadcrumb\"},\"inLanguage\":\"it-IT\",\"potentialAction\":[{\"@type\":\"ReadAction\",\"target\":[\"https:\/\/laerm.ch\/kontakte\/links-schweiz\/\"]}]},{\"@type\":\"ImageObject\",\"inLanguage\":\"it-IT\",\"@id\":\"https:\/\/laerm.ch\/kontakte\/links-schweiz\/#primaryimage\",\"url\":\"https:\/\/laerm.ch\/wp-content\/uploads\/laerm_und_bekaempfung2.jpg\",\"contentUrl\":\"https:\/\/laerm.ch\/wp-content\/uploads\/laerm_und_bekaempfung2.jpg\",\"width\":725,\"height\":300},{\"@type\":\"BreadcrumbList\",\"@id\":\"https:\/\/laerm.ch\/kontakte\/links-schweiz\/#breadcrumb\",\"itemListElement\":[{\"@type\":\"ListItem\",\"position\":1,\"name\":\"Startseite\",\"item\":\"https:\/\/test.laerm.ch\/it\/\"},{\"@type\":\"ListItem\",\"position\":2,\"name\":\"Contatti\",\"item\":\"https:\/\/test.laerm.ch\/it\/contatti\/\"},{\"@type\":\"ListItem\",\"position\":3,\"name\":\"Link Svizzera\"}]},{\"@type\":\"WebSite\",\"@id\":\"https:\/\/laerm.ch\/#website\",\"url\":\"https:\/\/laerm.ch\/\",\"name\":\"L\u00e4rm.ch\",\"description\":\"Benvenuti su Rumore.ch, il portale completo del Cercle Bruit sul tema del rumore e della protezione dal rumore.\",\"publisher\":{\"@id\":\"https:\/\/laerm.ch\/#organization\"},\"potentialAction\":[{\"@type\":\"SearchAction\",\"target\":{\"@type\":\"EntryPoint\",\"urlTemplate\":\"https:\/\/laerm.ch\/?s={search_term_string}\"},\"query-input\":{\"@type\":\"PropertyValueSpecification\",\"valueRequired\":true,\"valueName\":\"search_term_string\"}}],\"inLanguage\":\"it-IT\"},{\"@type\":\"Organization\",\"@id\":\"https:\/\/laerm.ch\/#organization\",\"name\":\"Cercle Bruit\",\"url\":\"https:\/\/laerm.ch\/\",\"logo\":{\"@type\":\"ImageObject\",\"inLanguage\":\"it-IT\",\"@id\":\"https:\/\/laerm.ch\/#\/schema\/logo\/image\/\",\"url\":\"https:\/\/laerm.ch\/wp-content\/uploads\/cercleBruitLogoText.png\",\"contentUrl\":\"https:\/\/laerm.ch\/wp-content\/uploads\/cercleBruitLogoText.png\",\"width\":512,\"height\":329,\"caption\":\"Cercle Bruit\"},\"image\":{\"@id\":\"https:\/\/laerm.ch\/#\/schema\/logo\/image\/\"}}]}<\/script>\n<!-- \/ Yoast SEO plugin. -->","yoast_head_json":{"title":"Link Svizzera - Rumore.ch","robots":{"index":"index","follow":"follow","max-snippet":"max-snippet:-1","max-image-preview":"max-image-preview:large","max-video-preview":"max-video-preview:-1"},"canonical":"https:\/\/laerm.ch\/kontakte\/links-schweiz\/","og_locale":"it_IT","og_type":"article","og_title":"Link Svizzera - Rumore.ch","og_description":"UFAM &#8211; Lotta contro il rumore (DE, FR, IT, EN)Sito web dell&#8217;Ufficio federale dell&#8217;ambiente (UFAM), tema protezione dal rumore. Principi, strategie e pubblicazioni sulla protezione dal rumore in Svizzera. Elenco dei link e riferimenti legali sistematici. UFSP &#8211; Suono (DE, FR, IT)Sul sito web dell&#8217;Ufficio federale della sanit\u00e0 pubblica (UFSP), il suono \u00e8 trattato nell&#8217;ambito [&hellip;]","og_url":"https:\/\/laerm.ch\/kontakte\/links-schweiz\/","og_site_name":"Rumore.ch","article_modified_time":"2024-04-29T04:23:42+00:00","og_image":[{"width":725,"height":300,"url":"https:\/\/laerm.ch\/wp-content\/uploads\/laerm_und_bekaempfung2.jpg","type":"image\/jpeg"}],"twitter_card":"summary_large_image","twitter_misc":{"Tempo di lettura stimato":"2 minuti"},"schema":{"@context":"https:\/\/schema.org","@graph":[{"@type":"WebPage","@id":"https:\/\/laerm.ch\/kontakte\/links-schweiz\/","url":"https:\/\/laerm.ch\/kontakte\/links-schweiz\/","name":"Link Svizzera - Rumore.ch","isPartOf":{"@id":"https:\/\/laerm.ch\/#website"},"primaryImageOfPage":{"@id":"https:\/\/laerm.ch\/kontakte\/links-schweiz\/#primaryimage"},"image":{"@id":"https:\/\/laerm.ch\/kontakte\/links-schweiz\/#primaryimage"},"thumbnailUrl":"https:\/\/laerm.ch\/wp-content\/uploads\/laerm_und_bekaempfung2.jpg","datePublished":"2023-11-01T09:17:14+00:00","dateModified":"2024-04-29T04:23:42+00:00","breadcrumb":{"@id":"https:\/\/laerm.ch\/kontakte\/links-schweiz\/#breadcrumb"},"inLanguage":"it-IT","potentialAction":[{"@type":"ReadAction","target":["https:\/\/laerm.ch\/kontakte\/links-schweiz\/"]}]},{"@type":"ImageObject","inLanguage":"it-IT","@id":"https:\/\/laerm.ch\/kontakte\/links-schweiz\/#primaryimage","url":"https:\/\/laerm.ch\/wp-content\/uploads\/laerm_und_bekaempfung2.jpg","contentUrl":"https:\/\/laerm.ch\/wp-content\/uploads\/laerm_und_bekaempfung2.jpg","width":725,"height":300},{"@type":"BreadcrumbList","@id":"https:\/\/laerm.ch\/kontakte\/links-schweiz\/#breadcrumb","itemListElement":[{"@type":"ListItem","position":1,"name":"Startseite","item":"https:\/\/test.laerm.ch\/it\/"},{"@type":"ListItem","position":2,"name":"Contatti","item":"https:\/\/test.laerm.ch\/it\/contatti\/"},{"@type":"ListItem","position":3,"name":"Link Svizzera"}]},{"@type":"WebSite","@id":"https:\/\/laerm.ch\/#website","url":"https:\/\/laerm.ch\/","name":"L\u00e4rm.ch","description":"Benvenuti su Rumore.ch, il portale completo del Cercle Bruit sul tema del rumore e della protezione dal rumore.","publisher":{"@id":"https:\/\/laerm.ch\/#organization"},"potentialAction":[{"@type":"SearchAction","target":{"@type":"EntryPoint","urlTemplate":"https:\/\/laerm.ch\/?s={search_term_string}"},"query-input":{"@type":"PropertyValueSpecification","valueRequired":true,"valueName":"search_term_string"}}],"inLanguage":"it-IT"},{"@type":"Organization","@id":"https:\/\/laerm.ch\/#organization","name":"Cercle Bruit","url":"https:\/\/laerm.ch\/","logo":{"@type":"ImageObject","inLanguage":"it-IT","@id":"https:\/\/laerm.ch\/#\/schema\/logo\/image\/","url":"https:\/\/laerm.ch\/wp-content\/uploads\/cercleBruitLogoText.png","contentUrl":"https:\/\/laerm.ch\/wp-content\/uploads\/cercleBruitLogoText.png","width":512,"height":329,"caption":"Cercle Bruit"},"image":{"@id":"https:\/\/laerm.ch\/#\/schema\/logo\/image\/"}}]}},"coauthors":[],"author_meta":{"author_link":"https:\/\/laerm.ch\/it\/author\/f9c1af47f5d7fcc5\/","display_name":"admin"},"relative_dates":{"created":"Pubblicato 2 anni fa","modified":"Aggiornato 2 anni fa"},"absolute_dates":{"created":"Pubblicato il 1. Novembre 2023","modified":"Aggiornato il 29. Aprile 2024"},"absolute_dates_time":{"created":"Pubblicato il 1. Novembre 2023 10:17","modified":"Aggiornato il 29. Aprile 2024 6:23"},"featured_img_caption":"","featured_img":"https:\/\/laerm.ch\/wp-content\/uploads\/laerm_und_bekaempfung2.jpg","series_order":"","_links":{"self":[{"href":"https:\/\/laerm.ch\/it\/wp-json\/wp\/v2\/pages\/2798"}],"collection":[{"href":"https:\/\/laerm.ch\/it\/wp-json\/wp\/v2\/pages"}],"about":[{"href":"https:\/\/laerm.ch\/it\/wp-json\/wp\/v2\/types\/page"}],"author":[{"embeddable":true,"href":"https:\/\/laerm.ch\/it\/wp-json\/wp\/v2\/users\/1"}],"replies":[{"embeddable":true,"href":"https:\/\/laerm.ch\/it\/wp-json\/wp\/v2\/comments?post=2798"}],"version-history":[{"count":15,"href":"https:\/\/laerm.ch\/it\/wp-json\/wp\/v2\/pages\/2798\/revisions"}],"predecessor-version":[{"id":4268,"href":"https:\/\/laerm.ch\/it\/wp-json\/wp\/v2\/pages\/2798\/revisions\/4268"}],"up":[{"embeddable":true,"href":"https:\/\/laerm.ch\/it\/wp-json\/wp\/v2\/pages\/90"}],"wp:featuredmedia":[{"embeddable":true,"href":"https:\/\/laerm.ch\/it\/wp-json\/wp\/v2\/media\/1448"}],"wp:attachment":[{"href":"https:\/\/laerm.ch\/it\/wp-json\/wp\/v2\/media?parent=2798"}],"curies":[{"name":"wp","href":"https:\/\/api.w.org\/{rel}","templated":true}]}}