{"id":2818,"date":"2024-01-26T17:51:45","date_gmt":"2024-01-26T16:51:45","guid":{"rendered":"https:\/\/laerm.ch\/giornata-contro-il-rumore\/archivio\/2006-origliare\/"},"modified":"2025-02-04T14:10:08","modified_gmt":"2025-02-04T13:10:08","slug":"campagna-2006","status":"publish","type":"page","link":"https:\/\/laerm.ch\/it\/giornata-contro-il-rumore\/archivio\/campagna-2006\/","title":{"rendered":"2006 &#8211; Ascolta!"},"content":{"rendered":"\n<p>In occasione della &#8220;Giornata contro il rumore&#8221; 2006, la popolazione \u00e8 invitata ad ascoltare. Lo scopo \u00e8 di invogliare il maggior numero possibile di persone in Svizzera a fermarsi per almeno un minuto il <strong>25 aprile 2006<\/strong> e ad ascoltare consapevolmente. Quali suoni ci circondano? Da dove vengono? Sono familiari, molesti, piacevoli&#8230;?<\/p>\n\n<p><a class=\"_dl\" href=\"https:\/\/laerm.ch\/wp-content\/uploads\/tgl_medienmitteilung2006.pdf\" target=\"_blank\" rel=\"noreferrer noopener\">Comunicato stampa (DE)<\/a><\/p>\n\n<p>La Giornata internazionale di sensibilizzazione sul rumore (NAD) \u00e8 stata lanciata nel 1996 su iniziativa della &#8220;League for the Hard of Hearing&#8221; (associazione dei non udenti) di New York. La giornata d&#8217;azione si \u00e8 ormai affermata sia negli Stati Uniti che nei Paesi dell&#8217;Europa occidentale come ad esempio in Germania, e vi partecipano attivamente citt\u00e0, i media e molte scuole. La Svizzera partecipa quest&#8217;anno per la seconda volta alla giornata d&#8217;azione. Essa \u00e8 promossa dal Cercle Bruit, dalla Societ\u00e0 svizzera di acustica, dalla Lega svizzera contro il rumore e dai Medici per la protezione dell&#8217;ambiente. La &#8220;Giornata contro il rumore&#8221; \u00e8 sostenuta dall&#8217;Ufficio federale dell&#8217;ambiente e dall&#8217;Ufficio federale della sanit\u00e0 pubblica.<\/p>\n\n<p>La &#8220;Giornata contro il rumore&#8221; 2006 in Svizzera \u00e8 dedicata alla percezione dei rumori. L&#8217;orecchio \u00e8 continuamente in ascolto. Cos\u00ec come l&#8217;occhio ci apre un mondo visivo, allo stesso tempo ci muoviamo costantemente in un mondo acustico. L&#8217;udito \u00e8 importante per l&#8217;orientamento spaziale. Quando attraversiamo una strada, ad esempio, ci fornisce indicazioni affidabili sul fatto che un&#8217;automobile stia arrivando verso di noi. I rumori quotidiani del nostro ambiente di vita, come lo scricchiolio di una porta, il rumore della macchina del caff\u00e8 o le fusa del gatto, ci danno una sensazione di sicurezza. Durante una passeggiata, anche ad occhi chiusi l&#8217;udito \u00e8 in grado di determinare con sicurezza se ci troviamo nella foresta, in un campo aperto, su una strada di quartiere o su una strada principale.<\/p>\n\n<p>Nella &#8220;Giornata contro il rumore&#8221; 2006, la popolazione \u00e8 invitata ad ascoltare attivamente per prendere coscienza di questo mondo acustico. Quali suoni ci circondano? Da dove provengono? A quali sensazioni danno origine? Sono suoni familiari, piacevoli o fastidiosi? L&#8217;orecchio elabora molti suoni inconsciamente, di altri semplicemente non prendiamo coscienza perch\u00e9 orientati sul mondo visivo.<\/p>\n","protected":false},"excerpt":{"rendered":"<p>In occasione della &#8220;Giornata contro il rumore&#8221; 2006, la popolazione \u00e8 invitata ad ascoltare. Lo scopo \u00e8 di invogliare il maggior numero possibile di persone in Svizzera a fermarsi per almeno un minuto il 25 aprile 2006 e ad ascoltare consapevolmente. Quali suoni ci circondano? Da dove vengono? Sono familiari, molesti, piacevoli&#8230;? Comunicato stampa (DE) [&hellip;]<\/p>\n","protected":false},"author":1,"featured_media":1902,"parent":2767,"menu_order":1,"comment_status":"closed","ping_status":"closed","template":"","meta":{"advgb_blocks_editor_width":"","advgb_blocks_columns_visual_guide":"","footnotes":""},"class_list":["post-2818","page","type-page","status-publish","has-post-thumbnail","hentry"],"yoast_head":"<!-- This site is optimized with the Yoast SEO plugin v23.7 - https:\/\/yoast.com\/wordpress\/plugins\/seo\/ -->\n<title>2006 - Ascolta! - Rumore.ch<\/title>\n<meta name=\"robots\" content=\"index, follow, max-snippet:-1, max-image-preview:large, max-video-preview:-1\" \/>\n<link rel=\"canonical\" href=\"https:\/\/laerm.ch\/tag-gegen-laerm\/archiv\/kampagne-2006\/\" \/>\n<meta property=\"og:locale\" content=\"it_IT\" \/>\n<meta property=\"og:type\" content=\"article\" \/>\n<meta property=\"og:title\" content=\"2006 - Ascolta! - Rumore.ch\" \/>\n<meta property=\"og:description\" content=\"In occasione della &#8220;Giornata contro il rumore&#8221; 2006, la popolazione \u00e8 invitata ad ascoltare. Lo scopo \u00e8 di invogliare il maggior numero possibile di persone in Svizzera a fermarsi per almeno un minuto il 25 aprile 2006 e ad ascoltare consapevolmente. Quali suoni ci circondano? Da dove vengono? Sono familiari, molesti, piacevoli&#8230;? Comunicato stampa (DE) [&hellip;]\" \/>\n<meta property=\"og:url\" content=\"https:\/\/laerm.ch\/tag-gegen-laerm\/archiv\/kampagne-2006\/\" \/>\n<meta property=\"og:site_name\" content=\"Rumore.ch\" \/>\n<meta property=\"article:modified_time\" content=\"2025-02-04T13:10:08+00:00\" \/>\n<meta property=\"og:image\" content=\"https:\/\/laerm.ch\/wp-content\/uploads\/tag-gegen-laerm-2006.jpg\" \/>\n\t<meta property=\"og:image:width\" content=\"725\" \/>\n\t<meta property=\"og:image:height\" content=\"300\" \/>\n\t<meta property=\"og:image:type\" content=\"image\/jpeg\" \/>\n<meta name=\"twitter:card\" content=\"summary_large_image\" \/>\n<meta name=\"twitter:label1\" content=\"Tempo di lettura stimato\" \/>\n\t<meta name=\"twitter:data1\" content=\"2 minuti\" \/>\n<script type=\"application\/ld+json\" class=\"yoast-schema-graph\">{\"@context\":\"https:\/\/schema.org\",\"@graph\":[{\"@type\":\"WebPage\",\"@id\":\"https:\/\/laerm.ch\/tag-gegen-laerm\/archiv\/kampagne-2006\/\",\"url\":\"https:\/\/laerm.ch\/tag-gegen-laerm\/archiv\/kampagne-2006\/\",\"name\":\"2006 - Ascolta! - Rumore.ch\",\"isPartOf\":{\"@id\":\"https:\/\/laerm.ch\/#website\"},\"primaryImageOfPage\":{\"@id\":\"https:\/\/laerm.ch\/tag-gegen-laerm\/archiv\/kampagne-2006\/#primaryimage\"},\"image\":{\"@id\":\"https:\/\/laerm.ch\/tag-gegen-laerm\/archiv\/kampagne-2006\/#primaryimage\"},\"thumbnailUrl\":\"https:\/\/laerm.ch\/wp-content\/uploads\/tag-gegen-laerm-2006.jpg\",\"datePublished\":\"2024-01-26T16:51:45+00:00\",\"dateModified\":\"2025-02-04T13:10:08+00:00\",\"breadcrumb\":{\"@id\":\"https:\/\/laerm.ch\/tag-gegen-laerm\/archiv\/kampagne-2006\/#breadcrumb\"},\"inLanguage\":\"it-IT\",\"potentialAction\":[{\"@type\":\"ReadAction\",\"target\":[\"https:\/\/laerm.ch\/tag-gegen-laerm\/archiv\/kampagne-2006\/\"]}]},{\"@type\":\"ImageObject\",\"inLanguage\":\"it-IT\",\"@id\":\"https:\/\/laerm.ch\/tag-gegen-laerm\/archiv\/kampagne-2006\/#primaryimage\",\"url\":\"https:\/\/laerm.ch\/wp-content\/uploads\/tag-gegen-laerm-2006.jpg\",\"contentUrl\":\"https:\/\/laerm.ch\/wp-content\/uploads\/tag-gegen-laerm-2006.jpg\",\"width\":725,\"height\":300},{\"@type\":\"BreadcrumbList\",\"@id\":\"https:\/\/laerm.ch\/tag-gegen-laerm\/archiv\/kampagne-2006\/#breadcrumb\",\"itemListElement\":[{\"@type\":\"ListItem\",\"position\":1,\"name\":\"Startseite\",\"item\":\"https:\/\/test.laerm.ch\/it\/\"},{\"@type\":\"ListItem\",\"position\":2,\"name\":\"Giornata contro il rumore\",\"item\":\"https:\/\/laerm.ch\/it\/giornata-contro-il-rumore\/\"},{\"@type\":\"ListItem\",\"position\":3,\"name\":\"Archivio\",\"item\":\"https:\/\/laerm.ch\/it\/giornata-contro-il-rumore\/archivio\/\"},{\"@type\":\"ListItem\",\"position\":4,\"name\":\"2006 &#8211; Ascolta!\"}]},{\"@type\":\"WebSite\",\"@id\":\"https:\/\/laerm.ch\/#website\",\"url\":\"https:\/\/laerm.ch\/\",\"name\":\"L\u00e4rm.ch\",\"description\":\"Benvenuti su Rumore.ch, il portale completo del Cercle Bruit sul tema del rumore e della protezione dal rumore.\",\"publisher\":{\"@id\":\"https:\/\/laerm.ch\/#organization\"},\"potentialAction\":[{\"@type\":\"SearchAction\",\"target\":{\"@type\":\"EntryPoint\",\"urlTemplate\":\"https:\/\/laerm.ch\/?s={search_term_string}\"},\"query-input\":{\"@type\":\"PropertyValueSpecification\",\"valueRequired\":true,\"valueName\":\"search_term_string\"}}],\"inLanguage\":\"it-IT\"},{\"@type\":\"Organization\",\"@id\":\"https:\/\/laerm.ch\/#organization\",\"name\":\"Cercle Bruit\",\"url\":\"https:\/\/laerm.ch\/\",\"logo\":{\"@type\":\"ImageObject\",\"inLanguage\":\"it-IT\",\"@id\":\"https:\/\/laerm.ch\/#\/schema\/logo\/image\/\",\"url\":\"https:\/\/laerm.ch\/wp-content\/uploads\/cercleBruitLogoText.png\",\"contentUrl\":\"https:\/\/laerm.ch\/wp-content\/uploads\/cercleBruitLogoText.png\",\"width\":512,\"height\":329,\"caption\":\"Cercle Bruit\"},\"image\":{\"@id\":\"https:\/\/laerm.ch\/#\/schema\/logo\/image\/\"}}]}<\/script>\n<!-- \/ Yoast SEO plugin. -->","yoast_head_json":{"title":"2006 - Ascolta! - Rumore.ch","robots":{"index":"index","follow":"follow","max-snippet":"max-snippet:-1","max-image-preview":"max-image-preview:large","max-video-preview":"max-video-preview:-1"},"canonical":"https:\/\/laerm.ch\/tag-gegen-laerm\/archiv\/kampagne-2006\/","og_locale":"it_IT","og_type":"article","og_title":"2006 - Ascolta! - Rumore.ch","og_description":"In occasione della &#8220;Giornata contro il rumore&#8221; 2006, la popolazione \u00e8 invitata ad ascoltare. Lo scopo \u00e8 di invogliare il maggior numero possibile di persone in Svizzera a fermarsi per almeno un minuto il 25 aprile 2006 e ad ascoltare consapevolmente. Quali suoni ci circondano? Da dove vengono? Sono familiari, molesti, piacevoli&#8230;? Comunicato stampa (DE) [&hellip;]","og_url":"https:\/\/laerm.ch\/tag-gegen-laerm\/archiv\/kampagne-2006\/","og_site_name":"Rumore.ch","article_modified_time":"2025-02-04T13:10:08+00:00","og_image":[{"width":725,"height":300,"url":"https:\/\/laerm.ch\/wp-content\/uploads\/tag-gegen-laerm-2006.jpg","type":"image\/jpeg"}],"twitter_card":"summary_large_image","twitter_misc":{"Tempo di lettura stimato":"2 minuti"},"schema":{"@context":"https:\/\/schema.org","@graph":[{"@type":"WebPage","@id":"https:\/\/laerm.ch\/tag-gegen-laerm\/archiv\/kampagne-2006\/","url":"https:\/\/laerm.ch\/tag-gegen-laerm\/archiv\/kampagne-2006\/","name":"2006 - Ascolta! - Rumore.ch","isPartOf":{"@id":"https:\/\/laerm.ch\/#website"},"primaryImageOfPage":{"@id":"https:\/\/laerm.ch\/tag-gegen-laerm\/archiv\/kampagne-2006\/#primaryimage"},"image":{"@id":"https:\/\/laerm.ch\/tag-gegen-laerm\/archiv\/kampagne-2006\/#primaryimage"},"thumbnailUrl":"https:\/\/laerm.ch\/wp-content\/uploads\/tag-gegen-laerm-2006.jpg","datePublished":"2024-01-26T16:51:45+00:00","dateModified":"2025-02-04T13:10:08+00:00","breadcrumb":{"@id":"https:\/\/laerm.ch\/tag-gegen-laerm\/archiv\/kampagne-2006\/#breadcrumb"},"inLanguage":"it-IT","potentialAction":[{"@type":"ReadAction","target":["https:\/\/laerm.ch\/tag-gegen-laerm\/archiv\/kampagne-2006\/"]}]},{"@type":"ImageObject","inLanguage":"it-IT","@id":"https:\/\/laerm.ch\/tag-gegen-laerm\/archiv\/kampagne-2006\/#primaryimage","url":"https:\/\/laerm.ch\/wp-content\/uploads\/tag-gegen-laerm-2006.jpg","contentUrl":"https:\/\/laerm.ch\/wp-content\/uploads\/tag-gegen-laerm-2006.jpg","width":725,"height":300},{"@type":"BreadcrumbList","@id":"https:\/\/laerm.ch\/tag-gegen-laerm\/archiv\/kampagne-2006\/#breadcrumb","itemListElement":[{"@type":"ListItem","position":1,"name":"Startseite","item":"https:\/\/test.laerm.ch\/it\/"},{"@type":"ListItem","position":2,"name":"Giornata contro il rumore","item":"https:\/\/laerm.ch\/it\/giornata-contro-il-rumore\/"},{"@type":"ListItem","position":3,"name":"Archivio","item":"https:\/\/laerm.ch\/it\/giornata-contro-il-rumore\/archivio\/"},{"@type":"ListItem","position":4,"name":"2006 &#8211; Ascolta!"}]},{"@type":"WebSite","@id":"https:\/\/laerm.ch\/#website","url":"https:\/\/laerm.ch\/","name":"L\u00e4rm.ch","description":"Benvenuti su Rumore.ch, il portale completo del Cercle Bruit sul tema del rumore e della protezione dal rumore.","publisher":{"@id":"https:\/\/laerm.ch\/#organization"},"potentialAction":[{"@type":"SearchAction","target":{"@type":"EntryPoint","urlTemplate":"https:\/\/laerm.ch\/?s={search_term_string}"},"query-input":{"@type":"PropertyValueSpecification","valueRequired":true,"valueName":"search_term_string"}}],"inLanguage":"it-IT"},{"@type":"Organization","@id":"https:\/\/laerm.ch\/#organization","name":"Cercle Bruit","url":"https:\/\/laerm.ch\/","logo":{"@type":"ImageObject","inLanguage":"it-IT","@id":"https:\/\/laerm.ch\/#\/schema\/logo\/image\/","url":"https:\/\/laerm.ch\/wp-content\/uploads\/cercleBruitLogoText.png","contentUrl":"https:\/\/laerm.ch\/wp-content\/uploads\/cercleBruitLogoText.png","width":512,"height":329,"caption":"Cercle Bruit"},"image":{"@id":"https:\/\/laerm.ch\/#\/schema\/logo\/image\/"}}]}},"coauthors":[],"author_meta":{"author_link":"https:\/\/laerm.ch\/it\/author\/f9c1af47f5d7fcc5\/","display_name":"admin"},"relative_dates":{"created":"Pubblicato 2 anni fa","modified":"Aggiornato 1 anno fa"},"absolute_dates":{"created":"Pubblicato il 26. Gennaio 2024","modified":"Aggiornato il 4. Febbraio 2025"},"absolute_dates_time":{"created":"Pubblicato il 26. Gennaio 2024 17:51","modified":"Aggiornato il 4. Febbraio 2025 14:10"},"featured_img_caption":"","featured_img":"https:\/\/laerm.ch\/wp-content\/uploads\/tag-gegen-laerm-2006.jpg","series_order":"","_links":{"self":[{"href":"https:\/\/laerm.ch\/it\/wp-json\/wp\/v2\/pages\/2818"}],"collection":[{"href":"https:\/\/laerm.ch\/it\/wp-json\/wp\/v2\/pages"}],"about":[{"href":"https:\/\/laerm.ch\/it\/wp-json\/wp\/v2\/types\/page"}],"author":[{"embeddable":true,"href":"https:\/\/laerm.ch\/it\/wp-json\/wp\/v2\/users\/1"}],"replies":[{"embeddable":true,"href":"https:\/\/laerm.ch\/it\/wp-json\/wp\/v2\/comments?post=2818"}],"version-history":[{"count":14,"href":"https:\/\/laerm.ch\/it\/wp-json\/wp\/v2\/pages\/2818\/revisions"}],"predecessor-version":[{"id":4531,"href":"https:\/\/laerm.ch\/it\/wp-json\/wp\/v2\/pages\/2818\/revisions\/4531"}],"up":[{"embeddable":true,"href":"https:\/\/laerm.ch\/it\/wp-json\/wp\/v2\/pages\/2767"}],"wp:featuredmedia":[{"embeddable":true,"href":"https:\/\/laerm.ch\/it\/wp-json\/wp\/v2\/media\/1902"}],"wp:attachment":[{"href":"https:\/\/laerm.ch\/it\/wp-json\/wp\/v2\/media?parent=2818"}],"curies":[{"name":"wp","href":"https:\/\/api.w.org\/{rel}","templated":true}]}}