{"id":2853,"date":"2024-01-26T16:50:24","date_gmt":"2024-01-26T15:50:24","guid":{"rendered":"https:\/\/laerm.ch\/giornata-contro-il-rumore\/archivio\/2010-il-tempo-libero-e-tempo-di-rumore\/"},"modified":"2025-02-04T14:07:10","modified_gmt":"2025-02-04T13:07:10","slug":"campagna-2010","status":"publish","type":"page","link":"https:\/\/laerm.ch\/it\/giornata-contro-il-rumore\/archivio\/campagna-2010\/","title":{"rendered":"2010 &#8211; Tempo libero, tempo di rumore"},"content":{"rendered":"\n<p>Il motto della &#8220;Giornata contro il rumore 2010&#8221; del 28 aprile \u00e8 &#8220;Tempo libero &#8211; tempo di rumore&#8221;. Il nostro comportamento nel tempo libero \u00e8 causa di enormi emissioni foniche. Per molte persone, le attivit\u00e0 ricreative attive nel tempo libero sono una componente della qualit\u00e0 di vita. I conflitti legati al rumore prodotto nel tempo libero derivano spesso dal fatto che esso si verifica sovente in orari generalmente utilizzati per rilassarsi e riposarsi, ovvero la sera, la domenica e i giorni festivi.<\/p>\n\n<p><a class=\"_dl\" href=\"https:\/\/laerm.ch\/wp-content\/uploads\/tgl_medienmitteilung2010.pdf\" target=\"_blank\" rel=\"noreferrer noopener\">Comunicato stampa (DE)<\/a><br\/><a class=\"_ex\" href=\"https:\/\/www.admin.ch\/gov\/it\/pagina-iniziale\/documentazione\/comunicati-stampa.msg-id-32774.html\" target=\"_blank\" rel=\"noreferrer noopener\">Comunicato stampa CFLR<\/a><\/p>\n<div class=\"wp-block-image\">\n<figure class=\"aligncenter size-full\"><img decoding=\"async\" src=\"https:\/\/laerm.ch\/wp-content\/uploads\/laerm10_2i-400.jpg\" alt=\"\" class=\"wp-image-1861\"\/><\/figure><\/div>\n<p>Quest&#8217;anno la Svizzera partecipa per la sesta volta alla &#8220;Giornata internazionale contro il rumore&#8221;. Essa viene promossa dal Cercle Bruit, dalla Societ\u00e0 svizzera di acustica, dalla Lega svizzera contro il rumore e dall&#8217;associazione Medici per la protezione dell&#8217;ambiente. La &#8220;Giornata contro il rumore&#8221; \u00e8 sostenuta dall&#8217;Ufficio federale dell&#8217;ambiente (UFAM) e dall&#8217;Ufficio federale della sanit\u00e0 pubblica (UFSP).<\/p>\n\n<p><\/p>\n\n<p><\/p>\n\n<p><\/p>\n\n<p>I problemi di rumore causati da attivit\u00e0 ricreative possono derivare dall&#8217;uso di attrezzature sportive rumorose e da altre attivit\u00e0 del tempo libero che generano rumore, come la musica o il giardinaggio. D&#8217;altra parte, anche il pubblico degli eventi ricreativi pu\u00f2 a sua volta essere rumoroso. Un altro aspetto \u00e8 il rumore prodotto dal traffico conseguente alla nostra industria dell&#8217;intrattenimento.<\/p>\n<div class=\"wp-block-image\">\n<figure class=\"aligncenter size-full\"><img decoding=\"async\" src=\"https:\/\/laerm.ch\/wp-content\/uploads\/laerm10_4i-400.jpg\" alt=\"\" class=\"wp-image-1864\"\/><\/figure><\/div>\n<p>Quasi la met\u00e0 del traffico generato dalla popolazione residente in Svizzera \u00e8 attribuibile al traffico del tempo libero. Con il nostro comportamento nel tempo libero, il rumore viene portato anche in regioni che in origine erano tranquille (valli di montagna, boschi, ecc.). A seconda di come organizziamo il nostro tempo libero, contribuiamo tutti in maggiore o minor misura all&#8217;inquinamento acustico del nostro ambiente. In occasione della &#8220;Giornata contro il rumore 2010&#8221;, l&#8217;obiettivo \u00e8 quello di richiamare l&#8217;attenzione sulle attivit\u00e0 del tempo libero che presentano diversi livelli di inquinamento acustico e di mostrare al grande pubblico come ridurre le emissioni sonore.<\/p>\n","protected":false},"excerpt":{"rendered":"<p>Il motto della &#8220;Giornata contro il rumore 2010&#8221; del 28 aprile \u00e8 &#8220;Tempo libero &#8211; tempo di rumore&#8221;. Il nostro comportamento nel tempo libero \u00e8 causa di enormi emissioni foniche. Per molte persone, le attivit\u00e0 ricreative attive nel tempo libero sono una componente della qualit\u00e0 di vita. I conflitti legati al rumore prodotto nel tempo [&hellip;]<\/p>\n","protected":false},"author":1,"featured_media":1869,"parent":2767,"menu_order":5,"comment_status":"closed","ping_status":"closed","template":"","meta":{"advgb_blocks_editor_width":"","advgb_blocks_columns_visual_guide":"","footnotes":""},"class_list":["post-2853","page","type-page","status-publish","has-post-thumbnail","hentry"],"yoast_head":"<!-- This site is optimized with the Yoast SEO plugin v23.7 - https:\/\/yoast.com\/wordpress\/plugins\/seo\/ -->\n<title>2010 - Tempo libero, tempo di rumore - Rumore.ch<\/title>\n<meta name=\"robots\" content=\"index, follow, max-snippet:-1, max-image-preview:large, max-video-preview:-1\" \/>\n<link rel=\"canonical\" href=\"https:\/\/laerm.ch\/tag-gegen-laerm\/archiv\/kampagne-2010\/\" \/>\n<meta property=\"og:locale\" content=\"it_IT\" \/>\n<meta property=\"og:type\" content=\"article\" \/>\n<meta property=\"og:title\" content=\"2010 - Tempo libero, tempo di rumore - Rumore.ch\" \/>\n<meta property=\"og:description\" content=\"Il motto della &#8220;Giornata contro il rumore 2010&#8221; del 28 aprile \u00e8 &#8220;Tempo libero &#8211; tempo di rumore&#8221;. Il nostro comportamento nel tempo libero \u00e8 causa di enormi emissioni foniche. Per molte persone, le attivit\u00e0 ricreative attive nel tempo libero sono una componente della qualit\u00e0 di vita. I conflitti legati al rumore prodotto nel tempo [&hellip;]\" \/>\n<meta property=\"og:url\" content=\"https:\/\/laerm.ch\/tag-gegen-laerm\/archiv\/kampagne-2010\/\" \/>\n<meta property=\"og:site_name\" content=\"Rumore.ch\" \/>\n<meta property=\"article:modified_time\" content=\"2025-02-04T13:07:10+00:00\" \/>\n<meta property=\"og:image\" content=\"https:\/\/laerm.ch\/wp-content\/uploads\/tag-gegen-laerm-2010_it.jpg\" \/>\n\t<meta property=\"og:image:width\" content=\"725\" \/>\n\t<meta property=\"og:image:height\" content=\"300\" \/>\n\t<meta property=\"og:image:type\" content=\"image\/jpeg\" \/>\n<meta name=\"twitter:card\" content=\"summary_large_image\" \/>\n<meta name=\"twitter:label1\" content=\"Tempo di lettura stimato\" \/>\n\t<meta name=\"twitter:data1\" content=\"1 minuto\" \/>\n<script type=\"application\/ld+json\" class=\"yoast-schema-graph\">{\"@context\":\"https:\/\/schema.org\",\"@graph\":[{\"@type\":\"WebPage\",\"@id\":\"https:\/\/laerm.ch\/tag-gegen-laerm\/archiv\/kampagne-2010\/\",\"url\":\"https:\/\/laerm.ch\/tag-gegen-laerm\/archiv\/kampagne-2010\/\",\"name\":\"2010 - Tempo libero, tempo di rumore - Rumore.ch\",\"isPartOf\":{\"@id\":\"https:\/\/laerm.ch\/#website\"},\"primaryImageOfPage\":{\"@id\":\"https:\/\/laerm.ch\/tag-gegen-laerm\/archiv\/kampagne-2010\/#primaryimage\"},\"image\":{\"@id\":\"https:\/\/laerm.ch\/tag-gegen-laerm\/archiv\/kampagne-2010\/#primaryimage\"},\"thumbnailUrl\":\"https:\/\/laerm.ch\/wp-content\/uploads\/tag-gegen-laerm-2010_it.jpg\",\"datePublished\":\"2024-01-26T15:50:24+00:00\",\"dateModified\":\"2025-02-04T13:07:10+00:00\",\"breadcrumb\":{\"@id\":\"https:\/\/laerm.ch\/tag-gegen-laerm\/archiv\/kampagne-2010\/#breadcrumb\"},\"inLanguage\":\"it-IT\",\"potentialAction\":[{\"@type\":\"ReadAction\",\"target\":[\"https:\/\/laerm.ch\/tag-gegen-laerm\/archiv\/kampagne-2010\/\"]}]},{\"@type\":\"ImageObject\",\"inLanguage\":\"it-IT\",\"@id\":\"https:\/\/laerm.ch\/tag-gegen-laerm\/archiv\/kampagne-2010\/#primaryimage\",\"url\":\"https:\/\/laerm.ch\/wp-content\/uploads\/tag-gegen-laerm-2010_it.jpg\",\"contentUrl\":\"https:\/\/laerm.ch\/wp-content\/uploads\/tag-gegen-laerm-2010_it.jpg\",\"width\":725,\"height\":300},{\"@type\":\"BreadcrumbList\",\"@id\":\"https:\/\/laerm.ch\/tag-gegen-laerm\/archiv\/kampagne-2010\/#breadcrumb\",\"itemListElement\":[{\"@type\":\"ListItem\",\"position\":1,\"name\":\"Startseite\",\"item\":\"https:\/\/test.laerm.ch\/it\/\"},{\"@type\":\"ListItem\",\"position\":2,\"name\":\"Giornata contro il rumore\",\"item\":\"https:\/\/laerm.ch\/it\/giornata-contro-il-rumore\/\"},{\"@type\":\"ListItem\",\"position\":3,\"name\":\"Archivio\",\"item\":\"https:\/\/laerm.ch\/it\/giornata-contro-il-rumore\/archivio\/\"},{\"@type\":\"ListItem\",\"position\":4,\"name\":\"2010 &#8211; Tempo libero, tempo di rumore\"}]},{\"@type\":\"WebSite\",\"@id\":\"https:\/\/laerm.ch\/#website\",\"url\":\"https:\/\/laerm.ch\/\",\"name\":\"L\u00e4rm.ch\",\"description\":\"Benvenuti su Rumore.ch, il portale completo del Cercle Bruit sul tema del rumore e della protezione dal rumore.\",\"publisher\":{\"@id\":\"https:\/\/laerm.ch\/#organization\"},\"potentialAction\":[{\"@type\":\"SearchAction\",\"target\":{\"@type\":\"EntryPoint\",\"urlTemplate\":\"https:\/\/laerm.ch\/?s={search_term_string}\"},\"query-input\":{\"@type\":\"PropertyValueSpecification\",\"valueRequired\":true,\"valueName\":\"search_term_string\"}}],\"inLanguage\":\"it-IT\"},{\"@type\":\"Organization\",\"@id\":\"https:\/\/laerm.ch\/#organization\",\"name\":\"Cercle Bruit\",\"url\":\"https:\/\/laerm.ch\/\",\"logo\":{\"@type\":\"ImageObject\",\"inLanguage\":\"it-IT\",\"@id\":\"https:\/\/laerm.ch\/#\/schema\/logo\/image\/\",\"url\":\"https:\/\/laerm.ch\/wp-content\/uploads\/cercleBruitLogoText.png\",\"contentUrl\":\"https:\/\/laerm.ch\/wp-content\/uploads\/cercleBruitLogoText.png\",\"width\":512,\"height\":329,\"caption\":\"Cercle Bruit\"},\"image\":{\"@id\":\"https:\/\/laerm.ch\/#\/schema\/logo\/image\/\"}}]}<\/script>\n<!-- \/ Yoast SEO plugin. -->","yoast_head_json":{"title":"2010 - Tempo libero, tempo di rumore - Rumore.ch","robots":{"index":"index","follow":"follow","max-snippet":"max-snippet:-1","max-image-preview":"max-image-preview:large","max-video-preview":"max-video-preview:-1"},"canonical":"https:\/\/laerm.ch\/tag-gegen-laerm\/archiv\/kampagne-2010\/","og_locale":"it_IT","og_type":"article","og_title":"2010 - Tempo libero, tempo di rumore - Rumore.ch","og_description":"Il motto della &#8220;Giornata contro il rumore 2010&#8221; del 28 aprile \u00e8 &#8220;Tempo libero &#8211; tempo di rumore&#8221;. Il nostro comportamento nel tempo libero \u00e8 causa di enormi emissioni foniche. Per molte persone, le attivit\u00e0 ricreative attive nel tempo libero sono una componente della qualit\u00e0 di vita. I conflitti legati al rumore prodotto nel tempo [&hellip;]","og_url":"https:\/\/laerm.ch\/tag-gegen-laerm\/archiv\/kampagne-2010\/","og_site_name":"Rumore.ch","article_modified_time":"2025-02-04T13:07:10+00:00","og_image":[{"width":725,"height":300,"url":"https:\/\/laerm.ch\/wp-content\/uploads\/tag-gegen-laerm-2010_it.jpg","type":"image\/jpeg"}],"twitter_card":"summary_large_image","twitter_misc":{"Tempo di lettura stimato":"1 minuto"},"schema":{"@context":"https:\/\/schema.org","@graph":[{"@type":"WebPage","@id":"https:\/\/laerm.ch\/tag-gegen-laerm\/archiv\/kampagne-2010\/","url":"https:\/\/laerm.ch\/tag-gegen-laerm\/archiv\/kampagne-2010\/","name":"2010 - Tempo libero, tempo di rumore - Rumore.ch","isPartOf":{"@id":"https:\/\/laerm.ch\/#website"},"primaryImageOfPage":{"@id":"https:\/\/laerm.ch\/tag-gegen-laerm\/archiv\/kampagne-2010\/#primaryimage"},"image":{"@id":"https:\/\/laerm.ch\/tag-gegen-laerm\/archiv\/kampagne-2010\/#primaryimage"},"thumbnailUrl":"https:\/\/laerm.ch\/wp-content\/uploads\/tag-gegen-laerm-2010_it.jpg","datePublished":"2024-01-26T15:50:24+00:00","dateModified":"2025-02-04T13:07:10+00:00","breadcrumb":{"@id":"https:\/\/laerm.ch\/tag-gegen-laerm\/archiv\/kampagne-2010\/#breadcrumb"},"inLanguage":"it-IT","potentialAction":[{"@type":"ReadAction","target":["https:\/\/laerm.ch\/tag-gegen-laerm\/archiv\/kampagne-2010\/"]}]},{"@type":"ImageObject","inLanguage":"it-IT","@id":"https:\/\/laerm.ch\/tag-gegen-laerm\/archiv\/kampagne-2010\/#primaryimage","url":"https:\/\/laerm.ch\/wp-content\/uploads\/tag-gegen-laerm-2010_it.jpg","contentUrl":"https:\/\/laerm.ch\/wp-content\/uploads\/tag-gegen-laerm-2010_it.jpg","width":725,"height":300},{"@type":"BreadcrumbList","@id":"https:\/\/laerm.ch\/tag-gegen-laerm\/archiv\/kampagne-2010\/#breadcrumb","itemListElement":[{"@type":"ListItem","position":1,"name":"Startseite","item":"https:\/\/test.laerm.ch\/it\/"},{"@type":"ListItem","position":2,"name":"Giornata contro il rumore","item":"https:\/\/laerm.ch\/it\/giornata-contro-il-rumore\/"},{"@type":"ListItem","position":3,"name":"Archivio","item":"https:\/\/laerm.ch\/it\/giornata-contro-il-rumore\/archivio\/"},{"@type":"ListItem","position":4,"name":"2010 &#8211; Tempo libero, tempo di rumore"}]},{"@type":"WebSite","@id":"https:\/\/laerm.ch\/#website","url":"https:\/\/laerm.ch\/","name":"L\u00e4rm.ch","description":"Benvenuti su Rumore.ch, il portale completo del Cercle Bruit sul tema del rumore e della protezione dal rumore.","publisher":{"@id":"https:\/\/laerm.ch\/#organization"},"potentialAction":[{"@type":"SearchAction","target":{"@type":"EntryPoint","urlTemplate":"https:\/\/laerm.ch\/?s={search_term_string}"},"query-input":{"@type":"PropertyValueSpecification","valueRequired":true,"valueName":"search_term_string"}}],"inLanguage":"it-IT"},{"@type":"Organization","@id":"https:\/\/laerm.ch\/#organization","name":"Cercle Bruit","url":"https:\/\/laerm.ch\/","logo":{"@type":"ImageObject","inLanguage":"it-IT","@id":"https:\/\/laerm.ch\/#\/schema\/logo\/image\/","url":"https:\/\/laerm.ch\/wp-content\/uploads\/cercleBruitLogoText.png","contentUrl":"https:\/\/laerm.ch\/wp-content\/uploads\/cercleBruitLogoText.png","width":512,"height":329,"caption":"Cercle Bruit"},"image":{"@id":"https:\/\/laerm.ch\/#\/schema\/logo\/image\/"}}]}},"coauthors":[],"author_meta":{"author_link":"https:\/\/laerm.ch\/it\/author\/f9c1af47f5d7fcc5\/","display_name":"admin"},"relative_dates":{"created":"Pubblicato 2 anni fa","modified":"Aggiornato 1 anno fa"},"absolute_dates":{"created":"Pubblicato il 26. Gennaio 2024","modified":"Aggiornato il 4. Febbraio 2025"},"absolute_dates_time":{"created":"Pubblicato il 26. Gennaio 2024 16:50","modified":"Aggiornato il 4. Febbraio 2025 14:07"},"featured_img_caption":"","featured_img":"https:\/\/laerm.ch\/wp-content\/uploads\/tag-gegen-laerm-2010_it.jpg","series_order":"","_links":{"self":[{"href":"https:\/\/laerm.ch\/it\/wp-json\/wp\/v2\/pages\/2853"}],"collection":[{"href":"https:\/\/laerm.ch\/it\/wp-json\/wp\/v2\/pages"}],"about":[{"href":"https:\/\/laerm.ch\/it\/wp-json\/wp\/v2\/types\/page"}],"author":[{"embeddable":true,"href":"https:\/\/laerm.ch\/it\/wp-json\/wp\/v2\/users\/1"}],"replies":[{"embeddable":true,"href":"https:\/\/laerm.ch\/it\/wp-json\/wp\/v2\/comments?post=2853"}],"version-history":[{"count":16,"href":"https:\/\/laerm.ch\/it\/wp-json\/wp\/v2\/pages\/2853\/revisions"}],"predecessor-version":[{"id":5331,"href":"https:\/\/laerm.ch\/it\/wp-json\/wp\/v2\/pages\/2853\/revisions\/5331"}],"up":[{"embeddable":true,"href":"https:\/\/laerm.ch\/it\/wp-json\/wp\/v2\/pages\/2767"}],"wp:featuredmedia":[{"embeddable":true,"href":"https:\/\/laerm.ch\/it\/wp-json\/wp\/v2\/media\/1869"}],"wp:attachment":[{"href":"https:\/\/laerm.ch\/it\/wp-json\/wp\/v2\/media?parent=2853"}],"curies":[{"name":"wp","href":"https:\/\/api.w.org\/{rel}","templated":true}]}}