{"id":2861,"date":"2024-01-26T15:51:59","date_gmt":"2024-01-26T14:51:59","guid":{"rendered":"https:\/\/laerm.ch\/giornata-contro-il-rumore\/archivio\/2011-piu-forte-non-e-meglio\/"},"modified":"2025-02-04T14:06:39","modified_gmt":"2025-02-04T13:06:39","slug":"campagna-2011","status":"publish","type":"page","link":"https:\/\/laerm.ch\/it\/giornata-contro-il-rumore\/archivio\/campagna-2011\/","title":{"rendered":"2011 &#8211; Abbasso il volume alto"},"content":{"rendered":"<div id=\"ez-toc-container\" class=\"ez-toc-v2_0_69_1 counter-hierarchy ez-toc-counter ez-toc-transparent ez-toc-container-direction\">\n<label for=\"ez-toc-cssicon-toggle-item-69e4b9ecd324f\" class=\"ez-toc-cssicon-toggle-label\"><p class=\"ez-toc-title\" style=\"cursor:inherit\">Elenco del contenuto <\/p>\n<span class=\"ez-toc-cssicon\"><span class=\"eztoc-hide\" style=\"display:none;\">Toggle<\/span><span class=\"ez-toc-icon-toggle-span\"><svg style=\"fill: #999;color:#999\" xmlns=\"http:\/\/www.w3.org\/2000\/svg\" class=\"list-377408\" width=\"20px\" height=\"20px\" viewBox=\"0 0 24 24\" fill=\"none\"><path d=\"M6 6H4v2h2V6zm14 0H8v2h12V6zM4 11h2v2H4v-2zm16 0H8v2h12v-2zM4 16h2v2H4v-2zm16 0H8v2h12v-2z\" fill=\"currentColor\"><\/path><\/svg><svg style=\"fill: #999;color:#999\" class=\"arrow-unsorted-368013\" xmlns=\"http:\/\/www.w3.org\/2000\/svg\" width=\"10px\" height=\"10px\" viewBox=\"0 0 24 24\" version=\"1.2\" baseProfile=\"tiny\"><path d=\"M18.2 9.3l-6.2-6.3-6.2 6.3c-.2.2-.3.4-.3.7s.1.5.3.7c.2.2.4.3.7.3h11c.3 0 .5-.1.7-.3.2-.2.3-.5.3-.7s-.1-.5-.3-.7zM5.8 14.7l6.2 6.3 6.2-6.3c.2-.2.3-.5.3-.7s-.1-.5-.3-.7c-.2-.2-.4-.3-.7-.3h-11c-.3 0-.5.1-.7.3-.2.2-.3.5-.3.7s.1.5.3.7z\"\/><\/svg><\/span><\/span><\/label><input type=\"checkbox\" style='display:none' id=\"ez-toc-cssicon-toggle-item-69e4b9ecd324f\" checked \/><nav><ul class='ez-toc-list ez-toc-list-level-1 ' ><li class='ez-toc-page-1 ez-toc-heading-level-2'><a class=\"ez-toc-link ez-toc-heading-1\" href=\"https:\/\/laerm.ch\/it\/giornata-contro-il-rumore\/archivio\/campagna-2011\/#musica-portatile\" title=\"Musica portatile\">Musica portatile<\/a><\/li><li class='ez-toc-page-1 ez-toc-heading-level-2'><a class=\"ez-toc-link ez-toc-heading-2\" href=\"https:\/\/laerm.ch\/it\/giornata-contro-il-rumore\/archivio\/campagna-2011\/#esposizione-acustica-continua-negli-spazi-pubblici\" title=\"Esposizione acustica continua negli spazi pubblici\">Esposizione acustica continua negli spazi pubblici<\/a><\/li><li class='ez-toc-page-1 ez-toc-heading-level-2'><a class=\"ez-toc-link ez-toc-heading-3\" href=\"https:\/\/laerm.ch\/it\/giornata-contro-il-rumore\/archivio\/campagna-2011\/#visite-a-concerti-e-discoteche\" title=\"Visite a concerti e discoteche\">Visite a concerti e discoteche<\/a><\/li><\/ul><\/nav><\/div>\n\n<div class=\"wp-block-columns is-layout-flex wp-container-core-columns-is-layout-1 wp-block-columns-is-layout-flex\">\n<div class=\"wp-block-column is-layout-flow wp-block-column-is-layout-flow\">\n<p>La Giornata contro il rumore rumore 2011 ha come motto &#8220;Abbasso il volume alto&#8221;. A differenza del tema degli altri anni, non si tratta di rumore in senso vero e proprio. Perch\u00e9 il rumore \u00e8 per definizione qualcosa di indesiderato e fastidioso, e quindi di per s\u00e9 sempre troppo forte. Si parla di musica o, pi\u00f9 precisamente, del suo consumo. Questo consumo ha svariate forme, lo slogan &#8220;abbasso il volume alto&#8221; ha lo scopo di sensibilizzare sulla tendenza a consumare sempre pi\u00f9 musica e a volume sempre pi\u00f9 elevato.<\/p>\n<\/div>\n<\/div>\n\n\n\n<p><a class=\"_dl\" href=\"https:\/\/laerm.ch\/wp-content\/uploads\/tgl_medienmitteilung2011.pdf\" target=\"_blank\" rel=\"noreferrer noopener\">Comunicato stampa (DE)<\/a><br><a class=\"_ex\" href=\"https:\/\/www.admin.ch\/gov\/it\/pagina-iniziale\/documentazione\/comunicati-stampa.msg-id-38747.html\" target=\"_blank\" rel=\"noreferrer noopener\">Comunicato stampa CFLR<\/a><\/p>\n\n\n\n<h2 class=\"wp-block-heading\"><span class=\"ez-toc-section\" id=\"musica-portatile\"><\/span>Musica portatile<span class=\"ez-toc-section-end\"><\/span><\/h2>\n\n\n\n<div class=\"wp-block-columns is-layout-flex wp-container-core-columns-is-layout-2 wp-block-columns-is-layout-flex\">\n<div class=\"wp-block-column is-layout-flow wp-block-column-is-layout-flow\">\n<p>Grazie all&#8217;invenzione del lettore musicale portatile, possiamo portare la nostra musica con noi ovunque andiamo. Sony ha lanciato il primo Walkman sul mercato nel 1979. Da quel momento in poi, la comunit\u00e0 degli utenti \u00e8 cresciuta costantemente. Oggi quattro giovani su cinque in Svizzera utilizzano un lettore musicale portatile. Il detto &#8220;pi\u00f9 forte non \u00e8 meglio&#8221; ha ancora maggior valore. Da un lato, l&#8217;esposizione continua a volumi sonori elevati pu\u00f2 portare a danni all&#8217;udito, dall&#8217;altro questa costante esposizione al suono ha anche effetti sociali e relazionali. Soprattutto sui treni affollati, ritirarsi nel proprio mondo acustico con le cuffie pu\u00f2 risultare oltremodo rilassante. Tuttavia, se gli auricolari sono permanentemente nell&#8217;orecchio, ne pu\u00f2 risultare anche un isolamento sociale. Il mondo circostante non viene pi\u00f9 percepito, non si pu\u00f2 pi\u00f9 interagire con le altre persone e l&#8217;ambiente (anche acustico) del mondo che ci circonda si dissolve completamente.<\/p>\n<\/div>\n<\/div>\n\n\n\n<h2 class=\"wp-block-heading\"><span class=\"ez-toc-section\" id=\"esposizione-acustica-continua-negli-spazi-pubblici\"><\/span>Esposizione acustica continua negli spazi pubblici<span class=\"ez-toc-section-end\"><\/span><\/h2>\n\n\n\n<div class=\"wp-block-columns is-layout-flex wp-container-core-columns-is-layout-3 wp-block-columns-is-layout-flex\">\n<div class=\"wp-block-column is-layout-flow wp-block-column-is-layout-flow\">\n<p>Oltre alla musica che si sceglie di ascoltare, si aggiunge la costante esposizione al rumore di fondo negli spazi pubblici. Nel 1920, Eric Satie invent\u00f2 la cosiddetta musica d&#8217;arredamento. Da allora, la musica \u00e8 entrata a far parte di ogni locale immaginabile, come (o quale) un mobile. Satie aveva gi\u00e0 riconosciuto che con questa musica i volumi alti non sono migliori. La musica di sottofondo non deve risaltare, ma deve essere presente ovunque. Ma \u00e8 proprio a questo proposito che occorre porsi degli interrogativi. I gusti musicali sono infatti diversi da persona a persona, e molti percepiscono la musica di sottofondo come un rumore. Per molti, quindi, \u00e8 solo questione di tempo prima che si apra un dibattito politico sull&#8217;esposizione forzata al suono negli spazi pubblici simile a quello sul fumo passivo.<\/p>\n<\/div>\n<\/div>\n\n\n\n<h2 class=\"wp-block-heading\"><span class=\"ez-toc-section\" id=\"visite-a-concerti-e-discoteche\"><\/span>Visite a concerti e discoteche<span class=\"ez-toc-section-end\"><\/span><\/h2>\n\n\n\n<div class=\"wp-block-columns is-layout-flex wp-container-core-columns-is-layout-4 wp-block-columns-is-layout-flex\">\n<div class=\"wp-block-column is-layout-flow wp-block-column-is-layout-flow\">\n<p>Oltre al volume cui si \u00e8 esposti da parte dell&#8217;impianto di amplificazione, nei concerti e nelle feste si produce la sonorizzazione prodotta spontaneamente dai presenti. Anche questo tipo di esposizione avviene in luoghi pubblici ed \u00e8 gi\u00e0 stato tematizzato a livello politico. In Svizzera, l&#8217;ordinanza sugli stimoli sonori e i raggi laser definice regole per le manifestazioni musicali. Tra l&#8217;altro, si prescrive che il livello sonoro non deve superare i 100 dB(A). Non si deve pretendere dal proprio udito l&#8217;esposizione a questo volume per oltre due ore a settimana. Di solito, il volume in una sala prove di una band \u00e8 pari a quello degli eventi musicali. Lo stesso vale quando si fa musica a casa. Anche gli strumenti acustici come la tromba, il violino o il pianoforte possono raggiungere livelli a lungo termine pericolosi per l&#8217;udito.<\/p>\n\n\n\n<p><a class=\"_ex\" href=\"https:\/\/www.schallundlaser.ch\/3_it\/\" target=\"_blank\" rel=\"noreferrer noopener\">suonoelaser.ch<\/a><\/p>\n<\/div>\n<\/div>\n","protected":false},"excerpt":{"rendered":"<p>La Giornata contro il rumore rumore 2011 ha come motto &#8220;Abbasso il volume alto&#8221;. A differenza del tema degli altri anni, non si tratta di rumore in senso vero e proprio. Perch\u00e9 il rumore \u00e8 per definizione qualcosa di indesiderato e fastidioso, e quindi di per s\u00e9 sempre troppo forte. Si parla di musica o, [&hellip;]<\/p>\n","protected":false},"author":1,"featured_media":1796,"parent":2767,"menu_order":6,"comment_status":"closed","ping_status":"closed","template":"","meta":{"advgb_blocks_editor_width":"","advgb_blocks_columns_visual_guide":"","footnotes":""},"class_list":["post-2861","page","type-page","status-publish","has-post-thumbnail","hentry"],"yoast_head":"<!-- This site is optimized with the Yoast SEO plugin v23.7 - https:\/\/yoast.com\/wordpress\/plugins\/seo\/ -->\n<title>2011 - Abbasso il volume alto - Rumore.ch<\/title>\n<meta name=\"robots\" content=\"index, follow, max-snippet:-1, max-image-preview:large, max-video-preview:-1\" \/>\n<link rel=\"canonical\" href=\"https:\/\/laerm.ch\/tag-gegen-laerm\/archiv\/kampagne-2011\/\" \/>\n<meta property=\"og:locale\" content=\"it_IT\" \/>\n<meta property=\"og:type\" content=\"article\" \/>\n<meta property=\"og:title\" content=\"2011 - Abbasso il volume alto - Rumore.ch\" \/>\n<meta property=\"og:description\" content=\"La Giornata contro il rumore rumore 2011 ha come motto &#8220;Abbasso il volume alto&#8221;. A differenza del tema degli altri anni, non si tratta di rumore in senso vero e proprio. Perch\u00e9 il rumore \u00e8 per definizione qualcosa di indesiderato e fastidioso, e quindi di per s\u00e9 sempre troppo forte. Si parla di musica o, [&hellip;]\" \/>\n<meta property=\"og:url\" content=\"https:\/\/laerm.ch\/tag-gegen-laerm\/archiv\/kampagne-2011\/\" \/>\n<meta property=\"og:site_name\" content=\"Rumore.ch\" \/>\n<meta property=\"article:modified_time\" content=\"2025-02-04T13:06:39+00:00\" \/>\n<meta property=\"og:image\" content=\"https:\/\/laerm.ch\/wp-content\/uploads\/tag-gegen-laerm-2011_it.jpg\" \/>\n\t<meta property=\"og:image:width\" content=\"725\" \/>\n\t<meta property=\"og:image:height\" content=\"300\" \/>\n\t<meta property=\"og:image:type\" content=\"image\/jpeg\" \/>\n<meta name=\"twitter:card\" content=\"summary_large_image\" \/>\n<meta name=\"twitter:label1\" content=\"Tempo di lettura stimato\" \/>\n\t<meta name=\"twitter:data1\" content=\"3 minuti\" \/>\n<script type=\"application\/ld+json\" class=\"yoast-schema-graph\">{\"@context\":\"https:\/\/schema.org\",\"@graph\":[{\"@type\":\"WebPage\",\"@id\":\"https:\/\/laerm.ch\/tag-gegen-laerm\/archiv\/kampagne-2011\/\",\"url\":\"https:\/\/laerm.ch\/tag-gegen-laerm\/archiv\/kampagne-2011\/\",\"name\":\"2011 - Abbasso il volume alto - Rumore.ch\",\"isPartOf\":{\"@id\":\"https:\/\/laerm.ch\/#website\"},\"primaryImageOfPage\":{\"@id\":\"https:\/\/laerm.ch\/tag-gegen-laerm\/archiv\/kampagne-2011\/#primaryimage\"},\"image\":{\"@id\":\"https:\/\/laerm.ch\/tag-gegen-laerm\/archiv\/kampagne-2011\/#primaryimage\"},\"thumbnailUrl\":\"https:\/\/laerm.ch\/wp-content\/uploads\/tag-gegen-laerm-2011_it.jpg\",\"datePublished\":\"2024-01-26T14:51:59+00:00\",\"dateModified\":\"2025-02-04T13:06:39+00:00\",\"breadcrumb\":{\"@id\":\"https:\/\/laerm.ch\/tag-gegen-laerm\/archiv\/kampagne-2011\/#breadcrumb\"},\"inLanguage\":\"it-IT\",\"potentialAction\":[{\"@type\":\"ReadAction\",\"target\":[\"https:\/\/laerm.ch\/tag-gegen-laerm\/archiv\/kampagne-2011\/\"]}]},{\"@type\":\"ImageObject\",\"inLanguage\":\"it-IT\",\"@id\":\"https:\/\/laerm.ch\/tag-gegen-laerm\/archiv\/kampagne-2011\/#primaryimage\",\"url\":\"https:\/\/laerm.ch\/wp-content\/uploads\/tag-gegen-laerm-2011_it.jpg\",\"contentUrl\":\"https:\/\/laerm.ch\/wp-content\/uploads\/tag-gegen-laerm-2011_it.jpg\",\"width\":725,\"height\":300},{\"@type\":\"BreadcrumbList\",\"@id\":\"https:\/\/laerm.ch\/tag-gegen-laerm\/archiv\/kampagne-2011\/#breadcrumb\",\"itemListElement\":[{\"@type\":\"ListItem\",\"position\":1,\"name\":\"Startseite\",\"item\":\"https:\/\/test.laerm.ch\/it\/\"},{\"@type\":\"ListItem\",\"position\":2,\"name\":\"Giornata contro il rumore\",\"item\":\"https:\/\/laerm.ch\/it\/giornata-contro-il-rumore\/\"},{\"@type\":\"ListItem\",\"position\":3,\"name\":\"Archivio\",\"item\":\"https:\/\/laerm.ch\/it\/giornata-contro-il-rumore\/archivio\/\"},{\"@type\":\"ListItem\",\"position\":4,\"name\":\"2011 &#8211; Abbasso il volume alto\"}]},{\"@type\":\"WebSite\",\"@id\":\"https:\/\/laerm.ch\/#website\",\"url\":\"https:\/\/laerm.ch\/\",\"name\":\"L\u00e4rm.ch\",\"description\":\"Benvenuti su Rumore.ch, il portale completo del Cercle Bruit sul tema del rumore e della protezione dal rumore.\",\"publisher\":{\"@id\":\"https:\/\/laerm.ch\/#organization\"},\"potentialAction\":[{\"@type\":\"SearchAction\",\"target\":{\"@type\":\"EntryPoint\",\"urlTemplate\":\"https:\/\/laerm.ch\/?s={search_term_string}\"},\"query-input\":{\"@type\":\"PropertyValueSpecification\",\"valueRequired\":true,\"valueName\":\"search_term_string\"}}],\"inLanguage\":\"it-IT\"},{\"@type\":\"Organization\",\"@id\":\"https:\/\/laerm.ch\/#organization\",\"name\":\"Cercle Bruit\",\"url\":\"https:\/\/laerm.ch\/\",\"logo\":{\"@type\":\"ImageObject\",\"inLanguage\":\"it-IT\",\"@id\":\"https:\/\/laerm.ch\/#\/schema\/logo\/image\/\",\"url\":\"https:\/\/laerm.ch\/wp-content\/uploads\/cercleBruitLogoText.png\",\"contentUrl\":\"https:\/\/laerm.ch\/wp-content\/uploads\/cercleBruitLogoText.png\",\"width\":512,\"height\":329,\"caption\":\"Cercle Bruit\"},\"image\":{\"@id\":\"https:\/\/laerm.ch\/#\/schema\/logo\/image\/\"}}]}<\/script>\n<!-- \/ Yoast SEO plugin. -->","yoast_head_json":{"title":"2011 - Abbasso il volume alto - Rumore.ch","robots":{"index":"index","follow":"follow","max-snippet":"max-snippet:-1","max-image-preview":"max-image-preview:large","max-video-preview":"max-video-preview:-1"},"canonical":"https:\/\/laerm.ch\/tag-gegen-laerm\/archiv\/kampagne-2011\/","og_locale":"it_IT","og_type":"article","og_title":"2011 - Abbasso il volume alto - Rumore.ch","og_description":"La Giornata contro il rumore rumore 2011 ha come motto &#8220;Abbasso il volume alto&#8221;. A differenza del tema degli altri anni, non si tratta di rumore in senso vero e proprio. Perch\u00e9 il rumore \u00e8 per definizione qualcosa di indesiderato e fastidioso, e quindi di per s\u00e9 sempre troppo forte. Si parla di musica o, [&hellip;]","og_url":"https:\/\/laerm.ch\/tag-gegen-laerm\/archiv\/kampagne-2011\/","og_site_name":"Rumore.ch","article_modified_time":"2025-02-04T13:06:39+00:00","og_image":[{"width":725,"height":300,"url":"https:\/\/laerm.ch\/wp-content\/uploads\/tag-gegen-laerm-2011_it.jpg","type":"image\/jpeg"}],"twitter_card":"summary_large_image","twitter_misc":{"Tempo di lettura stimato":"3 minuti"},"schema":{"@context":"https:\/\/schema.org","@graph":[{"@type":"WebPage","@id":"https:\/\/laerm.ch\/tag-gegen-laerm\/archiv\/kampagne-2011\/","url":"https:\/\/laerm.ch\/tag-gegen-laerm\/archiv\/kampagne-2011\/","name":"2011 - Abbasso il volume alto - Rumore.ch","isPartOf":{"@id":"https:\/\/laerm.ch\/#website"},"primaryImageOfPage":{"@id":"https:\/\/laerm.ch\/tag-gegen-laerm\/archiv\/kampagne-2011\/#primaryimage"},"image":{"@id":"https:\/\/laerm.ch\/tag-gegen-laerm\/archiv\/kampagne-2011\/#primaryimage"},"thumbnailUrl":"https:\/\/laerm.ch\/wp-content\/uploads\/tag-gegen-laerm-2011_it.jpg","datePublished":"2024-01-26T14:51:59+00:00","dateModified":"2025-02-04T13:06:39+00:00","breadcrumb":{"@id":"https:\/\/laerm.ch\/tag-gegen-laerm\/archiv\/kampagne-2011\/#breadcrumb"},"inLanguage":"it-IT","potentialAction":[{"@type":"ReadAction","target":["https:\/\/laerm.ch\/tag-gegen-laerm\/archiv\/kampagne-2011\/"]}]},{"@type":"ImageObject","inLanguage":"it-IT","@id":"https:\/\/laerm.ch\/tag-gegen-laerm\/archiv\/kampagne-2011\/#primaryimage","url":"https:\/\/laerm.ch\/wp-content\/uploads\/tag-gegen-laerm-2011_it.jpg","contentUrl":"https:\/\/laerm.ch\/wp-content\/uploads\/tag-gegen-laerm-2011_it.jpg","width":725,"height":300},{"@type":"BreadcrumbList","@id":"https:\/\/laerm.ch\/tag-gegen-laerm\/archiv\/kampagne-2011\/#breadcrumb","itemListElement":[{"@type":"ListItem","position":1,"name":"Startseite","item":"https:\/\/test.laerm.ch\/it\/"},{"@type":"ListItem","position":2,"name":"Giornata contro il rumore","item":"https:\/\/laerm.ch\/it\/giornata-contro-il-rumore\/"},{"@type":"ListItem","position":3,"name":"Archivio","item":"https:\/\/laerm.ch\/it\/giornata-contro-il-rumore\/archivio\/"},{"@type":"ListItem","position":4,"name":"2011 &#8211; Abbasso il volume alto"}]},{"@type":"WebSite","@id":"https:\/\/laerm.ch\/#website","url":"https:\/\/laerm.ch\/","name":"L\u00e4rm.ch","description":"Benvenuti su Rumore.ch, il portale completo del Cercle Bruit sul tema del rumore e della protezione dal rumore.","publisher":{"@id":"https:\/\/laerm.ch\/#organization"},"potentialAction":[{"@type":"SearchAction","target":{"@type":"EntryPoint","urlTemplate":"https:\/\/laerm.ch\/?s={search_term_string}"},"query-input":{"@type":"PropertyValueSpecification","valueRequired":true,"valueName":"search_term_string"}}],"inLanguage":"it-IT"},{"@type":"Organization","@id":"https:\/\/laerm.ch\/#organization","name":"Cercle Bruit","url":"https:\/\/laerm.ch\/","logo":{"@type":"ImageObject","inLanguage":"it-IT","@id":"https:\/\/laerm.ch\/#\/schema\/logo\/image\/","url":"https:\/\/laerm.ch\/wp-content\/uploads\/cercleBruitLogoText.png","contentUrl":"https:\/\/laerm.ch\/wp-content\/uploads\/cercleBruitLogoText.png","width":512,"height":329,"caption":"Cercle Bruit"},"image":{"@id":"https:\/\/laerm.ch\/#\/schema\/logo\/image\/"}}]}},"coauthors":[],"author_meta":{"author_link":"https:\/\/laerm.ch\/it\/author\/f9c1af47f5d7fcc5\/","display_name":"admin"},"relative_dates":{"created":"Pubblicato 2 anni fa","modified":"Aggiornato 1 anno fa"},"absolute_dates":{"created":"Pubblicato il 26. Gennaio 2024","modified":"Aggiornato il 4. Febbraio 2025"},"absolute_dates_time":{"created":"Pubblicato il 26. Gennaio 2024 15:51","modified":"Aggiornato il 4. Febbraio 2025 14:06"},"featured_img_caption":"","featured_img":"https:\/\/laerm.ch\/wp-content\/uploads\/tag-gegen-laerm-2011_it.jpg","series_order":"","_links":{"self":[{"href":"https:\/\/laerm.ch\/it\/wp-json\/wp\/v2\/pages\/2861"}],"collection":[{"href":"https:\/\/laerm.ch\/it\/wp-json\/wp\/v2\/pages"}],"about":[{"href":"https:\/\/laerm.ch\/it\/wp-json\/wp\/v2\/types\/page"}],"author":[{"embeddable":true,"href":"https:\/\/laerm.ch\/it\/wp-json\/wp\/v2\/users\/1"}],"replies":[{"embeddable":true,"href":"https:\/\/laerm.ch\/it\/wp-json\/wp\/v2\/comments?post=2861"}],"version-history":[{"count":22,"href":"https:\/\/laerm.ch\/it\/wp-json\/wp\/v2\/pages\/2861\/revisions"}],"predecessor-version":[{"id":4981,"href":"https:\/\/laerm.ch\/it\/wp-json\/wp\/v2\/pages\/2861\/revisions\/4981"}],"up":[{"embeddable":true,"href":"https:\/\/laerm.ch\/it\/wp-json\/wp\/v2\/pages\/2767"}],"wp:featuredmedia":[{"embeddable":true,"href":"https:\/\/laerm.ch\/it\/wp-json\/wp\/v2\/media\/1796"}],"wp:attachment":[{"href":"https:\/\/laerm.ch\/it\/wp-json\/wp\/v2\/media?parent=2861"}],"curies":[{"name":"wp","href":"https:\/\/api.w.org\/{rel}","templated":true}]}}