{"id":2869,"date":"2024-01-25T15:16:45","date_gmt":"2024-01-25T14:16:45","guid":{"rendered":"https:\/\/laerm.ch\/giornata-contro-il-rumore\/archivio\/2012-cercasi-isole-di-pace\/"},"modified":"2025-02-04T14:05:45","modified_gmt":"2025-02-04T13:05:45","slug":"campagna-2012","status":"publish","type":"page","link":"https:\/\/laerm.ch\/it\/giornata-contro-il-rumore\/archivio\/campagna-2012\/","title":{"rendered":"2012 &#8211; Cercando oasi di quiete"},"content":{"rendered":"<div id=\"ez-toc-container\" class=\"ez-toc-v2_0_69_1 counter-hierarchy ez-toc-counter ez-toc-transparent ez-toc-container-direction\">\n<label for=\"ez-toc-cssicon-toggle-item-69d6fa0902c5f\" class=\"ez-toc-cssicon-toggle-label\"><p class=\"ez-toc-title\" style=\"cursor:inherit\">Elenco del contenuto <\/p>\n<span class=\"ez-toc-cssicon\"><span class=\"eztoc-hide\" style=\"display:none;\">Toggle<\/span><span class=\"ez-toc-icon-toggle-span\"><svg style=\"fill: #999;color:#999\" xmlns=\"http:\/\/www.w3.org\/2000\/svg\" class=\"list-377408\" width=\"20px\" height=\"20px\" viewBox=\"0 0 24 24\" fill=\"none\"><path d=\"M6 6H4v2h2V6zm14 0H8v2h12V6zM4 11h2v2H4v-2zm16 0H8v2h12v-2zM4 16h2v2H4v-2zm16 0H8v2h12v-2z\" fill=\"currentColor\"><\/path><\/svg><svg style=\"fill: #999;color:#999\" class=\"arrow-unsorted-368013\" xmlns=\"http:\/\/www.w3.org\/2000\/svg\" width=\"10px\" height=\"10px\" viewBox=\"0 0 24 24\" version=\"1.2\" baseProfile=\"tiny\"><path d=\"M18.2 9.3l-6.2-6.3-6.2 6.3c-.2.2-.3.4-.3.7s.1.5.3.7c.2.2.4.3.7.3h11c.3 0 .5-.1.7-.3.2-.2.3-.5.3-.7s-.1-.5-.3-.7zM5.8 14.7l6.2 6.3 6.2-6.3c.2-.2.3-.5.3-.7s-.1-.5-.3-.7c-.2-.2-.4-.3-.7-.3h-11c-.3 0-.5.1-.7.3-.2.2-.3.5-.3.7s.1.5.3.7z\"\/><\/svg><\/span><\/span><\/label><input type=\"checkbox\" style='display:none' id=\"ez-toc-cssicon-toggle-item-69d6fa0902c5f\" checked \/><nav><ul class='ez-toc-list ez-toc-list-level-1 ' ><li class='ez-toc-page-1 ez-toc-heading-level-2'><a class=\"ez-toc-link ez-toc-heading-1\" href=\"https:\/\/laerm.ch\/it\/giornata-contro-il-rumore\/archivio\/campagna-2012\/#rilassarsi-in-pace\" title=\"Rilassarsi in pace\">Rilassarsi in pace<\/a><\/li><li class='ez-toc-page-1 ez-toc-heading-level-2'><a class=\"ez-toc-link ez-toc-heading-2\" href=\"https:\/\/laerm.ch\/it\/giornata-contro-il-rumore\/archivio\/campagna-2012\/#oasi-di-quiete-minacciate\" title=\"Oasi di quiete minacciate\">Oasi di quiete minacciate<\/a><\/li><\/ul><\/nav><\/div>\n\n<p>Lo stress nella vita quotidiana \u00e8 spesso legato al rumore. In Svizzera, circa due terzi della popolazione si sente disturbata dal rumore. Diventa perci\u00f2 ancora pi\u00f9 importante avere la possibilit\u00e0 di trovare di tanto in tanto un&#8217;oasi di tranquillit\u00e0. Ma le aree ricreative risparmiate dall&#8217;inquinamento fonico stanno diventando sempre pi\u00f9 rare. Anche in paesaggi naturali apparentemente tranquilli, il tappeto di rumore si allarga sempre di pi\u00f9. Con il motto &#8220;Cercando oasi di quiete&#8221;, la Giornata contro il rumore di quest&#8217;anno vuole richiamare l&#8217;attenzione sull&#8217;inquinamento acustico che si diffonde sempre pi\u00f9 nelle nostre aree ricreative.<\/p>\n\n\n\n<p><a class=\"_dl\" href=\"https:\/\/laerm.ch\/wp-content\/uploads\/tgl_medienmitteilung2012.pdf\" target=\"_blank\" rel=\"noreferrer noopener\">Comunicato stampa (DE)<\/a><br><a class=\"_ex\" href=\"https:\/\/www.admin.ch\/gov\/it\/pagina-iniziale\/documentazione\/comunicati-stampa.msg-id-44240.html\" target=\"_blank\" rel=\"noreferrer noopener\">Comunicato stampa CFLR<\/a><\/p>\n\n\n\n<h2 class=\"wp-block-heading\"><span class=\"ez-toc-section\" id=\"rilassarsi-in-pace\"><\/span>Rilassarsi in pace<span class=\"ez-toc-section-end\"><\/span><\/h2>\n\n\n\n<p>La quiete non \u00e8 necessariamente sinonimo di silenzio. Il silenzio presuppone l&#8217;assenza di rumori e fonti sonore fastidiose. La quiete, invece, si riferisce all&#8217;assenza di frenesia e distrazioni. Un rumore di fondo non \u00e8 perci\u00f2 di per s\u00e9 un disturbo. I suoni piacevoli possono persino aumentare il senso di benessere personale. In particolare i suoni naturali come il canto degli uccelli, il rumore dell&#8217;acqua o il fruscio delle foglie al vento sono percepiti come piacevoli.<\/p>\n\n\n\n<h2 class=\"wp-block-heading\"><span class=\"ez-toc-section\" id=\"oasi-di-quiete-minacciate\"><\/span>Oasi di quiete minacciate<span class=\"ez-toc-section-end\"><\/span><\/h2>\n\n\n\n<p>Purtroppo le oasi di quiete non sono sempre risparmiate dal rumore. La causa \u00e8 spesso rappresentata dalle nostre attivit\u00e0 nel tempo libero. Sia che si tratti di guidare un&#8217;auto, andare in moto, fare musica o un&#8217;attivit\u00e0 sportiva. Le apparecchiature rumorose per la cura del giardino, come i tosaerba o i soffiatori di foglie, compromettono a loro volta l&#8217;ambiente sonoro di luoghi originariamente tranquilli. Anche grandi oasi di quiete vengono sempre pi\u00f9 coperte dal rumore. A causa dell&#8217;espansione degli insediamenti si stanno perdendo preziosi spazi aperti e aree ricreative di prossimit\u00e0. Allo stesso tempo, l&#8217;ampliamento della rete stradale, autostradale e ferroviaria produce sempre maggior rumore anche nelle zone tranquille.<\/p>\n\n\n\n<h2 class=\"wp-block-heading\"><\/h2>\n","protected":false},"excerpt":{"rendered":"<p>Lo stress nella vita quotidiana \u00e8 spesso legato al rumore. In Svizzera, circa due terzi della popolazione si sente disturbata dal rumore. Diventa perci\u00f2 ancora pi\u00f9 importante avere la possibilit\u00e0 di trovare di tanto in tanto un&#8217;oasi di tranquillit\u00e0. Ma le aree ricreative risparmiate dall&#8217;inquinamento fonico stanno diventando sempre pi\u00f9 rare. Anche in paesaggi naturali [&hellip;]<\/p>\n","protected":false},"author":1,"featured_media":0,"parent":2767,"menu_order":7,"comment_status":"closed","ping_status":"closed","template":"","meta":{"advgb_blocks_editor_width":"","advgb_blocks_columns_visual_guide":"","footnotes":""},"class_list":["post-2869","page","type-page","status-publish","hentry"],"yoast_head":"<!-- This site is optimized with the Yoast SEO plugin v23.7 - https:\/\/yoast.com\/wordpress\/plugins\/seo\/ -->\n<title>2012 - Cercando oasi di quiete - Rumore.ch<\/title>\n<meta name=\"robots\" content=\"index, follow, max-snippet:-1, max-image-preview:large, max-video-preview:-1\" \/>\n<link rel=\"canonical\" href=\"https:\/\/laerm.ch\/tag-gegen-laerm\/archiv\/kampagne-2012\/\" \/>\n<meta property=\"og:locale\" content=\"it_IT\" \/>\n<meta property=\"og:type\" content=\"article\" \/>\n<meta property=\"og:title\" content=\"2012 - Cercando oasi di quiete - Rumore.ch\" \/>\n<meta property=\"og:description\" content=\"Lo stress nella vita quotidiana \u00e8 spesso legato al rumore. In Svizzera, circa due terzi della popolazione si sente disturbata dal rumore. Diventa perci\u00f2 ancora pi\u00f9 importante avere la possibilit\u00e0 di trovare di tanto in tanto un&#8217;oasi di tranquillit\u00e0. Ma le aree ricreative risparmiate dall&#8217;inquinamento fonico stanno diventando sempre pi\u00f9 rare. Anche in paesaggi naturali [&hellip;]\" \/>\n<meta property=\"og:url\" content=\"https:\/\/laerm.ch\/tag-gegen-laerm\/archiv\/kampagne-2012\/\" \/>\n<meta property=\"og:site_name\" content=\"Rumore.ch\" \/>\n<meta property=\"article:modified_time\" content=\"2025-02-04T13:05:45+00:00\" \/>\n<meta name=\"twitter:card\" content=\"summary_large_image\" \/>\n<meta name=\"twitter:label1\" content=\"Tempo di lettura stimato\" \/>\n\t<meta name=\"twitter:data1\" content=\"1 minuto\" \/>\n<script type=\"application\/ld+json\" class=\"yoast-schema-graph\">{\"@context\":\"https:\/\/schema.org\",\"@graph\":[{\"@type\":\"WebPage\",\"@id\":\"https:\/\/laerm.ch\/tag-gegen-laerm\/archiv\/kampagne-2012\/\",\"url\":\"https:\/\/laerm.ch\/tag-gegen-laerm\/archiv\/kampagne-2012\/\",\"name\":\"2012 - Cercando oasi di quiete - Rumore.ch\",\"isPartOf\":{\"@id\":\"https:\/\/laerm.ch\/#website\"},\"datePublished\":\"2024-01-25T14:16:45+00:00\",\"dateModified\":\"2025-02-04T13:05:45+00:00\",\"breadcrumb\":{\"@id\":\"https:\/\/laerm.ch\/tag-gegen-laerm\/archiv\/kampagne-2012\/#breadcrumb\"},\"inLanguage\":\"it-IT\",\"potentialAction\":[{\"@type\":\"ReadAction\",\"target\":[\"https:\/\/laerm.ch\/tag-gegen-laerm\/archiv\/kampagne-2012\/\"]}]},{\"@type\":\"BreadcrumbList\",\"@id\":\"https:\/\/laerm.ch\/tag-gegen-laerm\/archiv\/kampagne-2012\/#breadcrumb\",\"itemListElement\":[{\"@type\":\"ListItem\",\"position\":1,\"name\":\"Startseite\",\"item\":\"https:\/\/test.laerm.ch\/it\/\"},{\"@type\":\"ListItem\",\"position\":2,\"name\":\"Giornata contro il rumore\",\"item\":\"https:\/\/laerm.ch\/it\/giornata-contro-il-rumore\/\"},{\"@type\":\"ListItem\",\"position\":3,\"name\":\"Archivio\",\"item\":\"https:\/\/laerm.ch\/it\/giornata-contro-il-rumore\/archivio\/\"},{\"@type\":\"ListItem\",\"position\":4,\"name\":\"2012 &#8211; Cercando oasi di quiete\"}]},{\"@type\":\"WebSite\",\"@id\":\"https:\/\/laerm.ch\/#website\",\"url\":\"https:\/\/laerm.ch\/\",\"name\":\"L\u00e4rm.ch\",\"description\":\"Benvenuti su Rumore.ch, il portale completo del Cercle Bruit sul tema del rumore e della protezione dal rumore.\",\"publisher\":{\"@id\":\"https:\/\/laerm.ch\/#organization\"},\"potentialAction\":[{\"@type\":\"SearchAction\",\"target\":{\"@type\":\"EntryPoint\",\"urlTemplate\":\"https:\/\/laerm.ch\/?s={search_term_string}\"},\"query-input\":{\"@type\":\"PropertyValueSpecification\",\"valueRequired\":true,\"valueName\":\"search_term_string\"}}],\"inLanguage\":\"it-IT\"},{\"@type\":\"Organization\",\"@id\":\"https:\/\/laerm.ch\/#organization\",\"name\":\"Cercle Bruit\",\"url\":\"https:\/\/laerm.ch\/\",\"logo\":{\"@type\":\"ImageObject\",\"inLanguage\":\"it-IT\",\"@id\":\"https:\/\/laerm.ch\/#\/schema\/logo\/image\/\",\"url\":\"https:\/\/laerm.ch\/wp-content\/uploads\/cercleBruitLogoText.png\",\"contentUrl\":\"https:\/\/laerm.ch\/wp-content\/uploads\/cercleBruitLogoText.png\",\"width\":512,\"height\":329,\"caption\":\"Cercle Bruit\"},\"image\":{\"@id\":\"https:\/\/laerm.ch\/#\/schema\/logo\/image\/\"}}]}<\/script>\n<!-- \/ Yoast SEO plugin. -->","yoast_head_json":{"title":"2012 - Cercando oasi di quiete - Rumore.ch","robots":{"index":"index","follow":"follow","max-snippet":"max-snippet:-1","max-image-preview":"max-image-preview:large","max-video-preview":"max-video-preview:-1"},"canonical":"https:\/\/laerm.ch\/tag-gegen-laerm\/archiv\/kampagne-2012\/","og_locale":"it_IT","og_type":"article","og_title":"2012 - Cercando oasi di quiete - Rumore.ch","og_description":"Lo stress nella vita quotidiana \u00e8 spesso legato al rumore. In Svizzera, circa due terzi della popolazione si sente disturbata dal rumore. Diventa perci\u00f2 ancora pi\u00f9 importante avere la possibilit\u00e0 di trovare di tanto in tanto un&#8217;oasi di tranquillit\u00e0. Ma le aree ricreative risparmiate dall&#8217;inquinamento fonico stanno diventando sempre pi\u00f9 rare. Anche in paesaggi naturali [&hellip;]","og_url":"https:\/\/laerm.ch\/tag-gegen-laerm\/archiv\/kampagne-2012\/","og_site_name":"Rumore.ch","article_modified_time":"2025-02-04T13:05:45+00:00","twitter_card":"summary_large_image","twitter_misc":{"Tempo di lettura stimato":"1 minuto"},"schema":{"@context":"https:\/\/schema.org","@graph":[{"@type":"WebPage","@id":"https:\/\/laerm.ch\/tag-gegen-laerm\/archiv\/kampagne-2012\/","url":"https:\/\/laerm.ch\/tag-gegen-laerm\/archiv\/kampagne-2012\/","name":"2012 - Cercando oasi di quiete - Rumore.ch","isPartOf":{"@id":"https:\/\/laerm.ch\/#website"},"datePublished":"2024-01-25T14:16:45+00:00","dateModified":"2025-02-04T13:05:45+00:00","breadcrumb":{"@id":"https:\/\/laerm.ch\/tag-gegen-laerm\/archiv\/kampagne-2012\/#breadcrumb"},"inLanguage":"it-IT","potentialAction":[{"@type":"ReadAction","target":["https:\/\/laerm.ch\/tag-gegen-laerm\/archiv\/kampagne-2012\/"]}]},{"@type":"BreadcrumbList","@id":"https:\/\/laerm.ch\/tag-gegen-laerm\/archiv\/kampagne-2012\/#breadcrumb","itemListElement":[{"@type":"ListItem","position":1,"name":"Startseite","item":"https:\/\/test.laerm.ch\/it\/"},{"@type":"ListItem","position":2,"name":"Giornata contro il rumore","item":"https:\/\/laerm.ch\/it\/giornata-contro-il-rumore\/"},{"@type":"ListItem","position":3,"name":"Archivio","item":"https:\/\/laerm.ch\/it\/giornata-contro-il-rumore\/archivio\/"},{"@type":"ListItem","position":4,"name":"2012 &#8211; Cercando oasi di quiete"}]},{"@type":"WebSite","@id":"https:\/\/laerm.ch\/#website","url":"https:\/\/laerm.ch\/","name":"L\u00e4rm.ch","description":"Benvenuti su Rumore.ch, il portale completo del Cercle Bruit sul tema del rumore e della protezione dal rumore.","publisher":{"@id":"https:\/\/laerm.ch\/#organization"},"potentialAction":[{"@type":"SearchAction","target":{"@type":"EntryPoint","urlTemplate":"https:\/\/laerm.ch\/?s={search_term_string}"},"query-input":{"@type":"PropertyValueSpecification","valueRequired":true,"valueName":"search_term_string"}}],"inLanguage":"it-IT"},{"@type":"Organization","@id":"https:\/\/laerm.ch\/#organization","name":"Cercle Bruit","url":"https:\/\/laerm.ch\/","logo":{"@type":"ImageObject","inLanguage":"it-IT","@id":"https:\/\/laerm.ch\/#\/schema\/logo\/image\/","url":"https:\/\/laerm.ch\/wp-content\/uploads\/cercleBruitLogoText.png","contentUrl":"https:\/\/laerm.ch\/wp-content\/uploads\/cercleBruitLogoText.png","width":512,"height":329,"caption":"Cercle Bruit"},"image":{"@id":"https:\/\/laerm.ch\/#\/schema\/logo\/image\/"}}]}},"coauthors":[],"author_meta":{"author_link":"https:\/\/laerm.ch\/it\/author\/f9c1af47f5d7fcc5\/","display_name":"admin"},"relative_dates":{"created":"Pubblicato 2 anni fa","modified":"Aggiornato 1 anno fa"},"absolute_dates":{"created":"Pubblicato il 25. Gennaio 2024","modified":"Aggiornato il 4. Febbraio 2025"},"absolute_dates_time":{"created":"Pubblicato il 25. Gennaio 2024 15:16","modified":"Aggiornato il 4. Febbraio 2025 14:05"},"featured_img_caption":"","featured_img":false,"series_order":"","_links":{"self":[{"href":"https:\/\/laerm.ch\/it\/wp-json\/wp\/v2\/pages\/2869"}],"collection":[{"href":"https:\/\/laerm.ch\/it\/wp-json\/wp\/v2\/pages"}],"about":[{"href":"https:\/\/laerm.ch\/it\/wp-json\/wp\/v2\/types\/page"}],"author":[{"embeddable":true,"href":"https:\/\/laerm.ch\/it\/wp-json\/wp\/v2\/users\/1"}],"replies":[{"embeddable":true,"href":"https:\/\/laerm.ch\/it\/wp-json\/wp\/v2\/comments?post=2869"}],"version-history":[{"count":15,"href":"https:\/\/laerm.ch\/it\/wp-json\/wp\/v2\/pages\/2869\/revisions"}],"predecessor-version":[{"id":5013,"href":"https:\/\/laerm.ch\/it\/wp-json\/wp\/v2\/pages\/2869\/revisions\/5013"}],"up":[{"embeddable":true,"href":"https:\/\/laerm.ch\/it\/wp-json\/wp\/v2\/pages\/2767"}],"wp:attachment":[{"href":"https:\/\/laerm.ch\/it\/wp-json\/wp\/v2\/media?parent=2869"}],"curies":[{"name":"wp","href":"https:\/\/api.w.org\/{rel}","templated":true}]}}