{"id":2877,"date":"2024-01-25T15:13:39","date_gmt":"2024-01-25T14:13:39","guid":{"rendered":"https:\/\/laerm.ch\/giornata-contro-il-rumore\/archivio\/2013-il-rumore-rende-muti\/"},"modified":"2025-02-04T13:21:31","modified_gmt":"2025-02-04T12:21:31","slug":"campagna-2013","status":"publish","type":"page","link":"https:\/\/laerm.ch\/it\/giornata-contro-il-rumore\/archivio\/campagna-2013\/","title":{"rendered":"2013 &#8211; Il rumore rende muti"},"content":{"rendered":"<div id=\"ez-toc-container\" class=\"ez-toc-v2_0_69_1 counter-hierarchy ez-toc-counter ez-toc-transparent ez-toc-container-direction\">\n<label for=\"ez-toc-cssicon-toggle-item-69e5322426b76\" class=\"ez-toc-cssicon-toggle-label\"><p class=\"ez-toc-title\" style=\"cursor:inherit\">Elenco del contenuto <\/p>\n<span class=\"ez-toc-cssicon\"><span class=\"eztoc-hide\" style=\"display:none;\">Toggle<\/span><span class=\"ez-toc-icon-toggle-span\"><svg style=\"fill: #999;color:#999\" xmlns=\"http:\/\/www.w3.org\/2000\/svg\" class=\"list-377408\" width=\"20px\" height=\"20px\" viewBox=\"0 0 24 24\" fill=\"none\"><path d=\"M6 6H4v2h2V6zm14 0H8v2h12V6zM4 11h2v2H4v-2zm16 0H8v2h12v-2zM4 16h2v2H4v-2zm16 0H8v2h12v-2z\" fill=\"currentColor\"><\/path><\/svg><svg style=\"fill: #999;color:#999\" class=\"arrow-unsorted-368013\" xmlns=\"http:\/\/www.w3.org\/2000\/svg\" width=\"10px\" height=\"10px\" viewBox=\"0 0 24 24\" version=\"1.2\" baseProfile=\"tiny\"><path d=\"M18.2 9.3l-6.2-6.3-6.2 6.3c-.2.2-.3.4-.3.7s.1.5.3.7c.2.2.4.3.7.3h11c.3 0 .5-.1.7-.3.2-.2.3-.5.3-.7s-.1-.5-.3-.7zM5.8 14.7l6.2 6.3 6.2-6.3c.2-.2.3-.5.3-.7s-.1-.5-.3-.7c-.2-.2-.4-.3-.7-.3h-11c-.3 0-.5.1-.7.3-.2.2-.3.5-.3.7s.1.5.3.7z\"\/><\/svg><\/span><\/span><\/label><input type=\"checkbox\" style='display:none' id=\"ez-toc-cssicon-toggle-item-69e5322426b76\" checked \/><nav><ul class='ez-toc-list ez-toc-list-level-1 ' ><li class='ez-toc-page-1 ez-toc-heading-level-2'><a class=\"ez-toc-link ez-toc-heading-1\" href=\"https:\/\/laerm.ch\/it\/giornata-contro-il-rumore\/archivio\/campagna-2013\/#il-rumore-disturba-la-comunicazione\" title=\"Il rumore disturba la comunicazione\">Il rumore disturba la comunicazione<\/a><ul class='ez-toc-list-level-3' ><li class='ez-toc-heading-level-3'><a class=\"ez-toc-link ez-toc-heading-2\" href=\"https:\/\/laerm.ch\/it\/giornata-contro-il-rumore\/archivio\/campagna-2013\/#volti-ammutoliti\" title=\"Volti ammutoliti\">Volti ammutoliti<\/a><\/li><li class='ez-toc-page-1 ez-toc-heading-level-3'><a class=\"ez-toc-link ez-toc-heading-3\" href=\"https:\/\/laerm.ch\/it\/giornata-contro-il-rumore\/archivio\/campagna-2013\/#ristoranti-e-aule-rumorose\" title=\"Ristoranti e aule rumorose\">Ristoranti e aule rumorose<\/a><\/li><li class='ez-toc-page-1 ez-toc-heading-level-3'><a class=\"ez-toc-link ez-toc-heading-4\" href=\"https:\/\/laerm.ch\/it\/giornata-contro-il-rumore\/archivio\/campagna-2013\/#reazioni-al-rumore-eccessivo\" title=\"Reazioni al rumore eccessivo\">Reazioni al rumore eccessivo<\/a><\/li><li class='ez-toc-page-1 ez-toc-heading-level-3'><a class=\"ez-toc-link ez-toc-heading-5\" href=\"https:\/\/laerm.ch\/it\/giornata-contro-il-rumore\/archivio\/campagna-2013\/#ne-soffrono-in-particolare-i-bambini-e-le-persone-con-problemi-di-udito\" title=\"Ne soffrono in particolare i bambini e le persone con problemi di udito\">Ne soffrono in particolare i bambini e le persone con problemi di udito<\/a><\/li><\/ul><\/li><\/ul><\/nav><\/div>\n\n<p>Con il motto &#8220;Il rumore rende muti&#8221;, nella Giornata contro il rumore 2013 verr\u00e0 tematizzata l&#8217;influenza del rumore sulla comunicazione verbale negli spazi pubblici. Che sia al ristorante, in un&#8217;aula scolastica o sul balcone, la comunicazione verbale \u00e8 compromessa da vari fattori di disturbo, come l&#8217;acustica della stanza o il rumore. Perch\u00e9 non capiamo pi\u00f9 il nostro interlocutore o perch\u00e9 non avvengono pi\u00f9 gli scambi verbali.<\/p>\n\n\n\n<p>In sei citt\u00e0 svizzere, attori e pantomimi attirano l&#8217;attenzione sulla Giornata contro il rumore con interazioni mirate.<\/p>\n\n\n\n<p><a class=\"_dl\" href=\"https:\/\/laerm.ch\/wp-content\/uploads\/tgl13_medienmitteilung_d.pdf\" target=\"_blank\" rel=\"noreferrer noopener\">Comunicato stampa (DE)<\/a><br><a class=\"_ex\" href=\"https:\/\/www.admin.ch\/gov\/it\/pagina-iniziale\/documentazione\/comunicati-stampa.msg-id-48609.html\" target=\"_blank\" rel=\"noreferrer noopener\">Comunicato stampa CFLR<\/a><\/p>\n\n\n<div class=\"wp-block-image\">\n<figure class=\"aligncenter size-full\"><img loading=\"lazy\" decoding=\"async\" width=\"725\" height=\"483\" src=\"https:\/\/laerm.ch\/wp-content\/uploads\/tgl_2013_1.jpg\" alt=\"\" class=\"wp-image-2111\" srcset=\"https:\/\/laerm.ch\/wp-content\/uploads\/tgl_2013_1.jpg 725w, https:\/\/laerm.ch\/wp-content\/uploads\/tgl_2013_1-300x200.jpg 300w\" sizes=\"(max-width: 725px) 100vw, 725px\" \/><figcaption class=\"wp-element-caption\">Foto: Umsicht<\/figcaption><\/figure><\/div>\n\n\n<h2 class=\"wp-block-heading\"><span class=\"ez-toc-section\" id=\"il-rumore-disturba-la-comunicazione\"><\/span>Il rumore disturba la comunicazione<span class=\"ez-toc-section-end\"><\/span><\/h2>\n\n\n\n<p><strong>Che si tratti di spazi pubblici, ristoranti o aule scolastiche, il rumore ha un impatto negativo. La comprensione del linguaggio viene peggiorata e il rumore eccessivo provoca disturbi nella comunicazione verbale e riduce la capacit\u00e0 di apprendimento.<\/strong><\/p>\n\n\n\n<p>Usiamo gli spazi pubblici per intrattenerci, per mangiare, per fare sport, come luogo di incontro o per attivit\u00e0 culturali. Il bisogno di comunicazione della popolazione negli spazi all&#8217;aperto \u00e8 grande, ma il rumore \u00e8 un regolare fattore di disturbo che ostacola il dialogo.<\/p>\n\n\n\n<h3 class=\"wp-block-heading\"><span class=\"ez-toc-section\" id=\"volti-ammutoliti\"><\/span>Volti ammutoliti<span class=\"ez-toc-section-end\"><\/span><\/h3>\n\n\n\n<p>Lo spazio pubblico rappresenta l&#8217;arteria vitale di una citt\u00e0 o di un villaggio ed \u00e8 essenzialmente caratterizzato dalle interazioni tra le persone. Se questo scambio \u00e8 reso impossibile o viene disturbato da varie fonti di rumore, si perde una parte rilevante della qualit\u00e0 di vita. Le immagini di persone silenziose agli incroci delle strade, nelle piazze pubbliche o nei caff\u00e8 all&#8217;aperto fanno parte del paesaggio urbano: spesso c&#8217;\u00e8 semplicemente troppo rumore per poter conversare. Allo stesso modo, zone di incontro sociale o parchi creati con grande entusiasmo rimangono vuoti, se l&#8217;ambiente acustico cirstostante disturba. Anche se in molti luoghi le misure di protezione dall&#8217;inquinamento fonico e di moderazione del traffico contribuiscono a migliorare la situazione, la prospettiva di dover urlare contro l&#8217;interlocutore per farsi capire spesso mette a tacere molte persone. Tuttavia, i problemi di comunicazione non esistono solo negli spazi pubblici; anche spazi all&#8217;interno, come i ristoranti o le aule scolastiche, risultano spesso troppo rumorosi.<\/p>\n\n\n\n<h3 class=\"wp-block-heading\"><span class=\"ez-toc-section\" id=\"ristoranti-e-aule-rumorose\"><\/span>Ristoranti e aule rumorose<span class=\"ez-toc-section-end\"><\/span><\/h3>\n\n\n\n<p>Conosciamo tutti la spiacevole sensazione che si prova quando il livello di rumore in un ristorante rende impossibile una conversazione rilassata. Ascoltare diventa un supplizio, parlare una prova di forza. Oltre al brusio delle voci, si assommano la musica di sottofondo, il tintinnio dei bicchieri e il borbottio della macchina del caff\u00e8 creando un incessante rumore di fondo di disturbo. Spesso responsabile di questa situazione inconveniente \u00e8 l&#8217;acustica degli ambienti, spesso trascurata in fase di progettazione e nell&#8217;arredamento degli interni. Un problema che non \u00e8 risolto in modo ottimale nemmeno in molte aule scolastiche. In sostanza; pi\u00f9 un materiale \u00e8 liscio, pi\u00f9 perdura il periodo di riverbero del suono. Nelle ambienti rumorose, questo aspetto pu\u00f2 essere migliorato utilizzando tessuti come tende, tappeti e quadri, piante oppure pannelli isolanti fonoassorbenti.<\/p>\n\n\n\n<h3 class=\"wp-block-heading\"><span class=\"ez-toc-section\" id=\"reazioni-al-rumore-eccessivo\"><\/span>Reazioni al rumore eccessivo<span class=\"ez-toc-section-end\"><\/span><\/h3>\n\n\n\n<p>Gli effetti negativi del rumore sulla comunicazione verbale vengono contrastati in diversi modi. Alcuni cercano di ascoltare con maggiore concentrazione, altri iniziano a parlare pi\u00f9 forte. Tuttavia, un ascolto migliore richiede una maggiore attenzione. Di solito questo limita la capacit\u00e0 di svolgere altri compiti contemporaneamente. In classe, ad esempio, queste condizioni causano problemi di concentrazione e ad un&#8217;atmosfera irritata tra gli alunni e tra gli insegnanti. In un ristorante, spesso ci sono solo due vie d&#8217;uscita: fuggire in un luogo pi\u00f9 tranquillo o parlare meno e consumare di pi\u00f9. Non \u00e8 un segreto che in molti ristoranti e bar il livello di rumore viene deliberatamente mantenuto alto per incrementare le vendite di bevande.<\/p>\n\n\n\n<h3 class=\"wp-block-heading\"><span class=\"ez-toc-section\" id=\"ne-soffrono-in-particolare-i-bambini-e-le-persone-con-problemi-di-udito\"><\/span>Ne soffrono in particolare i bambini e le persone con problemi di udito<span class=\"ez-toc-section-end\"><\/span><\/h3>\n\n\n\n<p>L&#8217;effetto diretto del rumore sulla comunicazione \u00e8 che il segnale vocale viene distorto dal rumore. L&#8217;ascoltatore non \u00e8 pi\u00f9 in grado di decodificare correttamente il messaggio verbale. Deve far conto o sulla capacit\u00e0 di dedurre i contenuti mancanti dal contesto o sul fatto che chi parla alzi il suo livello di voce. Per i bambini, la distorsione del parlato e l&#8217;interruzione della comunicazione (rumore del traffico, ecc.) diventano un problema perch\u00e9 hanno ancora un vocabolario ridotto e una memoria acustica limitata. \u00c8 quindi difficile per i bambini inserire nel giusto contesto i contenuti che hanno perso. L&#8217;esposizione cronica al rumore pu\u00f2 avere conseguenze negative sullo sviluppo del linguaggio del bambino. Ulteriormente svantaggiate sono anche le persone con problemi di udito lievi e moderati. Non sorprende che, sotto l&#8217;influenza del rumore, molti utilizzatori di apparecchi acustici abbiano solo possibilit\u00e0 limitate di comunicazione e si ritirino con rassegnazione dalla vita sociale.<\/p>\n","protected":false},"excerpt":{"rendered":"<p>Con il motto &#8220;Il rumore rende muti&#8221;, nella Giornata contro il rumore 2013 verr\u00e0 tematizzata l&#8217;influenza del rumore sulla comunicazione verbale negli spazi pubblici. Che sia al ristorante, in un&#8217;aula scolastica o sul balcone, la comunicazione verbale \u00e8 compromessa da vari fattori di disturbo, come l&#8217;acustica della stanza o il rumore. Perch\u00e9 non capiamo pi\u00f9 [&hellip;]<\/p>\n","protected":false},"author":1,"featured_media":2121,"parent":2767,"menu_order":8,"comment_status":"closed","ping_status":"closed","template":"","meta":{"advgb_blocks_editor_width":"","advgb_blocks_columns_visual_guide":"","footnotes":""},"class_list":["post-2877","page","type-page","status-publish","has-post-thumbnail","hentry"],"yoast_head":"<!-- This site is optimized with the Yoast SEO plugin v23.7 - https:\/\/yoast.com\/wordpress\/plugins\/seo\/ -->\n<title>2013 - Il rumore rende muti - Rumore.ch<\/title>\n<meta name=\"robots\" content=\"index, follow, max-snippet:-1, max-image-preview:large, max-video-preview:-1\" \/>\n<link rel=\"canonical\" href=\"https:\/\/laerm.ch\/tag-gegen-laerm\/archiv\/kampagne-2013\/\" \/>\n<meta property=\"og:locale\" content=\"it_IT\" \/>\n<meta property=\"og:type\" content=\"article\" \/>\n<meta property=\"og:title\" content=\"2013 - Il rumore rende muti - Rumore.ch\" \/>\n<meta property=\"og:description\" content=\"Con il motto &#8220;Il rumore rende muti&#8221;, nella Giornata contro il rumore 2013 verr\u00e0 tematizzata l&#8217;influenza del rumore sulla comunicazione verbale negli spazi pubblici. Che sia al ristorante, in un&#8217;aula scolastica o sul balcone, la comunicazione verbale \u00e8 compromessa da vari fattori di disturbo, come l&#8217;acustica della stanza o il rumore. Perch\u00e9 non capiamo pi\u00f9 [&hellip;]\" \/>\n<meta property=\"og:url\" content=\"https:\/\/laerm.ch\/tag-gegen-laerm\/archiv\/kampagne-2013\/\" \/>\n<meta property=\"og:site_name\" content=\"Rumore.ch\" \/>\n<meta property=\"article:modified_time\" content=\"2025-02-04T12:21:31+00:00\" \/>\n<meta property=\"og:image\" content=\"https:\/\/laerm.ch\/wp-content\/uploads\/tag-gegen-laerm-2013_it.jpg\" \/>\n\t<meta property=\"og:image:width\" content=\"725\" \/>\n\t<meta property=\"og:image:height\" content=\"300\" \/>\n\t<meta property=\"og:image:type\" content=\"image\/jpeg\" \/>\n<meta name=\"twitter:card\" content=\"summary_large_image\" \/>\n<meta name=\"twitter:label1\" content=\"Tempo di lettura stimato\" \/>\n\t<meta name=\"twitter:data1\" content=\"4 minuti\" \/>\n<script type=\"application\/ld+json\" class=\"yoast-schema-graph\">{\"@context\":\"https:\/\/schema.org\",\"@graph\":[{\"@type\":\"WebPage\",\"@id\":\"https:\/\/laerm.ch\/tag-gegen-laerm\/archiv\/kampagne-2013\/\",\"url\":\"https:\/\/laerm.ch\/tag-gegen-laerm\/archiv\/kampagne-2013\/\",\"name\":\"2013 - Il rumore rende muti - Rumore.ch\",\"isPartOf\":{\"@id\":\"https:\/\/laerm.ch\/#website\"},\"primaryImageOfPage\":{\"@id\":\"https:\/\/laerm.ch\/tag-gegen-laerm\/archiv\/kampagne-2013\/#primaryimage\"},\"image\":{\"@id\":\"https:\/\/laerm.ch\/tag-gegen-laerm\/archiv\/kampagne-2013\/#primaryimage\"},\"thumbnailUrl\":\"https:\/\/laerm.ch\/wp-content\/uploads\/tag-gegen-laerm-2013_it.jpg\",\"datePublished\":\"2024-01-25T14:13:39+00:00\",\"dateModified\":\"2025-02-04T12:21:31+00:00\",\"breadcrumb\":{\"@id\":\"https:\/\/laerm.ch\/tag-gegen-laerm\/archiv\/kampagne-2013\/#breadcrumb\"},\"inLanguage\":\"it-IT\",\"potentialAction\":[{\"@type\":\"ReadAction\",\"target\":[\"https:\/\/laerm.ch\/tag-gegen-laerm\/archiv\/kampagne-2013\/\"]}]},{\"@type\":\"ImageObject\",\"inLanguage\":\"it-IT\",\"@id\":\"https:\/\/laerm.ch\/tag-gegen-laerm\/archiv\/kampagne-2013\/#primaryimage\",\"url\":\"https:\/\/laerm.ch\/wp-content\/uploads\/tag-gegen-laerm-2013_it.jpg\",\"contentUrl\":\"https:\/\/laerm.ch\/wp-content\/uploads\/tag-gegen-laerm-2013_it.jpg\",\"width\":725,\"height\":300},{\"@type\":\"BreadcrumbList\",\"@id\":\"https:\/\/laerm.ch\/tag-gegen-laerm\/archiv\/kampagne-2013\/#breadcrumb\",\"itemListElement\":[{\"@type\":\"ListItem\",\"position\":1,\"name\":\"Startseite\",\"item\":\"https:\/\/test.laerm.ch\/it\/\"},{\"@type\":\"ListItem\",\"position\":2,\"name\":\"Giornata contro il rumore\",\"item\":\"https:\/\/laerm.ch\/it\/giornata-contro-il-rumore\/\"},{\"@type\":\"ListItem\",\"position\":3,\"name\":\"Archivio\",\"item\":\"https:\/\/laerm.ch\/it\/giornata-contro-il-rumore\/archivio\/\"},{\"@type\":\"ListItem\",\"position\":4,\"name\":\"2013 &#8211; Il rumore rende muti\"}]},{\"@type\":\"WebSite\",\"@id\":\"https:\/\/laerm.ch\/#website\",\"url\":\"https:\/\/laerm.ch\/\",\"name\":\"L\u00e4rm.ch\",\"description\":\"Benvenuti su Rumore.ch, il portale completo del Cercle Bruit sul tema del rumore e della protezione dal rumore.\",\"publisher\":{\"@id\":\"https:\/\/laerm.ch\/#organization\"},\"potentialAction\":[{\"@type\":\"SearchAction\",\"target\":{\"@type\":\"EntryPoint\",\"urlTemplate\":\"https:\/\/laerm.ch\/?s={search_term_string}\"},\"query-input\":{\"@type\":\"PropertyValueSpecification\",\"valueRequired\":true,\"valueName\":\"search_term_string\"}}],\"inLanguage\":\"it-IT\"},{\"@type\":\"Organization\",\"@id\":\"https:\/\/laerm.ch\/#organization\",\"name\":\"Cercle Bruit\",\"url\":\"https:\/\/laerm.ch\/\",\"logo\":{\"@type\":\"ImageObject\",\"inLanguage\":\"it-IT\",\"@id\":\"https:\/\/laerm.ch\/#\/schema\/logo\/image\/\",\"url\":\"https:\/\/laerm.ch\/wp-content\/uploads\/cercleBruitLogoText.png\",\"contentUrl\":\"https:\/\/laerm.ch\/wp-content\/uploads\/cercleBruitLogoText.png\",\"width\":512,\"height\":329,\"caption\":\"Cercle Bruit\"},\"image\":{\"@id\":\"https:\/\/laerm.ch\/#\/schema\/logo\/image\/\"}}]}<\/script>\n<!-- \/ Yoast SEO plugin. -->","yoast_head_json":{"title":"2013 - Il rumore rende muti - Rumore.ch","robots":{"index":"index","follow":"follow","max-snippet":"max-snippet:-1","max-image-preview":"max-image-preview:large","max-video-preview":"max-video-preview:-1"},"canonical":"https:\/\/laerm.ch\/tag-gegen-laerm\/archiv\/kampagne-2013\/","og_locale":"it_IT","og_type":"article","og_title":"2013 - Il rumore rende muti - Rumore.ch","og_description":"Con il motto &#8220;Il rumore rende muti&#8221;, nella Giornata contro il rumore 2013 verr\u00e0 tematizzata l&#8217;influenza del rumore sulla comunicazione verbale negli spazi pubblici. Che sia al ristorante, in un&#8217;aula scolastica o sul balcone, la comunicazione verbale \u00e8 compromessa da vari fattori di disturbo, come l&#8217;acustica della stanza o il rumore. Perch\u00e9 non capiamo pi\u00f9 [&hellip;]","og_url":"https:\/\/laerm.ch\/tag-gegen-laerm\/archiv\/kampagne-2013\/","og_site_name":"Rumore.ch","article_modified_time":"2025-02-04T12:21:31+00:00","og_image":[{"width":725,"height":300,"url":"https:\/\/laerm.ch\/wp-content\/uploads\/tag-gegen-laerm-2013_it.jpg","type":"image\/jpeg"}],"twitter_card":"summary_large_image","twitter_misc":{"Tempo di lettura stimato":"4 minuti"},"schema":{"@context":"https:\/\/schema.org","@graph":[{"@type":"WebPage","@id":"https:\/\/laerm.ch\/tag-gegen-laerm\/archiv\/kampagne-2013\/","url":"https:\/\/laerm.ch\/tag-gegen-laerm\/archiv\/kampagne-2013\/","name":"2013 - Il rumore rende muti - Rumore.ch","isPartOf":{"@id":"https:\/\/laerm.ch\/#website"},"primaryImageOfPage":{"@id":"https:\/\/laerm.ch\/tag-gegen-laerm\/archiv\/kampagne-2013\/#primaryimage"},"image":{"@id":"https:\/\/laerm.ch\/tag-gegen-laerm\/archiv\/kampagne-2013\/#primaryimage"},"thumbnailUrl":"https:\/\/laerm.ch\/wp-content\/uploads\/tag-gegen-laerm-2013_it.jpg","datePublished":"2024-01-25T14:13:39+00:00","dateModified":"2025-02-04T12:21:31+00:00","breadcrumb":{"@id":"https:\/\/laerm.ch\/tag-gegen-laerm\/archiv\/kampagne-2013\/#breadcrumb"},"inLanguage":"it-IT","potentialAction":[{"@type":"ReadAction","target":["https:\/\/laerm.ch\/tag-gegen-laerm\/archiv\/kampagne-2013\/"]}]},{"@type":"ImageObject","inLanguage":"it-IT","@id":"https:\/\/laerm.ch\/tag-gegen-laerm\/archiv\/kampagne-2013\/#primaryimage","url":"https:\/\/laerm.ch\/wp-content\/uploads\/tag-gegen-laerm-2013_it.jpg","contentUrl":"https:\/\/laerm.ch\/wp-content\/uploads\/tag-gegen-laerm-2013_it.jpg","width":725,"height":300},{"@type":"BreadcrumbList","@id":"https:\/\/laerm.ch\/tag-gegen-laerm\/archiv\/kampagne-2013\/#breadcrumb","itemListElement":[{"@type":"ListItem","position":1,"name":"Startseite","item":"https:\/\/test.laerm.ch\/it\/"},{"@type":"ListItem","position":2,"name":"Giornata contro il rumore","item":"https:\/\/laerm.ch\/it\/giornata-contro-il-rumore\/"},{"@type":"ListItem","position":3,"name":"Archivio","item":"https:\/\/laerm.ch\/it\/giornata-contro-il-rumore\/archivio\/"},{"@type":"ListItem","position":4,"name":"2013 &#8211; Il rumore rende muti"}]},{"@type":"WebSite","@id":"https:\/\/laerm.ch\/#website","url":"https:\/\/laerm.ch\/","name":"L\u00e4rm.ch","description":"Benvenuti su Rumore.ch, il portale completo del Cercle Bruit sul tema del rumore e della protezione dal rumore.","publisher":{"@id":"https:\/\/laerm.ch\/#organization"},"potentialAction":[{"@type":"SearchAction","target":{"@type":"EntryPoint","urlTemplate":"https:\/\/laerm.ch\/?s={search_term_string}"},"query-input":{"@type":"PropertyValueSpecification","valueRequired":true,"valueName":"search_term_string"}}],"inLanguage":"it-IT"},{"@type":"Organization","@id":"https:\/\/laerm.ch\/#organization","name":"Cercle Bruit","url":"https:\/\/laerm.ch\/","logo":{"@type":"ImageObject","inLanguage":"it-IT","@id":"https:\/\/laerm.ch\/#\/schema\/logo\/image\/","url":"https:\/\/laerm.ch\/wp-content\/uploads\/cercleBruitLogoText.png","contentUrl":"https:\/\/laerm.ch\/wp-content\/uploads\/cercleBruitLogoText.png","width":512,"height":329,"caption":"Cercle Bruit"},"image":{"@id":"https:\/\/laerm.ch\/#\/schema\/logo\/image\/"}}]}},"coauthors":[],"author_meta":{"author_link":"https:\/\/laerm.ch\/it\/author\/f9c1af47f5d7fcc5\/","display_name":"admin"},"relative_dates":{"created":"Pubblicato 2 anni fa","modified":"Aggiornato 1 anno fa"},"absolute_dates":{"created":"Pubblicato il 25. Gennaio 2024","modified":"Aggiornato il 4. Febbraio 2025"},"absolute_dates_time":{"created":"Pubblicato il 25. Gennaio 2024 15:13","modified":"Aggiornato il 4. Febbraio 2025 13:21"},"featured_img_caption":"","featured_img":"https:\/\/laerm.ch\/wp-content\/uploads\/tag-gegen-laerm-2013_it.jpg","series_order":"","_links":{"self":[{"href":"https:\/\/laerm.ch\/it\/wp-json\/wp\/v2\/pages\/2877"}],"collection":[{"href":"https:\/\/laerm.ch\/it\/wp-json\/wp\/v2\/pages"}],"about":[{"href":"https:\/\/laerm.ch\/it\/wp-json\/wp\/v2\/types\/page"}],"author":[{"embeddable":true,"href":"https:\/\/laerm.ch\/it\/wp-json\/wp\/v2\/users\/1"}],"replies":[{"embeddable":true,"href":"https:\/\/laerm.ch\/it\/wp-json\/wp\/v2\/comments?post=2877"}],"version-history":[{"count":9,"href":"https:\/\/laerm.ch\/it\/wp-json\/wp\/v2\/pages\/2877\/revisions"}],"predecessor-version":[{"id":5006,"href":"https:\/\/laerm.ch\/it\/wp-json\/wp\/v2\/pages\/2877\/revisions\/5006"}],"up":[{"embeddable":true,"href":"https:\/\/laerm.ch\/it\/wp-json\/wp\/v2\/pages\/2767"}],"wp:featuredmedia":[{"embeddable":true,"href":"https:\/\/laerm.ch\/it\/wp-json\/wp\/v2\/media\/2121"}],"wp:attachment":[{"href":"https:\/\/laerm.ch\/it\/wp-json\/wp\/v2\/media?parent=2877"}],"curies":[{"name":"wp","href":"https:\/\/api.w.org\/{rel}","templated":true}]}}