{"id":2908,"date":"2024-01-22T16:43:51","date_gmt":"2024-01-22T15:43:51","guid":{"rendered":"https:\/\/laerm.ch\/giornata-contro-il-rumore\/archivio\/2017-tranquillita-promuove\/"},"modified":"2024-05-05T11:25:22","modified_gmt":"2024-05-05T09:25:22","slug":"campagna-2017","status":"publish","type":"page","link":"https:\/\/laerm.ch\/it\/giornata-contro-il-rumore\/archivio\/campagna-2017\/","title":{"rendered":"2017 &#8211; La quiete stimola"},"content":{"rendered":"<div id=\"ez-toc-container\" class=\"ez-toc-v2_0_69_1 counter-hierarchy ez-toc-counter ez-toc-transparent ez-toc-container-direction\">\n<label for=\"ez-toc-cssicon-toggle-item-69e4d047d9b94\" class=\"ez-toc-cssicon-toggle-label\"><p class=\"ez-toc-title\" style=\"cursor:inherit\">Elenco del contenuto <\/p>\n<span class=\"ez-toc-cssicon\"><span class=\"eztoc-hide\" style=\"display:none;\">Toggle<\/span><span class=\"ez-toc-icon-toggle-span\"><svg style=\"fill: #999;color:#999\" xmlns=\"http:\/\/www.w3.org\/2000\/svg\" class=\"list-377408\" width=\"20px\" height=\"20px\" viewBox=\"0 0 24 24\" fill=\"none\"><path d=\"M6 6H4v2h2V6zm14 0H8v2h12V6zM4 11h2v2H4v-2zm16 0H8v2h12v-2zM4 16h2v2H4v-2zm16 0H8v2h12v-2z\" fill=\"currentColor\"><\/path><\/svg><svg style=\"fill: #999;color:#999\" class=\"arrow-unsorted-368013\" xmlns=\"http:\/\/www.w3.org\/2000\/svg\" width=\"10px\" height=\"10px\" viewBox=\"0 0 24 24\" version=\"1.2\" baseProfile=\"tiny\"><path d=\"M18.2 9.3l-6.2-6.3-6.2 6.3c-.2.2-.3.4-.3.7s.1.5.3.7c.2.2.4.3.7.3h11c.3 0 .5-.1.7-.3.2-.2.3-.5.3-.7s-.1-.5-.3-.7zM5.8 14.7l6.2 6.3 6.2-6.3c.2-.2.3-.5.3-.7s-.1-.5-.3-.7c-.2-.2-.4-.3-.7-.3h-11c-.3 0-.5.1-.7.3-.2.2-.3.5-.3.7s.1.5.3.7z\"\/><\/svg><\/span><\/span><\/label><input type=\"checkbox\" style='display:none' id=\"ez-toc-cssicon-toggle-item-69e4d047d9b94\" checked \/><nav><ul class='ez-toc-list ez-toc-list-level-1 ' ><li class='ez-toc-page-1 ez-toc-heading-level-2'><a class=\"ez-toc-link ez-toc-heading-1\" href=\"https:\/\/laerm.ch\/it\/giornata-contro-il-rumore\/archivio\/campagna-2017\/#il-rumore-fa-ammalare\" title=\"Il rumore fa ammalare\">Il rumore fa ammalare<\/a><ul class='ez-toc-list-level-3' ><li class='ez-toc-heading-level-3'><a class=\"ez-toc-link ez-toc-heading-2\" href=\"https:\/\/laerm.ch\/it\/giornata-contro-il-rumore\/archivio\/campagna-2017\/#i-bambini-sono-particolarmente-a-rischio\" title=\"I bambini sono particolarmente a rischio\">I bambini sono particolarmente a rischio<\/a><\/li><li class='ez-toc-page-1 ez-toc-heading-level-3'><a class=\"ez-toc-link ez-toc-heading-3\" href=\"https:\/\/laerm.ch\/it\/giornata-contro-il-rumore\/archivio\/campagna-2017\/#conseguenze-del-rumore-eccessivo\" title=\"Conseguenze del rumore eccessivo\">Conseguenze del rumore eccessivo<\/a><\/li><li class='ez-toc-page-1 ez-toc-heading-level-3'><a class=\"ez-toc-link ez-toc-heading-4\" href=\"https:\/\/laerm.ch\/it\/giornata-contro-il-rumore\/archivio\/campagna-2017\/#cosa-fare-protezione-dal-rumore-nella-vita-quotidiana\" title=\"Cosa fare? Protezione dal rumore nella vita quotidiana\">Cosa fare? Protezione dal rumore nella vita quotidiana<\/a><\/li><\/ul><\/li><\/ul><\/nav><\/div>\n\n<p>La Giornata contro il rumore 2017 si \u00e8 svolta il <strong>26 aprile<\/strong> all&#8217;insegna del motto &#8220;La quiete stimola&#8221;.<\/p>\n\n<p>Il rumore disturba e pu\u00f2 far ammalare le persone, compresi i bambini. Il rumore pu\u00f2 ainfluire negativamente sul loro sviluppo e sul rendimento scolastico. L&#8217;esposizione cronica al rumore pu\u00f2 provocare reazioni di stress fisico e mentale. La tranquillit\u00e0, invece, favorisce il benessere, la salute e la capacit\u00e0 di apprendimento. Nella Giornata contro il rumore 2017, l&#8217;attenzione si \u00e8 concentrata sugli effetti del rumore sui bambini. I bambini hanno bisogno per uno sviluppo sano di un ambiente &#8220;sano&#8221; &#8211; in questo senso la tranquillit\u00e0 stimola.<\/p>\n\n<p><a class=\"_dl\" href=\"http:\/\/www.laerm.ch\/dokumente\/Comunicato.pdf\" target=\"_blank\" rel=\"noreferrer noopener\">Comunicato stampa<\/a><\/p>\n\n<h2 class=\"wp-block-heading\"><span class=\"ez-toc-section\" id=\"il-rumore-fa-ammalare\"><\/span>Il rumore fa ammalare<span class=\"ez-toc-section-end\"><\/span><\/h2>\n\n<p>Rumori forti e sconosciuti rappresentavano un segnale di pericolo nei tempi primordiali. Il corpo si mette quindi <strong>in stato di allerta<\/strong> quando sente un rumore e si predispone a fuggire. Oggi la nostra vita e le condizioni ambientali sono certo diverse, ma il nostro corpo reagisce sempre allo stesso modo. Un rumore eccessivo provoca il rilascio di ormoni dello stress. Ne consegueno un maggiore stato di vigilanza e un aumento della pressione sanguigna e della frequenza cardiaca. Il nostro corpo non si abitua al rumore, anche se abbiamo l&#8217;impressione del contrario. Se siamo spesso esposti al rumore, il corpo pu\u00f2 ammalarsi. Ci\u00f2 non riguarda solo gli adulti, ma anche i bambini.<\/p>\n\n<h3 class=\"wp-block-heading\"><span class=\"ez-toc-section\" id=\"i-bambini-sono-particolarmente-a-rischio\"><\/span>I bambini sono particolarmente a rischio<span class=\"ez-toc-section-end\"><\/span><\/h3>\n\n<p>I bambini sono particolarmente minacciati, poich\u00e9 da un lato manca loro la consapevolezza degli effetti nocivi del rumore. Dall&#8217;altro lato, essi sono meno in grado di influenzare il loro ambiente acustico. Mentre gli adulti e i bambini pi\u00f9 grandi possono allontanarsi dalla fonte o coprirsi le orecchie quando sono esposti a un rumore eccessivo, i <strong>neonati e i bambini piccoli<\/strong> sono spesso in bal\u00eca di un alto livello di rumore. Si aggiungono inoltre le peculiarit\u00e0 anatomiche del condotto uditivo nel bambino, che aumentano gli effetti dei suoni allo stesso volume. Il rischio \u00e8 particolarmente elevato per i bambini fino a 5 anni d&#8217;et\u00e0.<\/p>\n\n<h3 class=\"wp-block-heading\"><span class=\"ez-toc-section\" id=\"conseguenze-del-rumore-eccessivo\"><\/span>Conseguenze del rumore eccessivo<span class=\"ez-toc-section-end\"><\/span><\/h3>\n\n<p>Spesso i genitori non sono consapevoli del fatto che un&#8217;eccessiva esposizione al rumore durante l&#8217;infanzia pu\u00f2 avere conseguenze per tutta la vita. Perch\u00e9 vengano provocati danni alla salute sono sufficienti livelli sonori che, pur non danneggiando l&#8217;udito, hanno per\u00f2 un effetto sull&#8217;intero organismo. L&#8217;esposizione cronica al rumore pu\u00f2 scatenare reazioni di stress fisico e psichico. Ne possono derivare, ad esempio, <strong>ipertensione<\/strong> e<strong> disturbi del sonno<\/strong>. Questi ultimi sono particolarmente critici, poich\u00e9 le reazioni di risveglio durante la notte avvengono spesso in modo inconsapevole, e possono quindi restare per molto tempo irriconosciute. Poich\u00e9 i bambini dormono pi\u00f9 a lungo, sono maggiormente esposti al rumore notturno. Questo pu\u00f2 compromettere il sano sviluppo del bambino. Se i bambini soffrono gi\u00e0 di ipertensione, il rischio di malattie cardiovascolari aumenta con l&#8217;et\u00e0. In correlazione con i disturbi del sonno e con lo stress causati dal rumore sono stati osservati anche l&#8217;<strong>obesit\u00e0 <\/strong>e il<strong> diabete.<\/strong> All&#8217;eccessiva esposizione al rumore vengono anche associati l&#8217;<strong>iperattivit\u00e0<\/strong> e altri <strong>problemi comportamentali<\/strong>.<\/p>\n\n<p>L&#8217;esposizione prolungata al rumore porta anche a una <strong>riduzione delle prestazioni cognitive<\/strong>. Il rumore compromette la memoria, riducendo la capacit\u00e0 di concentrazione e di memorizzazione. Questo rallenta a sua volta il processo di apprendimento. Uno studio condotto in Germania ha dimostrato che quando il livello di rumore aumenta di 10 dB i bambini imparano a leggere con un mese di ritardo. Pu\u00f2 sembrare poco, ma ci\u00f2 che \u00e8 rilevante \u00e8 che questo ritardo si protrae per tutta la carriera scolastica.<\/p>\n\n<p>Il rumore ambientale ha un effetto negativo sullo <strong>sviluppo del linguaggio<\/strong> del bambino. Ad esempio, se la radio o la televisione sono costantemente in sottofondo, i bambini hanno difficolt\u00e0 a filtrare le parole della persona che li cura dal rumore ambientale. I bambini inoltre in un ambiente rumoroso vengono interpellati direttamente spesso con minor fraquenza. Questo fatto \u00e8 problematico per l&#8217;acquisizione del linguaggio, perch\u00e9 i bambini imparano a parlare ascoltando.<\/p>\n\n<p>Livelli sonori elevati, compresi tra 100 e 120 dB, protratti per minuti od ore, possono provocare danni meccanici e metabolici nell&#8217;orecchio interno e portare a <strong>perdita dell&#8217;udito<\/strong>. A 130 dB, sono sufficienti anche solo pochi secondi. Una pistola giocattolo raggiunge, anche a una distanza di 25 centimetri dall&#8217;orecchio, ancora 150 dB! I giocattoli rumorosi, ma anche l&#8217;ascolto di musica ad alto volume, hanno portato a un aumento della perdita dell&#8217;udito nei bambini e negli adolescenti. L&#8217;aspetto insidioso dei danni all&#8217;udito \u00e8 che spesso progrediscono lentamente e restando inosservati.<\/p>\n\n<h3 class=\"wp-block-heading\"><span class=\"ez-toc-section\" id=\"cosa-fare-protezione-dal-rumore-nella-vita-quotidiana\"><\/span>Cosa fare? Protezione dal rumore nella vita quotidiana<span class=\"ez-toc-section-end\"><\/span><\/h3>\n\n<div class=\"wp-block-columns is-layout-flex wp-container-core-columns-is-layout-1 wp-block-columns-is-layout-flex\">\n<div class=\"wp-block-column is-layout-flow wp-block-column-is-layout-flow\">\n<p>Cosa possiamo fare perci\u00f2 per proteggere i bambini dal rumore nella vita quotidiana? Anche misure molto semplici aiutano:<\/p>\n\n\n\n<ul class=\"wp-block-list\">\n<li>Testate sempre i giocattoli per bambini sulle vostre orecchie prima di acquistarli<\/li>\n\n\n\n<li>Non lasciate accese la radio e la televione sullo sfondo ininterrottamente.<\/li>\n\n\n\n<li>Abbiate cura che i vostri figli possano dormire profondamente in tranquillit\u00e0. Se possibile, sistemate le stanze dei bambini sul lato dell&#8217;appartamento opposto rispetto alla strada. Abbassate il volume della radio, della televisione e delle vostre discussioni quando i bambini dormono nella stanza accanto.<\/li>\n\n\n\n<li>Partecipate a eventi rumorosi senza i vostri bambini piccoli.<\/li>\n\n\n\n<li>Create isole di tranquillit\u00e0 per voi stessi e i vostri figli: gi\u00e0 solo 10 minuti di rilassamento aiutano a migliorare le prestazioni cognitive, la nostra salute e il nostro benessere.<\/li>\n<\/ul>\n<\/div>\n\n\n\n<div class=\"wp-block-column is-layout-flow wp-block-column-is-layout-flow\" style=\"flex-basis:300px\"><div class=\"wp-block-image\">\n<figure class=\"aligncenter size-full\"><img loading=\"lazy\" decoding=\"async\" width=\"300\" height=\"384\" src=\"https:\/\/laerm.ch\/wp-content\/uploads\/KeepCalm.jpg\" alt=\"\" class=\"wp-image-2051\" srcset=\"https:\/\/laerm.ch\/wp-content\/uploads\/KeepCalm.jpg 300w, https:\/\/laerm.ch\/wp-content\/uploads\/KeepCalm-234x300.jpg 234w\" sizes=\"(max-width: 300px) 100vw, 300px\" \/><figcaption class=\"wp-element-caption\">La targhetta colorata da appendere alla porta ricorda quanto la tranquillit\u00e0 sia importante per uno sviluppo sano.<\/figcaption><\/figure><\/div><\/div>\n<\/div>\n\n<p>Il rumore \u00e8 un <strong>suono indesiderato<\/strong>. Il volume del suono viene espresso in decibel dB. La scala logaritmica dei decibel copre l&#8217;intero intervallo del volume sonoro da 0 dB (soglia uditiva) a circa 130 dB (soglia del dolore), in intervalli di facile orientamento. 10 dB: ticchettio di un orologio da polso; 40 dB: musica a basso volume; 60 dB: conversazione normale; 90 dB: camion; 120 dB: martello pneumatico. L&#8217;essere umano pu\u00f2 percepire, in determinate condizioni, variazioni di volume di 1 dB; una variazione di 10 dB corrisponde a un raddoppio o a un dimezzamento del volume percepito soggettivamente.<\/p>\n","protected":false},"excerpt":{"rendered":"<p>La Giornata contro il rumore 2017 si \u00e8 svolta il 26 aprile all&#8217;insegna del motto &#8220;La quiete stimola&#8221;. Il rumore disturba e pu\u00f2 far ammalare le persone, compresi i bambini. Il rumore pu\u00f2 ainfluire negativamente sul loro sviluppo e sul rendimento scolastico. L&#8217;esposizione cronica al rumore pu\u00f2 provocare reazioni di stress fisico e mentale. La [&hellip;]<\/p>\n","protected":false},"author":1,"featured_media":2049,"parent":2767,"menu_order":12,"comment_status":"closed","ping_status":"closed","template":"","meta":{"advgb_blocks_editor_width":"","advgb_blocks_columns_visual_guide":"","footnotes":""},"class_list":["post-2908","page","type-page","status-publish","has-post-thumbnail","hentry"],"yoast_head":"<!-- This site is optimized with the Yoast SEO plugin v23.7 - https:\/\/yoast.com\/wordpress\/plugins\/seo\/ -->\n<title>2017 - La quiete stimola - Rumore.ch<\/title>\n<meta name=\"robots\" content=\"index, follow, max-snippet:-1, max-image-preview:large, max-video-preview:-1\" \/>\n<link rel=\"canonical\" href=\"https:\/\/laerm.ch\/it\/giornata-contro-il-rumore\/archivio\/campagna-2017\/\" \/>\n<meta property=\"og:locale\" content=\"it_IT\" \/>\n<meta property=\"og:type\" content=\"article\" \/>\n<meta property=\"og:title\" content=\"2017 - La quiete stimola - Rumore.ch\" \/>\n<meta property=\"og:description\" content=\"La Giornata contro il rumore 2017 si \u00e8 svolta il 26 aprile all&#8217;insegna del motto &#8220;La quiete stimola&#8221;. Il rumore disturba e pu\u00f2 far ammalare le persone, compresi i bambini. Il rumore pu\u00f2 ainfluire negativamente sul loro sviluppo e sul rendimento scolastico. L&#8217;esposizione cronica al rumore pu\u00f2 provocare reazioni di stress fisico e mentale. La [&hellip;]\" \/>\n<meta property=\"og:url\" content=\"https:\/\/laerm.ch\/it\/giornata-contro-il-rumore\/archivio\/campagna-2017\/\" \/>\n<meta property=\"og:site_name\" content=\"Rumore.ch\" \/>\n<meta property=\"article:modified_time\" content=\"2024-05-05T09:25:22+00:00\" \/>\n<meta property=\"og:image\" content=\"https:\/\/laerm.ch\/wp-content\/uploads\/tgl17.jpg\" \/>\n\t<meta property=\"og:image:width\" content=\"725\" \/>\n\t<meta property=\"og:image:height\" content=\"290\" \/>\n\t<meta property=\"og:image:type\" content=\"image\/jpeg\" \/>\n<meta name=\"twitter:card\" content=\"summary_large_image\" \/>\n<meta name=\"twitter:label1\" content=\"Tempo di lettura stimato\" \/>\n\t<meta name=\"twitter:data1\" content=\"5 minuti\" \/>\n<script type=\"application\/ld+json\" class=\"yoast-schema-graph\">{\"@context\":\"https:\/\/schema.org\",\"@graph\":[{\"@type\":\"WebPage\",\"@id\":\"https:\/\/laerm.ch\/it\/giornata-contro-il-rumore\/archivio\/campagna-2017\/\",\"url\":\"https:\/\/laerm.ch\/it\/giornata-contro-il-rumore\/archivio\/campagna-2017\/\",\"name\":\"2017 - La quiete stimola - Rumore.ch\",\"isPartOf\":{\"@id\":\"https:\/\/laerm.ch\/#website\"},\"primaryImageOfPage\":{\"@id\":\"https:\/\/laerm.ch\/it\/giornata-contro-il-rumore\/archivio\/campagna-2017\/#primaryimage\"},\"image\":{\"@id\":\"https:\/\/laerm.ch\/it\/giornata-contro-il-rumore\/archivio\/campagna-2017\/#primaryimage\"},\"thumbnailUrl\":\"https:\/\/laerm.ch\/wp-content\/uploads\/tgl17.jpg\",\"datePublished\":\"2024-01-22T15:43:51+00:00\",\"dateModified\":\"2024-05-05T09:25:22+00:00\",\"breadcrumb\":{\"@id\":\"https:\/\/laerm.ch\/it\/giornata-contro-il-rumore\/archivio\/campagna-2017\/#breadcrumb\"},\"inLanguage\":\"it-IT\",\"potentialAction\":[{\"@type\":\"ReadAction\",\"target\":[\"https:\/\/laerm.ch\/it\/giornata-contro-il-rumore\/archivio\/campagna-2017\/\"]}]},{\"@type\":\"ImageObject\",\"inLanguage\":\"it-IT\",\"@id\":\"https:\/\/laerm.ch\/it\/giornata-contro-il-rumore\/archivio\/campagna-2017\/#primaryimage\",\"url\":\"https:\/\/laerm.ch\/wp-content\/uploads\/tgl17.jpg\",\"contentUrl\":\"https:\/\/laerm.ch\/wp-content\/uploads\/tgl17.jpg\",\"width\":725,\"height\":290},{\"@type\":\"BreadcrumbList\",\"@id\":\"https:\/\/laerm.ch\/it\/giornata-contro-il-rumore\/archivio\/campagna-2017\/#breadcrumb\",\"itemListElement\":[{\"@type\":\"ListItem\",\"position\":1,\"name\":\"Startseite\",\"item\":\"https:\/\/test.laerm.ch\/it\/\"},{\"@type\":\"ListItem\",\"position\":2,\"name\":\"Giornata contro il rumore\",\"item\":\"https:\/\/laerm.ch\/it\/giornata-contro-il-rumore\/\"},{\"@type\":\"ListItem\",\"position\":3,\"name\":\"Archivio\",\"item\":\"https:\/\/laerm.ch\/it\/giornata-contro-il-rumore\/archivio\/\"},{\"@type\":\"ListItem\",\"position\":4,\"name\":\"2017 &#8211; La quiete stimola\"}]},{\"@type\":\"WebSite\",\"@id\":\"https:\/\/laerm.ch\/#website\",\"url\":\"https:\/\/laerm.ch\/\",\"name\":\"L\u00e4rm.ch\",\"description\":\"Benvenuti su Rumore.ch, il portale completo del Cercle Bruit sul tema del rumore e della protezione dal rumore.\",\"publisher\":{\"@id\":\"https:\/\/laerm.ch\/#organization\"},\"potentialAction\":[{\"@type\":\"SearchAction\",\"target\":{\"@type\":\"EntryPoint\",\"urlTemplate\":\"https:\/\/laerm.ch\/?s={search_term_string}\"},\"query-input\":{\"@type\":\"PropertyValueSpecification\",\"valueRequired\":true,\"valueName\":\"search_term_string\"}}],\"inLanguage\":\"it-IT\"},{\"@type\":\"Organization\",\"@id\":\"https:\/\/laerm.ch\/#organization\",\"name\":\"Cercle Bruit\",\"url\":\"https:\/\/laerm.ch\/\",\"logo\":{\"@type\":\"ImageObject\",\"inLanguage\":\"it-IT\",\"@id\":\"https:\/\/laerm.ch\/#\/schema\/logo\/image\/\",\"url\":\"https:\/\/laerm.ch\/wp-content\/uploads\/cercleBruitLogoText.png\",\"contentUrl\":\"https:\/\/laerm.ch\/wp-content\/uploads\/cercleBruitLogoText.png\",\"width\":512,\"height\":329,\"caption\":\"Cercle Bruit\"},\"image\":{\"@id\":\"https:\/\/laerm.ch\/#\/schema\/logo\/image\/\"}}]}<\/script>\n<!-- \/ Yoast SEO plugin. -->","yoast_head_json":{"title":"2017 - La quiete stimola - Rumore.ch","robots":{"index":"index","follow":"follow","max-snippet":"max-snippet:-1","max-image-preview":"max-image-preview:large","max-video-preview":"max-video-preview:-1"},"canonical":"https:\/\/laerm.ch\/it\/giornata-contro-il-rumore\/archivio\/campagna-2017\/","og_locale":"it_IT","og_type":"article","og_title":"2017 - La quiete stimola - Rumore.ch","og_description":"La Giornata contro il rumore 2017 si \u00e8 svolta il 26 aprile all&#8217;insegna del motto &#8220;La quiete stimola&#8221;. Il rumore disturba e pu\u00f2 far ammalare le persone, compresi i bambini. Il rumore pu\u00f2 ainfluire negativamente sul loro sviluppo e sul rendimento scolastico. L&#8217;esposizione cronica al rumore pu\u00f2 provocare reazioni di stress fisico e mentale. La [&hellip;]","og_url":"https:\/\/laerm.ch\/it\/giornata-contro-il-rumore\/archivio\/campagna-2017\/","og_site_name":"Rumore.ch","article_modified_time":"2024-05-05T09:25:22+00:00","og_image":[{"width":725,"height":290,"url":"https:\/\/laerm.ch\/wp-content\/uploads\/tgl17.jpg","type":"image\/jpeg"}],"twitter_card":"summary_large_image","twitter_misc":{"Tempo di lettura stimato":"5 minuti"},"schema":{"@context":"https:\/\/schema.org","@graph":[{"@type":"WebPage","@id":"https:\/\/laerm.ch\/it\/giornata-contro-il-rumore\/archivio\/campagna-2017\/","url":"https:\/\/laerm.ch\/it\/giornata-contro-il-rumore\/archivio\/campagna-2017\/","name":"2017 - La quiete stimola - Rumore.ch","isPartOf":{"@id":"https:\/\/laerm.ch\/#website"},"primaryImageOfPage":{"@id":"https:\/\/laerm.ch\/it\/giornata-contro-il-rumore\/archivio\/campagna-2017\/#primaryimage"},"image":{"@id":"https:\/\/laerm.ch\/it\/giornata-contro-il-rumore\/archivio\/campagna-2017\/#primaryimage"},"thumbnailUrl":"https:\/\/laerm.ch\/wp-content\/uploads\/tgl17.jpg","datePublished":"2024-01-22T15:43:51+00:00","dateModified":"2024-05-05T09:25:22+00:00","breadcrumb":{"@id":"https:\/\/laerm.ch\/it\/giornata-contro-il-rumore\/archivio\/campagna-2017\/#breadcrumb"},"inLanguage":"it-IT","potentialAction":[{"@type":"ReadAction","target":["https:\/\/laerm.ch\/it\/giornata-contro-il-rumore\/archivio\/campagna-2017\/"]}]},{"@type":"ImageObject","inLanguage":"it-IT","@id":"https:\/\/laerm.ch\/it\/giornata-contro-il-rumore\/archivio\/campagna-2017\/#primaryimage","url":"https:\/\/laerm.ch\/wp-content\/uploads\/tgl17.jpg","contentUrl":"https:\/\/laerm.ch\/wp-content\/uploads\/tgl17.jpg","width":725,"height":290},{"@type":"BreadcrumbList","@id":"https:\/\/laerm.ch\/it\/giornata-contro-il-rumore\/archivio\/campagna-2017\/#breadcrumb","itemListElement":[{"@type":"ListItem","position":1,"name":"Startseite","item":"https:\/\/test.laerm.ch\/it\/"},{"@type":"ListItem","position":2,"name":"Giornata contro il rumore","item":"https:\/\/laerm.ch\/it\/giornata-contro-il-rumore\/"},{"@type":"ListItem","position":3,"name":"Archivio","item":"https:\/\/laerm.ch\/it\/giornata-contro-il-rumore\/archivio\/"},{"@type":"ListItem","position":4,"name":"2017 &#8211; La quiete stimola"}]},{"@type":"WebSite","@id":"https:\/\/laerm.ch\/#website","url":"https:\/\/laerm.ch\/","name":"L\u00e4rm.ch","description":"Benvenuti su Rumore.ch, il portale completo del Cercle Bruit sul tema del rumore e della protezione dal rumore.","publisher":{"@id":"https:\/\/laerm.ch\/#organization"},"potentialAction":[{"@type":"SearchAction","target":{"@type":"EntryPoint","urlTemplate":"https:\/\/laerm.ch\/?s={search_term_string}"},"query-input":{"@type":"PropertyValueSpecification","valueRequired":true,"valueName":"search_term_string"}}],"inLanguage":"it-IT"},{"@type":"Organization","@id":"https:\/\/laerm.ch\/#organization","name":"Cercle Bruit","url":"https:\/\/laerm.ch\/","logo":{"@type":"ImageObject","inLanguage":"it-IT","@id":"https:\/\/laerm.ch\/#\/schema\/logo\/image\/","url":"https:\/\/laerm.ch\/wp-content\/uploads\/cercleBruitLogoText.png","contentUrl":"https:\/\/laerm.ch\/wp-content\/uploads\/cercleBruitLogoText.png","width":512,"height":329,"caption":"Cercle Bruit"},"image":{"@id":"https:\/\/laerm.ch\/#\/schema\/logo\/image\/"}}]}},"coauthors":[],"author_meta":{"author_link":"https:\/\/laerm.ch\/it\/author\/f9c1af47f5d7fcc5\/","display_name":"admin"},"relative_dates":{"created":"Pubblicato 2 anni fa","modified":"Aggiornato 2 anni fa"},"absolute_dates":{"created":"Pubblicato il 22. Gennaio 2024","modified":"Aggiornato il 5. Maggio 2024"},"absolute_dates_time":{"created":"Pubblicato il 22. Gennaio 2024 16:43","modified":"Aggiornato il 5. Maggio 2024 11:25"},"featured_img_caption":"","featured_img":"https:\/\/laerm.ch\/wp-content\/uploads\/tgl17.jpg","series_order":"","_links":{"self":[{"href":"https:\/\/laerm.ch\/it\/wp-json\/wp\/v2\/pages\/2908"}],"collection":[{"href":"https:\/\/laerm.ch\/it\/wp-json\/wp\/v2\/pages"}],"about":[{"href":"https:\/\/laerm.ch\/it\/wp-json\/wp\/v2\/types\/page"}],"author":[{"embeddable":true,"href":"https:\/\/laerm.ch\/it\/wp-json\/wp\/v2\/users\/1"}],"replies":[{"embeddable":true,"href":"https:\/\/laerm.ch\/it\/wp-json\/wp\/v2\/comments?post=2908"}],"version-history":[{"count":7,"href":"https:\/\/laerm.ch\/it\/wp-json\/wp\/v2\/pages\/2908\/revisions"}],"predecessor-version":[{"id":4439,"href":"https:\/\/laerm.ch\/it\/wp-json\/wp\/v2\/pages\/2908\/revisions\/4439"}],"up":[{"embeddable":true,"href":"https:\/\/laerm.ch\/it\/wp-json\/wp\/v2\/pages\/2767"}],"wp:featuredmedia":[{"embeddable":true,"href":"https:\/\/laerm.ch\/it\/wp-json\/wp\/v2\/media\/2049"}],"wp:attachment":[{"href":"https:\/\/laerm.ch\/it\/wp-json\/wp\/v2\/media?parent=2908"}],"curies":[{"name":"wp","href":"https:\/\/api.w.org\/{rel}","templated":true}]}}