{"id":2931,"date":"2024-01-22T12:07:28","date_gmt":"2024-01-22T11:07:28","guid":{"rendered":"https:\/\/laerm.ch\/giornata-contro-il-rumore\/archivio\/2020-loud-e-fuori\/"},"modified":"2024-06-25T15:10:35","modified_gmt":"2024-06-25T13:10:35","slug":"campagna-2020","status":"publish","type":"page","link":"https:\/\/laerm.ch\/it\/giornata-contro-il-rumore\/archivio\/campagna-2020\/","title":{"rendered":"2020 &#8211; Abbasso il fracasso"},"content":{"rendered":"\n<p>Il rumore disturba e fa ammalare. Soprattutto di notte, sempre pi\u00f9 persone si sentono infastidite dal rumore inutile dei motori. Cos\u00ec come l&#8217;inquinamento atmosferico e le sostanze chimiche tossiche, anche l&#8217;inquinamento fonico rappresenta un pericolo per la salute legato all&#8217;ambiente di vita. Il rumore provocato dal traffico aereo, ferroviario e stradale aumenta il rischio di malattie cardiocircolatorie e diabete.<\/p>\n\n<p><a class=\"_dl\" href=\"https:\/\/laerm.ch\/wp-content\/uploads\/Medienmitteilung_TgL20_IT-1.pdf\">Comunicato stampa<\/a><\/p>\n\n<p>Sappiamo tutti, per esperienza personale, che il rumore \u00e8 un importante fattore di stress che si ripercuote sull&#8217;intero organismo. Rumori forti e sconosciuti in tempi primordiali rappresentavano un segnale di pericolo. Il corpo si mette perci\u00f2 in stato di allerta quando sente un rumore e si prepara alla fuga. Anche se oggi le nostre vite e le condizioni ambientali sono diverse, il nostro corpo reagisce al rumore sempre allo stesso modo: vengono rilasciati gli ormoni dello stress, la pressione sanguigna e la frequenza cardiaca e respiratoria aumentano. Anche se dall&#8217;impressione soggettiva pu\u00f2 risultare il contrario, il nostro corpo non si abitua al rumore.<\/p>\n\n<h2 class=\"wp-block-heading\">Disturbi del sonno dovuti al rumore<\/h2>\n\n<p>Dormire non \u00e8 un lusso. Un sonno sufficiente e indisturbato, preferibilmente notturno, \u00e8 una base importante per la salute e la qualit\u00e0 della vita. Il rumore eccessivo compromette il sonno sia dal punto di vista quantitativo che qualitativo. Diverse ricerche <sup>1<\/sup> collegano chiaramente l&#8217;esposizione al rumore notturno a problemi di salute. Mentre il rumore del traffico durante il giorno sembra pi\u00f9 tollerabile per effetto del maggiore carico fonico di fondo, il disturbo del sonno notturno \u00e8 generalmente considerato il problema d&#8217;inquinamento sonoro pi\u00f9 importante di tutti. Il rapporto dell&#8217;OMS &#8220;Burden of disease from environmental noise<sup>&#8220;2<\/sup> del 2011 conclude che i disturbi del sonno indotti dal rumore rappresentano la maggior parte dei danni alla salute causati dall&#8217;inquinamento fonico, con oltre 900.000 anni di vita senza disturbi della salute (DALY) persi ogni anno in Europa occidentale a causa del rumore notturno. Secondo un&#8217;estrapolazione dei dati dello studio SIRENE <sup>3<\/sup>, circa 500.000 persone in Svizzera si sentono disturbate nel sonno dal rumore del traffico (stradale, ferroviario e aereo). Secondo una stima attuale per la Svizzera, il numero di morti causate dal rumore del traffico stradale \u00e8 di circa 450 all&#8217;anno. Ci\u00f2 corrisponde a circa il doppio dei decessi rispetto agli incidenti stradali. Una percentuale non trascurabile di questi decessi \u00e8 probabilmente dovuta all&#8217;esposizione notturna. Quando si chiede alle persone colpite dal rumore in quali momenti dovrebbe essere particolarmente silenzioso il loro quartiere, di solito citano prima la notte e poi la sera. Fondamentalmente, per tutti i possibili effetti del rumore si pu\u00f2 affermare che le persone sono pi\u00f9 sensibili al rumore di notte per circa 10 decibel rispetto al giorno (10 dB corrispondono a un raddoppio percepito del volume). In Svizzera, il valore limite di immissione per il rumore del traffico notturno \u00e8 compreso tra 45 decibel (livello di sensibilit\u00e0 1) e 60 decibel (livello di sensibilit\u00e0 4). Durante il giorno, i valori limite sono quindi pi\u00f9 alti di 10 decibel. Quasi un quarto della popolazione svizzera vive in aree in cui il valore limite viene superato di notte o di giorno.<\/p>\n\n<figure class=\"wp-block-table\"><table><thead><tr><th class=\"has-text-align-left\" data-align=\"left\">Grado di sensibilit\u00e0 (GS)<\/th><th class=\"has-text-align-left\" data-align=\"left\">Valore di pianificazione (VP) in dB(A)<\/th><th class=\"has-text-align-left\" data-align=\"left\">Valore limite di immissione (VLI) in dB(A)<\/th><th class=\"has-text-align-left\" data-align=\"left\">Valore di allarme (VA) in dB(A)<\/th><\/tr><\/thead><tbody><tr><td class=\"has-text-align-left\" data-align=\"left\">I Riposo<\/td><td class=\"has-text-align-left\" data-align=\"left\">Giorno: 50<br\/>Notte: 40<\/td><td class=\"has-text-align-left\" data-align=\"left\">Giorno: 55<br\/>Notte: 45<\/td><td class=\"has-text-align-left\" data-align=\"left\">Giorno: 65<br\/>Notte: 60<\/td><\/tr><tr><td class=\"has-text-align-left\" data-align=\"left\">II Abitazione<\/td><td class=\"has-text-align-left\" data-align=\"left\">Giorno: 55<br\/>Notte: 45<\/td><td class=\"has-text-align-left\" data-align=\"left\">Giorno: 60<br\/>Notte: 50<\/td><td class=\"has-text-align-left\" data-align=\"left\">Giorno: 70<br\/>Notte: 65<\/td><\/tr><tr><td class=\"has-text-align-left\" data-align=\"left\">III Abitazione \/ artigianato<\/td><td class=\"has-text-align-left\" data-align=\"left\">Giorno: 60<br\/>Notte: 50<\/td><td class=\"has-text-align-left\" data-align=\"left\">Giorno: 65<br\/>Notte: 55<\/td><td class=\"has-text-align-left\" data-align=\"left\">Giorno: 70<br\/>Notte: 65<\/td><\/tr><tr><td class=\"has-text-align-left\" data-align=\"left\">IV Industria<\/td><td class=\"has-text-align-left\" data-align=\"left\">Giorno: 65<br\/>Notte: 55<\/td><td class=\"has-text-align-left\" data-align=\"left\">Giorno: 70<br\/>Notte: 60<\/td><td class=\"has-text-align-left\" data-align=\"left\">Giorno: 75<br\/>Notte: 70<\/td><\/tr><\/tbody><\/table><figcaption class=\"wp-element-caption\"><em>I valori limite di esposizione sono pi\u00f9 severi per le aree puramente residenziali che per le aree in cui sono consentite anche attivit\u00e0 artigianali. Fonte: UFAM<\/em><\/figcaption><\/figure>\n\n<h4 class=\"wp-block-heading\">I singoli eventi sono particolarmente perturbatori<\/h4>\n\n<p>I rumori continui, ad esempio quello di fondo di un&#8217;autostrada in lontananza, possono disturbare il sonno, ma sono soprattutto i singoli eventi pronunciati, come il passaggio di un&#8217;auto o di una moto rumorosa, che portano al risveglio e ad altre reazioni indesiderate durante il sonno (ad esempio, cambiamenti nella profondit\u00e0 del sonno). Decisivi per l&#8217;effetto di questi singoli eventi sono, da un lato, il volume massimo raggiunto dall&#8217;evento e, dall&#8217;altro, la velocit\u00e0 con cui il volume aumenta. Questi effetti sono stati evidenziati da numerosi studi sul campo e in laboratorio. Si \u00e8 scoperto che non esistono valori soglia naturali al di sotto dei quali non possono pi\u00f9 avvenire reazioni. Qualsiasi riduzione del volume, per quanto piccola, pu\u00f2 quindi contribuire a ridurre i disturbi indesiderati del sonno.<\/p>\n\n<h4 class=\"wp-block-heading\">Maggiore riguardo di notte<\/h4>\n\n<p>Motociclette e altri veicoli rumorosi sono da sempre molto amati. Tutto dipende dalla persona che siede in sella o dietro al volante. Per le emissioni acustiche prodotte dai veicoli a motore, un ruolo decisivo viene giocato dal proprio comportamento alla guida. Guidando col motore a regime elevato nelle marce basse, accelerando troppo rapidamente, andando in continuazione in giro inutilmente all&#8217;interno degli abitati, o anche con la rumorosa messa a punto del veicolo, si producono rumori evitabili, cosa oltretutto vietata dalla legge (art. 33 ONC, art. 53 OETV). Il divertimento di un&#8217;esibizione rumorosa da parte di un singolo viene cos\u00ec posto al di sopra dell&#8217;esigenza di quiete di molti. Invece con uno stile di guida pi\u00f9 rispettoso dell&#8217;ambiente e del prossimo tenendo il motore a bassi giri, molto rumore inutile pu\u00f2 essere evitato. Proprio nei luoghi e negli orari pi\u00f9 sensibili al rumore \u00e8 necessario essere rispettosi.<\/p>\n\n<h4 class=\"wp-block-heading\">Basi legali<\/h4>\n\n<ul class=\"wp-block-list\">\n<li>L&#8217;articolo 33 dell&#8217;ordinanza sulle norme della circolazione stradale (ONC) prescrive che i conducenti dei veicoli, i passeggeri e gli ausiliari non devono provocare alcun rumore evitabile, specialmente nei quartieri abitati, nei luoghi di riposo e di notte. Tra l&#8217;altro, \u00e8 segnatamente vietato far girare il motore a regime elevato a vuoto, accelerare troppo rapidamente, circolare nelle marce basse oppure effettuare in continuazione giri inutili all&#8217;interno delle localit\u00e0.<\/li>\n\n\n\n<li>L&#8217;ordinanza concernente le esigenze tecniche per i veicoli stradali (OETV) regolamenta il rumore prodotto dagli apparechi. In particolare, le disposizioni richiedono l&#8217;uso di silenziatori per limitare il rumore prodotto dallo scappamento (art. 53). Viene regolamentata anche la manipolazione della valvola dello scarico: &#8220;Sono vietati gli interventi inutili al veicolo e a sue componenti approvate che ne aumentano il rumore, anche se sono rispettati i limiti ammessi&#8221;.<\/li>\n<\/ul>\n\n<h4 class=\"wp-block-heading\">I 30 km\/h servono!<\/h4>\n\n<p>Una sperimentazione effettuata nel 2018 nella citt\u00e0 di <sup>Zurigo5<\/sup> ha dimostrato che il &#8220;limite 30 km\/h di notte&#8221; porta a una riduzione del rumore percepibile da 1 a 3 decibel; 3 decibel in meno corrispondono a un dimezzamento del traffico. I picchi massimi di singoli veicoli in transito sono diminuiti in modo ancora pi\u00f9 significativo. I valori di picco del rumore hanno potuto cos\u00ec venire significativamente ridotti. Questo \u00e8 particolarmente importante per la qualit\u00e0 del sonno, perch\u00e9 sono soprattutto gli eventi rumorosi singoli che provocano reazioni di risveglio. Le riduzioni di velocit\u00e0 durante la notte contribuiscono perci\u00f2 a proteggere meglio la popolazione dal rumore durante le pi\u00f9 sensibili ore notturne. I sondaggi hanno dimostrato che la riduzione della velocit\u00e0 non ha alcun impatto negativo sul flusso del traffico, nemmeno sul trasporto pubblico. La riduzione della velocit\u00e0 e i suoi effetti positivi sono stati riconosciuti anche dai residenti.<\/p>\n\n<p>Anche un progetto pilota avviato a <sup>Losanna6<\/sup> nel 2017 ha dato risultati comparabili. Tra maggio 2017 e giugno 2019, la citt\u00e0, insieme al Cantone di Vaud, ha introdotto in via sperimentale un limite di velocit\u00e0 di 30 km\/h tra le 22.00 e le 6.00 su due importanti arterie di traffico. La misura dovrebbe ora entrare definitivamente in vigore dal prossimo marzo &#8211; sull&#8217;80% di tutte le strade. Non si tratta tuttavia di zone a 30 km\/h vere e proprie, ma di tratti a 30 km\/h con un segnale dopo ogni incrocio. La citt\u00e0 e il cantone sono d&#8217;accordo, ma la misura non \u00e8 ancora stata approvata da tutte le parti a livello politico.<\/p>\n\n<p>I risultati pi\u00f9 importanti dello studio di Losanna:<\/p>\n\n<ul class=\"wp-block-list\">\n<li>Riduzione significativa del rumore medio stradale di 2-3 decibel.<\/li>\n\n\n\n<li>Particolarmente importante: la riduzione dei picchi massimi di rumore (oltre 70 decibel) fino all&#8217;80%.<\/li>\n\n\n\n<li>Drastica riduzione degli eccessi di velocit\u00e0, e anche la velocit\u00e0 media durante il giorno \u00e8 diminuita.<\/li>\n\n\n\n<li>La percezione del rumore da parte dei residenti \u00e8 diminuita di 3 decibel, corrispondenti al 50% di traffico in meno.<\/li>\n\n\n\n<li>Significativo effetto positivo sulla qualit\u00e0 della vita.<\/li>\n\n\n\n<li>Il provvedimento per la notte riguarda solo il 10% della totalit\u00e0 del traffico veicolare.<\/li>\n\n\n\n<li>A Losanna potrebbero beneficiarne 65.000 persone che vivono lungo le strade cantonali.<\/li>\n<\/ul>\n\n<p><a class=\"_dl\" href=\"https:\/\/30kmhdenuit.ch\/wp-content\/uploads\/2019\/09\/rapport-Essai-Beaulieu-Vinet-v1.pdf\">Losanna &#8211; Limite 30 km\/h su Avenue de Beaulieu et Vinet, relazione tecnica (FR, PDF)<\/a><\/p>\n\n<p>Un limite di velocit\u00e0 di 30 km\/h di notte non \u00e8 l&#8217;unica soluzione per ridurre il rumore notturno, ma \u00e8 certamente una misura molto efficace, poco costosa e di rapida attuazione.<\/p>\n\n<h4 class=\"wp-block-heading\">Il rumore \u00e8 costoso<\/h4>\n\n<p>Il rumore del traffico ha causato in Svizzera costi esterni per circa 2&#8217;667 milioni di franchi nel 2016 <sup>7.<\/sup> Essi sono costituiti dai costi sanitari e dalle perdite di valore delle propriet\u00e0 immobiliari. Il traffico stradale \u00e8 responsabile dell&#8217;80% di questi costi. Nel 2016, il rumore del traffico (stradale, ferroviario e aereo) ha causato danni alla salute per circa 1&#8217;470 milioni di franchi (55%). Queste malattie fisiche o psichiche sono solitamente causate dall&#8217;esposizione a media e lunga durata al rumore. Vengono presi in considerazione, tra gli altri, i seguenti costi: costi per le cure mediche, perdite di produzione, costi di sostituzione; costi immateriali (riduzione della qualit\u00e0 della vita). I restanti 1&#8217;197 milioni di franchi svizzeri (45%) dei costi calcolati causati dal rumore sono attribuibili alle perdite di valore degli immobili.<\/p>\n","protected":false},"excerpt":{"rendered":"<p>Il rumore disturba e fa ammalare. Soprattutto di notte, sempre pi\u00f9 persone si sentono infastidite dal rumore inutile dei motori. Cos\u00ec come l&#8217;inquinamento atmosferico e le sostanze chimiche tossiche, anche l&#8217;inquinamento fonico rappresenta un pericolo per la salute legato all&#8217;ambiente di vita. Il rumore provocato dal traffico aereo, ferroviario e stradale aumenta il rischio di [&hellip;]<\/p>\n","protected":false},"author":1,"featured_media":3439,"parent":2767,"menu_order":15,"comment_status":"closed","ping_status":"closed","template":"","meta":{"advgb_blocks_editor_width":"","advgb_blocks_columns_visual_guide":"","footnotes":""},"class_list":["post-2931","page","type-page","status-publish","has-post-thumbnail","hentry"],"yoast_head":"<!-- This site is optimized with the Yoast SEO plugin v23.7 - https:\/\/yoast.com\/wordpress\/plugins\/seo\/ -->\n<title>2020 - Abbasso il fracasso - Rumore.ch<\/title>\n<meta name=\"robots\" content=\"index, follow, max-snippet:-1, max-image-preview:large, max-video-preview:-1\" \/>\n<link rel=\"canonical\" href=\"https:\/\/laerm.ch\/it\/giornata-contro-il-rumore\/archivio\/campagna-2020\/\" \/>\n<meta property=\"og:locale\" content=\"it_IT\" \/>\n<meta property=\"og:type\" content=\"article\" \/>\n<meta property=\"og:title\" content=\"2020 - Abbasso il fracasso - Rumore.ch\" \/>\n<meta property=\"og:description\" content=\"Il rumore disturba e fa ammalare. Soprattutto di notte, sempre pi\u00f9 persone si sentono infastidite dal rumore inutile dei motori. Cos\u00ec come l&#8217;inquinamento atmosferico e le sostanze chimiche tossiche, anche l&#8217;inquinamento fonico rappresenta un pericolo per la salute legato all&#8217;ambiente di vita. Il rumore provocato dal traffico aereo, ferroviario e stradale aumenta il rischio di [&hellip;]\" \/>\n<meta property=\"og:url\" content=\"https:\/\/laerm.ch\/it\/giornata-contro-il-rumore\/archivio\/campagna-2020\/\" \/>\n<meta property=\"og:site_name\" content=\"Rumore.ch\" \/>\n<meta property=\"article:modified_time\" content=\"2024-06-25T13:10:35+00:00\" \/>\n<meta property=\"og:image\" content=\"https:\/\/laerm.ch\/wp-content\/uploads\/2020_TGL_Titelbild_it.jpg\" \/>\n\t<meta property=\"og:image:width\" content=\"725\" \/>\n\t<meta property=\"og:image:height\" content=\"300\" \/>\n\t<meta property=\"og:image:type\" content=\"image\/jpeg\" \/>\n<meta name=\"twitter:card\" content=\"summary_large_image\" \/>\n<meta name=\"twitter:label1\" content=\"Tempo di lettura stimato\" \/>\n\t<meta name=\"twitter:data1\" content=\"7 minuti\" \/>\n<script type=\"application\/ld+json\" class=\"yoast-schema-graph\">{\"@context\":\"https:\/\/schema.org\",\"@graph\":[{\"@type\":\"WebPage\",\"@id\":\"https:\/\/laerm.ch\/it\/giornata-contro-il-rumore\/archivio\/campagna-2020\/\",\"url\":\"https:\/\/laerm.ch\/it\/giornata-contro-il-rumore\/archivio\/campagna-2020\/\",\"name\":\"2020 - Abbasso il fracasso - Rumore.ch\",\"isPartOf\":{\"@id\":\"https:\/\/laerm.ch\/#website\"},\"primaryImageOfPage\":{\"@id\":\"https:\/\/laerm.ch\/it\/giornata-contro-il-rumore\/archivio\/campagna-2020\/#primaryimage\"},\"image\":{\"@id\":\"https:\/\/laerm.ch\/it\/giornata-contro-il-rumore\/archivio\/campagna-2020\/#primaryimage\"},\"thumbnailUrl\":\"https:\/\/laerm.ch\/wp-content\/uploads\/2020_TGL_Titelbild_it.jpg\",\"datePublished\":\"2024-01-22T11:07:28+00:00\",\"dateModified\":\"2024-06-25T13:10:35+00:00\",\"breadcrumb\":{\"@id\":\"https:\/\/laerm.ch\/it\/giornata-contro-il-rumore\/archivio\/campagna-2020\/#breadcrumb\"},\"inLanguage\":\"it-IT\",\"potentialAction\":[{\"@type\":\"ReadAction\",\"target\":[\"https:\/\/laerm.ch\/it\/giornata-contro-il-rumore\/archivio\/campagna-2020\/\"]}]},{\"@type\":\"ImageObject\",\"inLanguage\":\"it-IT\",\"@id\":\"https:\/\/laerm.ch\/it\/giornata-contro-il-rumore\/archivio\/campagna-2020\/#primaryimage\",\"url\":\"https:\/\/laerm.ch\/wp-content\/uploads\/2020_TGL_Titelbild_it.jpg\",\"contentUrl\":\"https:\/\/laerm.ch\/wp-content\/uploads\/2020_TGL_Titelbild_it.jpg\",\"width\":725,\"height\":300},{\"@type\":\"BreadcrumbList\",\"@id\":\"https:\/\/laerm.ch\/it\/giornata-contro-il-rumore\/archivio\/campagna-2020\/#breadcrumb\",\"itemListElement\":[{\"@type\":\"ListItem\",\"position\":1,\"name\":\"Startseite\",\"item\":\"https:\/\/test.laerm.ch\/it\/\"},{\"@type\":\"ListItem\",\"position\":2,\"name\":\"Giornata contro il rumore\",\"item\":\"https:\/\/laerm.ch\/it\/giornata-contro-il-rumore\/\"},{\"@type\":\"ListItem\",\"position\":3,\"name\":\"Archivio\",\"item\":\"https:\/\/laerm.ch\/it\/giornata-contro-il-rumore\/archivio\/\"},{\"@type\":\"ListItem\",\"position\":4,\"name\":\"2020 &#8211; Abbasso il fracasso\"}]},{\"@type\":\"WebSite\",\"@id\":\"https:\/\/laerm.ch\/#website\",\"url\":\"https:\/\/laerm.ch\/\",\"name\":\"L\u00e4rm.ch\",\"description\":\"Benvenuti su Rumore.ch, il portale completo del Cercle Bruit sul tema del rumore e della protezione dal rumore.\",\"publisher\":{\"@id\":\"https:\/\/laerm.ch\/#organization\"},\"potentialAction\":[{\"@type\":\"SearchAction\",\"target\":{\"@type\":\"EntryPoint\",\"urlTemplate\":\"https:\/\/laerm.ch\/?s={search_term_string}\"},\"query-input\":{\"@type\":\"PropertyValueSpecification\",\"valueRequired\":true,\"valueName\":\"search_term_string\"}}],\"inLanguage\":\"it-IT\"},{\"@type\":\"Organization\",\"@id\":\"https:\/\/laerm.ch\/#organization\",\"name\":\"Cercle Bruit\",\"url\":\"https:\/\/laerm.ch\/\",\"logo\":{\"@type\":\"ImageObject\",\"inLanguage\":\"it-IT\",\"@id\":\"https:\/\/laerm.ch\/#\/schema\/logo\/image\/\",\"url\":\"https:\/\/laerm.ch\/wp-content\/uploads\/cercleBruitLogoText.png\",\"contentUrl\":\"https:\/\/laerm.ch\/wp-content\/uploads\/cercleBruitLogoText.png\",\"width\":512,\"height\":329,\"caption\":\"Cercle Bruit\"},\"image\":{\"@id\":\"https:\/\/laerm.ch\/#\/schema\/logo\/image\/\"}}]}<\/script>\n<!-- \/ Yoast SEO plugin. -->","yoast_head_json":{"title":"2020 - Abbasso il fracasso - Rumore.ch","robots":{"index":"index","follow":"follow","max-snippet":"max-snippet:-1","max-image-preview":"max-image-preview:large","max-video-preview":"max-video-preview:-1"},"canonical":"https:\/\/laerm.ch\/it\/giornata-contro-il-rumore\/archivio\/campagna-2020\/","og_locale":"it_IT","og_type":"article","og_title":"2020 - Abbasso il fracasso - Rumore.ch","og_description":"Il rumore disturba e fa ammalare. Soprattutto di notte, sempre pi\u00f9 persone si sentono infastidite dal rumore inutile dei motori. Cos\u00ec come l&#8217;inquinamento atmosferico e le sostanze chimiche tossiche, anche l&#8217;inquinamento fonico rappresenta un pericolo per la salute legato all&#8217;ambiente di vita. Il rumore provocato dal traffico aereo, ferroviario e stradale aumenta il rischio di [&hellip;]","og_url":"https:\/\/laerm.ch\/it\/giornata-contro-il-rumore\/archivio\/campagna-2020\/","og_site_name":"Rumore.ch","article_modified_time":"2024-06-25T13:10:35+00:00","og_image":[{"width":725,"height":300,"url":"https:\/\/laerm.ch\/wp-content\/uploads\/2020_TGL_Titelbild_it.jpg","type":"image\/jpeg"}],"twitter_card":"summary_large_image","twitter_misc":{"Tempo di lettura stimato":"7 minuti"},"schema":{"@context":"https:\/\/schema.org","@graph":[{"@type":"WebPage","@id":"https:\/\/laerm.ch\/it\/giornata-contro-il-rumore\/archivio\/campagna-2020\/","url":"https:\/\/laerm.ch\/it\/giornata-contro-il-rumore\/archivio\/campagna-2020\/","name":"2020 - Abbasso il fracasso - Rumore.ch","isPartOf":{"@id":"https:\/\/laerm.ch\/#website"},"primaryImageOfPage":{"@id":"https:\/\/laerm.ch\/it\/giornata-contro-il-rumore\/archivio\/campagna-2020\/#primaryimage"},"image":{"@id":"https:\/\/laerm.ch\/it\/giornata-contro-il-rumore\/archivio\/campagna-2020\/#primaryimage"},"thumbnailUrl":"https:\/\/laerm.ch\/wp-content\/uploads\/2020_TGL_Titelbild_it.jpg","datePublished":"2024-01-22T11:07:28+00:00","dateModified":"2024-06-25T13:10:35+00:00","breadcrumb":{"@id":"https:\/\/laerm.ch\/it\/giornata-contro-il-rumore\/archivio\/campagna-2020\/#breadcrumb"},"inLanguage":"it-IT","potentialAction":[{"@type":"ReadAction","target":["https:\/\/laerm.ch\/it\/giornata-contro-il-rumore\/archivio\/campagna-2020\/"]}]},{"@type":"ImageObject","inLanguage":"it-IT","@id":"https:\/\/laerm.ch\/it\/giornata-contro-il-rumore\/archivio\/campagna-2020\/#primaryimage","url":"https:\/\/laerm.ch\/wp-content\/uploads\/2020_TGL_Titelbild_it.jpg","contentUrl":"https:\/\/laerm.ch\/wp-content\/uploads\/2020_TGL_Titelbild_it.jpg","width":725,"height":300},{"@type":"BreadcrumbList","@id":"https:\/\/laerm.ch\/it\/giornata-contro-il-rumore\/archivio\/campagna-2020\/#breadcrumb","itemListElement":[{"@type":"ListItem","position":1,"name":"Startseite","item":"https:\/\/test.laerm.ch\/it\/"},{"@type":"ListItem","position":2,"name":"Giornata contro il rumore","item":"https:\/\/laerm.ch\/it\/giornata-contro-il-rumore\/"},{"@type":"ListItem","position":3,"name":"Archivio","item":"https:\/\/laerm.ch\/it\/giornata-contro-il-rumore\/archivio\/"},{"@type":"ListItem","position":4,"name":"2020 &#8211; Abbasso il fracasso"}]},{"@type":"WebSite","@id":"https:\/\/laerm.ch\/#website","url":"https:\/\/laerm.ch\/","name":"L\u00e4rm.ch","description":"Benvenuti su Rumore.ch, il portale completo del Cercle Bruit sul tema del rumore e della protezione dal rumore.","publisher":{"@id":"https:\/\/laerm.ch\/#organization"},"potentialAction":[{"@type":"SearchAction","target":{"@type":"EntryPoint","urlTemplate":"https:\/\/laerm.ch\/?s={search_term_string}"},"query-input":{"@type":"PropertyValueSpecification","valueRequired":true,"valueName":"search_term_string"}}],"inLanguage":"it-IT"},{"@type":"Organization","@id":"https:\/\/laerm.ch\/#organization","name":"Cercle Bruit","url":"https:\/\/laerm.ch\/","logo":{"@type":"ImageObject","inLanguage":"it-IT","@id":"https:\/\/laerm.ch\/#\/schema\/logo\/image\/","url":"https:\/\/laerm.ch\/wp-content\/uploads\/cercleBruitLogoText.png","contentUrl":"https:\/\/laerm.ch\/wp-content\/uploads\/cercleBruitLogoText.png","width":512,"height":329,"caption":"Cercle Bruit"},"image":{"@id":"https:\/\/laerm.ch\/#\/schema\/logo\/image\/"}}]}},"coauthors":[],"author_meta":{"author_link":"https:\/\/laerm.ch\/it\/author\/f9c1af47f5d7fcc5\/","display_name":"admin"},"relative_dates":{"created":"Pubblicato 2 anni fa","modified":"Aggiornato 2 anni fa"},"absolute_dates":{"created":"Pubblicato il 22. Gennaio 2024","modified":"Aggiornato il 25. Giugno 2024"},"absolute_dates_time":{"created":"Pubblicato il 22. Gennaio 2024 12:07","modified":"Aggiornato il 25. Giugno 2024 15:10"},"featured_img_caption":"","featured_img":"https:\/\/laerm.ch\/wp-content\/uploads\/2020_TGL_Titelbild_it.jpg","series_order":"","_links":{"self":[{"href":"https:\/\/laerm.ch\/it\/wp-json\/wp\/v2\/pages\/2931"}],"collection":[{"href":"https:\/\/laerm.ch\/it\/wp-json\/wp\/v2\/pages"}],"about":[{"href":"https:\/\/laerm.ch\/it\/wp-json\/wp\/v2\/types\/page"}],"author":[{"embeddable":true,"href":"https:\/\/laerm.ch\/it\/wp-json\/wp\/v2\/users\/1"}],"replies":[{"embeddable":true,"href":"https:\/\/laerm.ch\/it\/wp-json\/wp\/v2\/comments?post=2931"}],"version-history":[{"count":9,"href":"https:\/\/laerm.ch\/it\/wp-json\/wp\/v2\/pages\/2931\/revisions"}],"predecessor-version":[{"id":4902,"href":"https:\/\/laerm.ch\/it\/wp-json\/wp\/v2\/pages\/2931\/revisions\/4902"}],"up":[{"embeddable":true,"href":"https:\/\/laerm.ch\/it\/wp-json\/wp\/v2\/pages\/2767"}],"wp:featuredmedia":[{"embeddable":true,"href":"https:\/\/laerm.ch\/it\/wp-json\/wp\/v2\/media\/3439"}],"wp:attachment":[{"href":"https:\/\/laerm.ch\/it\/wp-json\/wp\/v2\/media?parent=2931"}],"curies":[{"name":"wp","href":"https:\/\/api.w.org\/{rel}","templated":true}]}}