{"id":341,"date":"2023-10-17T18:49:46","date_gmt":"2023-10-17T16:49:46","guid":{"rendered":"https:\/\/laerm.ch\/conoscenze-sul-rumore\/laerm-kostet\/"},"modified":"2024-09-10T23:04:59","modified_gmt":"2024-09-10T21:04:59","slug":"il-rumore-costa","status":"publish","type":"page","link":"https:\/\/laerm.ch\/it\/conoscenze-sul-rumore\/il-rumore-costa\/","title":{"rendered":"Il rumore costa"},"content":{"rendered":"\n<p>Il rumore non costa solo nervi, ma anche denaro. Solo in rari casi per\u00f2 tali costi finanziari sono presi in carico da chi li provoca. La questione del rumore del traffico \u00e8 cos\u00ec controversa proprio perch\u00e9 gran parte dei costi viene scaricata su terzi non responsabili. Questi costi causati dal rumore, insieme ad altri costi come quelli dovuti all&#8217;inquinamento atmosferico e al cambiamento climatico, costituiscono i cosiddetti costi esterni del trasporto. La presa in considerazione di questi costi \u00e8 fondamentale per poter valutare adeguatamente i costi totali del trasporto.<\/p>\n\n<p>Il seguente diagramma illustra come i costi esterni del rumore siano integrati nei costi totali del trasporto.<\/p>\n<div class=\"wp-block-image\">\n<figure class=\"aligncenter size-full\"><img loading=\"lazy\" decoding=\"async\" width=\"662\" height=\"324\" src=\"https:\/\/laerm.ch\/wp-content\/uploads\/gesamtkosten_des_verkehrs.png\" alt=\"\" class=\"wp-image-1563\" srcset=\"https:\/\/laerm.ch\/wp-content\/uploads\/gesamtkosten_des_verkehrs.png 662w, https:\/\/laerm.ch\/wp-content\/uploads\/gesamtkosten_des_verkehrs-300x147.png 300w\" sizes=\"(max-width: 662px) 100vw, 662px\" \/><\/figure><\/div>\n<p>Come mostrato, le misure di internalizzazione possono essere utilizzate per conteggiare parte dei costi esterni nei confronti dei soggetti responsabili. I contributi di internalizzazione conteggiati aumentano pertanto la stima reale dei costi.<\/p>\n\n<p>L&#8217;aumento dei prezzi della mobilit\u00e0 grazie alle misure di internalizzazione pu\u00f2 portare a una riduzione del volume di traffico e quindi a un minore inquinamento fonico. Poich\u00e9 i contributi di internalizzazione non sempre vanno a beneficio di coloro che sono colpiti dal rumore, tali misure per aumentare l&#8217;equit\u00e0 nei confronti di chi inquina non sono necessariamente percepite come giuste da tutti gli interessati. Le tasse di atterraggio e sui passeggeri legati al rumore per gli aeroporti sono un esempio di misura di internalizzazione nel settore del rumore che esiste in Svizzera. <\/p>\n\n<p>Il costo totale del volo \u00e8 cos\u00ec composto:<\/p>\n\n<ul class=\"wp-block-list\">\n<li><strong>Costi privati<\/strong>: sono regolati direttamente in termini monetari con l&#8217;acquisto di un biglietto aereo.\n<ul class=\"wp-block-list\">\n<li><strong>Costi sostenuti direttamente dall&#8217;inquinatore<\/strong> (senza contributo di internalizzazione), tra cui\n<ul class=\"wp-block-list\">\n<li>Costi del carburante <\/li>\n\n\n\n<li>Contributo all&#8217;acquisizione e alla manutenzione dell&#8217;aeromobile <\/li>\n\n\n\n<li>Costi del personale <\/li>\n\n\n\n<li>Costi delle infrastrutture aeroportuali <\/li>\n<\/ul>\n<\/li>\n\n\n\n<li><strong>Contributo di internalizzazione<\/strong> \n<ul class=\"wp-block-list\">\n<li>Tasse di atterraggio e passeggeri legate al rumore <\/li>\n<\/ul>\n<\/li>\n<\/ul>\n<\/li>\n\n\n\n<li><strong>Costi esterni <\/strong>(dopo l&#8217;internalizzazione): poich\u00e9 i costi sostenuti direttamente da terzi di solito non comportano pagamenti monetari diretti, devono essere stimati. Per ottenere una stima dei costi esterni dopo l&#8217;internalizzazione, i contributi di internalizzazione monetariamente riscossi vengono dedotti dalla stima. I costi esterni di un volo passeggeri comprendono tra l&#8217;altro\n<ul class=\"wp-block-list\">\n<li>Perdita di rendimento da locazione e danni alla salute causati dal rumore degli aerei <\/li>\n\n\n\n<li>Costi dovuti all&#8217;inquinamento del suolo e dell&#8217;aria<\/li>\n\n\n\n<li>Costi a lungo termine del cambiamento climatico<\/li>\n<\/ul>\n<\/li>\n<\/ul>\n\n<p>Inoltre, l&#8217;Ufficio federale per lo sviluppo territoriale (ARE) fornisce ulteriori informazioni sul tema dei costi esterni del rumore al seguente link e mostra anche la ponderazione a livello nazionale dei vari mezzi di trasporto nel trasporto passeggeri e merci. Le informazioni sono disponibili al capitolo Rumore.<\/p>\n\n<h3 class=\"wp-block-heading\">Ulteriori informazioni<\/h3>\n\n<p><a class=\"_ex\" href=\"https:\/\/www.bafu.admin.ch\/bafu\/it\/home\/temi\/rumore\/info-specialisti\/effetti-del-rumore\/ripercussioni-economiche-del-rumore.html\">Impatto economico del rumore (admin.ch)<\/a><br\/><a class=\"_dl\" href=\"https:\/\/www.are.admin.ch\/dam\/are\/it\/dokumente\/verkehr\/publikationen\/externe_kosten_undnutzendesverkehrsinderschweiz.pdf.download.pdf\/costi_e_beneficiesternideitrasportiinsvizzera.pdf\">Costi e benefici esterni dei trasporti in Svizzera (PDF)<\/a><\/p>\n","protected":false},"excerpt":{"rendered":"<p>Il rumore non costa solo nervi, ma anche denaro. Solo in rari casi per\u00f2 tali costi finanziari sono presi in carico da chi li provoca. La questione del rumore del traffico \u00e8 cos\u00ec controversa proprio perch\u00e9 gran parte dei costi viene scaricata su terzi non responsabili. Questi costi causati dal rumore, insieme ad altri costi [&hellip;]<\/p>\n","protected":false},"author":1,"featured_media":338,"parent":77,"menu_order":1,"comment_status":"closed","ping_status":"closed","template":"","meta":{"advgb_blocks_editor_width":"","advgb_blocks_columns_visual_guide":"","footnotes":""},"class_list":["post-341","page","type-page","status-publish","has-post-thumbnail","hentry"],"yoast_head":"<!-- This site is optimized with the Yoast SEO plugin v23.7 - https:\/\/yoast.com\/wordpress\/plugins\/seo\/ -->\n<title>Il rumore costa - Rumore.ch<\/title>\n<meta name=\"robots\" content=\"index, follow, max-snippet:-1, max-image-preview:large, max-video-preview:-1\" \/>\n<link rel=\"canonical\" href=\"https:\/\/test.laerm.ch\/laermwissen\/laerm-kostet\/\" \/>\n<meta property=\"og:locale\" content=\"it_IT\" \/>\n<meta property=\"og:type\" content=\"article\" \/>\n<meta property=\"og:title\" content=\"Il rumore costa - Rumore.ch\" \/>\n<meta property=\"og:description\" content=\"Il rumore non costa solo nervi, ma anche denaro. Solo in rari casi per\u00f2 tali costi finanziari sono presi in carico da chi li provoca. La questione del rumore del traffico \u00e8 cos\u00ec controversa proprio perch\u00e9 gran parte dei costi viene scaricata su terzi non responsabili. Questi costi causati dal rumore, insieme ad altri costi [&hellip;]\" \/>\n<meta property=\"og:url\" content=\"https:\/\/test.laerm.ch\/laermwissen\/laerm-kostet\/\" \/>\n<meta property=\"og:site_name\" content=\"Rumore.ch\" \/>\n<meta property=\"article:modified_time\" content=\"2024-09-10T21:04:59+00:00\" \/>\n<meta property=\"og:image\" content=\"https:\/\/test.laerm.ch\/wp-content\/uploads\/laerm_kostet.jpg\" \/>\n\t<meta property=\"og:image:width\" content=\"725\" \/>\n\t<meta property=\"og:image:height\" content=\"300\" \/>\n\t<meta property=\"og:image:type\" content=\"image\/jpeg\" \/>\n<meta name=\"twitter:card\" content=\"summary_large_image\" \/>\n<meta name=\"twitter:label1\" content=\"Tempo di lettura stimato\" \/>\n\t<meta name=\"twitter:data1\" content=\"2 minuti\" \/>\n<script type=\"application\/ld+json\" class=\"yoast-schema-graph\">{\"@context\":\"https:\/\/schema.org\",\"@graph\":[{\"@type\":\"WebPage\",\"@id\":\"https:\/\/test.laerm.ch\/laermwissen\/laerm-kostet\/\",\"url\":\"https:\/\/test.laerm.ch\/laermwissen\/laerm-kostet\/\",\"name\":\"Il rumore costa - Rumore.ch\",\"isPartOf\":{\"@id\":\"https:\/\/laerm.ch\/#website\"},\"primaryImageOfPage\":{\"@id\":\"https:\/\/test.laerm.ch\/laermwissen\/laerm-kostet\/#primaryimage\"},\"image\":{\"@id\":\"https:\/\/test.laerm.ch\/laermwissen\/laerm-kostet\/#primaryimage\"},\"thumbnailUrl\":\"https:\/\/laerm.ch\/wp-content\/uploads\/laerm_kostet.jpg\",\"datePublished\":\"2023-10-17T16:49:46+00:00\",\"dateModified\":\"2024-09-10T21:04:59+00:00\",\"breadcrumb\":{\"@id\":\"https:\/\/test.laerm.ch\/laermwissen\/laerm-kostet\/#breadcrumb\"},\"inLanguage\":\"it-IT\",\"potentialAction\":[{\"@type\":\"ReadAction\",\"target\":[\"https:\/\/test.laerm.ch\/laermwissen\/laerm-kostet\/\"]}]},{\"@type\":\"ImageObject\",\"inLanguage\":\"it-IT\",\"@id\":\"https:\/\/test.laerm.ch\/laermwissen\/laerm-kostet\/#primaryimage\",\"url\":\"https:\/\/laerm.ch\/wp-content\/uploads\/laerm_kostet.jpg\",\"contentUrl\":\"https:\/\/laerm.ch\/wp-content\/uploads\/laerm_kostet.jpg\",\"width\":725,\"height\":300},{\"@type\":\"BreadcrumbList\",\"@id\":\"https:\/\/test.laerm.ch\/laermwissen\/laerm-kostet\/#breadcrumb\",\"itemListElement\":[{\"@type\":\"ListItem\",\"position\":1,\"name\":\"Startseite\",\"item\":\"https:\/\/test.laerm.ch\/it\/\"},{\"@type\":\"ListItem\",\"position\":2,\"name\":\"Conoscenze sul rumore\",\"item\":\"https:\/\/test.laerm.ch\/laermwissen\/\"},{\"@type\":\"ListItem\",\"position\":3,\"name\":\"Il rumore costa\"}]},{\"@type\":\"WebSite\",\"@id\":\"https:\/\/laerm.ch\/#website\",\"url\":\"https:\/\/laerm.ch\/\",\"name\":\"L\u00e4rm.ch\",\"description\":\"Benvenuti su Rumore.ch, il portale completo del Cercle Bruit sul tema del rumore e della protezione dal rumore.\",\"publisher\":{\"@id\":\"https:\/\/laerm.ch\/#organization\"},\"potentialAction\":[{\"@type\":\"SearchAction\",\"target\":{\"@type\":\"EntryPoint\",\"urlTemplate\":\"https:\/\/laerm.ch\/?s={search_term_string}\"},\"query-input\":{\"@type\":\"PropertyValueSpecification\",\"valueRequired\":true,\"valueName\":\"search_term_string\"}}],\"inLanguage\":\"it-IT\"},{\"@type\":\"Organization\",\"@id\":\"https:\/\/laerm.ch\/#organization\",\"name\":\"Cercle Bruit\",\"url\":\"https:\/\/laerm.ch\/\",\"logo\":{\"@type\":\"ImageObject\",\"inLanguage\":\"it-IT\",\"@id\":\"https:\/\/laerm.ch\/#\/schema\/logo\/image\/\",\"url\":\"https:\/\/laerm.ch\/wp-content\/uploads\/cercleBruitLogoText.png\",\"contentUrl\":\"https:\/\/laerm.ch\/wp-content\/uploads\/cercleBruitLogoText.png\",\"width\":512,\"height\":329,\"caption\":\"Cercle Bruit\"},\"image\":{\"@id\":\"https:\/\/laerm.ch\/#\/schema\/logo\/image\/\"}}]}<\/script>\n<!-- \/ Yoast SEO plugin. -->","yoast_head_json":{"title":"Il rumore costa - Rumore.ch","robots":{"index":"index","follow":"follow","max-snippet":"max-snippet:-1","max-image-preview":"max-image-preview:large","max-video-preview":"max-video-preview:-1"},"canonical":"https:\/\/test.laerm.ch\/laermwissen\/laerm-kostet\/","og_locale":"it_IT","og_type":"article","og_title":"Il rumore costa - Rumore.ch","og_description":"Il rumore non costa solo nervi, ma anche denaro. Solo in rari casi per\u00f2 tali costi finanziari sono presi in carico da chi li provoca. La questione del rumore del traffico \u00e8 cos\u00ec controversa proprio perch\u00e9 gran parte dei costi viene scaricata su terzi non responsabili. Questi costi causati dal rumore, insieme ad altri costi [&hellip;]","og_url":"https:\/\/test.laerm.ch\/laermwissen\/laerm-kostet\/","og_site_name":"Rumore.ch","article_modified_time":"2024-09-10T21:04:59+00:00","og_image":[{"width":725,"height":300,"url":"https:\/\/test.laerm.ch\/wp-content\/uploads\/laerm_kostet.jpg","type":"image\/jpeg"}],"twitter_card":"summary_large_image","twitter_misc":{"Tempo di lettura stimato":"2 minuti"},"schema":{"@context":"https:\/\/schema.org","@graph":[{"@type":"WebPage","@id":"https:\/\/test.laerm.ch\/laermwissen\/laerm-kostet\/","url":"https:\/\/test.laerm.ch\/laermwissen\/laerm-kostet\/","name":"Il rumore costa - Rumore.ch","isPartOf":{"@id":"https:\/\/laerm.ch\/#website"},"primaryImageOfPage":{"@id":"https:\/\/test.laerm.ch\/laermwissen\/laerm-kostet\/#primaryimage"},"image":{"@id":"https:\/\/test.laerm.ch\/laermwissen\/laerm-kostet\/#primaryimage"},"thumbnailUrl":"https:\/\/laerm.ch\/wp-content\/uploads\/laerm_kostet.jpg","datePublished":"2023-10-17T16:49:46+00:00","dateModified":"2024-09-10T21:04:59+00:00","breadcrumb":{"@id":"https:\/\/test.laerm.ch\/laermwissen\/laerm-kostet\/#breadcrumb"},"inLanguage":"it-IT","potentialAction":[{"@type":"ReadAction","target":["https:\/\/test.laerm.ch\/laermwissen\/laerm-kostet\/"]}]},{"@type":"ImageObject","inLanguage":"it-IT","@id":"https:\/\/test.laerm.ch\/laermwissen\/laerm-kostet\/#primaryimage","url":"https:\/\/laerm.ch\/wp-content\/uploads\/laerm_kostet.jpg","contentUrl":"https:\/\/laerm.ch\/wp-content\/uploads\/laerm_kostet.jpg","width":725,"height":300},{"@type":"BreadcrumbList","@id":"https:\/\/test.laerm.ch\/laermwissen\/laerm-kostet\/#breadcrumb","itemListElement":[{"@type":"ListItem","position":1,"name":"Startseite","item":"https:\/\/test.laerm.ch\/it\/"},{"@type":"ListItem","position":2,"name":"Conoscenze sul rumore","item":"https:\/\/test.laerm.ch\/laermwissen\/"},{"@type":"ListItem","position":3,"name":"Il rumore costa"}]},{"@type":"WebSite","@id":"https:\/\/laerm.ch\/#website","url":"https:\/\/laerm.ch\/","name":"L\u00e4rm.ch","description":"Benvenuti su Rumore.ch, il portale completo del Cercle Bruit sul tema del rumore e della protezione dal rumore.","publisher":{"@id":"https:\/\/laerm.ch\/#organization"},"potentialAction":[{"@type":"SearchAction","target":{"@type":"EntryPoint","urlTemplate":"https:\/\/laerm.ch\/?s={search_term_string}"},"query-input":{"@type":"PropertyValueSpecification","valueRequired":true,"valueName":"search_term_string"}}],"inLanguage":"it-IT"},{"@type":"Organization","@id":"https:\/\/laerm.ch\/#organization","name":"Cercle Bruit","url":"https:\/\/laerm.ch\/","logo":{"@type":"ImageObject","inLanguage":"it-IT","@id":"https:\/\/laerm.ch\/#\/schema\/logo\/image\/","url":"https:\/\/laerm.ch\/wp-content\/uploads\/cercleBruitLogoText.png","contentUrl":"https:\/\/laerm.ch\/wp-content\/uploads\/cercleBruitLogoText.png","width":512,"height":329,"caption":"Cercle Bruit"},"image":{"@id":"https:\/\/laerm.ch\/#\/schema\/logo\/image\/"}}]}},"coauthors":[],"author_meta":{"author_link":"https:\/\/laerm.ch\/it\/author\/f9c1af47f5d7fcc5\/","display_name":"admin"},"relative_dates":{"created":"Pubblicato 2 anni fa","modified":"Aggiornato 2 anni fa"},"absolute_dates":{"created":"Pubblicato il 17. Ottobre 2023","modified":"Aggiornato il 10. Settembre 2024"},"absolute_dates_time":{"created":"Pubblicato il 17. Ottobre 2023 18:49","modified":"Aggiornato il 10. Settembre 2024 23:04"},"featured_img_caption":"","featured_img":"https:\/\/laerm.ch\/wp-content\/uploads\/laerm_kostet.jpg","series_order":"","_links":{"self":[{"href":"https:\/\/laerm.ch\/it\/wp-json\/wp\/v2\/pages\/341"}],"collection":[{"href":"https:\/\/laerm.ch\/it\/wp-json\/wp\/v2\/pages"}],"about":[{"href":"https:\/\/laerm.ch\/it\/wp-json\/wp\/v2\/types\/page"}],"author":[{"embeddable":true,"href":"https:\/\/laerm.ch\/it\/wp-json\/wp\/v2\/users\/1"}],"replies":[{"embeddable":true,"href":"https:\/\/laerm.ch\/it\/wp-json\/wp\/v2\/comments?post=341"}],"version-history":[{"count":10,"href":"https:\/\/laerm.ch\/it\/wp-json\/wp\/v2\/pages\/341\/revisions"}],"predecessor-version":[{"id":5137,"href":"https:\/\/laerm.ch\/it\/wp-json\/wp\/v2\/pages\/341\/revisions\/5137"}],"up":[{"embeddable":true,"href":"https:\/\/laerm.ch\/it\/wp-json\/wp\/v2\/pages\/77"}],"wp:featuredmedia":[{"embeddable":true,"href":"https:\/\/laerm.ch\/it\/wp-json\/wp\/v2\/media\/338"}],"wp:attachment":[{"href":"https:\/\/laerm.ch\/it\/wp-json\/wp\/v2\/media?parent=341"}],"curies":[{"name":"wp","href":"https:\/\/api.w.org\/{rel}","templated":true}]}}