{"id":394,"date":"2023-10-18T10:22:39","date_gmt":"2023-10-18T08:22:39","guid":{"rendered":"https:\/\/laerm.ch\/problemi-legati-al-rumore\/laermquellen-beurteilung\/"},"modified":"2024-09-14T21:04:41","modified_gmt":"2024-09-14T19:04:41","slug":"fonti-di-rumore-e-valutazione","status":"publish","type":"page","link":"https:\/\/laerm.ch\/it\/problemi-di-rumore\/fonti-di-rumore-e-valutazione\/","title":{"rendered":"Fonti di rumore e valutazione"},"content":{"rendered":"<div id=\"ez-toc-container\" class=\"ez-toc-v2_0_69_1 counter-hierarchy ez-toc-counter ez-toc-transparent ez-toc-container-direction\">\n<label for=\"ez-toc-cssicon-toggle-item-69e19094d06f4\" class=\"ez-toc-cssicon-toggle-label\"><p class=\"ez-toc-title\" style=\"cursor:inherit\">Elenco del contenuto <\/p>\n<span class=\"ez-toc-cssicon\"><span class=\"eztoc-hide\" style=\"display:none;\">Toggle<\/span><span class=\"ez-toc-icon-toggle-span\"><svg style=\"fill: #999;color:#999\" xmlns=\"http:\/\/www.w3.org\/2000\/svg\" class=\"list-377408\" width=\"20px\" height=\"20px\" viewBox=\"0 0 24 24\" fill=\"none\"><path d=\"M6 6H4v2h2V6zm14 0H8v2h12V6zM4 11h2v2H4v-2zm16 0H8v2h12v-2zM4 16h2v2H4v-2zm16 0H8v2h12v-2z\" fill=\"currentColor\"><\/path><\/svg><svg style=\"fill: #999;color:#999\" class=\"arrow-unsorted-368013\" xmlns=\"http:\/\/www.w3.org\/2000\/svg\" width=\"10px\" height=\"10px\" viewBox=\"0 0 24 24\" version=\"1.2\" baseProfile=\"tiny\"><path d=\"M18.2 9.3l-6.2-6.3-6.2 6.3c-.2.2-.3.4-.3.7s.1.5.3.7c.2.2.4.3.7.3h11c.3 0 .5-.1.7-.3.2-.2.3-.5.3-.7s-.1-.5-.3-.7zM5.8 14.7l6.2 6.3 6.2-6.3c.2-.2.3-.5.3-.7s-.1-.5-.3-.7c-.2-.2-.4-.3-.7-.3h-11c-.3 0-.5.1-.7.3-.2.2-.3.5-.3.7s.1.5.3.7z\"\/><\/svg><\/span><\/span><\/label><input type=\"checkbox\" style='display:none' id=\"ez-toc-cssicon-toggle-item-69e19094d06f4\" checked \/><nav><ul class='ez-toc-list ez-toc-list-level-1 ' ><li class='ez-toc-page-1 ez-toc-heading-level-2'><a class=\"ez-toc-link ez-toc-heading-1\" href=\"https:\/\/laerm.ch\/it\/problemi-di-rumore\/fonti-di-rumore-e-valutazione\/#competenze\" title=\"Competenze\">Competenze<\/a><\/li><li class='ez-toc-page-1 ez-toc-heading-level-2'><a class=\"ez-toc-link ez-toc-heading-2\" href=\"https:\/\/laerm.ch\/it\/problemi-di-rumore\/fonti-di-rumore-e-valutazione\/#la-giurisprudenza\" title=\"La giurisprudenza\">La giurisprudenza<\/a><\/li><li class='ez-toc-page-1 ez-toc-heading-level-2'><a class=\"ez-toc-link ez-toc-heading-3\" href=\"https:\/\/laerm.ch\/it\/problemi-di-rumore\/fonti-di-rumore-e-valutazione\/#contributi-cinematografici\" title=\"Contributi cinematografici\">Contributi cinematografici<\/a><\/li><\/ul><\/nav><\/div>\n\n<p>Un&#8217;automobile, un treno merci, un&#8217;unit\u00e0 di ventilazione o un impianto di riciclaggio causano rumore come effetto collaterale indesiderato. Per questi rumori sono stati fissati dei valori limite nell&#8217;ordinanza contro l&#8217;inquinamento fonico. Vi sono altre attivit\u00e0 che producono suoni o rumori con l&#8217;intenzione di farsi sentire. Se il volume della musica, del suono delle campane o delle grida dei bambini viene limitato, lo scopo del suono prodotto potrebbe non essere pi\u00f9 completamento ottenuto. Si tratta in definitiva di una questione di misura. Sono richieste considerazione e tolleranza.<\/p>\n\n<p>Poich\u00e9 tanto le cause che gli obiettivi non sono uniformi, vi sono diverse normative che proteggono da diversi tipi di rumore:<\/p>\n\n<ul class=\"wp-block-list\">\n<li>Se il rumore pu\u00f2 essere attribuito a un impianto, si applicano la legge sulla protezione dell&#8217;ambiente e l&#8217;ordinanza contro l&#8217;inquinamento fonico. Una chiesa, un parco giochi per bambini, un punto di raccolta del vetro o anche una strada vengono considerati quali impianti.<\/li>\n\n\n\n<li>Tuttavia, ci\u00f2 significa che le emissioni foniche non sono necessariamente regolate da valori limite. Valori limite sono determinati unicamente per il traffico aereo, stradale e ferroviario, per l&#8217;artigianato e l&#8217;industria nonch\u00e9 per i poligoni di tiro.<\/li>\n\n\n\n<li>Per tutti gli altri impianti, vige il principio che le loro emissioni non devono molestare in modo significativo la popolazione. Questa valutazione viene effettuata caso per caso (vedi &#8220;Rumore quotidiano&#8221;).<\/li>\n\n\n\n<li>Se il rumore non proviene da un impianto, l&#8217;art. 684 CC protegge il vicinato da immissioni dannose o fastidiose. Anche in questo caso, occorre chiarire caso per caso (vedi &#8220;Rumore quotidiano&#8221;) se si tratta di un&#8217;immissione nociva o fastidiosa.<\/li>\n\n\n\n<li>Nei regolamenti comunali o di polizia (o simili) vengono anche determinati i periodi di quiete vigenti nel Comune. In queste fasce orarie (per lo pi\u00f9 di notte e durante la pausa pranzo, oltre che la domenica e i giorni festivi), la protezione dal rumore \u00e8 pi\u00f9 restrittiva.<\/li>\n<\/ul>\n\n<p>Ulteriori informazioni sulle varie categorie di fonti di rumore sono disponibili qui:<\/p>\n\n<div class=\"wp-block-group is-vertical is-layout-flex wp-container-core-group-is-layout-1 wp-block-group-is-layout-flex\">\n<p><a class=\"_in\" href=\"https:\/\/laerm.ch\/it\/problemi-di-rumore\/fonti-di-rumore-e-valutazione\/rumore-del-traffico\/\">Rumore del traffico<\/a><br\/><a class=\"_in\" href=\"https:\/\/laerm.ch\/it\/problemi-di-rumore\/fonti-di-rumore-e-valutazione\/rumore-dellindustria-e-delle-arti-e-mestieri\/\">Rumore dell&#8217;industria e delle arti e mestieri<\/a><br\/><a class=\"_in\" href=\"https:\/\/laerm.ch\/it\/problemi-di-rumore\/fonti-di-rumore-e-valutazione\/tiro\/\">Tiro<br\/><\/a><a class=\"_in\" href=\"https:\/\/laerm.ch\/it\/problemi-di-rumore\/fonti-di-rumore-e-valutazione\/rumore-quotidiano\/\">Rumore quotidiano<\/a><\/p>\n<\/div>\n\n<h2 class=\"wp-block-heading\"><span class=\"ez-toc-section\" id=\"competenze\"><\/span>Competenze<span class=\"ez-toc-section-end\"><\/span><\/h2>\n\n<p>I principali enti responsabili dell&#8217;applicazione del diritto ambientale e delle disposizioni dell&#8217;ordinanza contro l&#8217;inquinamento fonico per i tipi di rumore per i quali vigono valori limite sono:<\/p>\n\n<ul class=\"wp-block-list\">\n<li>nei Comuni: gli uffici specialistici dei Cantoni<\/li>\n\n\n\n<li>nelle Citt\u00e0: gli uffici comunali preposti<\/li>\n<\/ul>\n\n<p><a class=\"_intern\" href=\"https:\/\/laerm.ch\/it\/contatti\/uffici-della-prevenzione-dei-rumori\/\" data-type=\"page\" data-id=\"63\">Uffici per la prevenzione dall&#8217;inquinamento fonico<\/a><\/p>\n\n<p>Principalmente competenti per l&#8217;applicazione del diritto ambientale e civile per il rumore quotidiano <strong>senza valori limite<\/strong> sono i relativi uffici comunali; nei Comuni e nelle Citt\u00e0 pi\u00f9 grandi si tratta solitamente delle seguenti autorit\u00e0 locali: <\/p>\n\n<ul class=\"wp-block-list\">\n<li>Autorit\u00e0 edilizia (problemi con situazioni di tipo strutturale)<\/li>\n\n\n\n<li>Autorit\u00e0 di sicurezza e polizia (problemi con le attivit\u00e0 umane)<\/li>\n<\/ul>\n\n<p>La maggior parte dei Comuni stabilisce le regole sul rumore nel quadro di un&#8217;ordinanza comunale o di polizia. Le ordinanze di polizia dei Comuni svizzeri presentano notevoli analogie.<\/p>\n\n<p><a class=\"_download\" href=\"https:\/\/laerm.ch\/wp-content\/uploads\/beispiel_polizeiverordnung_laermschutz.pdf\">Esempio di ordinanza di polizia (estratto protezione dal rumore)<\/a><\/p>\n\n<p>Spesso esiste una sezione separata concernente la protezione dal rumore, oppure le disposizioni legali in materia di protezione fonica si trovano nelle sezioni relative alla protezione dell&#8217;ambiente o al controllo delle immissioni della relativa ordinanza di polizia. Tutte le ordinanze di polizia vietano in linea di principio le immissioni evitabili, nocive per la salute o che causano un notevole disturbo sul territorio comunale (cfr. art. 11 comma 2 LPAmb). Esistono inoltre diversi periodi di silenzio, durante i quali \u00e8 generalmente vietato svolgere lavori rumorosi:<\/p>\n\n<ul class=\"wp-block-list\">\n<li>Quiete di mezzogiorno &#8211; di solito dalle ore 12.00 alle 13.00<\/li>\n\n\n\n<li>Quiete serale nei giorni lavorativi &#8211; di solito dalle 19.00 o dalle 20.00 fino al riposo notturno<\/li>\n\n\n\n<li>Quiete serale il sabato &#8211; di solito dalle 17.00 o 18.00 fino al riposo notturno<\/li>\n\n\n\n<li>Riposo notturno &#8211; di solito dalle 22.00 alle 07.00<\/li>\n\n\n\n<li>Riposo diurno &#8211; domenica e giorni festivi<\/li>\n<\/ul>\n\n<hr class=\"wp-block-separator has-alpha-channel-opacity\"\/>\n\n<h2 class=\"wp-block-heading\"><span class=\"ez-toc-section\" id=\"la-giurisprudenza\"><\/span>La giurisprudenza<span class=\"ez-toc-section-end\"><\/span><\/h2>\n\n<p>Una raccolta di sentenze del Tribunale federale e tribunali amministrativi su vari tipi di rumore \u00e8 disponibile nella sezione &#8220;Diritto e legislazione&#8221;.<\/p>\n\n<p><a class=\"_in\" href=\"https:\/\/rechtsprechung.laerm.ch\/?lang=it\" data-type=\"page\" data-id=\"492\">Banca dati della giurisprudenza<\/a><\/p>\n\n<hr class=\"wp-block-separator has-alpha-channel-opacity\"\/>\n\n<h2 class=\"wp-block-heading\"><span class=\"ez-toc-section\" id=\"contributi-cinematografici\"><\/span>Contributi cinematografici<span class=\"ez-toc-section-end\"><\/span><\/h2>\n\n<figure class=\"wp-block-embed is-type-video is-provider-youtube wp-block-embed-youtube wp-embed-aspect-4-3 wp-has-aspect-ratio\"><div class=\"wp-block-embed__wrapper\">\n<iframe loading=\"lazy\" title=\"Sam&#039;s Reportage - L\u00e4rm in Glattbrugg Teil 1\/2\" width=\"725\" height=\"544\" src=\"https:\/\/www.youtube.com\/embed\/AeM2sVzQ1jQ?feature=oembed\" frameborder=\"0\" allow=\"accelerometer; autoplay; clipboard-write; encrypted-media; gyroscope; picture-in-picture; web-share\" referrerpolicy=\"strict-origin-when-cross-origin\" allowfullscreen><\/iframe>\n<\/div><\/figure>\n\n<figure class=\"wp-block-embed is-type-video is-provider-youtube wp-block-embed-youtube wp-embed-aspect-4-3 wp-has-aspect-ratio\"><div class=\"wp-block-embed__wrapper\">\n<iframe loading=\"lazy\" title=\"Sam&#039;s Reportage - L\u00e4rm in Glattbrugg Teil 2\/2\" width=\"725\" height=\"544\" src=\"https:\/\/www.youtube.com\/embed\/-Bo871nJ6rQ?feature=oembed\" frameborder=\"0\" allow=\"accelerometer; autoplay; clipboard-write; encrypted-media; gyroscope; picture-in-picture; web-share\" referrerpolicy=\"strict-origin-when-cross-origin\" allowfullscreen><\/iframe>\n<\/div><figcaption class=\"wp-element-caption\">Fonte: Sam Schwab, Istituto SAE di Zurigo<\/figcaption><\/figure>\n","protected":false},"excerpt":{"rendered":"<p>Un&#8217;automobile, un treno merci, un&#8217;unit\u00e0 di ventilazione o un impianto di riciclaggio causano rumore come effetto collaterale indesiderato. Per questi rumori sono stati fissati dei valori limite nell&#8217;ordinanza contro l&#8217;inquinamento fonico. Vi sono altre attivit\u00e0 che producono suoni o rumori con l&#8217;intenzione di farsi sentire. Se il volume della musica, del suono delle campane o [&hellip;]<\/p>\n","protected":false},"author":1,"featured_media":391,"parent":80,"menu_order":1,"comment_status":"closed","ping_status":"closed","template":"","meta":{"advgb_blocks_editor_width":"","advgb_blocks_columns_visual_guide":"","footnotes":""},"class_list":["post-394","page","type-page","status-publish","has-post-thumbnail","hentry"],"yoast_head":"<!-- This site is optimized with the Yoast SEO plugin v23.7 - https:\/\/yoast.com\/wordpress\/plugins\/seo\/ -->\n<title>Fonti di rumore e valutazione - Rumore.ch<\/title>\n<meta name=\"robots\" content=\"index, follow, max-snippet:-1, max-image-preview:large, max-video-preview:-1\" \/>\n<link rel=\"canonical\" href=\"https:\/\/test.laerm.ch\/it\/problemi-di-rumore\/fonti-di-rumore-e-valutazione\/\" \/>\n<meta property=\"og:locale\" content=\"it_IT\" \/>\n<meta property=\"og:type\" content=\"article\" \/>\n<meta property=\"og:title\" content=\"Fonti di rumore e valutazione - Rumore.ch\" \/>\n<meta property=\"og:description\" content=\"Un&#8217;automobile, un treno merci, un&#8217;unit\u00e0 di ventilazione o un impianto di riciclaggio causano rumore come effetto collaterale indesiderato. Per questi rumori sono stati fissati dei valori limite nell&#8217;ordinanza contro l&#8217;inquinamento fonico. Vi sono altre attivit\u00e0 che producono suoni o rumori con l&#8217;intenzione di farsi sentire. Se il volume della musica, del suono delle campane o [&hellip;]\" \/>\n<meta property=\"og:url\" content=\"https:\/\/test.laerm.ch\/it\/problemi-di-rumore\/fonti-di-rumore-e-valutazione\/\" \/>\n<meta property=\"og:site_name\" content=\"Rumore.ch\" \/>\n<meta property=\"article:modified_time\" content=\"2024-09-14T19:04:41+00:00\" \/>\n<meta property=\"og:image\" content=\"https:\/\/test.laerm.ch\/wp-content\/uploads\/laermquellen_und_beurteilung.jpg\" \/>\n\t<meta property=\"og:image:width\" content=\"725\" \/>\n\t<meta property=\"og:image:height\" content=\"300\" \/>\n\t<meta property=\"og:image:type\" content=\"image\/jpeg\" \/>\n<meta name=\"twitter:card\" content=\"summary_large_image\" \/>\n<meta name=\"twitter:label1\" content=\"Tempo di lettura stimato\" \/>\n\t<meta name=\"twitter:data1\" content=\"3 minuti\" \/>\n<script type=\"application\/ld+json\" class=\"yoast-schema-graph\">{\"@context\":\"https:\/\/schema.org\",\"@graph\":[{\"@type\":\"WebPage\",\"@id\":\"https:\/\/test.laerm.ch\/it\/problemi-di-rumore\/fonti-di-rumore-e-valutazione\/\",\"url\":\"https:\/\/test.laerm.ch\/it\/problemi-di-rumore\/fonti-di-rumore-e-valutazione\/\",\"name\":\"Fonti di rumore e valutazione - Rumore.ch\",\"isPartOf\":{\"@id\":\"https:\/\/laerm.ch\/#website\"},\"primaryImageOfPage\":{\"@id\":\"https:\/\/test.laerm.ch\/it\/problemi-di-rumore\/fonti-di-rumore-e-valutazione\/#primaryimage\"},\"image\":{\"@id\":\"https:\/\/test.laerm.ch\/it\/problemi-di-rumore\/fonti-di-rumore-e-valutazione\/#primaryimage\"},\"thumbnailUrl\":\"https:\/\/laerm.ch\/wp-content\/uploads\/laermquellen_und_beurteilung.jpg\",\"datePublished\":\"2023-10-18T08:22:39+00:00\",\"dateModified\":\"2024-09-14T19:04:41+00:00\",\"breadcrumb\":{\"@id\":\"https:\/\/test.laerm.ch\/it\/problemi-di-rumore\/fonti-di-rumore-e-valutazione\/#breadcrumb\"},\"inLanguage\":\"it-IT\",\"potentialAction\":[{\"@type\":\"ReadAction\",\"target\":[\"https:\/\/test.laerm.ch\/it\/problemi-di-rumore\/fonti-di-rumore-e-valutazione\/\"]}]},{\"@type\":\"ImageObject\",\"inLanguage\":\"it-IT\",\"@id\":\"https:\/\/test.laerm.ch\/it\/problemi-di-rumore\/fonti-di-rumore-e-valutazione\/#primaryimage\",\"url\":\"https:\/\/laerm.ch\/wp-content\/uploads\/laermquellen_und_beurteilung.jpg\",\"contentUrl\":\"https:\/\/laerm.ch\/wp-content\/uploads\/laermquellen_und_beurteilung.jpg\",\"width\":725,\"height\":300},{\"@type\":\"BreadcrumbList\",\"@id\":\"https:\/\/test.laerm.ch\/it\/problemi-di-rumore\/fonti-di-rumore-e-valutazione\/#breadcrumb\",\"itemListElement\":[{\"@type\":\"ListItem\",\"position\":1,\"name\":\"Startseite\",\"item\":\"https:\/\/test.laerm.ch\/it\/\"},{\"@type\":\"ListItem\",\"position\":2,\"name\":\"Problemi di rumore\",\"item\":\"https:\/\/test.laerm.ch\/it\/problemi-di-rumore\/\"},{\"@type\":\"ListItem\",\"position\":3,\"name\":\"Fonti di rumore e valutazione\"}]},{\"@type\":\"WebSite\",\"@id\":\"https:\/\/laerm.ch\/#website\",\"url\":\"https:\/\/laerm.ch\/\",\"name\":\"L\u00e4rm.ch\",\"description\":\"Benvenuti su Rumore.ch, il portale completo del Cercle Bruit sul tema del rumore e della protezione dal rumore.\",\"publisher\":{\"@id\":\"https:\/\/laerm.ch\/#organization\"},\"potentialAction\":[{\"@type\":\"SearchAction\",\"target\":{\"@type\":\"EntryPoint\",\"urlTemplate\":\"https:\/\/laerm.ch\/?s={search_term_string}\"},\"query-input\":{\"@type\":\"PropertyValueSpecification\",\"valueRequired\":true,\"valueName\":\"search_term_string\"}}],\"inLanguage\":\"it-IT\"},{\"@type\":\"Organization\",\"@id\":\"https:\/\/laerm.ch\/#organization\",\"name\":\"Cercle Bruit\",\"url\":\"https:\/\/laerm.ch\/\",\"logo\":{\"@type\":\"ImageObject\",\"inLanguage\":\"it-IT\",\"@id\":\"https:\/\/laerm.ch\/#\/schema\/logo\/image\/\",\"url\":\"https:\/\/laerm.ch\/wp-content\/uploads\/cercleBruitLogoText.png\",\"contentUrl\":\"https:\/\/laerm.ch\/wp-content\/uploads\/cercleBruitLogoText.png\",\"width\":512,\"height\":329,\"caption\":\"Cercle Bruit\"},\"image\":{\"@id\":\"https:\/\/laerm.ch\/#\/schema\/logo\/image\/\"}}]}<\/script>\n<!-- \/ Yoast SEO plugin. -->","yoast_head_json":{"title":"Fonti di rumore e valutazione - Rumore.ch","robots":{"index":"index","follow":"follow","max-snippet":"max-snippet:-1","max-image-preview":"max-image-preview:large","max-video-preview":"max-video-preview:-1"},"canonical":"https:\/\/test.laerm.ch\/it\/problemi-di-rumore\/fonti-di-rumore-e-valutazione\/","og_locale":"it_IT","og_type":"article","og_title":"Fonti di rumore e valutazione - Rumore.ch","og_description":"Un&#8217;automobile, un treno merci, un&#8217;unit\u00e0 di ventilazione o un impianto di riciclaggio causano rumore come effetto collaterale indesiderato. Per questi rumori sono stati fissati dei valori limite nell&#8217;ordinanza contro l&#8217;inquinamento fonico. Vi sono altre attivit\u00e0 che producono suoni o rumori con l&#8217;intenzione di farsi sentire. Se il volume della musica, del suono delle campane o [&hellip;]","og_url":"https:\/\/test.laerm.ch\/it\/problemi-di-rumore\/fonti-di-rumore-e-valutazione\/","og_site_name":"Rumore.ch","article_modified_time":"2024-09-14T19:04:41+00:00","og_image":[{"width":725,"height":300,"url":"https:\/\/test.laerm.ch\/wp-content\/uploads\/laermquellen_und_beurteilung.jpg","type":"image\/jpeg"}],"twitter_card":"summary_large_image","twitter_misc":{"Tempo di lettura stimato":"3 minuti"},"schema":{"@context":"https:\/\/schema.org","@graph":[{"@type":"WebPage","@id":"https:\/\/test.laerm.ch\/it\/problemi-di-rumore\/fonti-di-rumore-e-valutazione\/","url":"https:\/\/test.laerm.ch\/it\/problemi-di-rumore\/fonti-di-rumore-e-valutazione\/","name":"Fonti di rumore e valutazione - Rumore.ch","isPartOf":{"@id":"https:\/\/laerm.ch\/#website"},"primaryImageOfPage":{"@id":"https:\/\/test.laerm.ch\/it\/problemi-di-rumore\/fonti-di-rumore-e-valutazione\/#primaryimage"},"image":{"@id":"https:\/\/test.laerm.ch\/it\/problemi-di-rumore\/fonti-di-rumore-e-valutazione\/#primaryimage"},"thumbnailUrl":"https:\/\/laerm.ch\/wp-content\/uploads\/laermquellen_und_beurteilung.jpg","datePublished":"2023-10-18T08:22:39+00:00","dateModified":"2024-09-14T19:04:41+00:00","breadcrumb":{"@id":"https:\/\/test.laerm.ch\/it\/problemi-di-rumore\/fonti-di-rumore-e-valutazione\/#breadcrumb"},"inLanguage":"it-IT","potentialAction":[{"@type":"ReadAction","target":["https:\/\/test.laerm.ch\/it\/problemi-di-rumore\/fonti-di-rumore-e-valutazione\/"]}]},{"@type":"ImageObject","inLanguage":"it-IT","@id":"https:\/\/test.laerm.ch\/it\/problemi-di-rumore\/fonti-di-rumore-e-valutazione\/#primaryimage","url":"https:\/\/laerm.ch\/wp-content\/uploads\/laermquellen_und_beurteilung.jpg","contentUrl":"https:\/\/laerm.ch\/wp-content\/uploads\/laermquellen_und_beurteilung.jpg","width":725,"height":300},{"@type":"BreadcrumbList","@id":"https:\/\/test.laerm.ch\/it\/problemi-di-rumore\/fonti-di-rumore-e-valutazione\/#breadcrumb","itemListElement":[{"@type":"ListItem","position":1,"name":"Startseite","item":"https:\/\/test.laerm.ch\/it\/"},{"@type":"ListItem","position":2,"name":"Problemi di rumore","item":"https:\/\/test.laerm.ch\/it\/problemi-di-rumore\/"},{"@type":"ListItem","position":3,"name":"Fonti di rumore e valutazione"}]},{"@type":"WebSite","@id":"https:\/\/laerm.ch\/#website","url":"https:\/\/laerm.ch\/","name":"L\u00e4rm.ch","description":"Benvenuti su Rumore.ch, il portale completo del Cercle Bruit sul tema del rumore e della protezione dal rumore.","publisher":{"@id":"https:\/\/laerm.ch\/#organization"},"potentialAction":[{"@type":"SearchAction","target":{"@type":"EntryPoint","urlTemplate":"https:\/\/laerm.ch\/?s={search_term_string}"},"query-input":{"@type":"PropertyValueSpecification","valueRequired":true,"valueName":"search_term_string"}}],"inLanguage":"it-IT"},{"@type":"Organization","@id":"https:\/\/laerm.ch\/#organization","name":"Cercle Bruit","url":"https:\/\/laerm.ch\/","logo":{"@type":"ImageObject","inLanguage":"it-IT","@id":"https:\/\/laerm.ch\/#\/schema\/logo\/image\/","url":"https:\/\/laerm.ch\/wp-content\/uploads\/cercleBruitLogoText.png","contentUrl":"https:\/\/laerm.ch\/wp-content\/uploads\/cercleBruitLogoText.png","width":512,"height":329,"caption":"Cercle Bruit"},"image":{"@id":"https:\/\/laerm.ch\/#\/schema\/logo\/image\/"}}]}},"coauthors":[],"author_meta":{"author_link":"https:\/\/laerm.ch\/it\/author\/f9c1af47f5d7fcc5\/","display_name":"admin"},"relative_dates":{"created":"Pubblicato 2 anni fa","modified":"Aggiornato 2 anni fa"},"absolute_dates":{"created":"Pubblicato il 18. Ottobre 2023","modified":"Aggiornato il 14. Settembre 2024"},"absolute_dates_time":{"created":"Pubblicato il 18. Ottobre 2023 10:22","modified":"Aggiornato il 14. Settembre 2024 21:04"},"featured_img_caption":"","featured_img":"https:\/\/laerm.ch\/wp-content\/uploads\/laermquellen_und_beurteilung.jpg","series_order":"","_links":{"self":[{"href":"https:\/\/laerm.ch\/it\/wp-json\/wp\/v2\/pages\/394"}],"collection":[{"href":"https:\/\/laerm.ch\/it\/wp-json\/wp\/v2\/pages"}],"about":[{"href":"https:\/\/laerm.ch\/it\/wp-json\/wp\/v2\/types\/page"}],"author":[{"embeddable":true,"href":"https:\/\/laerm.ch\/it\/wp-json\/wp\/v2\/users\/1"}],"replies":[{"embeddable":true,"href":"https:\/\/laerm.ch\/it\/wp-json\/wp\/v2\/comments?post=394"}],"version-history":[{"count":30,"href":"https:\/\/laerm.ch\/it\/wp-json\/wp\/v2\/pages\/394\/revisions"}],"predecessor-version":[{"id":5197,"href":"https:\/\/laerm.ch\/it\/wp-json\/wp\/v2\/pages\/394\/revisions\/5197"}],"up":[{"embeddable":true,"href":"https:\/\/laerm.ch\/it\/wp-json\/wp\/v2\/pages\/80"}],"wp:featuredmedia":[{"embeddable":true,"href":"https:\/\/laerm.ch\/it\/wp-json\/wp\/v2\/media\/391"}],"wp:attachment":[{"href":"https:\/\/laerm.ch\/it\/wp-json\/wp\/v2\/media?parent=394"}],"curies":[{"name":"wp","href":"https:\/\/api.w.org\/{rel}","templated":true}]}}