{"id":416,"date":"2023-10-18T15:50:59","date_gmt":"2023-10-18T13:50:59","guid":{"rendered":"https:\/\/laerm.ch\/conoscenze-sul-rumore\/lauter-ist-nicht-besser\/"},"modified":"2024-09-30T17:45:03","modified_gmt":"2024-09-30T15:45:03","slug":"prevenzione-dei-danni-alludito","status":"publish","type":"page","link":"https:\/\/laerm.ch\/it\/conoscenze-sul-rumore\/prevenzione-dei-danni-alludito\/","title":{"rendered":"Prevenzione dei danni all&#8217;udito"},"content":{"rendered":"<div id=\"ez-toc-container\" class=\"ez-toc-v2_0_69_1 counter-hierarchy ez-toc-counter ez-toc-transparent ez-toc-container-direction\">\n<label for=\"ez-toc-cssicon-toggle-item-69e545eb0867d\" class=\"ez-toc-cssicon-toggle-label\"><p class=\"ez-toc-title\" style=\"cursor:inherit\">Elenco del contenuto <\/p>\n<span class=\"ez-toc-cssicon\"><span class=\"eztoc-hide\" style=\"display:none;\">Toggle<\/span><span class=\"ez-toc-icon-toggle-span\"><svg style=\"fill: #999;color:#999\" xmlns=\"http:\/\/www.w3.org\/2000\/svg\" class=\"list-377408\" width=\"20px\" height=\"20px\" viewBox=\"0 0 24 24\" fill=\"none\"><path d=\"M6 6H4v2h2V6zm14 0H8v2h12V6zM4 11h2v2H4v-2zm16 0H8v2h12v-2zM4 16h2v2H4v-2zm16 0H8v2h12v-2z\" fill=\"currentColor\"><\/path><\/svg><svg style=\"fill: #999;color:#999\" class=\"arrow-unsorted-368013\" xmlns=\"http:\/\/www.w3.org\/2000\/svg\" width=\"10px\" height=\"10px\" viewBox=\"0 0 24 24\" version=\"1.2\" baseProfile=\"tiny\"><path d=\"M18.2 9.3l-6.2-6.3-6.2 6.3c-.2.2-.3.4-.3.7s.1.5.3.7c.2.2.4.3.7.3h11c.3 0 .5-.1.7-.3.2-.2.3-.5.3-.7s-.1-.5-.3-.7zM5.8 14.7l6.2 6.3 6.2-6.3c.2-.2.3-.5.3-.7s-.1-.5-.3-.7c-.2-.2-.4-.3-.7-.3h-11c-.3 0-.5.1-.7.3-.2.2-.3.5-.3.7s.1.5.3.7z\"\/><\/svg><\/span><\/span><\/label><input type=\"checkbox\" style='display:none' id=\"ez-toc-cssicon-toggle-item-69e545eb0867d\" checked \/><nav><ul class='ez-toc-list ez-toc-list-level-1 ' ><li class='ez-toc-page-1 ez-toc-heading-level-2'><a class=\"ez-toc-link ez-toc-heading-1\" href=\"https:\/\/laerm.ch\/it\/conoscenze-sul-rumore\/prevenzione-dei-danni-alludito\/#rumore-sul-posto-di-lavoro\" title=\"Rumore sul posto di lavoro\">Rumore sul posto di lavoro<\/a><\/li><li class='ez-toc-page-1 ez-toc-heading-level-2'><a class=\"ez-toc-link ez-toc-heading-2\" href=\"https:\/\/laerm.ch\/it\/conoscenze-sul-rumore\/prevenzione-dei-danni-alludito\/#rumore-nel-tempo-libero\" title=\"Rumore nel tempo libero\">Rumore nel tempo libero<\/a><ul class='ez-toc-list-level-3' ><li class='ez-toc-heading-level-3'><a class=\"ez-toc-link ez-toc-heading-3\" href=\"https:\/\/laerm.ch\/it\/conoscenze-sul-rumore\/prevenzione-dei-danni-alludito\/#fare-musica\" title=\"Fare musica\">Fare musica<\/a><\/li><li class='ez-toc-page-1 ez-toc-heading-level-3'><a class=\"ez-toc-link ez-toc-heading-4\" href=\"https:\/\/laerm.ch\/it\/conoscenze-sul-rumore\/prevenzione-dei-danni-alludito\/#dispositivi-musicali-portatili\" title=\"Dispositivi musicali portatili\">Dispositivi musicali portatili<\/a><\/li><li class='ez-toc-page-1 ez-toc-heading-level-3'><a class=\"ez-toc-link ez-toc-heading-5\" href=\"https:\/\/laerm.ch\/it\/conoscenze-sul-rumore\/prevenzione-dei-danni-alludito\/#eventi\" title=\"Eventi\">Eventi<\/a><\/li><\/ul><\/li><\/ul><\/nav><\/div>\n\n<h2 class=\"wp-block-heading\"><span class=\"ez-toc-section\" id=\"rumore-sul-posto-di-lavoro\"><\/span>Rumore sul posto di lavoro<span class=\"ez-toc-section-end\"><\/span><\/h2>\n\n<p>Le conseguenze sulla salute di alti livelli di rumore e dell&#8217;esposizione alle vibrazioni sul posto di lavoro vengono spesso sottovalutate. L&#8217;ipoacusia, infatti, \u00e8 la malattia professionale pi\u00f9 frequentemente riconosciuta in Svizzera.<\/p>\n\n<p>Per sapere cosa si pu\u00f2 fare e come si pu\u00f2 proteggere la salute del personale, si pu\u00f2 consultare il sito web della Suva: <\/p>\n\n<p><a class=\"_ex\" href=\"https:\/\/www.suva.ch\/it-ch\/prevenzione\/per-pericoli\/situazioni-radiazioni-e-materiali-pericolosi\/rumore-e-vibrazioni?lang=it-CH\" data-type=\"link\" data-id=\"https:\/\/www.suva.ch\/it-ch\/prevenzione\/per-pericoli\/situazioni-radiazioni-e-materiali-pericolosi\/rumore-e-vibrazioni?lang=it-CH\" target=\"_blank\" rel=\"noreferrer noopener\">Rumore e vibrazioni: proteggere i dipendenti in modo rigoroso (suva.ch)<\/a><\/p>\n\n<h2 class=\"wp-block-heading\"><span class=\"ez-toc-section\" id=\"rumore-nel-tempo-libero\"><\/span>Rumore nel tempo libero<span class=\"ez-toc-section-end\"><\/span><\/h2>\n\n<p>Nel tempo libero, spesso ci si espone volontariamente a livelli di rumore elevati, ad esempio quando si svolgono lavori fai da te o di giardinaggio con attrezzature rumorose. In queste situazioni, l&#8217;udito pu\u00f2 venire danneggiato come in un luogo di lavoro industriale. Quando si lavora con apparecchi molto rumorosi, \u00e8 perci\u00f2 importante fare uso di efficaci protettori auricolari.<\/p>\n\n<p>Ma anche quando si ascolta la propria playlist preferita in cuffia, quando si partecipa a concerti dal vivo, open air e festival, sulla pista da ballo di club e discoteche o quando si fa musica: un approccio consapevole al volume \u00e8 opportuno, altrimenti a lungo termine si rischiano danni irreparabili l&#8217;apparato uditivo. Per gli ascoltatori di musica e per i musicisti non si tratta di protezione dal rumore, ma di prevenire i danni all&#8217;udito &#8211; vale il principio &#8220;\u00e8 la dose che fa il veleno&#8221;.<\/p>\n\n<h3 class=\"wp-block-heading\"><span class=\"ez-toc-section\" id=\"fare-musica\"><\/span>Fare musica<span class=\"ez-toc-section-end\"><\/span><\/h3>\n\n<p>Tanto per i musicisti di un&#8217;orchestra classica o di una band, che per gli insegnanti di una scuola di musica, preziose informazioni sulla protezione dell&#8217;udito, sulla protezione dal rumore nei locali musicali e sui dispositivi di protezione auricolare per i musicisti possono essere trovate sul sito della Suva: <\/p>\n\n<p><a class=\"_ex\" href=\"https:\/\/www.suva.ch\/it-ch\/prevenzione\/per-pericoli\/situazioni-radiazioni-e-materiali-pericolosi\/rumore-e-vibrazioni\/protezione-delludito\/proteggere-ludito-dalla-musica-ad-alto-volume?lang=it-CH\" data-type=\"link\" data-id=\"https:\/\/www.suva.ch\/it-ch\/prevenzione\/per-pericoli\/situazioni-radiazioni-e-materiali-pericolosi\/rumore-e-vibrazioni\/protezione-delludito\/proteggere-ludito-dalla-musica-ad-alto-volume?lang=it-CH\" target=\"_blank\" rel=\"noreferrer noopener\">Musica e danni all&#8217;udito &#8211; prevenzione (suva.ch)<\/a><\/p>\n\n<h3 class=\"wp-block-heading\"><span class=\"ez-toc-section\" id=\"dispositivi-musicali-portatili\"><\/span>Dispositivi musicali portatili<span class=\"ez-toc-section-end\"><\/span><\/h3>\n\n<p>Nel caso dei dispositivi musicali portatili e dell&#8217;ascolto di musica in cuffia, il volume viene direttamente controllato dall&#8217;utilizzatore. Se il volume \u00e8 inferiore a 85 dB(A), la durata dell&#8217;ascolto di musica \u00e8 irrilevante per l&#8217;udito. Chi ascolta musica a 90 dB, pu\u00f2 farlo per 20 ore alla settimana senza temere conseguenze, a condizione che non sia esposto ad altre fonti di livelli sonori elevati. Tuttavia, se si aumenta il volume di soli 3 dB(A) fino a 93 dB, il tempo di ascolto sicuro si dimezza a sole 10 ore alla settimana. Pertanto, se si desidera ascoltare la musica a lungo, \u00e8 necessario prestare particolare attenzione al volume.<\/p>\n<div class=\"wp-block-image is-style-default\">\n<figure class=\"aligncenter size-full\"><img decoding=\"async\" src=\"https:\/\/laerm.ch\/wp-content\/uploads\/schall_expositionszeit_it.jpg\" alt=\"\" class=\"wp-image-3403\"\/><figcaption class=\"wp-element-caption\">Fonte: Suva<\/figcaption><\/figure><\/div>\n<h3 class=\"wp-block-heading\"><span class=\"ez-toc-section\" id=\"eventi\"><\/span>Eventi<span class=\"ez-toc-section-end\"><\/span><\/h3>\n\n<p>Quando si frequentano eventi o ci si trova in un locale invece non \u00e8 possibile, di solito, avere il controllo del volume.<\/p>\n\n<p>Per le manifestazioni e i locali con musica amplificata elettronicamente esistono perci\u00f2 prescrizioni legali a tutela del pubblico, che impongono agli organizzatori degli obblighi: da un lato devono essere rispettati dei valori limite, dall&#8217;altro devono essere adottate misure per ridurre al minimo il rischio di danni all&#8217;udito. <\/p>\n\n<p>Ulteriori informazioni su questo argomento sono disponibili sul <strong>sito web specializzato<\/strong> <a class=\"ex_\" href=\"https:\/\/www.schallundlaser.ch\/3_it\/\" data-type=\"link\" data-id=\"https:\/\/www.schallundlaser.ch\/3_it\/\" target=\"_blank\" rel=\"noreferrer noopener\">schallundlaser.ch.<\/a><\/p>\n","protected":false},"excerpt":{"rendered":"<p>Rumore sul posto di lavoro Le conseguenze sulla salute di alti livelli di rumore e dell&#8217;esposizione alle vibrazioni sul posto di lavoro vengono spesso sottovalutate. L&#8217;ipoacusia, infatti, \u00e8 la malattia professionale pi\u00f9 frequentemente riconosciuta in Svizzera. Per sapere cosa si pu\u00f2 fare e come si pu\u00f2 proteggere la salute del personale, si pu\u00f2 consultare il [&hellip;]<\/p>\n","protected":false},"author":1,"featured_media":430,"parent":77,"menu_order":5,"comment_status":"closed","ping_status":"closed","template":"","meta":{"advgb_blocks_editor_width":"","advgb_blocks_columns_visual_guide":"","footnotes":""},"class_list":["post-416","page","type-page","status-publish","has-post-thumbnail","hentry"],"yoast_head":"<!-- This site is optimized with the Yoast SEO plugin v23.7 - https:\/\/yoast.com\/wordpress\/plugins\/seo\/ -->\n<title>Prevenzione dei danni all&#039;udito - Rumore.ch<\/title>\n<meta name=\"robots\" content=\"index, follow, max-snippet:-1, max-image-preview:large, max-video-preview:-1\" \/>\n<link rel=\"canonical\" href=\"https:\/\/laerm.ch\/it\/conoscenze-sul-rumore\/prevenzione-dei-danni-alludito\/\" \/>\n<meta property=\"og:locale\" content=\"it_IT\" \/>\n<meta property=\"og:type\" content=\"article\" \/>\n<meta property=\"og:title\" content=\"Prevenzione dei danni all&#039;udito - Rumore.ch\" \/>\n<meta property=\"og:description\" content=\"Rumore sul posto di lavoro Le conseguenze sulla salute di alti livelli di rumore e dell&#8217;esposizione alle vibrazioni sul posto di lavoro vengono spesso sottovalutate. L&#8217;ipoacusia, infatti, \u00e8 la malattia professionale pi\u00f9 frequentemente riconosciuta in Svizzera. Per sapere cosa si pu\u00f2 fare e come si pu\u00f2 proteggere la salute del personale, si pu\u00f2 consultare il [&hellip;]\" \/>\n<meta property=\"og:url\" content=\"https:\/\/laerm.ch\/it\/conoscenze-sul-rumore\/prevenzione-dei-danni-alludito\/\" \/>\n<meta property=\"og:site_name\" content=\"Rumore.ch\" \/>\n<meta property=\"article:modified_time\" content=\"2024-09-30T15:45:03+00:00\" \/>\n<meta property=\"og:image\" content=\"https:\/\/laerm.ch\/wp-content\/uploads\/lauter-ist-nicht-besser.jpg\" \/>\n\t<meta property=\"og:image:width\" content=\"725\" \/>\n\t<meta property=\"og:image:height\" content=\"300\" \/>\n\t<meta property=\"og:image:type\" content=\"image\/jpeg\" \/>\n<meta name=\"twitter:card\" content=\"summary_large_image\" \/>\n<meta name=\"twitter:label1\" content=\"Tempo di lettura stimato\" \/>\n\t<meta name=\"twitter:data1\" content=\"2 minuti\" \/>\n<script type=\"application\/ld+json\" class=\"yoast-schema-graph\">{\"@context\":\"https:\/\/schema.org\",\"@graph\":[{\"@type\":\"WebPage\",\"@id\":\"https:\/\/laerm.ch\/it\/conoscenze-sul-rumore\/prevenzione-dei-danni-alludito\/\",\"url\":\"https:\/\/laerm.ch\/it\/conoscenze-sul-rumore\/prevenzione-dei-danni-alludito\/\",\"name\":\"Prevenzione dei danni all'udito - Rumore.ch\",\"isPartOf\":{\"@id\":\"https:\/\/laerm.ch\/#website\"},\"primaryImageOfPage\":{\"@id\":\"https:\/\/laerm.ch\/it\/conoscenze-sul-rumore\/prevenzione-dei-danni-alludito\/#primaryimage\"},\"image\":{\"@id\":\"https:\/\/laerm.ch\/it\/conoscenze-sul-rumore\/prevenzione-dei-danni-alludito\/#primaryimage\"},\"thumbnailUrl\":\"https:\/\/laerm.ch\/wp-content\/uploads\/lauter-ist-nicht-besser.jpg\",\"datePublished\":\"2023-10-18T13:50:59+00:00\",\"dateModified\":\"2024-09-30T15:45:03+00:00\",\"breadcrumb\":{\"@id\":\"https:\/\/laerm.ch\/it\/conoscenze-sul-rumore\/prevenzione-dei-danni-alludito\/#breadcrumb\"},\"inLanguage\":\"it-IT\",\"potentialAction\":[{\"@type\":\"ReadAction\",\"target\":[\"https:\/\/laerm.ch\/it\/conoscenze-sul-rumore\/prevenzione-dei-danni-alludito\/\"]}]},{\"@type\":\"ImageObject\",\"inLanguage\":\"it-IT\",\"@id\":\"https:\/\/laerm.ch\/it\/conoscenze-sul-rumore\/prevenzione-dei-danni-alludito\/#primaryimage\",\"url\":\"https:\/\/laerm.ch\/wp-content\/uploads\/lauter-ist-nicht-besser.jpg\",\"contentUrl\":\"https:\/\/laerm.ch\/wp-content\/uploads\/lauter-ist-nicht-besser.jpg\",\"width\":725,\"height\":300},{\"@type\":\"BreadcrumbList\",\"@id\":\"https:\/\/laerm.ch\/it\/conoscenze-sul-rumore\/prevenzione-dei-danni-alludito\/#breadcrumb\",\"itemListElement\":[{\"@type\":\"ListItem\",\"position\":1,\"name\":\"Startseite\",\"item\":\"https:\/\/test.laerm.ch\/it\/\"},{\"@type\":\"ListItem\",\"position\":2,\"name\":\"Conoscenze sul rumore\",\"item\":\"https:\/\/test.laerm.ch\/laermwissen\/\"},{\"@type\":\"ListItem\",\"position\":3,\"name\":\"Prevenzione dei danni all&#8217;udito\"}]},{\"@type\":\"WebSite\",\"@id\":\"https:\/\/laerm.ch\/#website\",\"url\":\"https:\/\/laerm.ch\/\",\"name\":\"L\u00e4rm.ch\",\"description\":\"Benvenuti su Rumore.ch, il portale completo del Cercle Bruit sul tema del rumore e della protezione dal rumore.\",\"publisher\":{\"@id\":\"https:\/\/laerm.ch\/#organization\"},\"potentialAction\":[{\"@type\":\"SearchAction\",\"target\":{\"@type\":\"EntryPoint\",\"urlTemplate\":\"https:\/\/laerm.ch\/?s={search_term_string}\"},\"query-input\":{\"@type\":\"PropertyValueSpecification\",\"valueRequired\":true,\"valueName\":\"search_term_string\"}}],\"inLanguage\":\"it-IT\"},{\"@type\":\"Organization\",\"@id\":\"https:\/\/laerm.ch\/#organization\",\"name\":\"Cercle Bruit\",\"url\":\"https:\/\/laerm.ch\/\",\"logo\":{\"@type\":\"ImageObject\",\"inLanguage\":\"it-IT\",\"@id\":\"https:\/\/laerm.ch\/#\/schema\/logo\/image\/\",\"url\":\"https:\/\/laerm.ch\/wp-content\/uploads\/cercleBruitLogoText.png\",\"contentUrl\":\"https:\/\/laerm.ch\/wp-content\/uploads\/cercleBruitLogoText.png\",\"width\":512,\"height\":329,\"caption\":\"Cercle Bruit\"},\"image\":{\"@id\":\"https:\/\/laerm.ch\/#\/schema\/logo\/image\/\"}}]}<\/script>\n<!-- \/ Yoast SEO plugin. -->","yoast_head_json":{"title":"Prevenzione dei danni all'udito - Rumore.ch","robots":{"index":"index","follow":"follow","max-snippet":"max-snippet:-1","max-image-preview":"max-image-preview:large","max-video-preview":"max-video-preview:-1"},"canonical":"https:\/\/laerm.ch\/it\/conoscenze-sul-rumore\/prevenzione-dei-danni-alludito\/","og_locale":"it_IT","og_type":"article","og_title":"Prevenzione dei danni all'udito - Rumore.ch","og_description":"Rumore sul posto di lavoro Le conseguenze sulla salute di alti livelli di rumore e dell&#8217;esposizione alle vibrazioni sul posto di lavoro vengono spesso sottovalutate. L&#8217;ipoacusia, infatti, \u00e8 la malattia professionale pi\u00f9 frequentemente riconosciuta in Svizzera. Per sapere cosa si pu\u00f2 fare e come si pu\u00f2 proteggere la salute del personale, si pu\u00f2 consultare il [&hellip;]","og_url":"https:\/\/laerm.ch\/it\/conoscenze-sul-rumore\/prevenzione-dei-danni-alludito\/","og_site_name":"Rumore.ch","article_modified_time":"2024-09-30T15:45:03+00:00","og_image":[{"width":725,"height":300,"url":"https:\/\/laerm.ch\/wp-content\/uploads\/lauter-ist-nicht-besser.jpg","type":"image\/jpeg"}],"twitter_card":"summary_large_image","twitter_misc":{"Tempo di lettura stimato":"2 minuti"},"schema":{"@context":"https:\/\/schema.org","@graph":[{"@type":"WebPage","@id":"https:\/\/laerm.ch\/it\/conoscenze-sul-rumore\/prevenzione-dei-danni-alludito\/","url":"https:\/\/laerm.ch\/it\/conoscenze-sul-rumore\/prevenzione-dei-danni-alludito\/","name":"Prevenzione dei danni all'udito - Rumore.ch","isPartOf":{"@id":"https:\/\/laerm.ch\/#website"},"primaryImageOfPage":{"@id":"https:\/\/laerm.ch\/it\/conoscenze-sul-rumore\/prevenzione-dei-danni-alludito\/#primaryimage"},"image":{"@id":"https:\/\/laerm.ch\/it\/conoscenze-sul-rumore\/prevenzione-dei-danni-alludito\/#primaryimage"},"thumbnailUrl":"https:\/\/laerm.ch\/wp-content\/uploads\/lauter-ist-nicht-besser.jpg","datePublished":"2023-10-18T13:50:59+00:00","dateModified":"2024-09-30T15:45:03+00:00","breadcrumb":{"@id":"https:\/\/laerm.ch\/it\/conoscenze-sul-rumore\/prevenzione-dei-danni-alludito\/#breadcrumb"},"inLanguage":"it-IT","potentialAction":[{"@type":"ReadAction","target":["https:\/\/laerm.ch\/it\/conoscenze-sul-rumore\/prevenzione-dei-danni-alludito\/"]}]},{"@type":"ImageObject","inLanguage":"it-IT","@id":"https:\/\/laerm.ch\/it\/conoscenze-sul-rumore\/prevenzione-dei-danni-alludito\/#primaryimage","url":"https:\/\/laerm.ch\/wp-content\/uploads\/lauter-ist-nicht-besser.jpg","contentUrl":"https:\/\/laerm.ch\/wp-content\/uploads\/lauter-ist-nicht-besser.jpg","width":725,"height":300},{"@type":"BreadcrumbList","@id":"https:\/\/laerm.ch\/it\/conoscenze-sul-rumore\/prevenzione-dei-danni-alludito\/#breadcrumb","itemListElement":[{"@type":"ListItem","position":1,"name":"Startseite","item":"https:\/\/test.laerm.ch\/it\/"},{"@type":"ListItem","position":2,"name":"Conoscenze sul rumore","item":"https:\/\/test.laerm.ch\/laermwissen\/"},{"@type":"ListItem","position":3,"name":"Prevenzione dei danni all&#8217;udito"}]},{"@type":"WebSite","@id":"https:\/\/laerm.ch\/#website","url":"https:\/\/laerm.ch\/","name":"L\u00e4rm.ch","description":"Benvenuti su Rumore.ch, il portale completo del Cercle Bruit sul tema del rumore e della protezione dal rumore.","publisher":{"@id":"https:\/\/laerm.ch\/#organization"},"potentialAction":[{"@type":"SearchAction","target":{"@type":"EntryPoint","urlTemplate":"https:\/\/laerm.ch\/?s={search_term_string}"},"query-input":{"@type":"PropertyValueSpecification","valueRequired":true,"valueName":"search_term_string"}}],"inLanguage":"it-IT"},{"@type":"Organization","@id":"https:\/\/laerm.ch\/#organization","name":"Cercle Bruit","url":"https:\/\/laerm.ch\/","logo":{"@type":"ImageObject","inLanguage":"it-IT","@id":"https:\/\/laerm.ch\/#\/schema\/logo\/image\/","url":"https:\/\/laerm.ch\/wp-content\/uploads\/cercleBruitLogoText.png","contentUrl":"https:\/\/laerm.ch\/wp-content\/uploads\/cercleBruitLogoText.png","width":512,"height":329,"caption":"Cercle Bruit"},"image":{"@id":"https:\/\/laerm.ch\/#\/schema\/logo\/image\/"}}]}},"coauthors":[],"author_meta":{"author_link":"https:\/\/laerm.ch\/it\/author\/f9c1af47f5d7fcc5\/","display_name":"admin"},"relative_dates":{"created":"Pubblicato 3 anni fa","modified":"Aggiornato 2 anni fa"},"absolute_dates":{"created":"Pubblicato il 18. Ottobre 2023","modified":"Aggiornato il 30. Settembre 2024"},"absolute_dates_time":{"created":"Pubblicato il 18. Ottobre 2023 15:50","modified":"Aggiornato il 30. Settembre 2024 17:45"},"featured_img_caption":"","featured_img":"https:\/\/laerm.ch\/wp-content\/uploads\/lauter-ist-nicht-besser.jpg","series_order":"","_links":{"self":[{"href":"https:\/\/laerm.ch\/it\/wp-json\/wp\/v2\/pages\/416"}],"collection":[{"href":"https:\/\/laerm.ch\/it\/wp-json\/wp\/v2\/pages"}],"about":[{"href":"https:\/\/laerm.ch\/it\/wp-json\/wp\/v2\/types\/page"}],"author":[{"embeddable":true,"href":"https:\/\/laerm.ch\/it\/wp-json\/wp\/v2\/users\/1"}],"replies":[{"embeddable":true,"href":"https:\/\/laerm.ch\/it\/wp-json\/wp\/v2\/comments?post=416"}],"version-history":[{"count":27,"href":"https:\/\/laerm.ch\/it\/wp-json\/wp\/v2\/pages\/416\/revisions"}],"predecessor-version":[{"id":5214,"href":"https:\/\/laerm.ch\/it\/wp-json\/wp\/v2\/pages\/416\/revisions\/5214"}],"up":[{"embeddable":true,"href":"https:\/\/laerm.ch\/it\/wp-json\/wp\/v2\/pages\/77"}],"wp:featuredmedia":[{"embeddable":true,"href":"https:\/\/laerm.ch\/it\/wp-json\/wp\/v2\/media\/430"}],"wp:attachment":[{"href":"https:\/\/laerm.ch\/it\/wp-json\/wp\/v2\/media?parent=416"}],"curies":[{"name":"wp","href":"https:\/\/api.w.org\/{rel}","templated":true}]}}