{"id":84,"date":"2023-09-26T09:21:46","date_gmt":"2023-09-26T07:21:46","guid":{"rendered":"https:\/\/laerm.ch\/problemi-legati-al-rumore\/diritto-e-legge\/"},"modified":"2024-06-17T11:31:09","modified_gmt":"2024-06-17T09:31:09","slug":"basi-legali-e-giurisprudenza","status":"publish","type":"page","link":"https:\/\/laerm.ch\/it\/problemi-di-rumore\/basi-legali-e-giurisprudenza\/","title":{"rendered":"Basi legali e giurisprudenza"},"content":{"rendered":"<div id=\"ez-toc-container\" class=\"ez-toc-v2_0_69_1 counter-hierarchy ez-toc-counter ez-toc-transparent ez-toc-container-direction\">\n<label for=\"ez-toc-cssicon-toggle-item-69d768be475f2\" class=\"ez-toc-cssicon-toggle-label\"><p class=\"ez-toc-title\" style=\"cursor:inherit\">Elenco del contenuto <\/p>\n<span class=\"ez-toc-cssicon\"><span class=\"eztoc-hide\" style=\"display:none;\">Toggle<\/span><span class=\"ez-toc-icon-toggle-span\"><svg style=\"fill: #999;color:#999\" xmlns=\"http:\/\/www.w3.org\/2000\/svg\" class=\"list-377408\" width=\"20px\" height=\"20px\" viewBox=\"0 0 24 24\" fill=\"none\"><path d=\"M6 6H4v2h2V6zm14 0H8v2h12V6zM4 11h2v2H4v-2zm16 0H8v2h12v-2zM4 16h2v2H4v-2zm16 0H8v2h12v-2z\" fill=\"currentColor\"><\/path><\/svg><svg style=\"fill: #999;color:#999\" class=\"arrow-unsorted-368013\" xmlns=\"http:\/\/www.w3.org\/2000\/svg\" width=\"10px\" height=\"10px\" viewBox=\"0 0 24 24\" version=\"1.2\" baseProfile=\"tiny\"><path d=\"M18.2 9.3l-6.2-6.3-6.2 6.3c-.2.2-.3.4-.3.7s.1.5.3.7c.2.2.4.3.7.3h11c.3 0 .5-.1.7-.3.2-.2.3-.5.3-.7s-.1-.5-.3-.7zM5.8 14.7l6.2 6.3 6.2-6.3c.2-.2.3-.5.3-.7s-.1-.5-.3-.7c-.2-.2-.4-.3-.7-.3h-11c-.3 0-.5.1-.7.3-.2.2-.3.5-.3.7s.1.5.3.7z\"\/><\/svg><\/span><\/span><\/label><input type=\"checkbox\" style='display:none' id=\"ez-toc-cssicon-toggle-item-69d768be475f2\" checked \/><nav><ul class='ez-toc-list ez-toc-list-level-1 ' ><li class='ez-toc-page-1 ez-toc-heading-level-2'><a class=\"ez-toc-link ez-toc-heading-1\" href=\"https:\/\/laerm.ch\/it\/problemi-di-rumore\/basi-legali-e-giurisprudenza\/#panoramica-e-fondamenti\" title=\"Panoramica e fondamenti\">Panoramica e fondamenti<\/a><ul class='ez-toc-list-level-3' ><li class='ez-toc-heading-level-3'><a class=\"ez-toc-link ez-toc-heading-2\" href=\"https:\/\/laerm.ch\/it\/problemi-di-rumore\/basi-legali-e-giurisprudenza\/#allinizio-%e2%80%93-la-costituzione-federale\" title=\"All&#8217;inizio &#8211; la Costituzione federale\">All&#8217;inizio &#8211; la Costituzione federale<\/a><\/li><li class='ez-toc-page-1 ez-toc-heading-level-3'><a class=\"ez-toc-link ez-toc-heading-3\" href=\"https:\/\/laerm.ch\/it\/problemi-di-rumore\/basi-legali-e-giurisprudenza\/#base-legali-della-protezione-dal-rumore\" title=\"Base legali della protezione dal rumore\">Base legali della protezione dal rumore<\/a><\/li><li class='ez-toc-page-1 ez-toc-heading-level-3'><a class=\"ez-toc-link ez-toc-heading-4\" href=\"https:\/\/laerm.ch\/it\/problemi-di-rumore\/basi-legali-e-giurisprudenza\/#quando-devono-intervenire-le-autorita\" title=\"Quando devono intervenire le autorit\u00e0?\">Quando devono intervenire le autorit\u00e0?<\/a><\/li><\/ul><\/li><li class='ez-toc-page-1 ez-toc-heading-level-2'><a class=\"ez-toc-link ez-toc-heading-5\" href=\"https:\/\/laerm.ch\/it\/problemi-di-rumore\/basi-legali-e-giurisprudenza\/#giurisprudenza\" title=\"Giurisprudenza\">Giurisprudenza<\/a><\/li><\/ul><\/nav><\/div>\n\n<h2 class=\"wp-block-heading\"><span class=\"ez-toc-section\" id=\"panoramica-e-fondamenti\"><\/span>Panoramica e fondamenti<span class=\"ez-toc-section-end\"><\/span><\/h2>\n\n<h3 class=\"wp-block-heading\"><span class=\"ez-toc-section\" id=\"allinizio-%e2%80%93-la-costituzione-federale\"><\/span>All&#8217;inizio &#8211; la Costituzione federale<span class=\"ez-toc-section-end\"><\/span><\/h3>\n\n<p>Il punto di partenza per la protezione dell&#8217;ambiente si trova nell&#8217;articolo 74 della Costituzione federale svizzera. Questo articolo obbliga la Confederazione a emanare norme sulla protezione dell&#8217;uomo e del suo ambiente naturale da effetti nocivi o fastidiosi<a href=\"http:\/\/www.admin.ch\/ch\/i\/sr\/101\/a74.html\" target=\"_blank\" rel=\"noreferrer noopener\">(art. 74 Cost.)<\/a>. Il legislatore federale ha adempiuto al suo compito emanando la legge sulla protezione dell&#8217;ambiente, che regola le questioni ambientali pi\u00f9 importanti<a href=\"http:\/\/www.admin.ch\/ch\/i\/sr\/c814_01.html\">(LPAmb)<\/a>. Poich\u00e9 una legge federale \u00e8 spesso formulata in termini molto generali, sono state emanate diverse ordinanze sulla base della LPAmb per facilitarne l&#8217;attuazione. Si tratta, ad esempio, dell&#8217;ordinanza contro l&#8217;inquinamento atmosferico(<a href=\"https:\/\/www.fedlex.admin.ch\/eli\/cc\/1986\/208_208_208\/it\">OIAt<\/a>), dell&#8217;ordinanza concernente la legge federale sulla protezione dai pericoli delle radiazioni non ionizzanti e degli stimoli sonori(<a href=\"https:\/\/www.fedlex.admin.ch\/eli\/cc\/2019\/183\/it\">O-LRNIS<\/a>) e dell&#8217;ordinanza contro l&#8217;inquinamento fonico (<a href=\"http:\/\/www.admin.ch\/ch\/i\/sr\/814_41\/index.html\">OIF<\/a>).<\/p>\n\n<p>Non \u00e8 solo il governo federale per\u00f2 ad avere l&#8217;autorit\u00e0 di emanare regolamenti sulla protezione dal rumore. Al di fuori del campo di applicazione della LPAmb e della OIF, i Cantoni o i Comuni possono stabilire proprie prescrizioni. In queste ordinanze vengono definiti con precisione i vari tipi di rumore, se ne limita l&#8217;ammissibilit\u00e0 in termini di tempo e vengono sancite le infrazioni, in modo che il loro mancato rispetto possa essere punito con una multa.<\/p>\n\n<h3 class=\"wp-block-heading\"><span class=\"ez-toc-section\" id=\"base-legali-della-protezione-dal-rumore\"><\/span>Base legali della protezione dal rumore<span class=\"ez-toc-section-end\"><\/span><\/h3>\n\n<p><strong>Legge sulla protezione dell&#8217;ambiente (LPAmb)<\/strong><\/p>\n\n<p>Insieme all&#8217;ordinanza contro l&#8217;inquinamento fonico, la legge sulla protezione dell&#8217;ambiente costituisce la base legale per la protezione dal rumore in Svizzera. Per il rumore quotidiano sono rilevanti gli articoli 11 e 12.<\/p>\n\n<p><a class=\"_extern\" rel=\"noreferrer noopener\" href=\"http:\/\/www.admin.ch\/ch\/i\/sr\/814_01\/a11.html\" target=\"_blank\">Art. 11 LPAmb<\/a><br\/><a class=\"_extern\" href=\"http:\/\/www.admin.ch\/ch\/i\/sr\/814_01\/a12.html\" target=\"_blank\" rel=\"noreferrer noopener\">Art. 12 LPAmb<\/a><\/p>\n\n<p><strong>Ordinanza contro l&#8217;inquinamento fonico (OIF)<\/strong><\/p>\n\n<p>L&#8217;art. 40 \u00e8 rilevante per le emissioni di rumore esterno da impianti fissi.<\/p>\n\n<p><a class=\"_extern\" href=\"http:\/\/www.admin.ch\/ch\/i\/sr\/814_41\/a40.html\" target=\"_blank\" rel=\"noreferrer noopener\">Art. 40 OIF<\/a><\/p>\n\n<p>L&#8217;art. 4 e l&#8217;art. 5 sono rilevanti per le emissioni sonore esterne di attrezzature e macchinari mobili.<\/p>\n\n<p><a class=\"_extern\" href=\"http:\/\/www.admin.ch\/ch\/i\/sr\/814_41\/a4.html\" target=\"_blank\" rel=\"noreferrer noopener\">Art. 4 OIF<\/a><br\/><a class=\"_extern\" href=\"http:\/\/www.admin.ch\/ch\/i\/sr\/814_41\/a5.html\" target=\"_blank\" rel=\"noreferrer noopener\">Art. 5 OIF<\/a><\/p>\n\n<p><strong>Ordinanza sul rumore delle macchine all&#8217;aperto (ORMAp)<\/strong><\/p>\n\n<p>L&#8217;ordinanza sulle emissioni foniche delle macchine e attrezzature destinate a funzionare all&#8217;aperto stabilisce i valori limite, l&#8217;etichettatura e il controllo in relazione alla loro immissione sul mercato.<\/p>\n\n<p><a class=\"_download\" href=\"http:\/\/www.admin.ch\/ch\/i\/as\/2007\/2827.pdf\">ORMAp (PDF)<\/a><\/p>\n\n<p><strong>Ordinanza concernente la legge federale sulla protezione dai pericoli delle radiazioni non ionizzanti e degli stimoli sonori (O-LRNIS)<\/strong><\/p>\n\n<p>L&#8217;ordinanza regola la protezione del pubblico in occasione di eventi contro gli effetti del suono pericolosi per la salute.<\/p>\n\n<p><a class=\"_download\" rel=\"noreferrer noopener\" href=\"https:\/\/www.bag.admin.ch\/dam\/bag\/it\/dokumente\/str\/nis\/NISSGV\/v-nissg.pdf.download.pdf\/V-NISSG_IT.pdf\" target=\"_blank\">O-LRNIS (PDF)<\/a><br\/><a class=\"_extern\" rel=\"noreferrer noopener\" href=\"https:\/\/www.bag.admin.ch\/bag\/it\/home\/gesund-leben\/umwelt-und-gesundheit\/strahlung-radioaktivitaet-schall\/nissg.html\" target=\"_blank\">Esecuzione O-LRNIS (admin.ch)<\/a><\/p>\n\n<p><strong>Ordinanza concernente le esigenze tecniche per i veicoli stradali (OETV)<\/strong><\/p>\n\n<p>Tra le altre cose, l&#8217;ordinanza stabilisce i limiti di emissione acustica applicabili ai veicoli. L&#8217;Appendice 6 tratta in dettaglio la misurazione delle emissioni foniche.<\/p>\n\n<p><a class=\"_ex\" href=\"https:\/\/www.fedlex.admin.ch\/eli\/cc\/1995\/4425_4425_4425\/it\" target=\"_blank\" rel=\"noreferrer noopener\">OETV <br\/><\/a><a class=\"_ex\" href=\"https:\/\/www.fedlex.admin.ch\/eli\/cc\/1995\/4425_4425_4425\/it#annex_6\/lvl_u1\" target=\"_blank\" rel=\"noreferrer noopener\">Allegato 6: Misurazione del rumore<\/a><\/p>\n\n<p><strong>Ordinanza corcernente le norme di circolazione per aeromobili (ONCA)<\/strong><\/p>\n\n<p>L&#8217;art. 7 vieta le emissioni acustiche non necessarie degli aeromobili, mentre l&#8217;art. 8 contiene le prescrizioni applicabili all&#8217;acrobazia aerea.<\/p>\n\n<p><a class=\"_extern\" href=\"http:\/\/www.admin.ch\/ch\/i\/sr\/748_121_11\/a7.html\" target=\"_blank\" rel=\"noreferrer noopener\">Art. 7 ONCA <br\/><\/a><a class=\"_extern\" href=\"http:\/\/www.admin.ch\/ch\/i\/sr\/748_121_11\/a8.html\" target=\"_blank\" rel=\"noreferrer noopener\">Art. 8 ONCA<\/a><\/p>\n\n<p><strong>Codice delle obbligazioni (CO) &#8211; Obblighi del conduttore, diligenza e riguardo<\/strong><\/p>\n\n<p>Secondo la legge, chi prende in affitto un appartamento deve &#8220;usare riguardo verso gli abitanti della casa e verso i vicini&#8221;. Ci\u00f2 significa, tra l&#8217;altro, non produrre un rumore eccessivo.<\/p>\n\n<p><a class=\"_extern\" href=\"http:\/\/www.admin.ch\/ch\/i\/sr\/220\/a257f.html\" target=\"_blank\" rel=\"noreferrer noopener\">Art. 257f CO<\/a><\/p>\n\n<p><strong>Codice civile (CC) &#8211; Rapporti di vicinato<\/strong><\/p>\n\n<p>L&#8217;articolo 684 del Codice Civile vieta le emissioni nocive e ingiustificate che possono disturbare il vicinato.<\/p>\n\n<p><a class=\"_extern\" rel=\"noreferrer noopener\" href=\"http:\/\/www.admin.ch\/ch\/i\/sr\/210\/a684.html\" target=\"_blank\">Art. 684 CC<\/a><\/p>\n\n<h3 class=\"wp-block-heading\"><span class=\"ez-toc-section\" id=\"quando-devono-intervenire-le-autorita\"><\/span>Quando devono intervenire le autorit\u00e0?<span class=\"ez-toc-section-end\"><\/span><\/h3>\n\n<p>Se un suono \u00e8 &#8220;rumore&#8221; o meno \u00e8 una questione di opinioni. Affinch\u00e9 le autorit\u00e0 possano trattare tutte le persone interessate nel modo pi\u00f9 equo possibile, il rumore deve essere tuttavia definito in modo oggettivo, ossia in modo da poter valutare il disturbo causato dal rumore effettivo. Per questo motivo, sono stati formulati valori limite per diversi tipi di rumore con un&#8217;ampia diffusione &#8211; in particolare per gli impianti e le attivit\u00e0 della circolazione e dell&#8217;economia &#8211; dei quali \u00e8 possibile determinare il rispetto. L&#8217;OIF definisce i valori limite di esposizione, distinti in valori limite di immissione, valori limite di pianificazione e valori di allarme.<\/p>\n\n<p>I<strong> valori limite di immissione<\/strong> sono stati fissati in modo tale che tutte le immissioni al di sotto di questi valori non disturbino in modo significativo il benessere della popolazione.<\/p>\n\n<p><strong>I valori di pianificazione<\/strong> sono stati determinati per la progettazione di nuove zone di costruzione e per la protezione da impianti fissi rumorosi nuovi. I valori di pianificazione sono inferiori ai valori limite di immissione. Essi descrivono le perturbazioni acustiche giudicate di lieve entit\u00e0. <\/p>\n\n<p>I <strong>valori di allarme<\/strong> servono a valutare la necessit\u00e0 di risanamento di impianti. I valori di allarme sono superiori ai valori limite di immissione. Con i valori di allarme viene superata la soglia degli effetti negativi sulla salute.<\/p>\n\n<p>Tutti i valori sono definiti in modo leggermente diverso per il giorno e per la notte, a seconda del tipo di sorgente di rumore e dei diversi gradi di sensibilit\u00e0 nelle singole zone di utilizzazione. L&#8217;esposizione al rumore viene determinata al centro della finestra aperta dei locali sensibili al rumore (soggiorno, camera da letto, ufficio, ecc.) e confrontata con il valore limite di esposizione applicabile.<\/p>\n\n<hr class=\"wp-block-separator has-alpha-channel-opacity\"\/>\n\n<h2 class=\"wp-block-heading\"><span class=\"ez-toc-section\" id=\"giurisprudenza\"><\/span>Giurisprudenza<span class=\"ez-toc-section-end\"><\/span><\/h2>\n\n<p>I problemi di rumore vengono spesso affrontati anche nei tribunali. Le sentenze dei tribunali in materia di rumore e protezione dal rumore sono numerose. Vedi: <\/p>\n\n<div class=\"wp-block-group is-vertical is-layout-flex wp-container-core-group-is-layout-1 wp-block-group-is-layout-flex\">\n<p><a class=\"_ex\" href=\"https:\/\/www.bger.ch\/it\/index.htm\" target=\"_blank\" rel=\"noreferrer noopener\">Sito web del Tribunale federale (BGer.)<\/a><\/p>\n\n\n\n<hr class=\"wp-block-separator has-alpha-channel-opacity\"\/>\n\n\n\n<p><a class=\"_in\" href=\"https:\/\/rechtsprechung.laerm.ch\/?lang=it\" data-type=\"link\" data-id=\"https:\/\/rechtsprechung.laerm.ch\/?lang=it\" target=\"_blank\" rel=\"noreferrer noopener\">Banca dati della giurisprudenza del Cercle Bruit<\/a><\/p>\n<\/div>\n","protected":false},"excerpt":{"rendered":"<p>Panoramica e fondamenti All&#8217;inizio &#8211; la Costituzione federale Il punto di partenza per la protezione dell&#8217;ambiente si trova nell&#8217;articolo 74 della Costituzione federale svizzera. Questo articolo obbliga la Confederazione a emanare norme sulla protezione dell&#8217;uomo e del suo ambiente naturale da effetti nocivi o fastidiosi(art. 74 Cost.). Il legislatore federale ha adempiuto al suo compito [&hellip;]<\/p>\n","protected":false},"author":1,"featured_media":397,"parent":80,"menu_order":0,"comment_status":"closed","ping_status":"closed","template":"","meta":{"advgb_blocks_editor_width":"","advgb_blocks_columns_visual_guide":"","footnotes":""},"class_list":["post-84","page","type-page","status-publish","has-post-thumbnail","hentry"],"yoast_head":"<!-- This site is optimized with the Yoast SEO plugin v23.7 - https:\/\/yoast.com\/wordpress\/plugins\/seo\/ -->\n<title>Basi legali e giurisprudenza - Rumore.ch<\/title>\n<meta name=\"robots\" content=\"index, follow, max-snippet:-1, max-image-preview:large, max-video-preview:-1\" \/>\n<link rel=\"canonical\" href=\"https:\/\/test.laerm.ch\/laermprobleme\/recht-gesetz\/\" \/>\n<meta property=\"og:locale\" content=\"it_IT\" \/>\n<meta property=\"og:type\" content=\"article\" \/>\n<meta property=\"og:title\" content=\"Basi legali e giurisprudenza - Rumore.ch\" \/>\n<meta property=\"og:description\" content=\"Panoramica e fondamenti All&#8217;inizio &#8211; la Costituzione federale Il punto di partenza per la protezione dell&#8217;ambiente si trova nell&#8217;articolo 74 della Costituzione federale svizzera. Questo articolo obbliga la Confederazione a emanare norme sulla protezione dell&#8217;uomo e del suo ambiente naturale da effetti nocivi o fastidiosi(art. 74 Cost.). Il legislatore federale ha adempiuto al suo compito [&hellip;]\" \/>\n<meta property=\"og:url\" content=\"https:\/\/test.laerm.ch\/laermprobleme\/recht-gesetz\/\" \/>\n<meta property=\"og:site_name\" content=\"Rumore.ch\" \/>\n<meta property=\"article:modified_time\" content=\"2024-06-17T09:31:09+00:00\" \/>\n<meta property=\"og:image\" content=\"https:\/\/test.laerm.ch\/wp-content\/uploads\/gesetz_II.jpg\" \/>\n\t<meta property=\"og:image:width\" content=\"725\" \/>\n\t<meta property=\"og:image:height\" content=\"300\" \/>\n\t<meta property=\"og:image:type\" content=\"image\/jpeg\" \/>\n<meta name=\"twitter:card\" content=\"summary_large_image\" \/>\n<meta name=\"twitter:label1\" content=\"Tempo di lettura stimato\" \/>\n\t<meta name=\"twitter:data1\" content=\"4 minuti\" \/>\n<script type=\"application\/ld+json\" class=\"yoast-schema-graph\">{\"@context\":\"https:\/\/schema.org\",\"@graph\":[{\"@type\":\"WebPage\",\"@id\":\"https:\/\/test.laerm.ch\/laermprobleme\/recht-gesetz\/\",\"url\":\"https:\/\/test.laerm.ch\/laermprobleme\/recht-gesetz\/\",\"name\":\"Basi legali e giurisprudenza - Rumore.ch\",\"isPartOf\":{\"@id\":\"https:\/\/laerm.ch\/#website\"},\"primaryImageOfPage\":{\"@id\":\"https:\/\/test.laerm.ch\/laermprobleme\/recht-gesetz\/#primaryimage\"},\"image\":{\"@id\":\"https:\/\/test.laerm.ch\/laermprobleme\/recht-gesetz\/#primaryimage\"},\"thumbnailUrl\":\"https:\/\/laerm.ch\/wp-content\/uploads\/gesetz_II.jpg\",\"datePublished\":\"2023-09-26T07:21:46+00:00\",\"dateModified\":\"2024-06-17T09:31:09+00:00\",\"breadcrumb\":{\"@id\":\"https:\/\/test.laerm.ch\/laermprobleme\/recht-gesetz\/#breadcrumb\"},\"inLanguage\":\"it-IT\",\"potentialAction\":[{\"@type\":\"ReadAction\",\"target\":[\"https:\/\/test.laerm.ch\/laermprobleme\/recht-gesetz\/\"]}]},{\"@type\":\"ImageObject\",\"inLanguage\":\"it-IT\",\"@id\":\"https:\/\/test.laerm.ch\/laermprobleme\/recht-gesetz\/#primaryimage\",\"url\":\"https:\/\/laerm.ch\/wp-content\/uploads\/gesetz_II.jpg\",\"contentUrl\":\"https:\/\/laerm.ch\/wp-content\/uploads\/gesetz_II.jpg\",\"width\":725,\"height\":300},{\"@type\":\"BreadcrumbList\",\"@id\":\"https:\/\/test.laerm.ch\/laermprobleme\/recht-gesetz\/#breadcrumb\",\"itemListElement\":[{\"@type\":\"ListItem\",\"position\":1,\"name\":\"Startseite\",\"item\":\"https:\/\/test.laerm.ch\/it\/\"},{\"@type\":\"ListItem\",\"position\":2,\"name\":\"Problemi di rumore\",\"item\":\"https:\/\/test.laerm.ch\/it\/problemi-di-rumore\/\"},{\"@type\":\"ListItem\",\"position\":3,\"name\":\"Basi legali e giurisprudenza\"}]},{\"@type\":\"WebSite\",\"@id\":\"https:\/\/laerm.ch\/#website\",\"url\":\"https:\/\/laerm.ch\/\",\"name\":\"L\u00e4rm.ch\",\"description\":\"Benvenuti su Rumore.ch, il portale completo del Cercle Bruit sul tema del rumore e della protezione dal rumore.\",\"publisher\":{\"@id\":\"https:\/\/laerm.ch\/#organization\"},\"potentialAction\":[{\"@type\":\"SearchAction\",\"target\":{\"@type\":\"EntryPoint\",\"urlTemplate\":\"https:\/\/laerm.ch\/?s={search_term_string}\"},\"query-input\":{\"@type\":\"PropertyValueSpecification\",\"valueRequired\":true,\"valueName\":\"search_term_string\"}}],\"inLanguage\":\"it-IT\"},{\"@type\":\"Organization\",\"@id\":\"https:\/\/laerm.ch\/#organization\",\"name\":\"Cercle Bruit\",\"url\":\"https:\/\/laerm.ch\/\",\"logo\":{\"@type\":\"ImageObject\",\"inLanguage\":\"it-IT\",\"@id\":\"https:\/\/laerm.ch\/#\/schema\/logo\/image\/\",\"url\":\"https:\/\/laerm.ch\/wp-content\/uploads\/cercleBruitLogoText.png\",\"contentUrl\":\"https:\/\/laerm.ch\/wp-content\/uploads\/cercleBruitLogoText.png\",\"width\":512,\"height\":329,\"caption\":\"Cercle Bruit\"},\"image\":{\"@id\":\"https:\/\/laerm.ch\/#\/schema\/logo\/image\/\"}}]}<\/script>\n<!-- \/ Yoast SEO plugin. -->","yoast_head_json":{"title":"Basi legali e giurisprudenza - Rumore.ch","robots":{"index":"index","follow":"follow","max-snippet":"max-snippet:-1","max-image-preview":"max-image-preview:large","max-video-preview":"max-video-preview:-1"},"canonical":"https:\/\/test.laerm.ch\/laermprobleme\/recht-gesetz\/","og_locale":"it_IT","og_type":"article","og_title":"Basi legali e giurisprudenza - Rumore.ch","og_description":"Panoramica e fondamenti All&#8217;inizio &#8211; la Costituzione federale Il punto di partenza per la protezione dell&#8217;ambiente si trova nell&#8217;articolo 74 della Costituzione federale svizzera. Questo articolo obbliga la Confederazione a emanare norme sulla protezione dell&#8217;uomo e del suo ambiente naturale da effetti nocivi o fastidiosi(art. 74 Cost.). Il legislatore federale ha adempiuto al suo compito [&hellip;]","og_url":"https:\/\/test.laerm.ch\/laermprobleme\/recht-gesetz\/","og_site_name":"Rumore.ch","article_modified_time":"2024-06-17T09:31:09+00:00","og_image":[{"width":725,"height":300,"url":"https:\/\/test.laerm.ch\/wp-content\/uploads\/gesetz_II.jpg","type":"image\/jpeg"}],"twitter_card":"summary_large_image","twitter_misc":{"Tempo di lettura stimato":"4 minuti"},"schema":{"@context":"https:\/\/schema.org","@graph":[{"@type":"WebPage","@id":"https:\/\/test.laerm.ch\/laermprobleme\/recht-gesetz\/","url":"https:\/\/test.laerm.ch\/laermprobleme\/recht-gesetz\/","name":"Basi legali e giurisprudenza - Rumore.ch","isPartOf":{"@id":"https:\/\/laerm.ch\/#website"},"primaryImageOfPage":{"@id":"https:\/\/test.laerm.ch\/laermprobleme\/recht-gesetz\/#primaryimage"},"image":{"@id":"https:\/\/test.laerm.ch\/laermprobleme\/recht-gesetz\/#primaryimage"},"thumbnailUrl":"https:\/\/laerm.ch\/wp-content\/uploads\/gesetz_II.jpg","datePublished":"2023-09-26T07:21:46+00:00","dateModified":"2024-06-17T09:31:09+00:00","breadcrumb":{"@id":"https:\/\/test.laerm.ch\/laermprobleme\/recht-gesetz\/#breadcrumb"},"inLanguage":"it-IT","potentialAction":[{"@type":"ReadAction","target":["https:\/\/test.laerm.ch\/laermprobleme\/recht-gesetz\/"]}]},{"@type":"ImageObject","inLanguage":"it-IT","@id":"https:\/\/test.laerm.ch\/laermprobleme\/recht-gesetz\/#primaryimage","url":"https:\/\/laerm.ch\/wp-content\/uploads\/gesetz_II.jpg","contentUrl":"https:\/\/laerm.ch\/wp-content\/uploads\/gesetz_II.jpg","width":725,"height":300},{"@type":"BreadcrumbList","@id":"https:\/\/test.laerm.ch\/laermprobleme\/recht-gesetz\/#breadcrumb","itemListElement":[{"@type":"ListItem","position":1,"name":"Startseite","item":"https:\/\/test.laerm.ch\/it\/"},{"@type":"ListItem","position":2,"name":"Problemi di rumore","item":"https:\/\/test.laerm.ch\/it\/problemi-di-rumore\/"},{"@type":"ListItem","position":3,"name":"Basi legali e giurisprudenza"}]},{"@type":"WebSite","@id":"https:\/\/laerm.ch\/#website","url":"https:\/\/laerm.ch\/","name":"L\u00e4rm.ch","description":"Benvenuti su Rumore.ch, il portale completo del Cercle Bruit sul tema del rumore e della protezione dal rumore.","publisher":{"@id":"https:\/\/laerm.ch\/#organization"},"potentialAction":[{"@type":"SearchAction","target":{"@type":"EntryPoint","urlTemplate":"https:\/\/laerm.ch\/?s={search_term_string}"},"query-input":{"@type":"PropertyValueSpecification","valueRequired":true,"valueName":"search_term_string"}}],"inLanguage":"it-IT"},{"@type":"Organization","@id":"https:\/\/laerm.ch\/#organization","name":"Cercle Bruit","url":"https:\/\/laerm.ch\/","logo":{"@type":"ImageObject","inLanguage":"it-IT","@id":"https:\/\/laerm.ch\/#\/schema\/logo\/image\/","url":"https:\/\/laerm.ch\/wp-content\/uploads\/cercleBruitLogoText.png","contentUrl":"https:\/\/laerm.ch\/wp-content\/uploads\/cercleBruitLogoText.png","width":512,"height":329,"caption":"Cercle Bruit"},"image":{"@id":"https:\/\/laerm.ch\/#\/schema\/logo\/image\/"}}]}},"coauthors":[],"author_meta":{"author_link":"https:\/\/laerm.ch\/it\/author\/f9c1af47f5d7fcc5\/","display_name":"admin"},"relative_dates":{"created":"Pubblicato 3 anni fa","modified":"Aggiornato 2 anni fa"},"absolute_dates":{"created":"Pubblicato il 26. Settembre 2023","modified":"Aggiornato il 17. Giugno 2024"},"absolute_dates_time":{"created":"Pubblicato il 26. Settembre 2023 9:21","modified":"Aggiornato il 17. Giugno 2024 11:31"},"featured_img_caption":"","featured_img":"https:\/\/laerm.ch\/wp-content\/uploads\/gesetz_II.jpg","series_order":"","_links":{"self":[{"href":"https:\/\/laerm.ch\/it\/wp-json\/wp\/v2\/pages\/84"}],"collection":[{"href":"https:\/\/laerm.ch\/it\/wp-json\/wp\/v2\/pages"}],"about":[{"href":"https:\/\/laerm.ch\/it\/wp-json\/wp\/v2\/types\/page"}],"author":[{"embeddable":true,"href":"https:\/\/laerm.ch\/it\/wp-json\/wp\/v2\/users\/1"}],"replies":[{"embeddable":true,"href":"https:\/\/laerm.ch\/it\/wp-json\/wp\/v2\/comments?post=84"}],"version-history":[{"count":22,"href":"https:\/\/laerm.ch\/it\/wp-json\/wp\/v2\/pages\/84\/revisions"}],"predecessor-version":[{"id":4824,"href":"https:\/\/laerm.ch\/it\/wp-json\/wp\/v2\/pages\/84\/revisions\/4824"}],"up":[{"embeddable":true,"href":"https:\/\/laerm.ch\/it\/wp-json\/wp\/v2\/pages\/80"}],"wp:featuredmedia":[{"embeddable":true,"href":"https:\/\/laerm.ch\/it\/wp-json\/wp\/v2\/media\/397"}],"wp:attachment":[{"href":"https:\/\/laerm.ch\/it\/wp-json\/wp\/v2\/media?parent=84"}],"curies":[{"name":"wp","href":"https:\/\/api.w.org\/{rel}","templated":true}]}}